{"id":23358,"date":"2025-03-11T10:25:13","date_gmt":"2025-03-11T10:25:13","guid":{"rendered":"https:\/\/wp.copenhagenbath.com\/?page_id=23358"},"modified":"2025-07-28T08:54:29","modified_gmt":"2025-07-28T08:54:29","slug":"handvaerk-og-design","status":"publish","type":"page","link":"https:\/\/copenhagenbath.com\/da\/handvaerk-og-design\/","title":{"rendered":"Craftmanship and design &#8211; Mangler anker points for designer &#8211; For meget text p\u00e5 responsive"},"content":{"rendered":"<div data-elementor-type=\"wp-page\" data-elementor-id=\"23358\" class=\"elementor elementor-23358\" data-elementor-post-type=\"page\">\n\t\t\t\t<div class=\"elementor-element elementor-element-ba9d5ad e-con-full e-flex e-con e-parent\" data-id=\"ba9d5ad\" data-element_type=\"container\" data-e-type=\"container\" data-settings=\"{&quot;background_background&quot;:&quot;classic&quot;}\">\n\t\t<div class=\"elementor-element elementor-element-da0303c e-con-full e-flex e-con e-child\" data-id=\"da0303c\" data-element_type=\"container\" data-e-type=\"container\">\n\t\t\t\t<div class=\"elementor-element elementor-element-aff59cb elementor-widget__width-initial elementor-widget elementor-widget-heading\" data-id=\"aff59cb\" data-element_type=\"widget\" data-e-type=\"widget\" data-widget_type=\"heading.default\">\n\t\t\t\t\t<h1 class=\"elementor-heading-title elementor-size-default\">H\u00e5ndv\u00e6rk og design<\/h1>\t\t\t\t<\/div>\n\t\t\t\t<div class=\"elementor-element elementor-element-ce2277d elementor-widget__width-initial elementor-widget elementor-widget-text-editor\" data-id=\"ce2277d\" data-element_type=\"widget\" data-e-type=\"widget\" data-widget_type=\"text-editor.default\">\n\t\t\t\t\t\t\t\t\t<p>Hvert produkt vi skaber, er formet af dygtige h\u00e6nder og kombinerer traditionelle teknikker med moderne innovation.<\/p><p>Copenhagen Bath er kendt for sin omhyggelige tilgang til design, der sikrer, at hvert produkt lever op til de h\u00f8jeste standarder for kvalitet og \u00e6stetik. Udv\u00e6lgelsesprocessen begynder med internationale designere, hvis kreative visioner oms\u00e6ttes til h\u00e5ndgribelige produkter.<\/p><p>Hos Copenhagen Bath er vi dybt engagerede i kun at v\u00e6lge de fineste materialer til vores badev\u00e6relsesprodukter. Hvert produkt er et resultat af n\u00f8je overvejelser, der sikrer, at holdbarhed og tidl\u00f8s sk\u00f8nhed er kernen i vores valg. Vores brug af f\u00f8rsteklasses materialer, uanset om det er sten, tr\u00e6 eller metal, afspejler vores dedikation til kvalitet og lang levetid og er i overensstemmelse med de h\u00f8jeste standarder for dansk design.<\/p>\t\t\t\t\t\t\t\t<\/div>\n\t\t\t\t<\/div>\n\t\t<div class=\"elementor-element elementor-element-babcb50 e-con-full elementor-hidden-mobile elementor-hidden-tablet fullwidthimage e-flex e-con e-child\" data-id=\"babcb50\" data-element_type=\"container\" data-e-type=\"container\">\n\t\t\t\t<div class=\"elementor-element elementor-element-1bbe8c5 elementor-widget elementor-widget-image\" data-id=\"1bbe8c5\" data-element_type=\"widget\" data-e-type=\"widget\" data-widget_type=\"image.default\">\n\t\t\t\t\t\t\t\t\t\t\t\t\t\t\t\t<a href=\"https:\/\/copenhagenbath.com\/da\/?page_id=25485\">\n\t\t\t\t\t\t\t<img decoding=\"async\" width=\"1024\" height=\"1010\" src=\"https:\/\/copenhagenbath.com\/wp-content\/uploads\/2024\/11\/4-1024x1010.jpg\" class=\"attachment-large size-large wp-image-13638\" alt=\"Alternativ tekst: Badev\u00e6relsesskabet Bergen fra Copenhagen Bath, der er fremstillet af massivt egetr\u00e6, viser tidl\u00f8st skandinavisk design med holdbart badev\u00e6relsesh\u00e5ndv\u00e6rk af h\u00f8j kvalitet.\" srcset=\"https:\/\/copenhagenbath.com\/wp-content\/uploads\/2024\/11\/4-1024x1010.jpg 1024w, https:\/\/copenhagenbath.com\/wp-content\/uploads\/2024\/11\/4-300x296.jpg 300w, https:\/\/copenhagenbath.com\/wp-content\/uploads\/2024\/11\/4-768x757.jpg 768w, https:\/\/copenhagenbath.com\/wp-content\/uploads\/2024\/11\/4-600x592.jpg 600w, https:\/\/copenhagenbath.com\/wp-content\/uploads\/2024\/11\/4-100x100.jpg 100w, https:\/\/copenhagenbath.com\/wp-content\/uploads\/2024\/11\/4-50x50.jpg 50w, https:\/\/copenhagenbath.com\/wp-content\/uploads\/2024\/11\/4-e1743087218831.jpg 751w\" sizes=\"(max-width: 1024px) 100vw, 1024px\" \/>\t\t\t\t\t\t\t\t<\/a>\n\t\t\t\t\t\t\t\t\t\t\t\t\t\t\t<\/div>\n\t\t\t\t<\/div>\n\t\t\t\t<\/div>\n\t\t<div class=\"elementor-element elementor-element-9c55fc3 e-con-full e-flex e-con e-parent\" data-id=\"9c55fc3\" data-element_type=\"container\" data-e-type=\"container\" data-settings=\"{&quot;background_background&quot;:&quot;classic&quot;}\">\n\t\t<div class=\"elementor-element elementor-element-dd52de9 e-con-full e-flex e-con e-child\" data-id=\"dd52de9\" data-element_type=\"container\" data-e-type=\"container\">\n\t\t\t\t<div class=\"elementor-element elementor-element-47a67bb elementor-widget__width-initial elementor-widget elementor-widget-video\" data-id=\"47a67bb\" data-element_type=\"widget\" data-e-type=\"widget\" data-settings=\"{&quot;video_type&quot;:&quot;hosted&quot;,&quot;autoplay&quot;:&quot;yes&quot;,&quot;mute&quot;:&quot;yes&quot;}\" data-widget_type=\"video.default\">\n\t\t\t\t\t\t\t<div class=\"e-hosted-video elementor-wrapper elementor-open-inline\">\n\t\t\t\t\t<video class=\"elementor-video\" src=\"https:\/\/copenhagenbath.com\/wp-content\/uploads\/2024\/12\/Yuno-WA-1.mp4\" autoplay=\"\" muted=\"muted\" controlslist=\"nodownload\"><\/video>\n\t\t\t\t<\/div>\n\t\t\t\t\t\t<\/div>\n\t\t\t\t<\/div>\n\t\t<div class=\"elementor-element elementor-element-67a1fd4 e-con-full e-flex e-con e-child\" data-id=\"67a1fd4\" data-element_type=\"container\" data-e-type=\"container\">\n\t\t\t\t<div class=\"elementor-element elementor-element-2132386 elementor-widget__width-initial elementor-widget elementor-widget-heading\" data-id=\"2132386\" data-element_type=\"widget\" data-e-type=\"widget\" data-widget_type=\"heading.default\">\n\t\t\t\t\t<h2 class=\"elementor-heading-title elementor-size-default\">Vi br\u00e6nder for at genoplive den danske designtradition og arbejder sammen med en ny generation af designere og h\u00e5ndv\u00e6rkere.<\/h2>\t\t\t\t<\/div>\n\t\t\t\t<div class=\"elementor-element elementor-element-4d68dde elementor-widget__width-initial elementor-widget elementor-widget-text-editor\" data-id=\"4d68dde\" data-element_type=\"widget\" data-e-type=\"widget\" data-widget_type=\"text-editor.default\">\n\t\t\t\t\t\t\t\t\t<p>Sammen fusionerer vi arven fra k\u00f8benhavnsk design med nye perspektiver og skaber produkter, der \u00e6rer fortiden og samtidig omfavner fremtiden. Dette samarbejde giver os mulighed for at videref\u00f8re Danmarks stolte arv af enest\u00e5ende h\u00e5ndv\u00e6rk og bringe en fornyet f\u00f8lelse af kunstf\u00e6rdighed og raffinement ind i moderne rum.<\/p><p>Resultatet er badev\u00e6relser, der ikke kun l\u00f8fter badeoplevelsen, men ogs\u00e5 fungerer som et skulpturelt midtpunkt, der udtrykker roen og elegancen i det k\u00f8benhavnske kystliv.<\/p>\t\t\t\t\t\t\t\t<\/div>\n\t\t\t\t<div class=\"elementor-element elementor-element-b21089e elementor-align-center elementor-widget elementor-widget-button\" data-id=\"b21089e\" data-element_type=\"widget\" data-e-type=\"widget\" data-widget_type=\"button.default\">\n\t\t\t\t\t\t\t\t\t\t<a class=\"elementor-button elementor-button-link elementor-size-sm\" href=\"https:\/\/copenhagenbath.com\/da\/?page_id=22594\">\n\t\t\t\t\t\t<span class=\"elementor-button-content-wrapper\">\n\t\t\t\t\t\t\t\t\t<span class=\"elementor-button-text\">YUNO Collection<\/span>\n\t\t\t\t\t<\/span>\n\t\t\t\t\t<\/a>\n\t\t\t\t\t\t\t\t<\/div>\n\t\t\t\t<\/div>\n\t\t\t\t<\/div>\n\t\t<div class=\"elementor-element elementor-element-9472acb e-con-full e-flex e-con e-parent\" data-id=\"9472acb\" data-element_type=\"container\" data-e-type=\"container\" data-settings=\"{&quot;background_background&quot;:&quot;classic&quot;}\">\n\t\t<div class=\"elementor-element elementor-element-ede9bdb e-con-full e-flex e-con e-child\" data-id=\"ede9bdb\" data-element_type=\"container\" data-e-type=\"container\">\n\t\t\t\t<div class=\"elementor-element elementor-element-541534b elementor-widget__width-initial elementor-widget elementor-widget-heading\" data-id=\"541534b\" data-element_type=\"widget\" data-e-type=\"widget\" data-widget_type=\"heading.default\">\n\t\t\t\t\t<h3 class=\"elementor-heading-title elementor-size-default\">Premium Acovi\u00ae Solid Surface<\/h3>\t\t\t\t<\/div>\n\t\t\t\t<div class=\"elementor-element elementor-element-84497fe elementor-widget__width-initial elementor-widget elementor-widget-text-editor\" data-id=\"84497fe\" data-element_type=\"widget\" data-e-type=\"widget\" data-widget_type=\"text-editor.default\">\n\t\t\t\t\t\t\t\t\t<p>Copenhagen Bath fremstiller sin f\u00f8rsteklasses Acovi\u00ae Solid Surface af rekonstituerede, pulveriserede naturlige mineraler, forst\u00e6rket med polymerer og h\u00e6rder. Ved kun at v\u00e6lge de fineste materialer kan vi trygt tilbyde 10 \u00e5rs garanti mod farveforskelle.\u00a0<\/p><p>Forskellige kvaliteter af Solid Surface og belagte stenprodukter fors\u00f8ger ofte at efterligne udseendet og f\u00f8lelsen af \u00e6gte faste overflader, men kommer til kort med hensyn til holdbarhed, konsistens og ydeevne. Billigere alternativer kan bruge harpiks eller fyldstoffer af lavere kvalitet, hvilket f\u00f8rer til farveuoverensstemmelser, ufuldkommenheder i overfladen og reduceret levetid. I mods\u00e6tning hertil er Copenhagen Baths f\u00f8rsteklasses Acovi\u00ae Solid Surface omhyggeligt udformet til at holde i mange \u00e5r fremover.<\/p>\t\t\t\t\t\t\t\t<\/div>\n\t\t\t\t<div class=\"elementor-element elementor-element-56066a1 elementor-align-center elementor-widget elementor-widget-button\" data-id=\"56066a1\" data-element_type=\"widget\" data-e-type=\"widget\" data-widget_type=\"button.default\">\n\t\t\t\t\t\t\t\t\t\t<a class=\"elementor-button elementor-button-link elementor-size-sm\" href=\"https:\/\/copenhagenbath.com\/da\/?page_id=27159\">\n\t\t\t\t\t\t<span class=\"elementor-button-content-wrapper\">\n\t\t\t\t\t\t\t\t\t<span class=\"elementor-button-text\">TQ5 By Mikal Harrsen<\/span>\n\t\t\t\t\t<\/span>\n\t\t\t\t\t<\/a>\n\t\t\t\t\t\t\t\t<\/div>\n\t\t\t\t<\/div>\n\t\t<div class=\"elementor-element elementor-element-356fab6 e-con-full e-flex e-con e-child\" data-id=\"356fab6\" data-element_type=\"container\" data-e-type=\"container\">\n\t\t\t\t<div class=\"elementor-element elementor-element-696679f fullwidthimage elementor-widget elementor-widget-image\" data-id=\"696679f\" data-element_type=\"widget\" data-e-type=\"widget\" data-widget_type=\"image.default\">\n\t\t\t\t\t\t\t\t\t\t\t\t\t\t\t\t<a href=\"https:\/\/copenhagenbath.com\/da\/?page_id=27159\">\n\t\t\t\t\t\t\t<img decoding=\"async\" width=\"1536\" height=\"1387\" src=\"https:\/\/copenhagenbath.com\/wp-content\/uploads\/2024\/11\/Helsinki-tub_komprimeret-1536x1387.jpg\" class=\"attachment-1536x1536 size-1536x1536 wp-image-14601\" alt=\"TQ 5 Badekar - designet af Mikal Harrsen\" srcset=\"https:\/\/copenhagenbath.com\/wp-content\/uploads\/2024\/11\/Helsinki-tub_komprimeret-1536x1387.jpg 1536w, https:\/\/copenhagenbath.com\/wp-content\/uploads\/2024\/11\/Helsinki-tub_komprimeret-300x271.jpg 300w, https:\/\/copenhagenbath.com\/wp-content\/uploads\/2024\/11\/Helsinki-tub_komprimeret-1024x925.jpg 1024w, https:\/\/copenhagenbath.com\/wp-content\/uploads\/2024\/11\/Helsinki-tub_komprimeret-768x694.jpg 768w, https:\/\/copenhagenbath.com\/wp-content\/uploads\/2024\/11\/Helsinki-tub_komprimeret-2048x1850.jpg 2048w, https:\/\/copenhagenbath.com\/wp-content\/uploads\/2024\/11\/Helsinki-tub_komprimeret-600x542.jpg 600w, https:\/\/copenhagenbath.com\/wp-content\/uploads\/2024\/11\/Helsinki-tub_komprimeret-e1743087333384.jpg 1200w\" sizes=\"(max-width: 1536px) 100vw, 1536px\" \/>\t\t\t\t\t\t\t\t<\/a>\n\t\t\t\t\t\t\t\t\t\t\t\t\t\t\t<\/div>\n\t\t\t\t<\/div>\n\t\t\t\t<\/div>\n\t\t<div class=\"elementor-element elementor-element-752e2d7 e-con-full e-flex e-con e-parent\" data-id=\"752e2d7\" data-element_type=\"container\" data-e-type=\"container\" data-settings=\"{&quot;background_background&quot;:&quot;classic&quot;}\">\n\t\t<div class=\"elementor-element elementor-element-41ffa35 e-con-full e-flex e-con e-child\" data-id=\"41ffa35\" data-element_type=\"container\" data-e-type=\"container\">\n\t\t\t\t<div class=\"elementor-element elementor-element-d293de1 elementor--h-position-center elementor--v-position-middle elementor-arrows-position-inside elementor-widget elementor-widget-slides\" data-id=\"d293de1\" data-element_type=\"widget\" data-e-type=\"widget\" data-settings=\"{&quot;navigation&quot;:&quot;arrows&quot;,&quot;autoplay_speed&quot;:8007,&quot;autoplay&quot;:&quot;yes&quot;,&quot;pause_on_hover&quot;:&quot;yes&quot;,&quot;transition&quot;:&quot;slide&quot;,&quot;transition_speed&quot;:500}\" data-widget_type=\"slides.default\">\n\t\t\t\t\t\t\t\t\t\t<div class=\"elementor-slides-wrapper elementor-main-swiper swiper\" role=\"region\" aria-roledescription=\"carousel\" aria-label=\"Lysbilleder\" dir=\"ltr\" data-animation=\"\">\n\t\t\t\t<div class=\"swiper-wrapper elementor-slides\">\n\t\t\t\t\t\t\t\t\t\t<div class=\"elementor-repeater-item-4011bb2 swiper-slide\" role=\"group\" aria-roledescription=\"slide\"><div class=\"swiper-slide-bg\" role=\"img\"><\/div><a class=\"swiper-slide-inner\" href=\"https:\/\/copenhagenbath.com\/da\/?page_id=17438\"><div class=\"swiper-slide-contents\"><div class=\"elementor-slide-heading\">Yuno Kontur<\/div><\/div><\/a><\/div>\t\t\t\t<\/div>\n\t\t\t\t\t\t\t<\/div>\n\t\t\t\t\t\t\t\t<\/div>\n\t\t\t\t<\/div>\n\t\t<div class=\"elementor-element elementor-element-bcb6c24 e-con-full e-flex e-con e-child\" data-id=\"bcb6c24\" data-element_type=\"container\" data-e-type=\"container\">\n\t\t\t\t<div class=\"elementor-element elementor-element-059d073 elementor-widget__width-initial elementor-widget elementor-widget-heading\" data-id=\"059d073\" data-element_type=\"widget\" data-e-type=\"widget\" data-widget_type=\"heading.default\">\n\t\t\t\t\t<h3 class=\"elementor-heading-title elementor-size-default\">Design med omtanke<\/h3>\t\t\t\t<\/div>\n\t\t\t\t<div class=\"elementor-element elementor-element-2b82dd1 elementor-widget__width-initial elementor-widget elementor-widget-text-editor\" data-id=\"2b82dd1\" data-element_type=\"widget\" data-e-type=\"widget\" data-widget_type=\"text-editor.default\">\n\t\t\t\t\t\t\t\t\t<p>Designprocessen starter med en enkel skitse og gennemg\u00e5r en n\u00f8je udviklet fase. F\u00f8rst fremstilles prototyper i MDF, efterfulgt af 3D-print for at teste form og funktion i praksis. Denne metode muligg\u00f8r pr\u00e6cise tilpasninger, inden vi g\u00e5r videre til st\u00f8bning af de endelige pr\u00f8ver. Hver version vurderes grundigt for at sikre, at det f\u00e6rdige produkt lever op til vores h\u00f8je krav til holdbarhed og lang levetid.<\/p><p>Denne grundige proces illustrerer Copenhagen Baths dedikation til kvalitet og sikrer, at hvert badev\u00e6relsesprodukt ikke blot forst\u00e6rker rummets \u00e6stetik, men ogs\u00e5 bevarer sin holdbarhed og relevans over tid \u2013 b\u00e5de i design og funktion. N\u00e5r designene har gennemg\u00e5et alle kvalitetskontroller, lanceres de endeligt p\u00e5 markedet, klar til at l\u00f8fte ethvert badev\u00e6relse til nye h\u00f8jder.<\/p>\t\t\t\t\t\t\t\t<\/div>\n\t\t\t\t<div class=\"elementor-element elementor-element-43f2b1b elementor-align-center elementor-widget elementor-widget-button\" data-id=\"43f2b1b\" data-element_type=\"widget\" data-e-type=\"widget\" data-widget_type=\"button.default\">\n\t\t\t\t\t\t\t\t\t\t<a class=\"elementor-button elementor-button-link elementor-size-sm\" href=\"https:\/\/copenhagenbath.com\/da\/?page_id=17438\">\n\t\t\t\t\t\t<span class=\"elementor-button-content-wrapper\">\n\t\t\t\t\t\t\t\t\t<span class=\"elementor-button-text\">Yuno Kontur collection<\/span>\n\t\t\t\t\t<\/span>\n\t\t\t\t\t<\/a>\n\t\t\t\t\t\t\t\t<\/div>\n\t\t\t\t<\/div>\n\t\t\t\t<\/div>\n\t\t<div class=\"elementor-element elementor-element-63989b3 e-con-full e-flex e-con e-parent\" data-id=\"63989b3\" data-element_type=\"container\" data-e-type=\"container\" data-settings=\"{&quot;background_background&quot;:&quot;classic&quot;}\">\n\t\t<div class=\"elementor-element elementor-element-17f1e2b e-con-full e-flex e-con e-child\" data-id=\"17f1e2b\" data-element_type=\"container\" data-e-type=\"container\" data-settings=\"{&quot;background_background&quot;:&quot;classic&quot;}\">\n\t\t\t\t<div class=\"elementor-element elementor-element-da962ba elementor-widget__width-initial elementor-widget elementor-widget-text-editor\" data-id=\"da962ba\" data-element_type=\"widget\" data-e-type=\"widget\" data-widget_type=\"text-editor.default\">\n\t\t\t\t\t\t\t\t\t<div class=\"page\" title=\"Side 13\"><div class=\"section\"><div class=\"layoutArea\"><div class=\"column\"><div class=\"column\"><p>Vi er passionerede omkring at genoplive den k\u00f8benhavnske designtradition og samarbejder med en ny generation af designere og h\u00e5ndv\u00e6rkere.<\/p><\/div><\/div><\/div><\/div><\/div>\t\t\t\t\t\t\t\t<\/div>\n\t\t\t\t<\/div>\n\t\t\t\t<\/div>\n\t\t<div class=\"elementor-element elementor-element-4c970bb e-con-full e-flex e-con e-parent\" data-id=\"4c970bb\" data-element_type=\"container\" data-e-type=\"container\" data-settings=\"{&quot;background_background&quot;:&quot;classic&quot;}\">\n\t\t<div class=\"elementor-element elementor-element-af40e56 e-con-full e-flex e-con e-child\" data-id=\"af40e56\" data-element_type=\"container\" data-e-type=\"container\">\n\t\t\t\t<div class=\"elementor-element elementor-element-9a20f28 fullwidthimage elementor-widget elementor-widget-image\" data-id=\"9a20f28\" data-element_type=\"widget\" data-e-type=\"widget\" id=\"Mikal-Harrsen\" data-widget_type=\"image.default\">\n\t\t\t\t\t\t\t\t\t\t\t\t\t\t\t\t<a href=\"\/da\/our-designers\/#Mikal-Harrsen\">\n\t\t\t\t\t\t\t<img decoding=\"async\" width=\"642\" height=\"642\" src=\"https:\/\/copenhagenbath.com\/wp-content\/uploads\/2024\/07\/mikal-harrsen-e1738000768858.jpg\" class=\"attachment-large size-large wp-image-1910\" alt=\"Mikal Harrsen design - Badekar og h\u00e5ndvaske\" srcset=\"https:\/\/copenhagenbath.com\/wp-content\/uploads\/2024\/07\/mikal-harrsen-e1738000768858.jpg 642w, https:\/\/copenhagenbath.com\/wp-content\/uploads\/2024\/07\/mikal-harrsen-e1738000768858-150x150.jpg 150w, https:\/\/copenhagenbath.com\/wp-content\/uploads\/2024\/07\/mikal-harrsen-e1738000768858-300x300.jpg 300w, https:\/\/copenhagenbath.com\/wp-content\/uploads\/2024\/07\/mikal-harrsen-e1738000768858-600x600.jpg 600w, https:\/\/copenhagenbath.com\/wp-content\/uploads\/2024\/07\/mikal-harrsen-e1738000768858-100x100.jpg 100w\" sizes=\"(max-width: 642px) 100vw, 642px\" \/>\t\t\t\t\t\t\t\t<\/a>\n\t\t\t\t\t\t\t\t\t\t\t\t\t\t\t<\/div>\n\t\t\t\t<\/div>\n\t\t<div class=\"elementor-element elementor-element-83e79a9 e-con-full e-flex e-con e-child\" data-id=\"83e79a9\" data-element_type=\"container\" data-e-type=\"container\">\n\t\t\t\t<div class=\"elementor-element elementor-element-9823049 fullwidthimage elementor-widget elementor-widget-image\" data-id=\"9823049\" data-element_type=\"widget\" data-e-type=\"widget\" id=\"Johannes-Torpe\" data-widget_type=\"image.default\">\n\t\t\t\t\t\t\t\t\t\t\t\t\t\t\t\t<a href=\"\/da\/our-designers\/#Johannes-Torpe\">\n\t\t\t\t\t\t\t<img decoding=\"async\" width=\"900\" height=\"900\" src=\"https:\/\/copenhagenbath.com\/wp-content\/uploads\/2025\/01\/3bb7046d6fe801285ddd3ff5dc645704b8efe488.jpg\" class=\"attachment-large size-large wp-image-18957\" alt=\"Johannes Torpe Studio\" srcset=\"https:\/\/copenhagenbath.com\/wp-content\/uploads\/2025\/01\/3bb7046d6fe801285ddd3ff5dc645704b8efe488.jpg 900w, https:\/\/copenhagenbath.com\/wp-content\/uploads\/2025\/01\/3bb7046d6fe801285ddd3ff5dc645704b8efe488-300x300.jpg 300w, https:\/\/copenhagenbath.com\/wp-content\/uploads\/2025\/01\/3bb7046d6fe801285ddd3ff5dc645704b8efe488-150x150.jpg 150w, https:\/\/copenhagenbath.com\/wp-content\/uploads\/2025\/01\/3bb7046d6fe801285ddd3ff5dc645704b8efe488-768x768.jpg 768w, https:\/\/copenhagenbath.com\/wp-content\/uploads\/2025\/01\/3bb7046d6fe801285ddd3ff5dc645704b8efe488-600x600.jpg 600w, https:\/\/copenhagenbath.com\/wp-content\/uploads\/2025\/01\/3bb7046d6fe801285ddd3ff5dc645704b8efe488-100x100.jpg 100w\" sizes=\"(max-width: 900px) 100vw, 900px\" \/>\t\t\t\t\t\t\t\t<\/a>\n\t\t\t\t\t\t\t\t\t\t\t\t\t\t\t<\/div>\n\t\t\t\t<\/div>\n\t\t<div class=\"elementor-element elementor-element-d0254c3 e-con-full e-flex e-con e-child\" data-id=\"d0254c3\" data-element_type=\"container\" data-e-type=\"container\" id=\"Yuno\">\n\t\t\t\t<div class=\"elementor-element elementor-element-82baa24 fullwidthimage elementor-widget elementor-widget-image\" data-id=\"82baa24\" data-element_type=\"widget\" data-e-type=\"widget\" id=\"Yuno\" data-widget_type=\"image.default\">\n\t\t\t\t\t\t\t\t\t\t\t\t\t\t\t\t<a href=\"\/da\/our-designers\/#Yuno\">\n\t\t\t\t\t\t\t<img decoding=\"async\" width=\"1024\" height=\"1024\" src=\"https:\/\/copenhagenbath.com\/wp-content\/uploads\/2024\/09\/Yuno-Design-e1738000935159-1024x1024.jpg\" class=\"attachment-large size-large wp-image-6041\" alt=\"YUNO Design Studio - Designer af badev\u00e6relser\" srcset=\"https:\/\/copenhagenbath.com\/wp-content\/uploads\/2024\/09\/Yuno-Design-e1738000935159-1024x1024.jpg 1024w, https:\/\/copenhagenbath.com\/wp-content\/uploads\/2024\/09\/Yuno-Design-e1738000935159-300x300.jpg 300w, https:\/\/copenhagenbath.com\/wp-content\/uploads\/2024\/09\/Yuno-Design-e1738000935159-150x150.jpg 150w, https:\/\/copenhagenbath.com\/wp-content\/uploads\/2024\/09\/Yuno-Design-e1738000935159-768x768.jpg 768w, https:\/\/copenhagenbath.com\/wp-content\/uploads\/2024\/09\/Yuno-Design-e1738000935159-600x600.jpg 600w, https:\/\/copenhagenbath.com\/wp-content\/uploads\/2024\/09\/Yuno-Design-e1738000935159-100x100.jpg 100w, https:\/\/copenhagenbath.com\/wp-content\/uploads\/2024\/09\/Yuno-Design-e1738000935159.jpg 1333w\" sizes=\"(max-width: 1024px) 100vw, 1024px\" \/>\t\t\t\t\t\t\t\t<\/a>\n\t\t\t\t\t\t\t\t\t\t\t\t\t\t\t<\/div>\n\t\t\t\t<\/div>\n\t\t<div class=\"elementor-element elementor-element-d3a1672 e-con-full e-flex e-con e-child\" data-id=\"d3a1672\" data-element_type=\"container\" data-e-type=\"container\">\n\t\t\t\t<div class=\"elementor-element elementor-element-31954cf elementor-hidden-mobile elementor-widget elementor-widget-text-editor\" data-id=\"31954cf\" data-element_type=\"widget\" data-e-type=\"widget\" data-widget_type=\"text-editor.default\">\n\t\t\t\t\t\t\t\t\t<p>Sammen fusionerer vi arven fra k\u00f8benhavnsk design med nye perspektiver og skaber produkter, der \u00e6rer fortiden og samtidig omfavner fremtiden. Dette samarbejde giver os mulighed for at videref\u00f8re K\u00f8benhavns stolte arv af enest\u00e5ende h\u00e5ndv\u00e6rk og bringe en fornyet f\u00f8lelse af kunstf\u00e6rdighed og raffinement ind i moderne rum.<\/p>\t\t\t\t\t\t\t\t<\/div>\n\t\t\t\t<div class=\"elementor-element elementor-element-a0bdbc8 elementor-align-left elementor-widget__width-inherit elementor-widget elementor-widget-button\" data-id=\"a0bdbc8\" data-element_type=\"widget\" data-e-type=\"widget\" data-widget_type=\"button.default\">\n\t\t\t\t\t\t\t\t\t\t<a class=\"elementor-button elementor-button-link elementor-size-sm\" href=\"https:\/\/copenhagenbath.com\/da\/?page_id=27034\">\n\t\t\t\t\t\t<span class=\"elementor-button-content-wrapper\">\n\t\t\t\t\t\t\t\t\t<span class=\"elementor-button-text\">M\u00f8d vores designere<\/span>\n\t\t\t\t\t<\/span>\n\t\t\t\t\t<\/a>\n\t\t\t\t\t\t\t\t<\/div>\n\t\t\t\t<\/div>\n\t\t\t\t<\/div>\n\t\t\t\t<\/div>","protected":false},"excerpt":{"rendered":"<p>Craftsmanship and design Every product we create is shaped by skilled hands, blending traditional techniques with modern innovation. Copenhagen Bath is renowned for its meticulous approach to design, ensuring that each product meets the highest standards of quality and aesthetics. The selection process begins with international designers, whose creative visions are translated into tangible products. [&hellip;]<\/p>","protected":false},"author":12,"featured_media":0,"parent":0,"menu_order":0,"comment_status":"closed","ping_status":"closed","template":"","meta":{"footnotes":""},"class_list":["post-23358","page","type-page","status-publish","hentry"],"_links":{"self":[{"href":"https:\/\/copenhagenbath.com\/da\/wp-json\/wp\/v2\/pages\/23358","targetHints":{"allow":["GET"]}}],"collection":[{"href":"https:\/\/copenhagenbath.com\/da\/wp-json\/wp\/v2\/pages"}],"about":[{"href":"https:\/\/copenhagenbath.com\/da\/wp-json\/wp\/v2\/types\/page"}],"author":[{"embeddable":true,"href":"https:\/\/copenhagenbath.com\/da\/wp-json\/wp\/v2\/users\/12"}],"replies":[{"embeddable":true,"href":"https:\/\/copenhagenbath.com\/da\/wp-json\/wp\/v2\/comments?post=23358"}],"version-history":[{"count":374,"href":"https:\/\/copenhagenbath.com\/da\/wp-json\/wp\/v2\/pages\/23358\/revisions"}],"predecessor-version":[{"id":36269,"href":"https:\/\/copenhagenbath.com\/da\/wp-json\/wp\/v2\/pages\/23358\/revisions\/36269"}],"wp:attachment":[{"href":"https:\/\/copenhagenbath.com\/da\/wp-json\/wp\/v2\/media?parent=23358"}],"curies":[{"name":"wp","href":"https:\/\/api.w.org\/{rel}","templated":true}]}}