{"id":27570,"date":"2025-04-01T10:33:07","date_gmt":"2025-04-01T10:33:07","guid":{"rendered":"https:\/\/wp.copenhagenbath.com\/?page_id=27570"},"modified":"2025-07-25T14:38:59","modified_gmt":"2025-07-25T14:38:59","slug":"cases","status":"publish","type":"page","link":"https:\/\/copenhagenbath.com\/da\/cases\/","title":{"rendered":"Projekter"},"content":{"rendered":"<div data-elementor-type=\"wp-page\" data-elementor-id=\"27570\" class=\"elementor elementor-27570\" data-elementor-post-type=\"page\">\n\t\t\t\t<div class=\"elementor-element elementor-element-db7dfb6 e-con-full e-flex e-con e-parent\" data-id=\"db7dfb6\" data-element_type=\"container\" data-e-type=\"container\" data-settings=\"{&quot;background_background&quot;:&quot;classic&quot;}\">\n\t\t<div class=\"elementor-element elementor-element-4ccae33 e-con-full e-flex e-con e-child\" data-id=\"4ccae33\" data-element_type=\"container\" data-e-type=\"container\">\n\t\t\t\t<div class=\"elementor-element elementor-element-4424d0b elementor-widget__width-initial elementor-widget elementor-widget-heading\" data-id=\"4424d0b\" data-element_type=\"widget\" data-e-type=\"widget\" data-widget_type=\"heading.default\">\n\t\t\t\t\t<h1 class=\"elementor-heading-title elementor-size-default\">Projekter<\/h1>\t\t\t\t<\/div>\n\t\t\t\t<div class=\"elementor-element elementor-element-e3507e4 elementor-widget__width-initial elementor-widget elementor-widget-text-editor\" data-id=\"e3507e4\" data-element_type=\"widget\" data-e-type=\"widget\" data-widget_type=\"text-editor.default\">\n\t\t\t\t\t\t\t\t\t<p>Copenhagen Bath er en betroet samarbejdspartner inden for individuelle designl\u00f8sninger og leverer eksklusive badev\u00e6relsesprojekter til nogle af Europas mest anerkendte virksomheder. Med stor ekspertise i individualiseret design skaber vi l\u00f8sninger, der er tilpasset hver enkelt kundes specifikke behov \u2013 p\u00e5 tv\u00e6rs af brancher og med fokus p\u00e5 b\u00e5de funktionalitet og \u00e6stetik.<\/p>\t\t\t\t\t\t\t\t<\/div>\n\t\t\t\t<\/div>\n\t\t<div class=\"elementor-element elementor-element-0c9bcf5 e-con-full elementor-hidden-mobile e-flex e-con e-child\" data-id=\"0c9bcf5\" data-element_type=\"container\" data-e-type=\"container\">\n\t\t\t\t<div class=\"elementor-element elementor-element-075008e elementor-widget elementor-widget-image\" data-id=\"075008e\" data-element_type=\"widget\" data-e-type=\"widget\" data-widget_type=\"image.default\">\n\t\t\t\t\t\t\t\t\t\t\t\t\t\t\t<img decoding=\"async\" width=\"1024\" height=\"683\" src=\"https:\/\/copenhagenbath.com\/wp-content\/uploads\/2025\/03\/3-1-1024x683.jpg\" class=\"attachment-large size-large wp-image-24760\" alt=\"\" srcset=\"https:\/\/copenhagenbath.com\/wp-content\/uploads\/2025\/03\/3-1-1024x683.jpg 1024w, https:\/\/copenhagenbath.com\/wp-content\/uploads\/2025\/03\/3-1-300x200.jpg 300w, https:\/\/copenhagenbath.com\/wp-content\/uploads\/2025\/03\/3-1-768x512.jpg 768w, https:\/\/copenhagenbath.com\/wp-content\/uploads\/2025\/03\/3-1-1536x1024.jpg 1536w, https:\/\/copenhagenbath.com\/wp-content\/uploads\/2025\/03\/3-1-2048x1365.jpg 2048w, https:\/\/copenhagenbath.com\/wp-content\/uploads\/2025\/03\/3-1-600x400.jpg 600w\" sizes=\"(max-width: 1024px) 100vw, 1024px\" \/>\t\t\t\t\t\t\t\t\t\t\t\t\t\t\t<\/div>\n\t\t\t\t<\/div>\n\t\t\t\t<\/div>\n\t\t<div class=\"elementor-element elementor-element-de7398b e-con-full elementor-hidden-tablet elementor-hidden-mobile e-flex e-con e-parent\" data-id=\"de7398b\" data-element_type=\"container\" data-e-type=\"container\" data-settings=\"{&quot;background_background&quot;:&quot;classic&quot;}\">\n\t\t\t\t<div class=\"elementor-element elementor-element-ac63979 elementor-widget__width-initial elementor-widget elementor-widget-heading\" data-id=\"ac63979\" data-element_type=\"widget\" data-e-type=\"widget\" data-widget_type=\"heading.default\">\n\t\t\t\t\t<h2 class=\"elementor-heading-title elementor-size-default\">Copenhagen Bath \u2013 f\u00f8rende partner inden for specialtilpasset design <\/h2>\t\t\t\t<\/div>\n\t\t\t\t<\/div>\n\t\t<div class=\"elementor-element elementor-element-74e792e e-con-full e-flex e-con e-parent\" data-id=\"74e792e\" data-element_type=\"container\" data-e-type=\"container\" data-settings=\"{&quot;background_background&quot;:&quot;classic&quot;}\">\n\t\t<div class=\"elementor-element elementor-element-fc3e443 e-con-full e-flex e-con e-child\" data-id=\"fc3e443\" data-element_type=\"container\" data-e-type=\"container\">\n\t\t\t\t<div class=\"elementor-element elementor-element-f8eb48a elementor-cta--skin-cover elementor-cta--valign-bottom elementor-widget elementor-widget-call-to-action\" data-id=\"f8eb48a\" data-element_type=\"widget\" data-e-type=\"widget\" data-widget_type=\"call-to-action.default\">\n\t\t\t\t\t\t\t<a class=\"elementor-cta\" href=\"https:\/\/copenhagenbath.com\/da\/?page_id=8838\">\n\t\t\t\t\t<div class=\"elementor-cta__bg-wrapper\">\n\t\t\t\t<div class=\"elementor-cta__bg elementor-bg\" style=\"background-image: url(https:\/\/copenhagenbath.com\/wp-content\/uploads\/2025\/03\/Skaermbillede-2025-03-18-kl.-10.31.36-1-1024x579.png);\" role=\"img\" aria-label=\"Sk\u00e6rmbillede 2025-03-18 kl. 10.31.36\"><\/div>\n\t\t\t\t<div class=\"elementor-cta__bg-overlay\"><\/div>\n\t\t\t<\/div>\n\t\t\t\t\t\t\t<div class=\"elementor-cta__content\">\n\t\t\t\t\n\t\t\t\t\t\t\t\t\t<h3 class=\"elementor-cta__title elementor-cta__content-item elementor-content-item\">\n\t\t\t\t\t\tLumipod, Ch\u00e2teau\t\t\t\t\t<\/h3>\n\t\t\t\t\n\t\t\t\t\t\t\t\t\t<div class=\"elementor-cta__description elementor-cta__content-item elementor-content-item\">\n\t\t\t\t\t\tCopenhagen Bath samarbejder med LumiPod om at skabe sm\u00e5 huse\t\t\t\t\t<\/div>\n\t\t\t\t\n\t\t\t\t\t\t\t<\/div>\n\t\t\t\t\t\t<\/a>\n\t\t\t\t\t\t<\/div>\n\t\t\t\t<\/div>\n\t\t<div class=\"elementor-element elementor-element-dd8adee e-con-full e-flex e-con e-child\" data-id=\"dd8adee\" data-element_type=\"container\" data-e-type=\"container\">\n\t\t\t\t<div class=\"elementor-element elementor-element-4d23e0e elementor-cta--skin-cover elementor-cta--valign-bottom elementor-widget elementor-widget-call-to-action\" data-id=\"4d23e0e\" data-element_type=\"widget\" data-e-type=\"widget\" data-widget_type=\"call-to-action.default\">\n\t\t\t\t\t\t\t<a class=\"elementor-cta\" href=\"https:\/\/copenhagenbath.com\/da\/?page_id=9799\">\n\t\t\t\t\t<div class=\"elementor-cta__bg-wrapper\">\n\t\t\t\t<div class=\"elementor-cta__bg elementor-bg\" style=\"background-image: url(https:\/\/copenhagenbath.com\/wp-content\/uploads\/2025\/03\/96_001_LEGO_Campus_48_H-1024x545.jpg);\" role=\"img\" aria-label=\"96_001_LEGO_Campus_48_H\"><\/div>\n\t\t\t\t<div class=\"elementor-cta__bg-overlay\"><\/div>\n\t\t\t<\/div>\n\t\t\t\t\t\t\t<div class=\"elementor-cta__content\">\n\t\t\t\t\n\t\t\t\t\t\t\t\t\t<h3 class=\"elementor-cta__title elementor-cta__content-item elementor-content-item\">\n\t\t\t\t\t\tLEGO Campus\t\t\t\t\t<\/h3>\n\t\t\t\t\n\t\t\t\t\t\t\t\t\t<div class=\"elementor-cta__description elementor-cta__content-item elementor-content-item\">\n\t\t\t\t\t\tCopenhagen Bath har i samarbejde med C.F. M\u00f8ller Architects og LEGO designet 54 unikke, specialtilpassede badev\u00e6relser.Copenhagen Bath har i samarbejde med C.F. M\u00f8ller Architects og LEGO designet 54 unikke, specialtilpassede badev\u00e6relser.\t\t\t\t\t<\/div>\n\t\t\t\t\n\t\t\t\t\t\t\t<\/div>\n\t\t\t\t\t\t<\/a>\n\t\t\t\t\t\t<\/div>\n\t\t\t\t<\/div>\n\t\t<div class=\"elementor-element elementor-element-f6c620c e-con-full e-flex e-con e-child\" data-id=\"f6c620c\" data-element_type=\"container\" data-e-type=\"container\">\n\t\t\t\t<div class=\"elementor-element elementor-element-1d7ebe4 elementor-cta--skin-cover elementor-cta--valign-bottom elementor-widget elementor-widget-call-to-action\" data-id=\"1d7ebe4\" data-element_type=\"widget\" data-e-type=\"widget\" data-widget_type=\"call-to-action.default\">\n\t\t\t\t\t\t\t<a class=\"elementor-cta\" href=\"https:\/\/copenhagenbath.com\/da\/?page_id=8705\">\n\t\t\t\t\t<div class=\"elementor-cta__bg-wrapper\">\n\t\t\t\t<div class=\"elementor-cta__bg elementor-bg\" style=\"background-image: url(https:\/\/copenhagenbath.com\/wp-content\/uploads\/2025\/03\/1364x860-1024x646.webp);\" role=\"img\" aria-label=\"1364x860\"><\/div>\n\t\t\t\t<div class=\"elementor-cta__bg-overlay\"><\/div>\n\t\t\t<\/div>\n\t\t\t\t\t\t\t<div class=\"elementor-cta__content\">\n\t\t\t\t\n\t\t\t\t\t\t\t\t\t<h3 class=\"elementor-cta__title elementor-cta__content-item elementor-content-item\">\n\t\t\t\t\t\tDragsholm slot\t\t\t\t\t<\/h3>\n\t\t\t\t\n\t\t\t\t\t\t\t\t\t<div class=\"elementor-cta__description elementor-cta__content-item elementor-content-item\">\n\t\t\t\t\t\tCopenhagen Bath har med stolthed samarbejdet med Dragsholm Slot om renoveringen efter den \u00f8del\u00e6ggende brand.\t\t\t\t\t<\/div>\n\t\t\t\t\n\t\t\t\t\t\t\t<\/div>\n\t\t\t\t\t\t<\/a>\n\t\t\t\t\t\t<\/div>\n\t\t\t\t<\/div>\n\t\t<div class=\"elementor-element elementor-element-17b8a06 e-con-full e-flex e-con e-child\" data-id=\"17b8a06\" data-element_type=\"container\" data-e-type=\"container\">\n\t\t\t\t<div class=\"elementor-element elementor-element-217b976 elementor-cta--skin-cover elementor-cta--valign-bottom elementor-widget elementor-widget-call-to-action\" data-id=\"217b976\" data-element_type=\"widget\" data-e-type=\"widget\" data-widget_type=\"call-to-action.default\">\n\t\t\t\t\t\t\t<a class=\"elementor-cta\" href=\"https:\/\/copenhagenbath.com\/da\/?page_id=9853\">\n\t\t\t\t\t<div class=\"elementor-cta__bg-wrapper\">\n\t\t\t\t<div class=\"elementor-cta__bg elementor-bg\" style=\"background-image: url(https:\/\/copenhagenbath.com\/wp-content\/uploads\/2025\/03\/I2Q5988-Edit-2-1024x826.jpg);\" role=\"img\" aria-label=\"_I2Q5988-Edit-2\"><\/div>\n\t\t\t\t<div class=\"elementor-cta__bg-overlay\"><\/div>\n\t\t\t<\/div>\n\t\t\t\t\t\t\t<div class=\"elementor-cta__content\">\n\t\t\t\t\n\t\t\t\t\t\t\t\t\t<h3 class=\"elementor-cta__title elementor-cta__content-item elementor-content-item\">\n\t\t\t\t\t\tNovo Nordisk\t\t\t\t\t<\/h3>\n\t\t\t\t\n\t\t\t\t\t\t\t\t\t<div class=\"elementor-cta__description elementor-cta__content-item elementor-content-item\">\n\t\t\t\t\t\tVi har med stolthed samarbejdet med Novo Nordisk og Vilhelm Lauritzen Arkitekter om at designe og udvikle alle badev\u00e6relser til det nye hoveds\u00e6de. \t\t\t\t\t<\/div>\n\t\t\t\t\n\t\t\t\t\t\t\t<\/div>\n\t\t\t\t\t\t<\/a>\n\t\t\t\t\t\t<\/div>\n\t\t\t\t<\/div>\n\t\t\t\t<\/div>\n\t\t<div class=\"elementor-element elementor-element-e123de1 e-con-full e-flex e-con e-parent\" data-id=\"e123de1\" data-element_type=\"container\" data-e-type=\"container\">\n\t\t\t\t<div class=\"elementor-element elementor-element-abbc8aa elementor--h-position-left elementor--v-position-top elementor-widget elementor-widget-slides\" data-id=\"abbc8aa\" data-element_type=\"widget\" data-e-type=\"widget\" data-settings=\"{&quot;navigation&quot;:&quot;none&quot;,&quot;transition&quot;:&quot;fade&quot;,&quot;autoplay&quot;:&quot;yes&quot;,&quot;pause_on_hover&quot;:&quot;yes&quot;,&quot;pause_on_interaction&quot;:&quot;yes&quot;,&quot;autoplay_speed&quot;:5000,&quot;infinite&quot;:&quot;yes&quot;,&quot;transition_speed&quot;:500}\" data-widget_type=\"slides.default\">\n\t\t\t\t\t\t\t\t\t\t<div class=\"elementor-slides-wrapper elementor-main-swiper swiper\" role=\"region\" aria-roledescription=\"carousel\" aria-label=\"Lysbilleder\" dir=\"ltr\" data-animation=\"\">\n\t\t\t\t<div class=\"swiper-wrapper elementor-slides\">\n\t\t\t\t\t\t\t\t\t\t<div class=\"elementor-repeater-item-fa930be swiper-slide\" role=\"group\" aria-roledescription=\"slide\"><div class=\"swiper-slide-bg\" role=\"img\"><\/div><a class=\"swiper-slide-inner\" href=\"https:\/\/copenhagenbath.com\/da\/?page_id=25194\"><div class=\"swiper-slide-contents\"><h3 class=\"elementor-slide-heading\">L'Or\u00e9al-produktlancering p\u00e5 Hotel d'Angleterre<\/h3><p class=\"elementor-slide-description\">Copenhagen Bath samarbejdede med L'Or\u00e9al om en eksklusiv produktlancering p\u00e5 Hotel d'Angleterre, hvor de pr\u00e6senterede deres nye produktserie.<\/p><\/div><\/a><\/div>\t\t\t\t<\/div>\n\t\t\t\t\t\t\t<\/div>\n\t\t\t\t\t\t\t\t<\/div>\n\t\t\t\t<\/div>\n\t\t<div class=\"elementor-element elementor-element-8bd0911 e-con-full e-flex e-con e-parent\" data-id=\"8bd0911\" data-element_type=\"container\" data-e-type=\"container\" data-settings=\"{&quot;background_background&quot;:&quot;classic&quot;}\">\n\t\t<div class=\"elementor-element elementor-element-92fe383 e-con-full e-flex e-con e-child\" data-id=\"92fe383\" data-element_type=\"container\" data-e-type=\"container\">\n\t\t\t\t<div class=\"elementor-element elementor-element-906f1cf elementor-cta--skin-cover elementor-cta--valign-bottom elementor-widget elementor-widget-call-to-action\" data-id=\"906f1cf\" data-element_type=\"widget\" data-e-type=\"widget\" data-widget_type=\"call-to-action.default\">\n\t\t\t\t\t\t\t<a class=\"elementor-cta\" href=\"https:\/\/copenhagenbath.com\/da\/?page_id=1457\">\n\t\t\t\t\t<div class=\"elementor-cta__bg-wrapper\">\n\t\t\t\t<div class=\"elementor-cta__bg elementor-bg\" style=\"background-image: url(https:\/\/copenhagenbath.com\/wp-content\/uploads\/2025\/03\/CPHBATH_2021_1-1-1024x683.jpg);\" role=\"img\" aria-label=\"CPHBATH_2021_1\"><\/div>\n\t\t\t\t<div class=\"elementor-cta__bg-overlay\"><\/div>\n\t\t\t<\/div>\n\t\t\t\t\t\t\t<div class=\"elementor-cta__content\">\n\t\t\t\t\n\t\t\t\t\t\t\t\t\t<h3 class=\"elementor-cta__title elementor-cta__content-item elementor-content-item\">\n\t\t\t\t\t\tKB32\t\t\t\t\t<\/h3>\n\t\t\t\t\n\t\t\t\t\t\t\t\t\t<div class=\"elementor-cta__description elementor-cta__content-item elementor-content-item\">\n\t\t\t\t\t\tCopenhagen Bath samarbejdede med Vilhelm Lauritzen Arkitekter om at skabe markante arkitektoniske h\u00e5ndvaske p\u00e5 op til 8 meter til KB32.\t\t\t\t\t<\/div>\n\t\t\t\t\n\t\t\t\t\t\t\t<\/div>\n\t\t\t\t\t\t<\/a>\n\t\t\t\t\t\t<\/div>\n\t\t\t\t<\/div>\n\t\t<div class=\"elementor-element elementor-element-0589957 e-con-full e-flex e-con e-child\" data-id=\"0589957\" data-element_type=\"container\" data-e-type=\"container\">\n\t\t\t\t<div class=\"elementor-element elementor-element-edd93bc elementor-cta--skin-cover elementor-cta--valign-bottom elementor-widget elementor-widget-call-to-action\" data-id=\"edd93bc\" data-element_type=\"widget\" data-e-type=\"widget\" data-widget_type=\"call-to-action.default\">\n\t\t\t\t\t\t\t<a class=\"elementor-cta\" href=\"https:\/\/copenhagenbath.com\/da\/?page_id=1465\">\n\t\t\t\t\t<div class=\"elementor-cta__bg-wrapper\">\n\t\t\t\t<div class=\"elementor-cta__bg elementor-bg\" style=\"background-image: url(https:\/\/copenhagenbath.com\/wp-content\/uploads\/2024\/07\/clemonte-boutique-hotel-2-1024x683.jpg);\" role=\"img\" aria-label=\"clemonte-boutique-hotel-2\"><\/div>\n\t\t\t\t<div class=\"elementor-cta__bg-overlay\"><\/div>\n\t\t\t<\/div>\n\t\t\t\t\t\t\t<div class=\"elementor-cta__content\">\n\t\t\t\t\n\t\t\t\t\t\t\t\t\t<h3 class=\"elementor-cta__title elementor-cta__content-item elementor-content-item\">\n\t\t\t\t\t\tClemonte Hotel, Salzburg\t\t\t\t\t<\/h3>\n\t\t\t\t\n\t\t\t\t\t\t\t\t\t<div class=\"elementor-cta__description elementor-cta__content-item elementor-content-item\">\n\t\t\t\t\t\tRedesigned badev\u00e6relser p\u00e5 Clemonte Hotel for at genopfinde luksus\t\t\t\t\t<\/div>\n\t\t\t\t\n\t\t\t\t\t\t\t<\/div>\n\t\t\t\t\t\t<\/a>\n\t\t\t\t\t\t<\/div>\n\t\t\t\t<\/div>\n\t\t<div class=\"elementor-element elementor-element-6df85bb e-con-full e-flex e-con e-child\" data-id=\"6df85bb\" data-element_type=\"container\" data-e-type=\"container\">\n\t\t\t\t<div class=\"elementor-element elementor-element-579d9cc elementor-cta--skin-cover elementor-cta--valign-bottom elementor-widget elementor-widget-call-to-action\" data-id=\"579d9cc\" data-element_type=\"widget\" data-e-type=\"widget\" data-widget_type=\"call-to-action.default\">\n\t\t\t\t\t\t\t<a class=\"elementor-cta\" href=\"https:\/\/copenhagenbath.com\/da\/?page_id=8336\">\n\t\t\t\t\t<div class=\"elementor-cta__bg-wrapper\">\n\t\t\t\t<div class=\"elementor-cta__bg elementor-bg\" style=\"background-image: url(https:\/\/copenhagenbath.com\/wp-content\/uploads\/2025\/03\/KDkarlatornet_240125_DJI_0469_jpg-1729586158-scaled-1-1024x578.jpg);\" role=\"img\" aria-label=\"KDkarlatornet_240125_DJI_0469_jpg-1729586158-scaled\"><\/div>\n\t\t\t\t<div class=\"elementor-cta__bg-overlay\"><\/div>\n\t\t\t<\/div>\n\t\t\t\t\t\t\t<div class=\"elementor-cta__content\">\n\t\t\t\t\n\t\t\t\t\t\t\t\t\t<h3 class=\"elementor-cta__title elementor-cta__content-item elementor-content-item\">\n\t\t\t\t\t\tKarlatornet, G\u00f6teborg\t\t\t\t\t<\/h3>\n\t\t\t\t\n\t\t\t\t\t\t\t\t\t<div class=\"elementor-cta__description elementor-cta__content-item elementor-content-item\">\n\t\t\t\t\t\tCopenhagen Bath samarbejdede med Karlatornet for at bringe k\u00f8benhavnsk elegance ind i de eksklusive penthouselejligheder.\t\t\t\t\t<\/div>\n\t\t\t\t\n\t\t\t\t\t\t\t<\/div>\n\t\t\t\t\t\t<\/a>\n\t\t\t\t\t\t<\/div>\n\t\t\t\t<\/div>\n\t\t<div class=\"elementor-element elementor-element-48e5f8f e-con-full e-flex e-con e-child\" data-id=\"48e5f8f\" data-element_type=\"container\" data-e-type=\"container\">\n\t\t\t\t<div class=\"elementor-element elementor-element-5ce7dfc elementor-cta--skin-cover elementor-cta--valign-bottom elementor-widget__width-inherit elementor-widget elementor-widget-call-to-action\" data-id=\"5ce7dfc\" data-element_type=\"widget\" data-e-type=\"widget\" data-widget_type=\"call-to-action.default\">\n\t\t\t\t\t\t\t<a class=\"elementor-cta\" href=\"https:\/\/copenhagenbath.com\/da\/?page_id=25983\">\n\t\t\t\t\t<div class=\"elementor-cta__bg-wrapper\">\n\t\t\t\t<div class=\"elementor-cta__bg elementor-bg\" style=\"background-image: url(https:\/\/copenhagenbath.com\/wp-content\/uploads\/2025\/03\/Screenshot-2025-03-24-at-22.04.05-777x1024.png);\" role=\"img\" aria-label=\"Sk\u00e6rmbillede 2025-03-24 kl. 22.04.05\"><\/div>\n\t\t\t\t<div class=\"elementor-cta__bg-overlay\"><\/div>\n\t\t\t<\/div>\n\t\t\t\t\t\t\t<div class=\"elementor-cta__content\">\n\t\t\t\t\n\t\t\t\t\t\t\t\t\t<h3 class=\"elementor-cta__title elementor-cta__content-item elementor-content-item\">\n\t\t\t\t\t\t\u00d6stermalm, Stockholm\t\t\t\t\t<\/h3>\n\t\t\t\t\n\t\t\t\t\t\t\t\t\t<div class=\"elementor-cta__description elementor-cta__content-item elementor-content-item\">\n\t\t\t\t\t\tAtelj\u00e9 Nord forvandlede resterne af en stald i en bagg\u00e5rd i \u00d6stermalm til et lille, topklasse landsted.\t\t\t\t\t<\/div>\n\t\t\t\t\n\t\t\t\t\t\t\t<\/div>\n\t\t\t\t\t\t<\/a>\n\t\t\t\t\t\t<\/div>\n\t\t\t\t<\/div>\n\t\t\t\t<\/div>\n\t\t<div class=\"elementor-element elementor-element-5ca2c8f e-con-full e-flex e-con e-parent\" data-id=\"5ca2c8f\" data-element_type=\"container\" data-e-type=\"container\" data-settings=\"{&quot;background_background&quot;:&quot;classic&quot;}\">\n\t\t\t\t<div class=\"elementor-element elementor-element-d936409 elementor-widget__width-initial elementor-widget elementor-widget-heading\" data-id=\"d936409\" data-element_type=\"widget\" data-e-type=\"widget\" data-widget_type=\"heading.default\">\n\t\t\t\t\t<h4 class=\"elementor-heading-title elementor-size-default\">Innovativt design til alle typer projekter<\/h4>\t\t\t\t<\/div>\n\t\t\t\t<div class=\"elementor-element elementor-element-a4b23b3 elementor-widget__width-initial elementor-widget elementor-widget-text-editor\" data-id=\"a4b23b3\" data-element_type=\"widget\" data-e-type=\"widget\" data-widget_type=\"text-editor.default\">\n\t\t\t\t\t\t\t\t\t<p>Fra luksushoteller og eksklusive boligprojekter til erhvervskontorer og wellnesscentre afspejler vores projekter en dyb forst\u00e5else for de s\u00e6rlige \u00e6stetiske og funktionelle krav hos store virksomheder. Med vores innovative designfilosofi og fremragende h\u00e5ndv\u00e6rk skaber vi rum, der forener sofistikering og praktisk funktionalitet.<\/p><p>Hvert projekt, som Copenhagen Bath udf\u00f8rer, er et bevis p\u00e5 vores evne til at forene kreativitet med pr\u00e6cision og sikre, at hvert design b\u00e5de underst\u00f8tter vores kunders brandidentitet og forbedrer brugeroplevelsen. Gennem vores skr\u00e6ddersyede l\u00f8sninger bringer vi essensen af skandinavisk design i fokus og leverer unikke l\u00f8sninger med elegance og modernitet over hele Europa.<\/p>\t\t\t\t\t\t\t\t<\/div>\n\t\t\t\t<\/div>\n\t\t\t\t<\/div>","protected":false},"excerpt":{"rendered":"<p>Cases Copenhagen Bath has established itself as a premier partner for bespoke design projects, catering to some of the most esteemed companies across Europe. Our expertise in creating individualizxed bathroom solutions has enabled us to collaborate with a diverse range of industries, delivering tailored designs that meet the unique needs of each client. Copenhagen Bath [&hellip;]<\/p>","protected":false},"author":12,"featured_media":0,"parent":0,"menu_order":0,"comment_status":"closed","ping_status":"closed","template":"","meta":{"footnotes":""},"class_list":["post-27570","page","type-page","status-publish","hentry"],"_links":{"self":[{"href":"https:\/\/copenhagenbath.com\/da\/wp-json\/wp\/v2\/pages\/27570","targetHints":{"allow":["GET"]}}],"collection":[{"href":"https:\/\/copenhagenbath.com\/da\/wp-json\/wp\/v2\/pages"}],"about":[{"href":"https:\/\/copenhagenbath.com\/da\/wp-json\/wp\/v2\/types\/page"}],"author":[{"embeddable":true,"href":"https:\/\/copenhagenbath.com\/da\/wp-json\/wp\/v2\/users\/12"}],"replies":[{"embeddable":true,"href":"https:\/\/copenhagenbath.com\/da\/wp-json\/wp\/v2\/comments?post=27570"}],"version-history":[{"count":108,"href":"https:\/\/copenhagenbath.com\/da\/wp-json\/wp\/v2\/pages\/27570\/revisions"}],"predecessor-version":[{"id":38174,"href":"https:\/\/copenhagenbath.com\/da\/wp-json\/wp\/v2\/pages\/27570\/revisions\/38174"}],"wp:attachment":[{"href":"https:\/\/copenhagenbath.com\/da\/wp-json\/wp\/v2\/media?parent=27570"}],"curies":[{"name":"wp","href":"https:\/\/api.w.org\/{rel}","templated":true}]}}