{"id":28907,"date":"2025-04-14T08:20:23","date_gmt":"2025-04-14T08:20:23","guid":{"rendered":"https:\/\/wp.copenhagenbath.com\/?page_id=28907"},"modified":"2025-07-25T14:45:06","modified_gmt":"2025-07-25T14:45:06","slug":"kontakt","status":"publish","type":"page","link":"https:\/\/copenhagenbath.com\/da\/kontakt\/","title":{"rendered":"Kontakt"},"content":{"rendered":"<div data-elementor-type=\"wp-page\" data-elementor-id=\"28907\" class=\"elementor elementor-28907\" data-elementor-post-type=\"page\">\n\t\t\t\t<div class=\"elementor-element elementor-element-db7dfb6 e-con-full e-flex e-con e-parent\" data-id=\"db7dfb6\" data-element_type=\"container\" data-e-type=\"container\" data-settings=\"{&quot;background_background&quot;:&quot;classic&quot;}\">\n\t\t<div class=\"elementor-element elementor-element-4ccae33 e-con-full e-flex e-con e-child\" data-id=\"4ccae33\" data-element_type=\"container\" data-e-type=\"container\">\n\t\t\t\t<div class=\"elementor-element elementor-element-4424d0b elementor-widget__width-initial elementor-widget elementor-widget-heading\" data-id=\"4424d0b\" data-element_type=\"widget\" data-e-type=\"widget\" data-widget_type=\"heading.default\">\n\t\t\t\t\t<h1 class=\"elementor-heading-title elementor-size-default\">Kontakt<\/h1>\t\t\t\t<\/div>\n\t\t\t\t<div class=\"elementor-element elementor-element-e3507e4 elementor-widget__width-initial elementor-widget elementor-widget-text-editor\" data-id=\"e3507e4\" data-element_type=\"widget\" data-e-type=\"widget\" data-widget_type=\"text-editor.default\">\n\t\t\t\t\t\t\t\t\t<p class=\"\" data-start=\"71\" data-end=\"272\">Har du et sp\u00f8rgsm\u00e5l eller brug for support? Kontakt os \u2013 vi st\u00e5r klar til at hj\u00e6lpe. Du kan n\u00e5 os via telefon, e-mail eller kontaktformularen. Vi vender tilbage hurtigst muligt.<\/p>\t\t\t\t\t\t\t\t<\/div>\n\t\t\t\t<\/div>\n\t\t<div class=\"elementor-element elementor-element-0c9bcf5 e-con-full elementor-hidden-mobile e-flex e-con e-child\" data-id=\"0c9bcf5\" data-element_type=\"container\" data-e-type=\"container\">\n\t\t\t\t<div class=\"elementor-element elementor-element-075008e elementor-widget elementor-widget-image\" data-id=\"075008e\" data-element_type=\"widget\" data-e-type=\"widget\" data-widget_type=\"image.default\">\n\t\t\t\t\t\t\t\t\t\t\t\t\t\t\t<img decoding=\"async\" width=\"2048\" height=\"1365\" src=\"https:\/\/copenhagenbath.com\/wp-content\/uploads\/2024\/11\/Yuno-Bathtub-perspective-scaled-e1730895914184-2048x1365.jpg\" class=\"attachment-2048x2048 size-2048x2048 wp-image-13417\" alt=\"\" srcset=\"https:\/\/copenhagenbath.com\/wp-content\/uploads\/2024\/11\/Yuno-Bathtub-perspective-scaled-e1730895914184-2048x1365.jpg 2048w, https:\/\/copenhagenbath.com\/wp-content\/uploads\/2024\/11\/Yuno-Bathtub-perspective-scaled-e1730895914184-300x200.jpg 300w, https:\/\/copenhagenbath.com\/wp-content\/uploads\/2024\/11\/Yuno-Bathtub-perspective-scaled-e1730895914184-1024x682.jpg 1024w, https:\/\/copenhagenbath.com\/wp-content\/uploads\/2024\/11\/Yuno-Bathtub-perspective-scaled-e1730895914184-768x512.jpg 768w, https:\/\/copenhagenbath.com\/wp-content\/uploads\/2024\/11\/Yuno-Bathtub-perspective-scaled-e1730895914184-1536x1024.jpg 1536w, https:\/\/copenhagenbath.com\/wp-content\/uploads\/2024\/11\/Yuno-Bathtub-perspective-scaled-e1730895914184-600x400.jpg 600w\" sizes=\"(max-width: 2048px) 100vw, 2048px\" \/>\t\t\t\t\t\t\t\t\t\t\t\t\t\t\t<\/div>\n\t\t\t\t<\/div>\n\t\t\t\t<\/div>\n\t\t<div class=\"elementor-element elementor-element-da7a861 e-con-full e-flex e-con e-parent\" data-id=\"da7a861\" data-element_type=\"container\" data-e-type=\"container\" data-settings=\"{&quot;background_background&quot;:&quot;classic&quot;}\">\n\t\t<div class=\"elementor-element elementor-element-9036f87 e-con-full e-flex e-con e-child\" data-id=\"9036f87\" data-element_type=\"container\" data-e-type=\"container\">\n\t\t\t\t<div class=\"elementor-element elementor-element-d936409 elementor-widget__width-initial elementor-widget elementor-widget-heading\" data-id=\"d936409\" data-element_type=\"widget\" data-e-type=\"widget\" data-widget_type=\"heading.default\">\n\t\t\t\t\t<h2 class=\"elementor-heading-title elementor-size-default\">Find us<\/h2>\t\t\t\t<\/div>\n\t\t\t\t<div class=\"elementor-element elementor-element-a4b23b3 elementor-widget__width-initial elementor-widget elementor-widget-text-editor\" data-id=\"a4b23b3\" data-element_type=\"widget\" data-e-type=\"widget\" data-widget_type=\"text-editor.default\">\n\t\t\t\t\t\t\t\t\t<p>Roskildevej 394<br \/>2610 R\u00f8dovre<br \/>Danmark<\/p>\t\t\t\t\t\t\t\t<\/div>\n\t\t\t\t<\/div>\n\t\t<div class=\"elementor-element elementor-element-c885be7 e-con-full e-flex e-con e-child\" data-id=\"c885be7\" data-element_type=\"container\" data-e-type=\"container\">\n\t\t\t\t<div class=\"elementor-element elementor-element-a8f1818 elementor-widget__width-initial elementor-widget elementor-widget-heading\" data-id=\"a8f1818\" data-element_type=\"widget\" data-e-type=\"widget\" data-widget_type=\"heading.default\">\n\t\t\t\t\t<h2 class=\"elementor-heading-title elementor-size-default\">Kontakt<\/h2>\t\t\t\t<\/div>\n\t\t\t\t<div class=\"elementor-element elementor-element-87ceb5c elementor-widget__width-initial elementor-widget elementor-widget-text-editor\" data-id=\"87ceb5c\" data-element_type=\"widget\" data-e-type=\"widget\" data-widget_type=\"text-editor.default\">\n\t\t\t\t\t\t\t\t\t<p><a href=\"tel:+4536960747\">+45 3696 0747<\/a><br \/><a href=\"mailto:contact@copenhagenbath.com\">contact@copenhagenbath.com<\/a><\/p>\t\t\t\t\t\t\t\t<\/div>\n\t\t\t\t<\/div>\n\t\t<div class=\"elementor-element elementor-element-6f6d1cf e-con-full e-flex e-con e-child\" data-id=\"6f6d1cf\" data-element_type=\"container\" data-e-type=\"container\">\n\t\t\t\t<div class=\"elementor-element elementor-element-48e2d54 elementor-widget__width-initial elementor-widget elementor-widget-heading\" data-id=\"48e2d54\" data-element_type=\"widget\" data-e-type=\"widget\" data-widget_type=\"heading.default\">\n\t\t\t\t\t<h2 class=\"elementor-heading-title elementor-size-default\">\u00c5bningstider<\/h2>\t\t\t\t<\/div>\n\t\t\t\t<div class=\"elementor-element elementor-element-a3b76a3 elementor-widget__width-initial elementor-widget elementor-widget-text-editor\" data-id=\"a3b76a3\" data-element_type=\"widget\" data-e-type=\"widget\" data-widget_type=\"text-editor.default\">\n\t\t\t\t\t\t\t\t\t<p>Monday to Thursday<br \/>8:00 &#8211; 16:00<\/p><p>Friday<br \/>8:00 &#8211; 15:00<\/p>\t\t\t\t\t\t\t\t<\/div>\n\t\t\t\t<\/div>\n\t\t<div class=\"elementor-element elementor-element-806f204 e-con-full e-flex e-con e-child\" data-id=\"806f204\" data-element_type=\"container\" data-e-type=\"container\">\n\t\t\t\t<div class=\"elementor-element elementor-element-91eacd3 elementor-align-center elementor-widget elementor-widget-button\" data-id=\"91eacd3\" data-element_type=\"widget\" data-e-type=\"widget\" data-widget_type=\"button.default\">\n\t\t\t\t\t\t\t\t\t\t<a class=\"elementor-button elementor-button-link elementor-size-sm\" href=\"https:\/\/copenhagenbath.com\/da\/eu\/site\/retailers\/\" target=\"_blank\">\n\t\t\t\t\t\t<span class=\"elementor-button-content-wrapper\">\n\t\t\t\t\t\t\t\t\t<span class=\"elementor-button-text\">Find Retailers<\/span>\n\t\t\t\t\t<\/span>\n\t\t\t\t\t<\/a>\n\t\t\t\t\t\t\t\t<\/div>\n\t\t\t\t<\/div>\n\t\t\t\t<\/div>\n\t\t<div class=\"elementor-element elementor-element-b2a1ec8 e-con-full e-flex e-con e-parent\" data-id=\"b2a1ec8\" data-element_type=\"container\" data-e-type=\"container\" data-settings=\"{&quot;background_background&quot;:&quot;classic&quot;}\">\n\t\t<div class=\"elementor-element elementor-element-e3a21a3 e-con-full e-flex e-con e-child\" data-id=\"e3a21a3\" data-element_type=\"container\" data-e-type=\"container\">\n\t\t\t\t<div class=\"elementor-element elementor-element-cb5c97a elementor-widget__width-initial elementor-widget elementor-widget-heading\" data-id=\"cb5c97a\" data-element_type=\"widget\" data-e-type=\"widget\" data-widget_type=\"heading.default\">\n\t\t\t\t\t<h4 class=\"elementor-heading-title elementor-size-default\">Har du sp\u00f8rgsm\u00e5l<\/h4>\t\t\t\t<\/div>\n\t\t\t\t<div class=\"elementor-element elementor-element-85d0442 elementor-widget__width-initial elementor-widget elementor-widget-text-editor\" data-id=\"85d0442\" data-element_type=\"widget\" data-e-type=\"widget\" data-widget_type=\"text-editor.default\">\n\t\t\t\t\t\t\t\t\t<p>Har du et sp\u00f8rgsm\u00e5l eller brug for hj\u00e6lp? Vi er her for at hj\u00e6lpe.<\/p><p>Du kan kontakte os via telefon, e-mail eller blot udfylde vores kontaktformular \u2013 vi vender tilbage til dig s\u00e5 hurtigt som muligt. Uanset om du s\u00f8ger produktvejledning, support eller generel information, st\u00e5r vores team klar til at hj\u00e6lpe dig.<\/p><p>Vi ser frem til at h\u00f8re fra dig.<\/p>\t\t\t\t\t\t\t\t<\/div>\n\t\t\t\t<\/div>\n\t\t<div class=\"elementor-element elementor-element-ce9decb e-con-full e-flex e-con e-child\" data-id=\"ce9decb\" data-element_type=\"container\" data-e-type=\"container\">\n\t\t\t\t<div class=\"elementor-element elementor-element-28e0563 elementor-widget__width-initial elementor-button-align-stretch elementor-widget elementor-widget-form\" data-id=\"28e0563\" data-element_type=\"widget\" data-e-type=\"widget\" data-settings=\"{&quot;step_next_label&quot;:&quot;Next&quot;,&quot;step_previous_label&quot;:&quot;Previous&quot;,&quot;button_width&quot;:&quot;100&quot;,&quot;step_type&quot;:&quot;number_text&quot;,&quot;step_icon_shape&quot;:&quot;circle&quot;}\" data-widget_type=\"form.default\">\n\t\t\t\t\t\t\t<form class=\"elementor-form\" method=\"post\" name=\"New Form\" aria-label=\"New Form\" action=\"\">\n\t\t\t<input type=\"hidden\" name=\"post_id\" value=\"28907\"\/>\n\t\t\t<input type=\"hidden\" name=\"form_id\" value=\"28e0563\"\/>\n\t\t\t<input type=\"hidden\" name=\"referer_title\" value=\"\" \/>\n\n\t\t\t\n\t\t\t<div class=\"elementor-form-fields-wrapper elementor-labels-\">\n\t\t\t\t\t\t\t\t<div class=\"elementor-field-type-text elementor-field-group elementor-column elementor-field-group-name elementor-col-50 elementor-field-required\">\n\t\t\t\t\t\t\t\t\t\t\t\t<label for=\"form-field-name\" class=\"elementor-field-label elementor-screen-only\">\n\t\t\t\t\t\t\t\tFulde navn\t\t\t\t\t\t\t<\/label>\n\t\t\t\t\t\t\t\t\t\t\t\t\t\t<input size=\"1\" type=\"text\" name=\"form_fields[name]\" id=\"form-field-name\" class=\"elementor-field elementor-size-sm  elementor-field-textual\" placeholder=\"Fulde navn\" required=\"required\">\n\t\t\t\t\t\t\t\t\t\t\t<\/div>\n\t\t\t\t\t\t\t\t<div class=\"elementor-field-type-email elementor-field-group elementor-column elementor-field-group-email elementor-col-50 elementor-field-required\">\n\t\t\t\t\t\t\t\t\t\t\t\t<label for=\"form-field-email\" class=\"elementor-field-label elementor-screen-only\">\n\t\t\t\t\t\t\t\tEmail Address\t\t\t\t\t\t\t<\/label>\n\t\t\t\t\t\t\t\t\t\t\t\t\t\t<input size=\"1\" type=\"email\" name=\"form_fields[email]\" id=\"form-field-email\" class=\"elementor-field elementor-size-sm  elementor-field-textual\" placeholder=\"Email Address\" required=\"required\">\n\t\t\t\t\t\t\t\t\t\t\t<\/div>\n\t\t\t\t\t\t\t\t<div class=\"elementor-field-type-tel elementor-field-group elementor-column elementor-field-group-field_def8be3 elementor-col-50 elementor-field-required\">\n\t\t\t\t\t\t\t\t\t\t\t\t<label for=\"form-field-field_def8be3\" class=\"elementor-field-label elementor-screen-only\">\n\t\t\t\t\t\t\t\tTelefonnummer\t\t\t\t\t\t\t<\/label>\n\t\t\t\t\t\t\t\t<input size=\"1\" type=\"tel\" name=\"form_fields[field_def8be3]\" id=\"form-field-field_def8be3\" class=\"elementor-field elementor-size-sm  elementor-field-textual\" placeholder=\"Telefonnummer\" required=\"required\" pattern=\"[0-9()#&amp;+*-=.]+\" title=\"Endast siffror och telefontecken (#, -, *, etc) accepteras.\">\n\n\t\t\t\t\t\t<\/div>\n\t\t\t\t\t\t\t\t<div class=\"elementor-field-type-text elementor-field-group elementor-column elementor-field-group-field_6897f8c elementor-col-50\">\n\t\t\t\t\t\t\t\t\t\t\t\t<label for=\"form-field-field_6897f8c\" class=\"elementor-field-label elementor-screen-only\">\n\t\t\t\t\t\t\t\tAdresse\t\t\t\t\t\t\t<\/label>\n\t\t\t\t\t\t\t\t\t\t\t\t\t\t<input size=\"1\" type=\"text\" name=\"form_fields[field_6897f8c]\" id=\"form-field-field_6897f8c\" class=\"elementor-field elementor-size-sm  elementor-field-textual\" placeholder=\"Adresse\">\n\t\t\t\t\t\t\t\t\t\t\t<\/div>\n\t\t\t\t\t\t\t\t<div class=\"elementor-field-type-text elementor-field-group elementor-column elementor-field-group-field_5be7a95 elementor-col-50\">\n\t\t\t\t\t\t\t\t\t\t\t\t<label for=\"form-field-field_5be7a95\" class=\"elementor-field-label elementor-screen-only\">\n\t\t\t\t\t\t\t\tPostnummer\t\t\t\t\t\t\t<\/label>\n\t\t\t\t\t\t\t\t\t\t\t\t\t\t<input size=\"1\" type=\"text\" name=\"form_fields[field_5be7a95]\" id=\"form-field-field_5be7a95\" class=\"elementor-field elementor-size-sm  elementor-field-textual\" placeholder=\"Postnummer\">\n\t\t\t\t\t\t\t\t\t\t\t<\/div>\n\t\t\t\t\t\t\t\t<div class=\"elementor-field-type-text elementor-field-group elementor-column elementor-field-group-field_96afcc0 elementor-col-50\">\n\t\t\t\t\t\t\t\t\t\t\t\t<label for=\"form-field-field_96afcc0\" class=\"elementor-field-label elementor-screen-only\">\n\t\t\t\t\t\t\t\tBy\t\t\t\t\t\t\t<\/label>\n\t\t\t\t\t\t\t\t\t\t\t\t\t\t<input size=\"1\" type=\"text\" name=\"form_fields[field_96afcc0]\" id=\"form-field-field_96afcc0\" class=\"elementor-field elementor-size-sm  elementor-field-textual\" placeholder=\"By\">\n\t\t\t\t\t\t\t\t\t\t\t<\/div>\n\t\t\t\t\t\t\t\t<div class=\"elementor-field-type-textarea elementor-field-group elementor-column elementor-field-group-message elementor-col-100 elementor-field-required\">\n\t\t\t\t\t\t\t\t\t\t\t\t<label for=\"form-field-message\" class=\"elementor-field-label elementor-screen-only\">\n\t\t\t\t\t\t\t\tMessage\t\t\t\t\t\t\t<\/label>\n\t\t\t\t\t\t<textarea class=\"elementor-field-textual elementor-field  elementor-size-sm\" name=\"form_fields[message]\" id=\"form-field-message\" rows=\"5\" placeholder=\"Message\" required=\"required\"><\/textarea>\t\t\t\t<\/div>\n\t\t\t\t\t\t\t\t<div class=\"elementor-field-type-acceptance elementor-field-group elementor-column elementor-field-group-field_89ab5aa elementor-col-100 elementor-field-required\">\n\t\t\t\t\t\t\t\t\t\t\t\t<label for=\"form-field-field_89ab5aa\" class=\"elementor-field-label elementor-screen-only\">\n\t\t\t\t\t\t\t\tAccept\t\t\t\t\t\t\t<\/label>\n\t\t\t\t\t\t\t\t<div class=\"elementor-field-subgroup\">\n\t\t\t<span class=\"elementor-field-option\">\n\t\t\t\t<input type=\"checkbox\" name=\"form_fields[field_89ab5aa]\" id=\"form-field-field_89ab5aa\" class=\"elementor-field elementor-size-sm  elementor-acceptance-field\" required=\"required\">\n\t\t\t\t<label for=\"form-field-field_89ab5aa\">I accept the <a href=\"\/da\/privatlivspolitik\/\">Politik for beskyttelse af personlige oplysninger<\/a><\/label>\t\t\t<\/span>\n\t\t<\/div>\n\t\t\t\t\t\t<\/div>\n\t\t\t\t\t\t\t\t<div class=\"elementor-field-type-recaptcha_v3 elementor-field-group elementor-column elementor-field-group-field_398738e elementor-col-100 recaptcha_v3-inline\">\n\t\t\t\t\t<div class=\"elementor-field\" id=\"form-field-field_398738e\"><div class=\"elementor-g-recaptcha\" data-sitekey=\"6LcluEorAAAAAHO6dj054A2fYUjq4veJXAKFfsFB\" data-type=\"v3\" data-action=\"Form\" data-badge=\"inline\" data-size=\"invisible\"><\/div><\/div>\t\t\t\t<\/div>\n\t\t\t\t\t\t\t\t<div class=\"elementor-field-group elementor-column elementor-field-type-submit elementor-col-100 e-form__buttons\">\n\t\t\t\t\t<button class=\"elementor-button elementor-size-md\" type=\"submit\">\n\t\t\t\t\t\t<span class=\"elementor-button-content-wrapper\">\n\t\t\t\t\t\t\t\t\t\t\t\t\t\t\t\t\t\t\t\t\t\t<span class=\"elementor-button-text\">Send<\/span>\n\t\t\t\t\t\t\t\t\t\t\t\t\t<\/span>\n\t\t\t\t\t<\/button>\n\t\t\t\t<\/div>\n\t\t\t<\/div>\n\t\t<input type=\"hidden\" name=\"trp-form-language\" value=\"da\"\/><\/form>\n\t\t\t\t\t\t<\/div>\n\t\t\t\t<\/div>\n\t\t\t\t<\/div>\n\t\t<div class=\"elementor-element elementor-element-e123de1 e-con-full e-flex e-con e-parent\" data-id=\"e123de1\" data-element_type=\"container\" data-e-type=\"container\">\n\t\t\t\t<div class=\"elementor-element elementor-element-abbc8aa elementor--h-position-left elementor--v-position-bottom elementor-widget elementor-widget-slides\" data-id=\"abbc8aa\" data-element_type=\"widget\" data-e-type=\"widget\" data-settings=\"{&quot;navigation&quot;:&quot;none&quot;,&quot;transition&quot;:&quot;fade&quot;,&quot;autoplay&quot;:&quot;yes&quot;,&quot;pause_on_hover&quot;:&quot;yes&quot;,&quot;pause_on_interaction&quot;:&quot;yes&quot;,&quot;autoplay_speed&quot;:5000,&quot;infinite&quot;:&quot;yes&quot;,&quot;transition_speed&quot;:500}\" data-widget_type=\"slides.default\">\n\t\t\t\t\t\t\t\t\t\t<div class=\"elementor-slides-wrapper elementor-main-swiper swiper\" role=\"region\" aria-roledescription=\"carousel\" aria-label=\"Lysbilleder\" dir=\"ltr\" data-animation=\"\">\n\t\t\t\t<div class=\"swiper-wrapper elementor-slides\">\n\t\t\t\t\t\t\t\t\t\t<div class=\"elementor-repeater-item-fa930be swiper-slide\" role=\"group\" aria-roledescription=\"slide\"><div class=\"swiper-slide-bg\" role=\"img\"><\/div><div class=\"elementor-background-overlay\"><\/div><a class=\"swiper-slide-inner\" href=\"https:\/\/copenhagenbath.com\/da\/?page_id=1286\"><div class=\"swiper-slide-contents\"><h3 class=\"elementor-slide-heading\">Our story<\/h3><p class=\"elementor-slide-description\">Siden vores start har Copenhagen Bath omfavnet \u00e5nden i dansk h\u00e5ndv\u00e6rk og kombineret tidl\u00f8st design med kontinuerlig innovation. <\/p><div  class=\"elementor-button elementor-slide-button elementor-size-md\">L\u00e6s mere om det<\/div><\/div><\/a><\/div>\t\t\t\t<\/div>\n\t\t\t\t\t\t\t<\/div>\n\t\t\t\t\t\t\t\t<\/div>\n\t\t\t\t<\/div>\n\t\t\t\t<\/div>","protected":false},"excerpt":{"rendered":"<p>Contact Have a question or need support? Get in touch with us and we\u2019ll be happy to help. You can reach us by phone, email, or through the contact form. We\u2019ll get back to you as soon as possible. Find us Roskildevej 3942610 R\u00f8dovreDenmark Contact +45 3696 0747contact@copenhagenbath.com Opening hours Monday to Thursday8:00 &#8211; 16:00 [&hellip;]<\/p>","protected":false},"author":12,"featured_media":0,"parent":0,"menu_order":0,"comment_status":"closed","ping_status":"closed","template":"","meta":{"footnotes":""},"class_list":["post-28907","page","type-page","status-publish","hentry"],"_links":{"self":[{"href":"https:\/\/copenhagenbath.com\/da\/wp-json\/wp\/v2\/pages\/28907","targetHints":{"allow":["GET"]}}],"collection":[{"href":"https:\/\/copenhagenbath.com\/da\/wp-json\/wp\/v2\/pages"}],"about":[{"href":"https:\/\/copenhagenbath.com\/da\/wp-json\/wp\/v2\/types\/page"}],"author":[{"embeddable":true,"href":"https:\/\/copenhagenbath.com\/da\/wp-json\/wp\/v2\/users\/12"}],"replies":[{"embeddable":true,"href":"https:\/\/copenhagenbath.com\/da\/wp-json\/wp\/v2\/comments?post=28907"}],"version-history":[{"count":244,"href":"https:\/\/copenhagenbath.com\/da\/wp-json\/wp\/v2\/pages\/28907\/revisions"}],"predecessor-version":[{"id":36159,"href":"https:\/\/copenhagenbath.com\/da\/wp-json\/wp\/v2\/pages\/28907\/revisions\/36159"}],"wp:attachment":[{"href":"https:\/\/copenhagenbath.com\/da\/wp-json\/wp\/v2\/media?parent=28907"}],"curies":[{"name":"wp","href":"https:\/\/api.w.org\/{rel}","templated":true}]}}