{"id":30633,"date":"2025-04-29T07:53:19","date_gmt":"2025-04-29T07:53:19","guid":{"rendered":"https:\/\/wp.copenhagenbath.com\/?page_id=30633"},"modified":"2025-04-29T08:07:40","modified_gmt":"2025-04-29T08:07:40","slug":"privatlivspolitik","status":"publish","type":"page","link":"https:\/\/copenhagenbath.com\/da\/privatlivspolitik\/","title":{"rendered":"Politik for beskyttelse af personlige oplysninger"},"content":{"rendered":"<div data-elementor-type=\"wp-page\" data-elementor-id=\"30633\" class=\"elementor elementor-30633\" data-elementor-post-type=\"page\">\n\t\t\t\t<div class=\"elementor-element elementor-element-ae8b9d1 e-flex e-con-boxed e-con e-parent\" data-id=\"ae8b9d1\" data-element_type=\"container\" data-e-type=\"container\" data-settings=\"{&quot;background_background&quot;:&quot;classic&quot;}\">\n\t\t\t\t\t<div class=\"e-con-inner\">\n\t\t<div class=\"elementor-element elementor-element-812ab9d e-con-full e-flex e-con e-child\" data-id=\"812ab9d\" data-element_type=\"container\" data-e-type=\"container\">\n\t\t\t\t<div class=\"elementor-element elementor-element-485cb8b elementor-widget__width-initial elementor-widget elementor-widget-heading\" data-id=\"485cb8b\" data-element_type=\"widget\" data-e-type=\"widget\" data-widget_type=\"heading.default\">\n\t\t\t\t\t<h1 class=\"elementor-heading-title elementor-size-default\">Politik for beskyttelse af personlige oplysninger<\/h1>\t\t\t\t<\/div>\n\t\t\t\t<div class=\"elementor-element elementor-element-acbeba8 elementor-widget__width-initial elementor-widget elementor-widget-text-editor\" data-id=\"acbeba8\" data-element_type=\"widget\" data-e-type=\"widget\" data-widget_type=\"text-editor.default\">\n\t\t\t\t\t\t\t\t\t<p>Denne privatlivspolitik er udarbejdet for bedre at kunne betjene dem, der er bekymrede for, hvordan deres 'personligt identificerbare oplysninger' (PII) bruges online. PII, som beskrevet i amerikansk lovgivning om beskyttelse af personlige oplysninger og informationssikkerhed, er oplysninger, der kan bruges alene eller sammen med andre oplysninger til at identificere, kontakte eller lokalisere en enkelt person eller til at identificere en person i en sammenh\u00e6ng. L\u00e6s venligst vores privatlivspolitik omhyggeligt for at f\u00e5 en klar forst\u00e5else af, hvordan vi indsamler, bruger, beskytter eller p\u00e5 anden m\u00e5de h\u00e5ndterer dine personligt identificerbare oplysninger i overensstemmelse med vores hjemmeside.<\/p><p><strong>Hvilke personlige oplysninger indsamler vi fra de mennesker, der bes\u00f8ger vores hjemmeside?<\/strong><\/p><p>N\u00e5r du bestiller eller registrerer dig p\u00e5 vores websted, kan du blive bedt om at indtaste dit navn, din e-mailadresse, din postadresse, dit telefonnummer eller andre oplysninger for at hj\u00e6lpe dig med din oplevelse.<\/p><p><strong>Hvorn\u00e5r indsamler vi oplysninger? <\/strong><\/p><p>Vi indsamler oplysninger fra dig, n\u00e5r du afgiver en ordre eller indtaster oplysninger p\u00e5 vores hjemmeside.<\/p><p><strong>Hvordan bruger vi dine oplysninger?\u00a0<\/strong><\/p><p>Vi kan bruge de oplysninger, vi indsamler fra dig, n\u00e5r du registrerer dig, foretager et k\u00f8b, tilmelder dig vores nyhedsbrev, svarer p\u00e5 en unders\u00f8gelse eller markedsf\u00f8ringskommunikation, surfer p\u00e5 webstedet eller bruger visse andre funktioner p\u00e5 webstedet p\u00e5 f\u00f8lgende m\u00e5der:<\/p><p>For hurtigt at kunne behandle dine transaktioner.<\/p><p><strong>Hvordan beskytter vi dine oplysninger? <\/strong><\/p><p>Vi bruger ikke s\u00e5rbarhedsscanning og\/eller scanning efter PCI-standarder.<\/p><p>En ekstern PCI-kompatibel betalingsgateway h\u00e5ndterer alle CC-transaktioner.<\/p><p>Vi bruger regelm\u00e6ssig scanning for malware.<\/p><p>Dine personlige oplysninger befinder sig bag sikrede netv\u00e6rk og er kun tilg\u00e6ngelige for et begr\u00e6nset antal personer, der har s\u00e6rlige adgangsrettigheder til s\u00e5danne systemer og er forpligtet til at holde oplysningerne fortrolige. Desuden er alle f\u00f8lsomme oplysninger\/kreditoplysninger, du giver, krypteret via SSL-teknologi (Secure Socket Layer).<\/p><p>Vi implementerer en r\u00e6kke sikkerhedsforanstaltninger, n\u00e5r en bruger afgiver en ordre, for at opretholde sikkerheden for dine personlige oplysninger.<\/p><p>Alle transaktioner behandles via en gateway-udbyder og gemmes eller behandles ikke p\u00e5 vores servere.<\/p><p><strong>Bruger vi 'cookies'?\u00a0<\/strong><\/p><p>Cookies er sm\u00e5 filer, som et website eller dets serviceudbyder overf\u00f8rer til din computers harddisk via din webbrowser (hvis du tillader det). Dette g\u00f8r det muligt for sitet eller serviceudbyderen at genkende din browser og gemme visse oplysninger. Vi bruger for eksempel cookies til at huske og behandle varer i din indk\u00f8bskurv. De bruges ogs\u00e5 til at forst\u00e5 dine pr\u00e6ferencer baseret p\u00e5 tidligere eller nuv\u00e6rende aktivitet p\u00e5 websitet, s\u00e5 vi kan tilbyde bedre service. Vi bruger desuden cookies til at indsamle samlede data om trafik og brugeradf\u00e6rd, hvilket hj\u00e6lper os med at forbedre brugeroplevelsen og udvikle nye v\u00e6rkt\u00f8jer.<\/p><p><strong>Vi bruger cookies til:<\/strong><\/p><p>Forst\u00e5 og gem brugerens pr\u00e6ferencer til fremtidige bes\u00f8g.<\/p><p>Du kan v\u00e6lge at f\u00e5 din computer til at advare dig, hver gang der sendes en cookie, eller du kan v\u00e6lge at sl\u00e5 alle cookies fra. Det g\u00f8r du via dine browserindstillinger. Da alle browsere er lidt forskellige, skal du kigge i din browsers hj\u00e6lpemenu for at l\u00e6re den korrekte m\u00e5de at \u00e6ndre dine cookies p\u00e5.<\/p><p>Hvis du sl\u00e5r cookies fra, vil det ikke p\u00e5virke brugerens oplevelse.<\/p><p><strong>Oplysning fra tredjepart <\/strong><\/p><p>Vi s\u00e6lger, bytter eller p\u00e5 anden m\u00e5de overf\u00f8rer ikke dine personligt identificerbare oplysninger til eksterne parter.<\/p><p><strong>Links fra tredjeparter <\/strong><\/p><p>Vi inkluderer eller tilbyder ikke tredjepartsprodukter eller -tjenester p\u00e5 vores hjemmeside.<\/p><p><strong>Google <\/strong><\/p><p>Googles reklamekrav kan sammenfattes i Googles reklameprincipper. De er indf\u00f8rt for at give brugerne en positiv oplevelse. https:\/\/support.google.com\/adwordspolicy\/answer\/1316548?hl=en<\/p><p>Vi har ikke aktiveret Google AdSense p\u00e5 vores hjemmeside, men det kan vi g\u00f8re i fremtiden.<\/p><p><strong>Californiens lov om beskyttelse af privatlivets fred online <\/strong><\/p><p>CalOPPA er den f\u00f8rste delstatslov i landet, der kr\u00e6ver, at kommercielle hjemmesider og onlinetjenester skal offentligg\u00f8re en privatlivspolitik. Lovens r\u00e6kkevidde str\u00e6kker sig langt ud over Californien og kr\u00e6ver, at enhver person eller virksomhed i USA (og muligvis i hele verden), som driver hjemmesider, der indsamler personligt identificerbare oplysninger fra forbrugere i Californien, skal offentligg\u00f8re en i\u00f8jnefaldende privatlivspolitik p\u00e5 sin hjemmeside med pr\u00e6cis angivelse af de oplysninger, der indsamles, og de personer eller virksomheder, som de deles med. - Se mere p\u00e5: http:\/\/consumercal.org\/california-online-privacy-protection-act-caloppa\/#sthash.0FdRbT51.dpuf<\/p><p><strong>WWW<\/strong><\/p><p>I henhold til CalOPPA accepterer vi f\u00f8lgende:<\/p><p>Brugere kan bes\u00f8ge vores side anonymt.<\/p><p>N\u00e5r denne privatlivspolitik er oprettet, vil vi tilf\u00f8je et link til den p\u00e5 vores hjemmeside eller som minimum p\u00e5 den f\u00f8rste vigtige side, n\u00e5r du g\u00e5r ind p\u00e5 vores hjemmeside.<\/p><p>Linket til vores privatlivspolitik indeholder ordet \"Privatliv\" og kan nemt findes p\u00e5 den side, der er angivet ovenfor.<\/p><p><strong>Du vil blive informeret om eventuelle \u00e6ndringer i privatlivspolitikken:<\/strong><\/p><p>P\u00e5 vores side om privatlivspolitik<\/p><p><strong>Kan \u00e6ndre dine personlige oplysninger:<\/strong><\/p><ul><li>Ved at sende os en e-mailVed at ringe til os<\/li><li>Ved at logge ind p\u00e5 din konto<\/li><li>Ved at chatte med os eller ved at sende os en support-billet<\/li><\/ul><p><strong>Hvordan h\u00e5ndterer vores hjemmeside Do Not Track-signaler? <\/strong><\/p><p>Vi respekterer Do Not Track-signaler og sporer ikke, planter ikke cookies eller bruger ikke reklamer, n\u00e5r en Do Not Track (DNT)-browsermekanisme er p\u00e5 plads.<\/p><p><strong>Tillader vores hjemmeside adf\u00e6rdssporing fra tredjepart? <\/strong><\/p><p>Det er ogs\u00e5 vigtigt at bem\u00e6rke, at vi ikke tillader tredjeparts adf\u00e6rdssporing<\/p><p><strong>COPPA (Lov om beskyttelse af b\u00f8rns privatliv p\u00e5 nettet) <\/strong><\/p><p>N\u00e5r det drejer sig om indsamling af personlige oplysninger fra b\u00f8rn under 13 \u00e5r, giver Children's Online Privacy Protection Act (COPPA) for\u00e6ldrene kontrollen. Federal Trade Commission, USA's forbrugerbeskyttelsesagentur, h\u00e5ndh\u00e6ver COPPA-reglen, som pr\u00e6ciserer, hvad operat\u00f8rer af hjemmesider og onlinetjenester skal g\u00f8re for at beskytte b\u00f8rns privatliv og sikkerhed online.<\/p><p>Vi markedsf\u00f8rer ikke specifikt til b\u00f8rn under 13 \u00e5r.<\/p><p><strong>Fair informationspraksis <\/strong><\/p><p>Fair Information Practices Principles udg\u00f8r rygraden i USA's privatlivslovgivning, og de begreber, de omfatter, har spillet en vigtig rolle i udviklingen af databeskyttelseslove over hele verden. At forst\u00e5 Fair Information Practice Principles, og hvordan de skal implementeres, er afg\u00f8rende for at overholde de forskellige love om privatlivets fred, der beskytter personlige oplysninger.<\/p><p>For at v\u00e6re i overensstemmelse med Fair Information Practices vil vi tage f\u00f8lgende forholdsregler, hvis der opst\u00e5r et databrud:<\/p><p><strong>Vi giver dig besked via e-mail<\/strong><\/p><p>Inden for 7 arbejdsdage<\/p><p>Vi er ogs\u00e5 enige i princippet om individuel klageadgang, som kr\u00e6ver, at enkeltpersoner har ret til juridisk at forf\u00f8lge rettigheder, der kan h\u00e5ndh\u00e6ves, over for dataindsamlere og databehandlere, der ikke overholder loven. Dette princip kr\u00e6ver ikke kun, at enkeltpersoner har rettigheder, der kan h\u00e5ndh\u00e6ves over for databrugere, men ogs\u00e5 at enkeltpersoner har adgang til domstole eller offentlige myndigheder for at unders\u00f8ge og\/eller retsforf\u00f8lge databehandleres manglende overholdelse.<\/p><p><strong>CAN SPAM-loven <\/strong><\/p><p>CAN-SPAM Act er en lov, der fasts\u00e6tter regler for kommerciel e-mail, opstiller krav til kommercielle meddelelser, giver modtagere ret til at f\u00e5 stoppet e-mails, der sendes til dem, og fasts\u00e6tter h\u00e5rde straffe for overtr\u00e6delser.<\/p><p><strong>Vi indsamler din e-mailadresse for at:<\/strong><\/p><ul><li>Behandle ordrer og sende oplysninger og opdateringer vedr\u00f8rende ordrer.<\/li><li>Sende dig yderligere information om dit produkt og\/eller din service<\/li><\/ul><p><strong>For at v\u00e6re i overensstemmelse med CANSPAM accepterer vi f\u00f8lgende:<\/strong><\/p><ul><li>Brug ikke falske eller vildledende emner eller e-mailadresser.<\/li><li>Identificer budskabet som en reklame p\u00e5 en rimelig m\u00e5de.<\/li><li>Angiv den fysiske adresse p\u00e5 vores virksomhed eller hovedkontor.<\/li><li>- Overv\u00e5g tredjeparts e-mailmarketingtjenester for overholdelse, hvis en s\u00e5dan bruges.<\/li><li>Efterkom hurtigt anmodninger om fravalg\/afmelding.<\/li><li>Giv brugerne mulighed for at afmelde sig ved at bruge linket i bunden af hver e-mail.<\/li><\/ul><p>Hvis du p\u00e5 noget tidspunkt \u00f8nsker at afmelde dig fra at modtage fremtidige e-mails, kan du sende os en e-mail p\u00e5<\/p><p>F\u00f8lg instruktionerne i bunden af hver e-mail.<\/p><p>og vi vil straks fjerne dig fra AL korrespondance.<\/p><p><strong>Kontakt os <\/strong><\/p><p>Hvis du har sp\u00f8rgsm\u00e5l til denne privatlivspolitik, kan du kontakte os ved hj\u00e6lp af nedenst\u00e5ende oplysninger.<\/p><p><strong>K\u00f8benhavn Bad<\/strong><br \/>B\u00e6kkeskovvej 25<br \/>2665 Vallensb\u00e6k Strand<br \/>Danmark<\/p><p>contact@copenhagenbath.com<\/p>\t\t\t\t\t\t\t\t<\/div>\n\t\t\t\t<\/div>\n\t\t\t\t\t<\/div>\n\t\t\t\t<\/div>\n\t\t\t\t<\/div>","protected":false},"excerpt":{"rendered":"<p>Privacy Policy This privacy policy has been compiled to better serve those who are concerned with how their \u2018Personally Identifiable Information\u2019 (PII) is being used online. PII, as described in US privacy law and information security, is information that can be used on its own or with other information to identify, contact, or locate a [&hellip;]<\/p>","protected":false},"author":12,"featured_media":0,"parent":0,"menu_order":0,"comment_status":"closed","ping_status":"closed","template":"","meta":{"footnotes":""},"class_list":["post-30633","page","type-page","status-publish","hentry"],"_links":{"self":[{"href":"https:\/\/copenhagenbath.com\/da\/wp-json\/wp\/v2\/pages\/30633","targetHints":{"allow":["GET"]}}],"collection":[{"href":"https:\/\/copenhagenbath.com\/da\/wp-json\/wp\/v2\/pages"}],"about":[{"href":"https:\/\/copenhagenbath.com\/da\/wp-json\/wp\/v2\/types\/page"}],"author":[{"embeddable":true,"href":"https:\/\/copenhagenbath.com\/da\/wp-json\/wp\/v2\/users\/12"}],"replies":[{"embeddable":true,"href":"https:\/\/copenhagenbath.com\/da\/wp-json\/wp\/v2\/comments?post=30633"}],"version-history":[{"count":13,"href":"https:\/\/copenhagenbath.com\/da\/wp-json\/wp\/v2\/pages\/30633\/revisions"}],"predecessor-version":[{"id":30684,"href":"https:\/\/copenhagenbath.com\/da\/wp-json\/wp\/v2\/pages\/30633\/revisions\/30684"}],"wp:attachment":[{"href":"https:\/\/copenhagenbath.com\/da\/wp-json\/wp\/v2\/media?parent=30633"}],"curies":[{"name":"wp","href":"https:\/\/api.w.org\/{rel}","templated":true}]}}