{"id":8336,"date":"2024-09-26T13:53:25","date_gmt":"2024-09-26T13:53:25","guid":{"rendered":"https:\/\/wp.copenhagenbath.com\/?page_id=8336"},"modified":"2025-07-25T15:30:54","modified_gmt":"2025-07-25T15:30:54","slug":"case-karlatornet-goteborg","status":"publish","type":"page","link":"https:\/\/copenhagenbath.com\/da\/case-karlatornet-goteborg\/","title":{"rendered":"Case: Karlatornet Gothenburg"},"content":{"rendered":"<div data-elementor-type=\"wp-page\" data-elementor-id=\"8336\" class=\"elementor elementor-8336\" data-elementor-post-type=\"page\">\n\t\t\t\t<div class=\"elementor-element elementor-element-7a8fa37 e-con-full e-flex e-con e-parent\" data-id=\"7a8fa37\" data-element_type=\"container\" data-e-type=\"container\">\n\t\t\t\t<div class=\"elementor-element elementor-element-c8b0b40 elementor-widget__width-inherit elementor--h-position-center elementor--v-position-middle elementor-pagination-position-inside elementor-widget elementor-widget-slides\" data-id=\"c8b0b40\" data-element_type=\"widget\" data-e-type=\"widget\" data-settings=\"{&quot;navigation&quot;:&quot;dots&quot;,&quot;transition&quot;:&quot;fade&quot;,&quot;autoplay&quot;:&quot;yes&quot;,&quot;pause_on_hover&quot;:&quot;yes&quot;,&quot;pause_on_interaction&quot;:&quot;yes&quot;,&quot;autoplay_speed&quot;:5000,&quot;infinite&quot;:&quot;yes&quot;,&quot;transition_speed&quot;:500}\" data-widget_type=\"slides.default\">\n\t\t\t\t\t\t\t\t\t\t<div class=\"elementor-slides-wrapper elementor-main-swiper swiper\" role=\"region\" aria-roledescription=\"carousel\" aria-label=\"Lysbilleder\" dir=\"ltr\" data-animation=\"\">\n\t\t\t\t<div class=\"swiper-wrapper elementor-slides\">\n\t\t\t\t\t\t\t\t\t\t<div class=\"elementor-repeater-item-fa930be swiper-slide\" role=\"group\" aria-roledescription=\"slide\"><div class=\"swiper-slide-bg elementor-ken-burns elementor-ken-burns--in\" role=\"img\"><\/div><div class=\"swiper-slide-inner\" ><div class=\"swiper-slide-contents\"><h1 class=\"elementor-slide-heading\">Karlatornet <\/h1><p class=\"elementor-slide-description\">Badev\u00e6relser - designet med Copenhagen Bath<\/p><\/div><\/div><\/div>\t\t\t\t<\/div>\n\t\t\t\t\t\t\t<\/div>\n\t\t\t\t\t\t\t\t<\/div>\n\t\t\t\t<\/div>\n\t\t<div class=\"elementor-element elementor-element-9e6d029 e-flex e-con-boxed e-con e-parent\" data-id=\"9e6d029\" data-element_type=\"container\" data-e-type=\"container\" data-settings=\"{&quot;background_background&quot;:&quot;classic&quot;}\">\n\t\t\t\t\t<div class=\"e-con-inner\">\n\t\t<div class=\"elementor-element elementor-element-4e73866 e-con-full e-flex e-con e-child\" data-id=\"4e73866\" data-element_type=\"container\" data-e-type=\"container\" data-settings=\"{&quot;background_background&quot;:&quot;classic&quot;}\">\n\t\t\t\t<div class=\"elementor-element elementor-element-060601d elementor-widget__width-initial elementor-widget elementor-widget-heading\" data-id=\"060601d\" data-element_type=\"widget\" data-e-type=\"widget\" data-widget_type=\"heading.default\">\n\t\t\t\t\t<h2 class=\"elementor-heading-title elementor-size-default\">Penthouse-lejligheder p\u00e5 Karlatornet<\/h2>\t\t\t\t<\/div>\n\t\t\t\t<div class=\"elementor-element elementor-element-85e0d99 elementor-widget__width-initial elementor-widget elementor-widget-text-editor\" data-id=\"85e0d99\" data-element_type=\"widget\" data-e-type=\"widget\" data-widget_type=\"text-editor.default\">\n\t\t\t\t\t\t\t\t\t<p>Copenhagen Bath har samarbejdet med boligprojektet Karlatornet for at bringe k\u00f8benhavnsk elegance til de eksklusive penthouselejligheder i G\u00f6teborg. Deres elegante og kvalitetspr\u00e6gede badev\u00e6relsesdesign komplementerer smukt de luksuri\u00f8se overflader i marmor og travertin. Gennemt\u00e6nkte detaljer forst\u00e6rker den spa-lignende oplevelse og giver beboerne b\u00e5de stil og funktionalitet \u2013 med en betagende udsigt over byen.<\/p>\t\t\t\t\t\t\t\t<\/div>\n\t\t\t\t<\/div>\n\t\t\t\t\t<\/div>\n\t\t\t\t<\/div>\n\t\t<div class=\"elementor-element elementor-element-bedf19a e-flex e-con-boxed e-con e-parent\" data-id=\"bedf19a\" data-element_type=\"container\" data-e-type=\"container\" data-settings=\"{&quot;background_background&quot;:&quot;classic&quot;}\">\n\t\t\t\t\t<div class=\"e-con-inner\">\n\t\t<div class=\"elementor-element elementor-element-2a3bdc0 e-con-full e-flex e-con e-child\" data-id=\"2a3bdc0\" data-element_type=\"container\" data-e-type=\"container\">\n\t\t\t\t<div class=\"elementor-element elementor-element-1b08b2f elementor-widget elementor-widget-heading\" data-id=\"1b08b2f\" data-element_type=\"widget\" data-e-type=\"widget\" data-widget_type=\"heading.default\">\n\t\t\t\t\t<span class=\"elementor-heading-title elementor-size-default\">The Details<\/span>\t\t\t\t<\/div>\n\t\t\t\t<div class=\"elementor-element elementor-element-ec844f6 elementor-widget elementor-widget-ucaddon_product_bullets\" data-id=\"ec844f6\" data-element_type=\"widget\" data-e-type=\"widget\" data-widget_type=\"ucaddon_product_bullets.default\">\n\t\t\t\t<div class=\"elementor-widget-container\">\n\t\t\t\t\t<!-- start Product Bullets -->\n\t\t<link id='font-awesome-css' href='https:\/\/copenhagenbath.com\/wp-content\/plugins\/unlimited-elements-for-elementor-premium_old\/assets_libraries\/font-awesome5\/css\/fontawesome-all.min.css' type='text\/css' rel='stylesheet' >\n\t\t<link id='font-awesome-4-shim-css' href='https:\/\/copenhagenbath.com\/wp-content\/plugins\/unlimited-elements-for-elementor-premium_old\/assets_libraries\/font-awesome5\/css\/fontawesome-v4-shims.css' type='text\/css' rel='stylesheet' >\n\n\t\t\t<style type=\"text\/css\">\/* widget: Product Bullets *\/\n\n\n\n#uc_product_bullets_elementor_ec844f6 div.ue-bullet\n{\n  display:block;\n  flex-shrink:0;\n  flex-grow:0;\n}\n\n#uc_product_bullets_elementor_ec844f6 .ue_item_pbullet{\n  display: flex;\n}\n\n#uc_product_bullets_elementor_ec844f6 .ue_pbullet_graphicel{\n  display: flex;\n  flex-shrink: 0;\n  align-items: center;\n  justify-content: center;\n  overflow: hidden;\n}\n#uc_product_bullets_elementor_ec844f6 .ue_pbullet_graphicel span{\n  text-align: center;\n}\n#uc_product_bullets_elementor_ec844f6 .ue_pbullet_graphicel svg{\n  width:1em;\n  height:1em;\n}\n#uc_product_bullets_elementor_ec844f6 .ue_content_wrapper{\n  flex: auto;\n}\n\n#uc_product_bullets_elementor_ec844f6 .ue_title\n{\n  flex-shrink:0;\n  flex-grow:0;\n}\n\n#uc_product_bullets_elementor_ec844f6 .ue_title_wrapper\n{\n  display:flex;\n  align-items:center;\n}\n\n\n#uc_product_bullets_elementor_ec844f6 .ue-line\n{\n  flex-grow: 1;\n  margin:0px 10px;\n  width:100%;\n  \n}\n\n<\/style>\n\n\t\t\t<div id=\"uc_product_bullets_elementor_ec844f6\" class=\"ue_product_bullets uc-items-wrapper\"  >\n<div class=\"ue_item_pbullet elementor-repeater-item-0120690\">\n    <div class=\"ue_content_wrapper\">\n    <div class=\"ue_title_wrapper\">\n     <span class=\"ue_title\">CASE<\/span>\n      <div class=\"ue-line\"><\/div>\n      <div class=\"ue-bullet\"><\/div>\n    <\/div>\n    <p class=\"ue-text\">Karlatornet penthouselejligheder p\u00e5 etagerne 70-73.<\/p>\n  <\/div>\n<\/div>\n<div class=\"ue_item_pbullet elementor-repeater-item-87b9e4f\">\n    <div class=\"ue_content_wrapper\">\n    <div class=\"ue_title_wrapper\">\n     <span class=\"ue_title\">LOCATION<\/span>\n      <div class=\"ue-line\"><\/div>\n      <div class=\"ue-bullet\"><\/div>\n    <\/div>\n    <p class=\"ue-text\">Lindholmen, G\u00f6teborg, Sverige.<\/p>\n  <\/div>\n<\/div>\n<div class=\"ue_item_pbullet elementor-repeater-item-0eec7d7\">\n    <div class=\"ue_content_wrapper\">\n    <div class=\"ue_title_wrapper\">\n     <span class=\"ue_title\">PRODUCTS<\/span>\n      <div class=\"ue-line\"><\/div>\n      <div class=\"ue-bullet\"><\/div>\n    <\/div>\n    <p class=\"ue-text\">SQ1 ovale designerbadekar i 100% mat hvid Acovi\u00ae Solid Surface.<\/p>\n  <\/div>\n<\/div>\n\n<\/div>\n\t\t\t<!-- end Product Bullets -->\t\t\t\t<\/div>\n\t\t\t\t<\/div>\n\t\t\t\t<\/div>\n\t\t<div class=\"elementor-element elementor-element-5e39116 e-con-full e-flex e-con e-child\" data-id=\"5e39116\" data-element_type=\"container\" data-e-type=\"container\">\n\t\t\t\t<div class=\"elementor-element elementor-element-fed7de6 animated-slow elementor-widget__width-inherit elementor-widget-tablet__width-inherit fullwidthimage elementor-invisible elementor-widget elementor-widget-image\" data-id=\"fed7de6\" data-element_type=\"widget\" data-e-type=\"widget\" data-settings=\"{&quot;_animation&quot;:&quot;fadeIn&quot;,&quot;_animation_delay&quot;:0,&quot;motion_fx_motion_fx_scrolling&quot;:&quot;yes&quot;,&quot;motion_fx_devices&quot;:[&quot;desktop&quot;,&quot;tablet&quot;,&quot;mobile&quot;]}\" data-widget_type=\"image.default\">\n\t\t\t\t\t\t\t\t\t\t\t\t\t\t\t<img decoding=\"async\" width=\"1536\" height=\"868\" src=\"https:\/\/copenhagenbath.com\/wp-content\/uploads\/2025\/03\/KDkarlatornet_240125_DJI_0469_jpg-1729586158-scaled-1-1536x868.jpg\" class=\"attachment-1536x1536 size-1536x1536 wp-image-24706\" alt=\"\" srcset=\"https:\/\/copenhagenbath.com\/wp-content\/uploads\/2025\/03\/KDkarlatornet_240125_DJI_0469_jpg-1729586158-scaled-1-1536x868.jpg 1536w, https:\/\/copenhagenbath.com\/wp-content\/uploads\/2025\/03\/KDkarlatornet_240125_DJI_0469_jpg-1729586158-scaled-1-300x169.jpg 300w, https:\/\/copenhagenbath.com\/wp-content\/uploads\/2025\/03\/KDkarlatornet_240125_DJI_0469_jpg-1729586158-scaled-1-1024x578.jpg 1024w, https:\/\/copenhagenbath.com\/wp-content\/uploads\/2025\/03\/KDkarlatornet_240125_DJI_0469_jpg-1729586158-scaled-1-768x434.jpg 768w, https:\/\/copenhagenbath.com\/wp-content\/uploads\/2025\/03\/KDkarlatornet_240125_DJI_0469_jpg-1729586158-scaled-1-2048x1157.jpg 2048w, https:\/\/copenhagenbath.com\/wp-content\/uploads\/2025\/03\/KDkarlatornet_240125_DJI_0469_jpg-1729586158-scaled-1-600x339.jpg 600w\" sizes=\"(max-width: 1536px) 100vw, 1536px\" \/>\t\t\t\t\t\t\t\t\t\t\t\t\t\t\t<\/div>\n\t\t\t\t<\/div>\n\t\t\t\t\t<\/div>\n\t\t\t\t<\/div>\n\t\t<div class=\"elementor-element elementor-element-d5f9784 e-flex e-con-boxed e-con e-parent\" data-id=\"d5f9784\" data-element_type=\"container\" data-e-type=\"container\" data-settings=\"{&quot;background_background&quot;:&quot;classic&quot;}\">\n\t\t\t\t\t<div class=\"e-con-inner\">\n\t\t<div class=\"elementor-element elementor-element-26bd59e e-con-full e-flex e-con e-child\" data-id=\"26bd59e\" data-element_type=\"container\" data-e-type=\"container\">\n\t\t\t\t<div class=\"elementor-element elementor-element-71de2bb elementor-widget__width-inherit elementor-widget-tablet__width-initial fullwidthimage elementor-invisible elementor-widget elementor-widget-image\" data-id=\"71de2bb\" data-element_type=\"widget\" data-e-type=\"widget\" data-settings=\"{&quot;motion_fx_motion_fx_scrolling&quot;:&quot;yes&quot;,&quot;_animation&quot;:&quot;fadeIn&quot;,&quot;motion_fx_devices&quot;:[&quot;desktop&quot;,&quot;tablet&quot;,&quot;mobile&quot;]}\" data-widget_type=\"image.default\">\n\t\t\t\t\t\t\t\t\t\t\t\t\t\t\t<img decoding=\"async\" width=\"819\" height=\"1024\" src=\"https:\/\/copenhagenbath.com\/wp-content\/uploads\/2024\/08\/Vieser_reference_Karlatornet_1350x1080_5-819x1024-1.jpg\" class=\"attachment-2048x2048 size-2048x2048 wp-image-3003\" alt=\"\" srcset=\"https:\/\/copenhagenbath.com\/wp-content\/uploads\/2024\/08\/Vieser_reference_Karlatornet_1350x1080_5-819x1024-1.jpg 819w, https:\/\/copenhagenbath.com\/wp-content\/uploads\/2024\/08\/Vieser_reference_Karlatornet_1350x1080_5-819x1024-1-240x300.jpg 240w, https:\/\/copenhagenbath.com\/wp-content\/uploads\/2024\/08\/Vieser_reference_Karlatornet_1350x1080_5-819x1024-1-768x960.jpg 768w, https:\/\/copenhagenbath.com\/wp-content\/uploads\/2024\/08\/Vieser_reference_Karlatornet_1350x1080_5-819x1024-1-600x750.jpg 600w\" sizes=\"(max-width: 819px) 100vw, 819px\" \/>\t\t\t\t\t\t\t\t\t\t\t\t\t\t\t<\/div>\n\t\t\t\t<\/div>\n\t\t<div class=\"elementor-element elementor-element-3c3c169 e-con-full e-flex e-con e-child\" data-id=\"3c3c169\" data-element_type=\"container\" data-e-type=\"container\" data-settings=\"{&quot;background_background&quot;:&quot;classic&quot;}\">\n\t\t\t\t<div class=\"elementor-element elementor-element-f3e679b elementor-widget__width-initial elementor-widget elementor-widget-heading\" data-id=\"f3e679b\" data-element_type=\"widget\" data-e-type=\"widget\" data-widget_type=\"heading.default\">\n\t\t\t\t\t<h3 class=\"elementor-heading-title elementor-size-default\">Moderne luksus kombineret med funktionalitet og b\u00e6redygtighed<\/h3>\t\t\t\t<\/div>\n\t\t\t\t<div class=\"elementor-element elementor-element-625f5bf elementor-widget__width-initial elementor-widget elementor-widget-text-editor\" data-id=\"625f5bf\" data-element_type=\"widget\" data-e-type=\"widget\" data-widget_type=\"text-editor.default\">\n\t\t\t\t\t\t\t\t\t<p>Indretningen af Karlatornet i G\u00f6teborg afspejler en filosofi om moderne luksus kombineret med funktionalitet og b\u00e6redygtighed. Designet l\u00e6gger v\u00e6gt p\u00e5 naturligt lys, rene linjer og \u00e5bne rum og skaber en fredelig atmosf\u00e6re midt i bymilj\u00f8et. B\u00e6redygtighed er centralt med energieffektive systemer og milj\u00f8venlige materialer integreret overalt.<\/p><p>Hvert rum er omhyggeligt designet for at tilbyde komfort og sofistikering med materialer og overflader i h\u00f8j kvalitet, der afspejler den skandinaviske minimalisme, som Copenhagen Bath er kendt for og det oplagte valg for designeren.<\/p><p>Filosofien bag indretningen er at skabe en f\u00f8lelse af f\u00e6llesskab, samtidig med at beboerne f\u00e5r privatliv og ro, s\u00e5 de f\u00e5r en harmonisk blanding af byliv og personlig tilbagetr\u00e6kning.<\/p>\t\t\t\t\t\t\t\t<\/div>\n\t\t\t\t<\/div>\n\t\t\t\t\t<\/div>\n\t\t\t\t<\/div>\n\t\t<div class=\"elementor-element elementor-element-d646703 e-flex e-con-boxed e-con e-parent\" data-id=\"d646703\" data-element_type=\"container\" data-e-type=\"container\">\n\t\t\t\t\t<div class=\"e-con-inner\">\n\t\t\t\t<div class=\"elementor-element elementor-element-770b565 elementor-hidden-desktop elementor-hidden-tablet elementor-widget__width-inherit fullwidthimage elementor-invisible elementor-widget elementor-widget-image\" data-id=\"770b565\" data-element_type=\"widget\" data-e-type=\"widget\" data-settings=\"{&quot;motion_fx_motion_fx_scrolling&quot;:&quot;yes&quot;,&quot;_animation&quot;:&quot;fadeIn&quot;,&quot;motion_fx_devices&quot;:[&quot;desktop&quot;,&quot;tablet&quot;,&quot;mobile&quot;]}\" data-widget_type=\"image.default\">\n\t\t\t\t\t\t\t\t\t\t\t\t\t\t\t<img decoding=\"async\" width=\"819\" height=\"1024\" src=\"https:\/\/copenhagenbath.com\/wp-content\/uploads\/2024\/08\/Vieser_reference_Karlatornet_1350x1080_3-819x1024-1.jpg\" class=\"attachment-1536x1536 size-1536x1536 wp-image-3004\" alt=\"\" srcset=\"https:\/\/copenhagenbath.com\/wp-content\/uploads\/2024\/08\/Vieser_reference_Karlatornet_1350x1080_3-819x1024-1.jpg 819w, https:\/\/copenhagenbath.com\/wp-content\/uploads\/2024\/08\/Vieser_reference_Karlatornet_1350x1080_3-819x1024-1-240x300.jpg 240w, https:\/\/copenhagenbath.com\/wp-content\/uploads\/2024\/08\/Vieser_reference_Karlatornet_1350x1080_3-819x1024-1-768x960.jpg 768w, https:\/\/copenhagenbath.com\/wp-content\/uploads\/2024\/08\/Vieser_reference_Karlatornet_1350x1080_3-819x1024-1-600x750.jpg 600w\" sizes=\"(max-width: 819px) 100vw, 819px\" \/>\t\t\t\t\t\t\t\t\t\t\t\t\t\t\t<\/div>\n\t\t\t\t\t<\/div>\n\t\t\t\t<\/div>\n\t\t<div class=\"elementor-element elementor-element-ade99ed e-flex e-con-boxed e-con e-parent\" data-id=\"ade99ed\" data-element_type=\"container\" data-e-type=\"container\" data-settings=\"{&quot;background_background&quot;:&quot;classic&quot;}\">\n\t\t\t\t\t<div class=\"e-con-inner\">\n\t\t<div class=\"elementor-element elementor-element-5937171 e-con-full e-flex e-con e-child\" data-id=\"5937171\" data-element_type=\"container\" data-e-type=\"container\" data-settings=\"{&quot;background_background&quot;:&quot;classic&quot;}\">\n\t\t\t\t<div class=\"elementor-element elementor-element-fae2a1f elementor-widget__width-initial elementor-widget elementor-widget-heading\" data-id=\"fae2a1f\" data-element_type=\"widget\" data-e-type=\"widget\" data-widget_type=\"heading.default\">\n\t\t\t\t\t<h4 class=\"elementor-heading-title elementor-size-default\">Den h\u00f8jeste bygning i Norden<\/h4>\t\t\t\t<\/div>\n\t\t\t\t<div class=\"elementor-element elementor-element-0e1378e elementor-widget__width-initial elementor-widget elementor-widget-text-editor\" data-id=\"0e1378e\" data-element_type=\"widget\" data-e-type=\"widget\" data-widget_type=\"text-editor.default\">\n\t\t\t\t\t\t\t\t\tKarlatornet, som bliver det h\u00f8jeste bygning i Norden, er et markant arkitektonisk symbol i G\u00f6teborg. Dets design kombinerer modernitet med b\u00e6redygtighed med det form\u00e5l at forme byens skyline p\u00e5 ny og samtidig fremme byudviklingen.\t\t\t\t\t\t\t\t<\/div>\n\t\t\t\t<\/div>\n\t\t<div class=\"elementor-element elementor-element-0b0662a e-con-full e-flex e-con e-child\" data-id=\"0b0662a\" data-element_type=\"container\" data-e-type=\"container\">\n\t\t\t\t<div class=\"elementor-element elementor-element-7b18957 elementor-widget__width-inherit elementor-widget-tablet__width-initial fullwidthimage elementor-invisible elementor-widget elementor-widget-image\" data-id=\"7b18957\" data-element_type=\"widget\" data-e-type=\"widget\" data-settings=\"{&quot;motion_fx_motion_fx_scrolling&quot;:&quot;yes&quot;,&quot;_animation&quot;:&quot;fadeIn&quot;,&quot;motion_fx_devices&quot;:[&quot;desktop&quot;,&quot;tablet&quot;,&quot;mobile&quot;]}\" data-widget_type=\"image.default\">\n\t\t\t\t\t\t\t\t\t\t\t\t\t\t\t<img decoding=\"async\" width=\"1024\" height=\"512\" src=\"https:\/\/copenhagenbath.com\/wp-content\/uploads\/2024\/08\/Vieser_reference_Karlatornet_1200x600_4-1024x512-1.jpg\" class=\"attachment-1536x1536 size-1536x1536 wp-image-3005\" alt=\"\" srcset=\"https:\/\/copenhagenbath.com\/wp-content\/uploads\/2024\/08\/Vieser_reference_Karlatornet_1200x600_4-1024x512-1.jpg 1024w, https:\/\/copenhagenbath.com\/wp-content\/uploads\/2024\/08\/Vieser_reference_Karlatornet_1200x600_4-1024x512-1-300x150.jpg 300w, https:\/\/copenhagenbath.com\/wp-content\/uploads\/2024\/08\/Vieser_reference_Karlatornet_1200x600_4-1024x512-1-768x384.jpg 768w, https:\/\/copenhagenbath.com\/wp-content\/uploads\/2024\/08\/Vieser_reference_Karlatornet_1200x600_4-1024x512-1-600x300.jpg 600w\" sizes=\"(max-width: 1024px) 100vw, 1024px\" \/>\t\t\t\t\t\t\t\t\t\t\t\t\t\t\t<\/div>\n\t\t\t\t<\/div>\n\t\t\t\t\t<\/div>\n\t\t\t\t<\/div>\n\t\t<div class=\"elementor-element elementor-element-26c662f e-flex e-con-boxed e-con e-parent\" data-id=\"26c662f\" data-element_type=\"container\" data-e-type=\"container\" data-settings=\"{&quot;background_background&quot;:&quot;classic&quot;}\">\n\t\t\t\t\t<div class=\"e-con-inner\">\n\t\t\t\t<div class=\"elementor-element elementor-element-83750c7 elementor-align-center elementor-tablet-align-center elementor-widget elementor-widget-button\" data-id=\"83750c7\" data-element_type=\"widget\" data-e-type=\"widget\" data-widget_type=\"button.default\">\n\t\t\t\t\t\t\t\t\t\t<a class=\"elementor-button elementor-button-link elementor-size-sm\" href=\"https:\/\/copenhagenbath.com\/da\/?page_id=27570\" back=\"\">\n\t\t\t\t\t\t<span class=\"elementor-button-content-wrapper\">\n\t\t\t\t\t\t\t\t\t<span class=\"elementor-button-text\">Tilbage til Cases<\/span>\n\t\t\t\t\t<\/span>\n\t\t\t\t\t<\/a>\n\t\t\t\t\t\t\t\t<\/div>\n\t\t\t\t\t<\/div>\n\t\t\t\t<\/div>\n\t\t\t\t<\/div>","protected":false},"excerpt":{"rendered":"<p>Karlatornet Bathrooms \u2013 designed with Copenhagen Bath Penthouse apartments at Karlatornet Copenhagen Bath collaborated with housing company Karlatornet to bring Copenhagen elegance to the exclusive penthouse apartments in Gothenburg. Their sleek, high-quality bathroom designs seamlessly complement the luxurious marble and travertine finishes. Thoughtfully crafted details enhance the spa-like experience, offering residents both style and functionality [&hellip;]<\/p>","protected":false},"author":4,"featured_media":0,"parent":0,"menu_order":0,"comment_status":"closed","ping_status":"closed","template":"","meta":{"footnotes":""},"class_list":["post-8336","page","type-page","status-publish","hentry"],"_links":{"self":[{"href":"https:\/\/copenhagenbath.com\/da\/wp-json\/wp\/v2\/pages\/8336","targetHints":{"allow":["GET"]}}],"collection":[{"href":"https:\/\/copenhagenbath.com\/da\/wp-json\/wp\/v2\/pages"}],"about":[{"href":"https:\/\/copenhagenbath.com\/da\/wp-json\/wp\/v2\/types\/page"}],"author":[{"embeddable":true,"href":"https:\/\/copenhagenbath.com\/da\/wp-json\/wp\/v2\/users\/4"}],"replies":[{"embeddable":true,"href":"https:\/\/copenhagenbath.com\/da\/wp-json\/wp\/v2\/comments?post=8336"}],"version-history":[{"count":171,"href":"https:\/\/copenhagenbath.com\/da\/wp-json\/wp\/v2\/pages\/8336\/revisions"}],"predecessor-version":[{"id":36239,"href":"https:\/\/copenhagenbath.com\/da\/wp-json\/wp\/v2\/pages\/8336\/revisions\/36239"}],"wp:attachment":[{"href":"https:\/\/copenhagenbath.com\/da\/wp-json\/wp\/v2\/media?parent=8336"}],"curies":[{"name":"wp","href":"https:\/\/api.w.org\/{rel}","templated":true}]}}