{"id":25485,"date":"2025-03-22T09:44:47","date_gmt":"2025-03-22T09:44:47","guid":{"rendered":"https:\/\/wp.copenhagenbath.com\/?page_id=25485"},"modified":"2025-07-25T14:46:41","modified_gmt":"2025-07-25T14:46:41","slug":"bergen-kollektion","status":"publish","type":"page","link":"https:\/\/copenhagenbath.com\/de\/bergen-kollektion\/","title":{"rendered":"Bergen Collection"},"content":{"rendered":"<div data-elementor-type=\"wp-page\" data-elementor-id=\"25485\" class=\"elementor elementor-25485\" data-elementor-post-type=\"page\">\n\t\t\t\t<div class=\"elementor-element elementor-element-591bb16 e-con-full e-flex e-con e-parent\" data-id=\"591bb16\" data-element_type=\"container\" data-e-type=\"container\">\n\t\t\t\t<div class=\"elementor-element elementor-element-756c78b elementor--h-position-left elementor--v-position-bottom imagebottom elementor-pagination-position-inside elementor-widget elementor-widget-slides\" data-id=\"756c78b\" data-element_type=\"widget\" data-e-type=\"widget\" data-settings=\"{&quot;navigation&quot;:&quot;dots&quot;,&quot;transition&quot;:&quot;fade&quot;,&quot;autoplay&quot;:&quot;yes&quot;,&quot;pause_on_hover&quot;:&quot;yes&quot;,&quot;pause_on_interaction&quot;:&quot;yes&quot;,&quot;autoplay_speed&quot;:5000,&quot;infinite&quot;:&quot;yes&quot;,&quot;transition_speed&quot;:500}\" data-widget_type=\"slides.default\">\n\t\t\t\t\t\t\t\t\t\t<div class=\"elementor-slides-wrapper elementor-main-swiper swiper\" role=\"region\" aria-roledescription=\"carousel\" aria-label=\"Folien\" dir=\"ltr\" data-animation=\"\">\n\t\t\t\t<div class=\"swiper-wrapper elementor-slides\">\n\t\t\t\t\t\t\t\t\t\t<div class=\"elementor-repeater-item-fa930be swiper-slide\" role=\"group\" aria-roledescription=\"slide\"><div class=\"swiper-slide-bg elementor-ken-burns elementor-ken-burns--in\" role=\"img\"><\/div><div class=\"swiper-slide-inner\" ><div class=\"swiper-slide-contents\"><h1 class=\"elementor-slide-heading\">Bergen Collection<\/h1><\/div><\/div><\/div>\t\t\t\t<\/div>\n\t\t\t\t\t\t\t<\/div>\n\t\t\t\t\t\t\t\t<\/div>\n\t\t\t\t<\/div>\n\t\t<div class=\"elementor-element elementor-element-33810d5 e-con-full e-flex e-con e-parent\" data-id=\"33810d5\" data-element_type=\"container\" data-e-type=\"container\" data-settings=\"{&quot;background_background&quot;:&quot;classic&quot;}\">\n\t\t<div class=\"elementor-element elementor-element-d7b7bfe e-con-full e-flex e-con e-child\" data-id=\"d7b7bfe\" data-element_type=\"container\" data-e-type=\"container\">\n\t\t\t\t<div class=\"elementor-element elementor-element-786b4be elementor-widget elementor-widget-heading\" data-id=\"786b4be\" data-element_type=\"widget\" data-e-type=\"widget\" data-widget_type=\"heading.default\">\n\t\t\t\t\t<h2 class=\"elementor-heading-title elementor-size-default\">Handgefertigt aus feinster europ\u00e4ischer Eiche<\/h2>\t\t\t\t<\/div>\n\t\t\t\t<div class=\"elementor-element elementor-element-992316f elementor-widget elementor-widget-text-editor\" data-id=\"992316f\" data-element_type=\"widget\" data-e-type=\"widget\" data-widget_type=\"text-editor.default\">\n\t\t\t\t\t\t\t\t\t<p>Die Bergen-Kollektion von Copenhagen Bath wird individuell von Hand gefertigt und ist ein sch\u00f6nes Beispiel f\u00fcr zeitloses Design und die Best\u00e4ndigkeit nat\u00fcrlicher Materialien. Jedes Element wird sorgf\u00e4ltig aus feinster europ\u00e4ischer Eiche hergestellt.\n\nDie Materialwahl unterstreicht nicht nur das Engagement der Kollektion f\u00fcr Nachhaltigkeit und authentischen Luxus, sondern w\u00fcrdigt zugleich das handwerkliche Erbe, das Copenhagen Bath auszeichnet.<\/p><p>Ein charakteristisches Merkmal der Bergen Collection ist die feine 3 mm starke Kante, die sowohl die Schubladen, den Schrank als auch die Arbeitsplatte einrahmt.<\/p><p>Diese subtile, aber wirkungsvolle Designentscheidung l\u00e4sst jedes St\u00fcck leichter und raffinierter erscheinen. Es ist eine sanfte Anspielung auf die minimalistische \u00c4sthetik, bei der weniger wirklich mehr ist und jede Linie einen Zweck erf\u00fcllt.<\/p>\t\t\t\t\t\t\t\t<\/div>\n\t\t\t\t<div class=\"elementor-element elementor-element-11bdb03 elementor-align-center elementor-widget elementor-widget-button\" data-id=\"11bdb03\" data-element_type=\"widget\" data-e-type=\"widget\" data-widget_type=\"button.default\">\n\t\t\t\t\t\t\t\t\t\t<a class=\"elementor-button elementor-button-link elementor-size-sm\" href=\"https:\/\/shop.copenhagenbath.com\/products\/cabinets\/bergen\" target=\"_blank\">\n\t\t\t\t\t\t<span class=\"elementor-button-content-wrapper\">\n\t\t\t\t\t\t\t\t\t<span class=\"elementor-button-text\">Hier einkaufen<\/span>\n\t\t\t\t\t<\/span>\n\t\t\t\t\t<\/a>\n\t\t\t\t\t\t\t\t<\/div>\n\t\t\t\t<div class=\"elementor-element elementor-element-00a63a4 elementor-widget__width-initial imagefullwidth elementor-hidden-mobile elementor-widget elementor-widget-image\" data-id=\"00a63a4\" data-element_type=\"widget\" data-e-type=\"widget\" data-widget_type=\"image.default\">\n\t\t\t\t\t\t\t\t\t\t\t\t\t\t\t\t<a href=\"https:\/\/shop.copenhagenbath.com\/products\/cabinets\/bergen\">\n\t\t\t\t\t\t\t<img decoding=\"async\" width=\"1536\" height=\"922\" src=\"https:\/\/copenhagenbath.com\/wp-content\/uploads\/2025\/03\/545104_View_01_Round_V01-1536x922.png\" class=\"attachment-1536x1536 size-1536x1536 wp-image-25501\" alt=\"Handgefertigter Bergen Badezimmerschrank mit rundem Waschbecken Acovi\u00ae Waschbecken aus Mineralwerkstoff von Copenhagen Bath.\" srcset=\"https:\/\/copenhagenbath.com\/wp-content\/uploads\/2025\/03\/545104_View_01_Round_V01-1536x922.png 1536w, https:\/\/copenhagenbath.com\/wp-content\/uploads\/2025\/03\/545104_View_01_Round_V01-300x180.png 300w, https:\/\/copenhagenbath.com\/wp-content\/uploads\/2025\/03\/545104_View_01_Round_V01-1024x614.png 1024w, https:\/\/copenhagenbath.com\/wp-content\/uploads\/2025\/03\/545104_View_01_Round_V01-768x461.png 768w, https:\/\/copenhagenbath.com\/wp-content\/uploads\/2025\/03\/545104_View_01_Round_V01-600x360.png 600w, https:\/\/copenhagenbath.com\/wp-content\/uploads\/2025\/03\/545104_View_01_Round_V01.png 2000w\" sizes=\"(max-width: 1536px) 100vw, 1536px\" \/>\t\t\t\t\t\t\t\t<\/a>\n\t\t\t\t\t\t\t\t\t\t\t\t\t\t\t<\/div>\n\t\t\t\t<\/div>\n\t\t<div class=\"elementor-element elementor-element-ac08b8b e-con-full e-flex e-con e-child\" data-id=\"ac08b8b\" data-element_type=\"container\" data-e-type=\"container\">\n\t\t\t\t<div class=\"elementor-element elementor-element-201c3a7 elementor--h-position-left elementor--v-position-bottom elementor-arrows-position-inside elementor-widget elementor-widget-slides\" data-id=\"201c3a7\" data-element_type=\"widget\" data-e-type=\"widget\" data-settings=\"{&quot;navigation&quot;:&quot;arrows&quot;,&quot;autoplay_speed&quot;:8007,&quot;autoplay&quot;:&quot;yes&quot;,&quot;pause_on_hover&quot;:&quot;yes&quot;,&quot;pause_on_interaction&quot;:&quot;yes&quot;,&quot;infinite&quot;:&quot;yes&quot;,&quot;transition&quot;:&quot;slide&quot;,&quot;transition_speed&quot;:500}\" data-widget_type=\"slides.default\">\n\t\t\t\t\t\t\t\t\t\t<div class=\"elementor-slides-wrapper elementor-main-swiper swiper\" role=\"region\" aria-roledescription=\"carousel\" aria-label=\"Folien\" dir=\"ltr\" data-animation=\"\">\n\t\t\t\t<div class=\"swiper-wrapper elementor-slides\">\n\t\t\t\t\t\t\t\t\t\t<div class=\"elementor-repeater-item-bbd0a50 swiper-slide\" role=\"group\" aria-roledescription=\"slide\"><div class=\"swiper-slide-bg\" role=\"img\"><\/div><a class=\"swiper-slide-inner\" href=\"https:\/\/shop.copenhagenbath.com\/products\/cabinets\/bergen\"><div class=\"swiper-slide-contents\"><\/div><\/a><\/div>\t\t\t\t<\/div>\n\t\t\t\t\t\t\t<\/div>\n\t\t\t\t\t\t\t\t<\/div>\n\t\t\t\t<\/div>\n\t\t\t\t<\/div>\n\t\t<div class=\"elementor-element elementor-element-153555d e-con-full e-flex e-con e-parent\" data-id=\"153555d\" data-element_type=\"container\" data-e-type=\"container\" data-settings=\"{&quot;background_background&quot;:&quot;classic&quot;}\">\n\t\t<div class=\"elementor-element elementor-element-5b27ee0 e-con-full e-flex e-con e-child\" data-id=\"5b27ee0\" data-element_type=\"container\" data-e-type=\"container\">\n\t\t\t\t<div class=\"elementor-element elementor-element-8e3564d elementor--h-position-left elementor--v-position-bottom elementor-arrows-position-inside elementor-widget elementor-widget-slides\" data-id=\"8e3564d\" data-element_type=\"widget\" data-e-type=\"widget\" data-settings=\"{&quot;navigation&quot;:&quot;arrows&quot;,&quot;autoplay_speed&quot;:8007,&quot;autoplay&quot;:&quot;yes&quot;,&quot;pause_on_hover&quot;:&quot;yes&quot;,&quot;pause_on_interaction&quot;:&quot;yes&quot;,&quot;infinite&quot;:&quot;yes&quot;,&quot;transition&quot;:&quot;slide&quot;,&quot;transition_speed&quot;:500}\" data-widget_type=\"slides.default\">\n\t\t\t\t\t\t\t\t\t\t<div class=\"elementor-slides-wrapper elementor-main-swiper swiper\" role=\"region\" aria-roledescription=\"carousel\" aria-label=\"Folien\" dir=\"ltr\" data-animation=\"\">\n\t\t\t\t<div class=\"swiper-wrapper elementor-slides\">\n\t\t\t\t\t\t\t\t\t\t<div class=\"elementor-repeater-item-ff4664c swiper-slide\" role=\"group\" aria-roledescription=\"slide\"><div class=\"swiper-slide-bg elementor-ken-burns elementor-ken-burns--in\" role=\"img\"><\/div><a class=\"swiper-slide-inner\" href=\"https:\/\/shop.copenhagenbath.com\/products\/cabinets\/bergen\"><div class=\"swiper-slide-contents\"><\/div><\/a><\/div><div class=\"elementor-repeater-item-bbd0a50 swiper-slide\" role=\"group\" aria-roledescription=\"slide\"><div class=\"swiper-slide-bg elementor-ken-burns elementor-ken-burns--in\" role=\"img\"><\/div><a class=\"swiper-slide-inner\" href=\"https:\/\/shop.copenhagenbath.com\/products\/cabinets\/bergen\"><div class=\"swiper-slide-contents\"><\/div><\/a><\/div><div class=\"elementor-repeater-item-02022cb swiper-slide\" role=\"group\" aria-roledescription=\"slide\"><div class=\"swiper-slide-bg elementor-ken-burns elementor-ken-burns--in\" role=\"img\"><\/div><a class=\"swiper-slide-inner\" href=\"https:\/\/shop.copenhagenbath.com\/products\/cabinets\/bergen\"><div class=\"swiper-slide-contents\"><\/div><\/a><\/div>\t\t\t\t<\/div>\n\t\t\t\t\t\t\t\t\t\t\t\t\t\t\t<div class=\"elementor-swiper-button elementor-swiper-button-prev\" role=\"button\" tabindex=\"0\" aria-label=\"Vorige dia\" data-no-translation-aria-label=\"\">\n\t\t\t\t\t\t\t<svg aria-hidden=\"true\" class=\"e-font-icon-svg e-eicon-chevron-left\" viewbox=\"0 0 1000 1000\" xmlns=\"http:\/\/www.w3.org\/2000\/svg\"><path d=\"M646 125C629 125 613 133 604 142L308 442C296 454 292 471 292 487 292 504 296 521 308 533L604 854C617 867 629 875 646 875 663 875 679 871 692 858 704 846 713 829 713 812 713 796 708 779 692 767L438 487 692 225C700 217 708 204 708 187 708 171 704 154 692 142 675 129 663 125 646 125Z\"><\/path><\/svg>\t\t\t\t\t\t<\/div>\n\t\t\t\t\t\t<div class=\"elementor-swiper-button elementor-swiper-button-next\" role=\"button\" tabindex=\"0\" aria-label=\"Volgende dia\" data-no-translation-aria-label=\"\">\n\t\t\t\t\t\t\t<svg aria-hidden=\"true\" class=\"e-font-icon-svg e-eicon-chevron-right\" viewbox=\"0 0 1000 1000\" xmlns=\"http:\/\/www.w3.org\/2000\/svg\"><path d=\"M696 533C708 521 713 504 713 487 713 471 708 454 696 446L400 146C388 133 375 125 354 125 338 125 325 129 313 142 300 154 292 171 292 187 292 204 296 221 308 233L563 492 304 771C292 783 288 800 288 817 288 833 296 850 308 863 321 871 338 875 354 875 371 875 388 867 400 854L696 533Z\"><\/path><\/svg>\t\t\t\t\t\t<\/div>\n\t\t\t\t\t\t\t\t\t\t\t\t\t\t\t\t\t<\/div>\n\t\t\t\t\t\t\t\t<\/div>\n\t\t\t\t<\/div>\n\t\t<div class=\"elementor-element elementor-element-7ed1d93 e-con-full e-flex e-con e-child\" data-id=\"7ed1d93\" data-element_type=\"container\" data-e-type=\"container\">\n\t\t\t\t<div class=\"elementor-element elementor-element-7725cf8 elementor-widget elementor-widget-heading\" data-id=\"7725cf8\" data-element_type=\"widget\" data-e-type=\"widget\" data-widget_type=\"heading.default\">\n\t\t\t\t\t<h3 class=\"elementor-heading-title elementor-size-default\">Die integrierte Beleuchtung in den Schubladen<\/h3>\t\t\t\t<\/div>\n\t\t\t\t<div class=\"elementor-element elementor-element-9d20d28 elementor-widget elementor-widget-text-editor\" data-id=\"9d20d28\" data-element_type=\"widget\" data-e-type=\"widget\" data-widget_type=\"text-editor.default\">\n\t\t\t\t\t\t\t\t\t<p>Die eingebauten LED-Leuchten in den Schubladen sind eine durchdachte Erg\u00e4nzung, die moderne Funktionalit\u00e4t und klassisches Design nahtlos miteinander verbindet.<\/p><p>F\u00fcr zus\u00e4tzliche Funktionalit\u00e4t ist eine optionale interne Make-up-Schublade erh\u00e4ltlich, die einen speziellen Platz f\u00fcr die Aufbewahrung von Sch\u00f6nheitsutensilien bietet und leicht zu erreichen ist.<\/p><p>Diese Kollektion ist nicht einfach nur ein M\u00f6belst\u00fcck, sie ist eine Investition in Qualit\u00e4t und ein Fest des Erbes.<\/p>\t\t\t\t\t\t\t\t<\/div>\n\t\t\t\t<div class=\"elementor-element elementor-element-6aebdb4 elementor-align-center elementor-widget elementor-widget-button\" data-id=\"6aebdb4\" data-element_type=\"widget\" data-e-type=\"widget\" data-widget_type=\"button.default\">\n\t\t\t\t\t\t\t\t\t\t<a class=\"elementor-button elementor-button-link elementor-size-sm\" href=\"https:\/\/shop.copenhagenbath.com\/products\/cabinets\/bergen\" target=\"_blank\">\n\t\t\t\t\t\t<span class=\"elementor-button-content-wrapper\">\n\t\t\t\t\t\t\t\t\t<span class=\"elementor-button-text\">Hier einkaufen<\/span>\n\t\t\t\t\t<\/span>\n\t\t\t\t\t<\/a>\n\t\t\t\t\t\t\t\t<\/div>\n\t\t\t\t<\/div>\n\t\t\t\t<\/div>\n\t\t<div class=\"elementor-element elementor-element-c153264 e-con-full e-flex e-con e-parent\" data-id=\"c153264\" data-element_type=\"container\" data-e-type=\"container\" data-settings=\"{&quot;background_background&quot;:&quot;classic&quot;}\">\n\t\t\t\t<div class=\"elementor-element elementor-element-0a7a56d elementor-widget__width-initial elementor-widget elementor-widget-heading\" data-id=\"0a7a56d\" data-element_type=\"widget\" data-e-type=\"widget\" data-widget_type=\"heading.default\">\n\t\t\t\t\t<h4 class=\"elementor-heading-title elementor-size-default\">Bergen ist nicht nur ein M\u00f6belst\u00fcck, es ist eine Investition.<\/h4>\t\t\t\t<\/div>\n\t\t\t\t<div class=\"elementor-element elementor-element-eef41ed elementor-widget__width-initial elementor-widget elementor-widget-text-editor\" data-id=\"eef41ed\" data-element_type=\"widget\" data-e-type=\"widget\" data-widget_type=\"text-editor.default\">\n\t\t\t\t\t\t\t\t\t<p>Die Materialwahl unterstreicht nicht nur das Engagement der Kollektion f\u00fcr nachhaltigen und authentischen Luxus, sondern zelebriert auch das Erbe der Handwerkskunst, das Copenhagen Bath auszeichnet.<\/p>\t\t\t\t\t\t\t\t<\/div>\n\t\t\t\t<div class=\"elementor-element elementor-element-44d4093 elementor-align-center elementor-widget elementor-widget-button\" data-id=\"44d4093\" data-element_type=\"widget\" data-e-type=\"widget\" data-widget_type=\"button.default\">\n\t\t\t\t\t\t\t\t\t\t<a class=\"elementor-button elementor-button-link elementor-size-sm\" href=\"https:\/\/shop.copenhagenbath.com\/products\/cabinets\/bergen\" target=\"_blank\">\n\t\t\t\t\t\t<span class=\"elementor-button-content-wrapper\">\n\t\t\t\t\t\t\t\t\t<span class=\"elementor-button-text\">Hier einkaufen<\/span>\n\t\t\t\t\t<\/span>\n\t\t\t\t\t<\/a>\n\t\t\t\t\t\t\t\t<\/div>\n\t\t\t\t<\/div>\n\t\t<div class=\"elementor-element elementor-element-b09471e e-con-full e-flex e-con e-parent\" data-id=\"b09471e\" data-element_type=\"container\" data-e-type=\"container\">\n\t\t\t\t<div class=\"elementor-element elementor-element-04e6f0c elementor-arrows-position-inside elementor-widget elementor-widget-slides\" data-id=\"04e6f0c\" data-element_type=\"widget\" data-e-type=\"widget\" data-settings=\"{&quot;navigation&quot;:&quot;arrows&quot;,&quot;autoplay&quot;:&quot;yes&quot;,&quot;pause_on_hover&quot;:&quot;yes&quot;,&quot;pause_on_interaction&quot;:&quot;yes&quot;,&quot;autoplay_speed&quot;:5000,&quot;infinite&quot;:&quot;yes&quot;,&quot;transition&quot;:&quot;slide&quot;,&quot;transition_speed&quot;:500}\" data-widget_type=\"slides.default\">\n\t\t\t\t\t\t\t\t\t\t<div class=\"elementor-slides-wrapper elementor-main-swiper swiper\" role=\"region\" aria-roledescription=\"carousel\" aria-label=\"Folien\" dir=\"ltr\" data-animation=\"\">\n\t\t\t\t<div class=\"swiper-wrapper elementor-slides\">\n\t\t\t\t\t\t\t\t\t\t<div class=\"elementor-repeater-item-d9e29e3 swiper-slide\" role=\"group\" aria-roledescription=\"slide\"><div class=\"swiper-slide-bg\" role=\"img\"><\/div><div class=\"swiper-slide-inner\" ><div class=\"swiper-slide-contents\"><h5 class=\"elementor-slide-heading\">Zeitloses handgefertigtes Design<\/h5><p class=\"elementor-slide-description\">Der Bergen-Badschrank, der mit sorgf\u00e4ltiger Handwerkskunst entworfen wurde, ist mehr als nur ein M\u00f6belst\u00fcck - er ist eine Investition in Qualit\u00e4t und eine Feier des Erbes.<\/p><\/div><\/div><\/div><div class=\"elementor-repeater-item-063b408 swiper-slide\" role=\"group\" aria-roledescription=\"slide\"><div class=\"swiper-slide-bg\" role=\"img\"><\/div><div class=\"swiper-slide-inner\" ><div class=\"swiper-slide-contents\"><h5 class=\"elementor-slide-heading\">Zeitloses handgefertigtes Design<\/h5><p class=\"elementor-slide-description\">Bergen Badezimmerschrank - Zeitlose Handwerkskunst mit moderner Innovation<\/p><\/div><\/div><\/div><div class=\"elementor-repeater-item-f6cd320 swiper-slide\" role=\"group\" aria-roledescription=\"slide\"><div class=\"swiper-slide-bg\" role=\"img\"><\/div><div class=\"swiper-slide-inner\" ><div class=\"swiper-slide-contents\"><h5 class=\"elementor-slide-heading\">Zeitloses handgefertigtes Design<\/h5><p class=\"elementor-slide-description\">Bergen Badezimmerschrank - Zeitlose Eleganz trifft auf moderne Innovation<\/p><\/div><\/div><\/div><div class=\"elementor-repeater-item-b093de3 swiper-slide\" role=\"group\" aria-roledescription=\"slide\"><div class=\"swiper-slide-bg\" role=\"img\"><\/div><div class=\"swiper-slide-inner\" ><div class=\"swiper-slide-contents\"><h5 class=\"elementor-slide-heading\">Zeitloses handgefertigtes Design<\/h5><p class=\"elementor-slide-description\">Die Bergen-Kollektion von Copenhagen Bath ist ein individuelles, handgefertigtes Produkt, das von zeitlosem Design und der Widerstandsf\u00e4higkeit nat\u00fcrlicher Materialien zeugt und in sorgf\u00e4ltiger Handarbeit aus europ\u00e4ischer Eiche hergestellt wird.<\/p><\/div><\/div><\/div><div class=\"elementor-repeater-item-db7dce5 swiper-slide\" role=\"group\" aria-roledescription=\"slide\"><div class=\"swiper-slide-bg\" role=\"img\"><\/div><div class=\"swiper-slide-inner\" ><div class=\"swiper-slide-contents\"><h5 class=\"elementor-slide-heading\">Zeitloses handgefertigtes Design<\/h5><p class=\"elementor-slide-description\">Die Bergen-Kollektion von Copenhagen Bath ist ein individuelles, handgefertigtes Produkt, das von zeitlosem Design und der Widerstandsf\u00e4higkeit nat\u00fcrlicher Materialien zeugt und in sorgf\u00e4ltiger Handarbeit aus europ\u00e4ischer Eiche hergestellt wird.<\/p><\/div><\/div><\/div>\t\t\t\t<\/div>\n\t\t\t\t\t\t\t\t\t\t\t\t\t\t\t<div class=\"elementor-swiper-button elementor-swiper-button-prev\" role=\"button\" tabindex=\"0\" aria-label=\"Vorige dia\" data-no-translation-aria-label=\"\">\n\t\t\t\t\t\t\t<svg aria-hidden=\"true\" class=\"e-font-icon-svg e-eicon-chevron-left\" viewbox=\"0 0 1000 1000\" xmlns=\"http:\/\/www.w3.org\/2000\/svg\"><path d=\"M646 125C629 125 613 133 604 142L308 442C296 454 292 471 292 487 292 504 296 521 308 533L604 854C617 867 629 875 646 875 663 875 679 871 692 858 704 846 713 829 713 812 713 796 708 779 692 767L438 487 692 225C700 217 708 204 708 187 708 171 704 154 692 142 675 129 663 125 646 125Z\"><\/path><\/svg>\t\t\t\t\t\t<\/div>\n\t\t\t\t\t\t<div class=\"elementor-swiper-button elementor-swiper-button-next\" role=\"button\" tabindex=\"0\" aria-label=\"Volgende dia\" data-no-translation-aria-label=\"\">\n\t\t\t\t\t\t\t<svg aria-hidden=\"true\" class=\"e-font-icon-svg e-eicon-chevron-right\" viewbox=\"0 0 1000 1000\" xmlns=\"http:\/\/www.w3.org\/2000\/svg\"><path d=\"M696 533C708 521 713 504 713 487 713 471 708 454 696 446L400 146C388 133 375 125 354 125 338 125 325 129 313 142 300 154 292 171 292 187 292 204 296 221 308 233L563 492 304 771C292 783 288 800 288 817 288 833 296 850 308 863 321 871 338 875 354 875 371 875 388 867 400 854L696 533Z\"><\/path><\/svg>\t\t\t\t\t\t<\/div>\n\t\t\t\t\t\t\t\t\t\t\t\t\t\t\t\t\t<\/div>\n\t\t\t\t\t\t\t\t<\/div>\n\t\t\t\t<\/div>\n\t\t<div class=\"elementor-element elementor-element-7bd20ae e-con-full e-flex e-con e-parent\" data-id=\"7bd20ae\" data-element_type=\"container\" data-e-type=\"container\" data-settings=\"{&quot;background_background&quot;:&quot;classic&quot;}\">\n\t\t\t\t<div class=\"elementor-element elementor-element-5ecb1cb elementor-align-left elementor-widget elementor-widget-button\" data-id=\"5ecb1cb\" data-element_type=\"widget\" data-e-type=\"widget\" data-widget_type=\"button.default\">\n\t\t\t\t\t\t\t\t\t\t<a class=\"elementor-button elementor-button-link elementor-size-sm\" href=\"https:\/\/copenhagenbath.com\/de\/?page_id=22962\" back=\"\">\n\t\t\t\t\t\t<span class=\"elementor-button-content-wrapper\">\n\t\t\t\t\t\t\t\t\t<span class=\"elementor-button-text\">Zur\u00fcck zu Kollektionen<\/span>\n\t\t\t\t\t<\/span>\n\t\t\t\t\t<\/a>\n\t\t\t\t\t\t\t\t<\/div>\n\t\t\t\t<\/div>\n\t\t\t\t<\/div>","protected":false},"excerpt":{"rendered":"<p>Bergen Collection Handcrafted from the finest European oak The Bergen Collection from Copenhagen Bath is individual handcrafted, a testament to timeless design and the resilience of natural materials, meticulously handcrafted from the finest European oak. The material choice not only underscores the collection\u2019s commitment to sustainable and authentic luxury but also celebrates the heritage of [&hellip;]<\/p>","protected":false},"author":12,"featured_media":0,"parent":0,"menu_order":0,"comment_status":"closed","ping_status":"closed","template":"","meta":{"footnotes":""},"class_list":["post-25485","page","type-page","status-publish","hentry"],"_links":{"self":[{"href":"https:\/\/copenhagenbath.com\/de\/wp-json\/wp\/v2\/pages\/25485","targetHints":{"allow":["GET"]}}],"collection":[{"href":"https:\/\/copenhagenbath.com\/de\/wp-json\/wp\/v2\/pages"}],"about":[{"href":"https:\/\/copenhagenbath.com\/de\/wp-json\/wp\/v2\/types\/page"}],"author":[{"embeddable":true,"href":"https:\/\/copenhagenbath.com\/de\/wp-json\/wp\/v2\/users\/12"}],"replies":[{"embeddable":true,"href":"https:\/\/copenhagenbath.com\/de\/wp-json\/wp\/v2\/comments?post=25485"}],"version-history":[{"count":280,"href":"https:\/\/copenhagenbath.com\/de\/wp-json\/wp\/v2\/pages\/25485\/revisions"}],"predecessor-version":[{"id":36162,"href":"https:\/\/copenhagenbath.com\/de\/wp-json\/wp\/v2\/pages\/25485\/revisions\/36162"}],"wp:attachment":[{"href":"https:\/\/copenhagenbath.com\/de\/wp-json\/wp\/v2\/media?parent=25485"}],"curies":[{"name":"wp","href":"https:\/\/api.w.org\/{rel}","templated":true}]}}