{"id":25983,"date":"2025-03-24T21:12:23","date_gmt":"2025-03-24T21:12:23","guid":{"rendered":"https:\/\/wp.copenhagenbath.com\/?page_id=25983"},"modified":"2025-07-25T15:31:11","modified_gmt":"2025-07-25T15:31:11","slug":"fall-ostermalm-stockholm","status":"publish","type":"page","link":"https:\/\/copenhagenbath.com\/de\/fall-ostermalm-stockholm\/","title":{"rendered":"Fall: \u00d6stermalm - Stockholm"},"content":{"rendered":"<div data-elementor-type=\"wp-page\" data-elementor-id=\"25983\" class=\"elementor elementor-25983\" data-elementor-post-type=\"page\">\n\t\t\t\t<div class=\"elementor-element elementor-element-58fd8fd e-con-full e-flex e-con e-parent\" data-id=\"58fd8fd\" data-element_type=\"container\" data-e-type=\"container\">\n\t\t\t\t<div class=\"elementor-element elementor-element-dc3a398 elementor-widget__width-inherit elementor--h-position-center elementor--v-position-middle elementor-pagination-position-inside elementor-widget elementor-widget-slides\" data-id=\"dc3a398\" data-element_type=\"widget\" data-e-type=\"widget\" data-settings=\"{&quot;navigation&quot;:&quot;dots&quot;,&quot;transition&quot;:&quot;fade&quot;,&quot;autoplay&quot;:&quot;yes&quot;,&quot;pause_on_hover&quot;:&quot;yes&quot;,&quot;pause_on_interaction&quot;:&quot;yes&quot;,&quot;autoplay_speed&quot;:5000,&quot;infinite&quot;:&quot;yes&quot;,&quot;transition_speed&quot;:500}\" data-widget_type=\"slides.default\">\n\t\t\t\t\t\t\t\t\t\t<div class=\"elementor-slides-wrapper elementor-main-swiper swiper\" role=\"region\" aria-roledescription=\"carousel\" aria-label=\"Folien\" dir=\"ltr\" data-animation=\"\">\n\t\t\t\t<div class=\"swiper-wrapper elementor-slides\">\n\t\t\t\t\t\t\t\t\t\t<div class=\"elementor-repeater-item-fa930be swiper-slide\" role=\"group\" aria-roledescription=\"slide\"><div class=\"swiper-slide-bg elementor-ken-burns elementor-ken-burns--in\" role=\"img\"><\/div><div class=\"swiper-slide-inner\" ><div class=\"swiper-slide-contents\"><h1 class=\"elementor-slide-heading\">\u00d6stermalm - Stockholm<\/h1><p class=\"elementor-slide-description\">Umgestaltung der \u00dcberreste eines Stalles in einem Hinterhof<\/p><\/div><\/div><\/div>\t\t\t\t<\/div>\n\t\t\t\t\t\t\t<\/div>\n\t\t\t\t\t\t\t\t<\/div>\n\t\t\t\t<\/div>\n\t\t<div class=\"elementor-element elementor-element-a21f0cd e-flex e-con-boxed e-con e-parent\" data-id=\"a21f0cd\" data-element_type=\"container\" data-e-type=\"container\" data-settings=\"{&quot;background_background&quot;:&quot;classic&quot;}\">\n\t\t\t\t\t<div class=\"e-con-inner\">\n\t\t<div class=\"elementor-element elementor-element-5b6da7e e-con-full e-flex e-con e-child\" data-id=\"5b6da7e\" data-element_type=\"container\" data-e-type=\"container\" data-settings=\"{&quot;background_background&quot;:&quot;classic&quot;}\">\n\t\t\t\t<div class=\"elementor-element elementor-element-435d85d elementor-widget__width-initial elementor-widget elementor-widget-heading\" data-id=\"435d85d\" data-element_type=\"widget\" data-e-type=\"widget\" data-widget_type=\"heading.default\">\n\t\t\t\t\t<h2 class=\"elementor-heading-title elementor-size-default\">Das Architekturb\u00fcro Atelj\u00e9 Nord hat die \u00dcberreste eines Stalls in einem Innenhof in \u00d6stermalm in einen kleinen, erstklassigen Hof verwandelt.<\/h2>\t\t\t\t<\/div>\n\t\t\t\t<div class=\"elementor-element elementor-element-db3f990 elementor-widget__width-initial elementor-widget elementor-widget-text-editor\" data-id=\"db3f990\" data-element_type=\"widget\" data-e-type=\"widget\" data-widget_type=\"text-editor.default\">\n\t\t\t\t\t\t\t\t\t<p>Wir sind in einem Innenhof in \u00d6stermalm, Stockholm, wo die \u00dcberreste eines Stalls in ein gem\u00fctliches Bauernhaus verwandelt wurden. Hier herrscht eine andere Welt, ein friedlicher Raum zwischen Stadt und Zuhause, im \u00dcbergang zwischen \u00f6ffentlich und privat.<\/p>\t\t\t\t\t\t\t\t<\/div>\n\t\t\t\t<\/div>\n\t\t\t\t\t<\/div>\n\t\t\t\t<\/div>\n\t\t<div class=\"elementor-element elementor-element-8328eaa e-flex e-con-boxed e-con e-parent\" data-id=\"8328eaa\" data-element_type=\"container\" data-e-type=\"container\" data-settings=\"{&quot;background_background&quot;:&quot;classic&quot;}\">\n\t\t\t\t\t<div class=\"e-con-inner\">\n\t\t<div class=\"elementor-element elementor-element-e0b9df9 e-con-full e-flex e-con e-child\" data-id=\"e0b9df9\" data-element_type=\"container\" data-e-type=\"container\">\n\t\t\t\t<div class=\"elementor-element elementor-element-90f8a94 elementor-widget elementor-widget-heading\" data-id=\"90f8a94\" data-element_type=\"widget\" data-e-type=\"widget\" data-widget_type=\"heading.default\">\n\t\t\t\t\t<span class=\"elementor-heading-title elementor-size-default\">The Details<\/span>\t\t\t\t<\/div>\n\t\t\t\t<div class=\"elementor-element elementor-element-02d5aef elementor-widget elementor-widget-ucaddon_product_bullets\" data-id=\"02d5aef\" data-element_type=\"widget\" data-e-type=\"widget\" data-widget_type=\"ucaddon_product_bullets.default\">\n\t\t\t\t<div class=\"elementor-widget-container\">\n\t\t\t\t\t<!-- start Product Bullets -->\n\t\t<link id='font-awesome-css' href='https:\/\/copenhagenbath.com\/wp-content\/plugins\/unlimited-elements-for-elementor-premium_old\/assets_libraries\/font-awesome5\/css\/fontawesome-all.min.css' type='text\/css' rel='stylesheet' >\n\t\t<link id='font-awesome-4-shim-css' href='https:\/\/copenhagenbath.com\/wp-content\/plugins\/unlimited-elements-for-elementor-premium_old\/assets_libraries\/font-awesome5\/css\/fontawesome-v4-shims.css' type='text\/css' rel='stylesheet' >\n\n\t\t\t<style type=\"text\/css\">\/* widget: Product Bullets *\/\n\n\n\n#uc_product_bullets_elementor_02d5aef div.ue-bullet\n{\n  display:block;\n  flex-shrink:0;\n  flex-grow:0;\n}\n\n#uc_product_bullets_elementor_02d5aef .ue_item_pbullet{\n  display: flex;\n}\n\n#uc_product_bullets_elementor_02d5aef .ue_pbullet_graphicel{\n  display: flex;\n  flex-shrink: 0;\n  align-items: center;\n  justify-content: center;\n  overflow: hidden;\n}\n#uc_product_bullets_elementor_02d5aef .ue_pbullet_graphicel span{\n  text-align: center;\n}\n#uc_product_bullets_elementor_02d5aef .ue_pbullet_graphicel svg{\n  width:1em;\n  height:1em;\n}\n#uc_product_bullets_elementor_02d5aef .ue_content_wrapper{\n  flex: auto;\n}\n\n#uc_product_bullets_elementor_02d5aef .ue_title\n{\n  flex-shrink:0;\n  flex-grow:0;\n}\n\n#uc_product_bullets_elementor_02d5aef .ue_title_wrapper\n{\n  display:flex;\n  align-items:center;\n}\n\n\n#uc_product_bullets_elementor_02d5aef .ue-line\n{\n  flex-grow: 1;\n  margin:0px 10px;\n  width:100%;\n  \n}\n\n<\/style>\n\n\t\t\t<div id=\"uc_product_bullets_elementor_02d5aef\" class=\"ue_product_bullets uc-items-wrapper\"  >\n<div class=\"ue_item_pbullet elementor-repeater-item-0120690\">\n    <div class=\"ue_content_wrapper\">\n    <div class=\"ue_title_wrapper\">\n     <span class=\"ue_title\">CASE<\/span>\n      <div class=\"ue-line\"><\/div>\n      <div class=\"ue-bullet\"><\/div>\n    <\/div>\n    <p class=\"ue-text\">Bauernhaus der Spitzenklasse in \u00d6stermalm<\/p>\n  <\/div>\n<\/div>\n<div class=\"ue_item_pbullet elementor-repeater-item-87b9e4f\">\n    <div class=\"ue_content_wrapper\">\n    <div class=\"ue_title_wrapper\">\n     <span class=\"ue_title\">LOCATION<\/span>\n      <div class=\"ue-line\"><\/div>\n      <div class=\"ue-bullet\"><\/div>\n    <\/div>\n    <p class=\"ue-text\">\u00d6stermalm, Stockholm, Schweden<\/p>\n  <\/div>\n<\/div>\n<div class=\"ue_item_pbullet elementor-repeater-item-0eec7d7\">\n    <div class=\"ue_content_wrapper\">\n    <div class=\"ue_title_wrapper\">\n     <span class=\"ue_title\">PRODUCTS<\/span>\n      <div class=\"ue-line\"><\/div>\n      <div class=\"ue-bullet\"><\/div>\n    <\/div>\n    <p class=\"ue-text\">Neugestaltung des Badezimmers mit Acovi\u00ae Mineralwerkstoff<\/p>\n  <\/div>\n<\/div>\n\n<\/div>\n\t\t\t<!-- end Product Bullets -->\t\t\t\t<\/div>\n\t\t\t\t<\/div>\n\t\t\t\t<\/div>\n\t\t<div class=\"elementor-element elementor-element-ce4d309 e-con-full e-flex e-con e-child\" data-id=\"ce4d309\" data-element_type=\"container\" data-e-type=\"container\">\n\t\t\t\t<div class=\"elementor-element elementor-element-4d97afd animated-slow elementor-widget__width-inherit elementor-widget-tablet__width-inherit fullwidthimage elementor-invisible elementor-widget elementor-widget-image\" data-id=\"4d97afd\" data-element_type=\"widget\" data-e-type=\"widget\" data-settings=\"{&quot;_animation&quot;:&quot;fadeIn&quot;,&quot;_animation_delay&quot;:0,&quot;motion_fx_motion_fx_scrolling&quot;:&quot;yes&quot;,&quot;motion_fx_devices&quot;:[&quot;desktop&quot;,&quot;tablet&quot;,&quot;mobile&quot;]}\" data-widget_type=\"image.default\">\n\t\t\t\t\t\t\t\t\t\t\t\t\t\t\t<img decoding=\"async\" width=\"1080\" height=\"1360\" src=\"https:\/\/copenhagenbath.com\/wp-content\/uploads\/2025\/03\/Screenshot-2025-03-24-at-22.03.56.png\" class=\"attachment-1536x1536 size-1536x1536 wp-image-25986\" alt=\"\" srcset=\"https:\/\/copenhagenbath.com\/wp-content\/uploads\/2025\/03\/Screenshot-2025-03-24-at-22.03.56.png 1080w, https:\/\/copenhagenbath.com\/wp-content\/uploads\/2025\/03\/Screenshot-2025-03-24-at-22.03.56-238x300.png 238w, https:\/\/copenhagenbath.com\/wp-content\/uploads\/2025\/03\/Screenshot-2025-03-24-at-22.03.56-813x1024.png 813w, https:\/\/copenhagenbath.com\/wp-content\/uploads\/2025\/03\/Screenshot-2025-03-24-at-22.03.56-768x967.png 768w, https:\/\/copenhagenbath.com\/wp-content\/uploads\/2025\/03\/Screenshot-2025-03-24-at-22.03.56-600x756.png 600w\" sizes=\"(max-width: 1080px) 100vw, 1080px\" \/>\t\t\t\t\t\t\t\t\t\t\t\t\t\t\t<\/div>\n\t\t\t\t<\/div>\n\t\t\t\t\t<\/div>\n\t\t\t\t<\/div>\n\t\t<div class=\"elementor-element elementor-element-a6736bd e-flex e-con-boxed e-con e-parent\" data-id=\"a6736bd\" data-element_type=\"container\" data-e-type=\"container\" data-settings=\"{&quot;background_background&quot;:&quot;classic&quot;}\">\n\t\t\t\t\t<div class=\"e-con-inner\">\n\t\t\t\t<div class=\"elementor-element elementor-element-03fa562 elementor-widget__width-initial elementor-widget elementor-widget-heading\" data-id=\"03fa562\" data-element_type=\"widget\" data-e-type=\"widget\" data-widget_type=\"heading.default\">\n\t\t\t\t\t<h3 class=\"elementor-heading-title elementor-size-default\">Das Design nimmt das historische Erbe des Geb\u00e4udes auf.<\/h3>\t\t\t\t<\/div>\n\t\t\t\t<div class=\"elementor-element elementor-element-8820bd2 elementor-widget__width-initial elementor-widget elementor-widget-text-editor\" data-id=\"8820bd2\" data-element_type=\"widget\" data-e-type=\"widget\" data-widget_type=\"text-editor.default\">\n\t\t\t\t\t\t\t\t\tWie auf einer B\u00fchne, ein Tauchbad mit Deckenbeleuchtung. Badewanne aus Acovi-Verbundstoff aus Mineralien und Acryl von Copenhagen Bath.\t\t\t\t\t\t\t\t<\/div>\n\t\t\t\t<div class=\"elementor-element elementor-element-7ea8565 elementor-widget__width-initial elementor-widget elementor-widget-image\" data-id=\"7ea8565\" data-element_type=\"widget\" data-e-type=\"widget\" data-widget_type=\"image.default\">\n\t\t\t\t\t\t\t\t\t\t\t\t\t\t\t<img decoding=\"async\" width=\"1084\" height=\"1446\" src=\"https:\/\/copenhagenbath.com\/wp-content\/uploads\/2025\/03\/Screenshot-2025-03-24-at-22.03.34.png\" class=\"attachment-2048x2048 size-2048x2048 wp-image-25988\" alt=\"\" srcset=\"https:\/\/copenhagenbath.com\/wp-content\/uploads\/2025\/03\/Screenshot-2025-03-24-at-22.03.34.png 1084w, https:\/\/copenhagenbath.com\/wp-content\/uploads\/2025\/03\/Screenshot-2025-03-24-at-22.03.34-225x300.png 225w, https:\/\/copenhagenbath.com\/wp-content\/uploads\/2025\/03\/Screenshot-2025-03-24-at-22.03.34-768x1024.png 768w, https:\/\/copenhagenbath.com\/wp-content\/uploads\/2025\/03\/Screenshot-2025-03-24-at-22.03.34-600x800.png 600w\" sizes=\"(max-width: 1084px) 100vw, 1084px\" \/>\t\t\t\t\t\t\t\t\t\t\t\t\t\t\t<\/div>\n\t\t\t\t\t<\/div>\n\t\t\t\t<\/div>\n\t\t<div class=\"elementor-element elementor-element-b6cb36d e-flex e-con-boxed e-con e-parent\" data-id=\"b6cb36d\" data-element_type=\"container\" data-e-type=\"container\" data-settings=\"{&quot;background_background&quot;:&quot;classic&quot;}\">\n\t\t\t\t\t<div class=\"e-con-inner\">\n\t\t<div class=\"elementor-element elementor-element-d694037 e-con-full e-flex e-con e-child\" data-id=\"d694037\" data-element_type=\"container\" data-e-type=\"container\" data-settings=\"{&quot;background_background&quot;:&quot;classic&quot;}\">\n\t\t\t\t<div class=\"elementor-element elementor-element-d004c19 elementor-widget__width-initial elementor-widget elementor-widget-heading\" data-id=\"d004c19\" data-element_type=\"widget\" data-e-type=\"widget\" data-widget_type=\"heading.default\">\n\t\t\t\t\t<h4 class=\"elementor-heading-title elementor-size-default\">Der Stall, der in \u00d6stermalm mit der Hornb\u00e6k-Badewanne zu einem erstklassigen Bauernhaus wurde.<\/h4>\t\t\t\t<\/div>\n\t\t\t\t<div class=\"elementor-element elementor-element-8e15897 elementor-widget__width-inherit elementor-widget-tablet__width-initial fullwidthimage elementor-invisible elementor-widget elementor-widget-image\" data-id=\"8e15897\" data-element_type=\"widget\" data-e-type=\"widget\" data-settings=\"{&quot;motion_fx_motion_fx_scrolling&quot;:&quot;yes&quot;,&quot;_animation&quot;:&quot;fadeIn&quot;,&quot;motion_fx_devices&quot;:[&quot;desktop&quot;,&quot;tablet&quot;,&quot;mobile&quot;]}\" data-widget_type=\"image.default\">\n\t\t\t\t\t\t\t\t\t\t\t\t\t\t\t<img decoding=\"async\" width=\"1092\" height=\"1414\" src=\"https:\/\/copenhagenbath.com\/wp-content\/uploads\/2025\/03\/Screenshot-2025-03-24-at-22.02.36.png\" class=\"attachment-1536x1536 size-1536x1536 wp-image-25990\" alt=\"\" srcset=\"https:\/\/copenhagenbath.com\/wp-content\/uploads\/2025\/03\/Screenshot-2025-03-24-at-22.02.36.png 1092w, https:\/\/copenhagenbath.com\/wp-content\/uploads\/2025\/03\/Screenshot-2025-03-24-at-22.02.36-232x300.png 232w, https:\/\/copenhagenbath.com\/wp-content\/uploads\/2025\/03\/Screenshot-2025-03-24-at-22.02.36-791x1024.png 791w, https:\/\/copenhagenbath.com\/wp-content\/uploads\/2025\/03\/Screenshot-2025-03-24-at-22.02.36-768x994.png 768w, https:\/\/copenhagenbath.com\/wp-content\/uploads\/2025\/03\/Screenshot-2025-03-24-at-22.02.36-600x777.png 600w\" sizes=\"(max-width: 1092px) 100vw, 1092px\" \/>\t\t\t\t\t\t\t\t\t\t\t\t\t\t\t<\/div>\n\t\t\t\t<\/div>\n\t\t<div class=\"elementor-element elementor-element-9c3df4e e-con-full e-flex e-con e-child\" data-id=\"9c3df4e\" data-element_type=\"container\" data-e-type=\"container\">\n\t\t\t\t<div class=\"elementor-element elementor-element-9413f55 elementor-widget__width-inherit elementor-widget-tablet__width-initial fullwidthimage elementor-invisible elementor-widget elementor-widget-image\" data-id=\"9413f55\" data-element_type=\"widget\" data-e-type=\"widget\" data-settings=\"{&quot;motion_fx_motion_fx_scrolling&quot;:&quot;yes&quot;,&quot;_animation&quot;:&quot;fadeIn&quot;,&quot;motion_fx_devices&quot;:[&quot;desktop&quot;,&quot;tablet&quot;,&quot;mobile&quot;]}\" data-widget_type=\"image.default\">\n\t\t\t\t\t\t\t\t\t\t\t\t\t\t\t<img decoding=\"async\" width=\"1086\" height=\"1446\" src=\"https:\/\/copenhagenbath.com\/wp-content\/uploads\/2025\/03\/Screenshot-2025-03-24-at-22.03.12.png\" class=\"attachment-1536x1536 size-1536x1536 wp-image-25989\" alt=\"\" srcset=\"https:\/\/copenhagenbath.com\/wp-content\/uploads\/2025\/03\/Screenshot-2025-03-24-at-22.03.12.png 1086w, https:\/\/copenhagenbath.com\/wp-content\/uploads\/2025\/03\/Screenshot-2025-03-24-at-22.03.12-225x300.png 225w, https:\/\/copenhagenbath.com\/wp-content\/uploads\/2025\/03\/Screenshot-2025-03-24-at-22.03.12-769x1024.png 769w, https:\/\/copenhagenbath.com\/wp-content\/uploads\/2025\/03\/Screenshot-2025-03-24-at-22.03.12-768x1023.png 768w, https:\/\/copenhagenbath.com\/wp-content\/uploads\/2025\/03\/Screenshot-2025-03-24-at-22.03.12-600x799.png 600w\" sizes=\"(max-width: 1086px) 100vw, 1086px\" \/>\t\t\t\t\t\t\t\t\t\t\t\t\t\t\t<\/div>\n\t\t\t\t<\/div>\n\t\t\t\t\t<\/div>\n\t\t\t\t<\/div>\n\t\t<div class=\"elementor-element elementor-element-3d1baae e-flex e-con-boxed e-con e-parent\" data-id=\"3d1baae\" data-element_type=\"container\" data-e-type=\"container\" data-settings=\"{&quot;background_background&quot;:&quot;classic&quot;}\">\n\t\t\t\t\t<div class=\"e-con-inner\">\n\t\t\t\t<div class=\"elementor-element elementor-element-fe9eb0f elementor-align-center elementor-tablet-align-center elementor-widget elementor-widget-button\" data-id=\"fe9eb0f\" data-element_type=\"widget\" data-e-type=\"widget\" data-widget_type=\"button.default\">\n\t\t\t\t\t\t\t\t\t\t<a class=\"elementor-button elementor-button-link elementor-size-sm\" href=\"https:\/\/copenhagenbath.com\/de\/?page_id=27570\" back=\"\">\n\t\t\t\t\t\t<span class=\"elementor-button-content-wrapper\">\n\t\t\t\t\t\t\t\t\t<span class=\"elementor-button-text\">Zur\u00fcck zu den Cases<\/span>\n\t\t\t\t\t<\/span>\n\t\t\t\t\t<\/a>\n\t\t\t\t\t\t\t\t<\/div>\n\t\t\t\t\t<\/div>\n\t\t\t\t<\/div>\n\t\t\t\t<\/div>","protected":false},"excerpt":{"rendered":"<p>\u00d6stermalm &#8211; Stockholm Transformed the remains of a stable in a backyard The architectural firm Atelj\u00e9 Nord transformed the remains of a stable in a backyard in \u00d6stermalm into a small, top-class farmhouse We are in a courtyard in \u00d6stermalm, Stockholm, where the remains of a stable have been transformed into a cozy farmhouse. It&#8217;s [&hellip;]<\/p>","protected":false},"author":7,"featured_media":0,"parent":0,"menu_order":0,"comment_status":"closed","ping_status":"closed","template":"","meta":{"footnotes":""},"class_list":["post-25983","page","type-page","status-publish","hentry"],"_links":{"self":[{"href":"https:\/\/copenhagenbath.com\/de\/wp-json\/wp\/v2\/pages\/25983","targetHints":{"allow":["GET"]}}],"collection":[{"href":"https:\/\/copenhagenbath.com\/de\/wp-json\/wp\/v2\/pages"}],"about":[{"href":"https:\/\/copenhagenbath.com\/de\/wp-json\/wp\/v2\/types\/page"}],"author":[{"embeddable":true,"href":"https:\/\/copenhagenbath.com\/de\/wp-json\/wp\/v2\/users\/7"}],"replies":[{"embeddable":true,"href":"https:\/\/copenhagenbath.com\/de\/wp-json\/wp\/v2\/comments?post=25983"}],"version-history":[{"count":88,"href":"https:\/\/copenhagenbath.com\/de\/wp-json\/wp\/v2\/pages\/25983\/revisions"}],"predecessor-version":[{"id":36242,"href":"https:\/\/copenhagenbath.com\/de\/wp-json\/wp\/v2\/pages\/25983\/revisions\/36242"}],"wp:attachment":[{"href":"https:\/\/copenhagenbath.com\/de\/wp-json\/wp\/v2\/media?parent=25983"}],"curies":[{"name":"wp","href":"https:\/\/api.w.org\/{rel}","templated":true}]}}