{"id":30633,"date":"2025-04-29T07:53:19","date_gmt":"2025-04-29T07:53:19","guid":{"rendered":"https:\/\/wp.copenhagenbath.com\/?page_id=30633"},"modified":"2025-04-29T08:07:40","modified_gmt":"2025-04-29T08:07:40","slug":"datenschutzbestimmungen","status":"publish","type":"page","link":"https:\/\/copenhagenbath.com\/de\/datenschutzbestimmungen\/","title":{"rendered":"Datenschutzbestimmungen"},"content":{"rendered":"<div data-elementor-type=\"wp-page\" data-elementor-id=\"30633\" class=\"elementor elementor-30633\" data-elementor-post-type=\"page\">\n\t\t\t\t<div class=\"elementor-element elementor-element-ae8b9d1 e-flex e-con-boxed e-con e-parent\" data-id=\"ae8b9d1\" data-element_type=\"container\" data-e-type=\"container\" data-settings=\"{&quot;background_background&quot;:&quot;classic&quot;}\">\n\t\t\t\t\t<div class=\"e-con-inner\">\n\t\t<div class=\"elementor-element elementor-element-812ab9d e-con-full e-flex e-con e-child\" data-id=\"812ab9d\" data-element_type=\"container\" data-e-type=\"container\">\n\t\t\t\t<div class=\"elementor-element elementor-element-485cb8b elementor-widget__width-initial elementor-widget elementor-widget-heading\" data-id=\"485cb8b\" data-element_type=\"widget\" data-e-type=\"widget\" data-widget_type=\"heading.default\">\n\t\t\t\t\t<h1 class=\"elementor-heading-title elementor-size-default\">Datenschutzbestimmungen<\/h1>\t\t\t\t<\/div>\n\t\t\t\t<div class=\"elementor-element elementor-element-acbeba8 elementor-widget__width-initial elementor-widget elementor-widget-text-editor\" data-id=\"acbeba8\" data-element_type=\"widget\" data-e-type=\"widget\" data-widget_type=\"text-editor.default\">\n\t\t\t\t\t\t\t\t\t<p>Diese Datenschutzrichtlinie wurde erstellt, um denjenigen, die sich Sorgen dar\u00fcber machen, wie ihre \"pers\u00f6nlich identifizierbaren Informationen\" (PII) online verwendet werden, besser zu helfen. PII, wie in den US-Datenschutzgesetzen und der Informationssicherheit beschrieben, sind Informationen, die allein oder zusammen mit anderen Informationen verwendet werden k\u00f6nnen, um eine einzelne Person zu identifizieren, zu kontaktieren oder ausfindig zu machen, oder um eine Person im Kontext zu identifizieren. Bitte lesen Sie unsere Datenschutzrichtlinien sorgf\u00e4ltig durch, um sich ein klares Bild davon zu machen, wie wir Ihre personenbezogenen Daten in \u00dcbereinstimmung mit unserer Website erfassen, verwenden, sch\u00fctzen oder anderweitig behandeln.<\/p><p><strong>Welche pers\u00f6nlichen Daten sammeln wir von den Besuchern unserer Website?<\/strong><\/p><p>Bei der Bestellung oder Registrierung auf unserer Website werden Sie gegebenenfalls aufgefordert, Ihren Namen, Ihre E-Mail-Adresse, Ihre Postanschrift, Ihre Telefonnummer oder andere Angaben einzugeben, die Ihnen bei der Nutzung unserer Website helfen.<\/p><p><strong>Wann sammeln wir Informationen? <\/strong><\/p><p>Wir sammeln Informationen von Ihnen, wenn Sie eine Bestellung aufgeben oder Informationen auf unserer Website eingeben.<\/p><p><strong>Wie verwenden wir Ihre Informationen?\u00a0<\/strong><\/p><p>Wir k\u00f6nnen die Informationen, die wir von Ihnen sammeln, wenn Sie sich registrieren, einen Kauf t\u00e4tigen, sich f\u00fcr unseren Newsletter anmelden, auf eine Umfrage oder Marketingmitteilung antworten, auf der Website surfen oder bestimmte andere Funktionen der Website nutzen, wie folgt verwenden:<\/p><p>Um Ihre Transaktionen schnell zu bearbeiten.<\/p><p><strong>Wie sch\u00fctzen wir Ihre Daten? <\/strong><\/p><p>Wir verwenden keine Schwachstellenscans und\/oder Scans nach PCI-Standards.<\/p><p>Ein externes PCI-konformes Zahlungs-Gateway wickelt alle CC-Transaktionen ab.<\/p><p>Wir verwenden regelm\u00e4\u00dfige Malware-Scans.<\/p><p>Ihre pers\u00f6nlichen Daten befinden sich hinter gesicherten Netzen und sind nur einer begrenzten Anzahl von Personen zug\u00e4nglich, die \u00fcber besondere Zugangsrechte zu diesen Systemen verf\u00fcgen und zur Geheimhaltung der Daten verpflichtet sind. Dar\u00fcber hinaus werden alle sensiblen Daten und Kreditinformationen, die Sie uns zur Verf\u00fcgung stellen, mit der Secure Socket Layer (SSL)-Technologie verschl\u00fcsselt.<\/p><p>Wir setzen eine Vielzahl von Sicherheitsma\u00dfnahmen ein, wenn ein Nutzer eine Bestellung aufgibt, um die Sicherheit Ihrer pers\u00f6nlichen Daten zu gew\u00e4hrleisten.<\/p><p>Alle Transaktionen werden \u00fcber einen Zahlungsdienstleister abgewickelt und weder auf unseren Servern gespeichert noch verarbeitet.<\/p><p><strong>Verwenden wir \"Cookies\"?\u00a0<\/strong><\/p><p>Cookies sind kleine Dateien, die eine Website oder ihr Dienstanbieter \u00fcber Ihren Webbrowser (sofern Sie dies zulassen) auf die Festplatte Ihres Computers \u00fcbertr\u00e4gt. Dadurch kann das System der Website oder des Dienstanbieters Ihren Browser erkennen und bestimmte Informationen speichern. Zum Beispiel verwenden wir Cookies, um uns an die Artikel in Ihrem Warenkorb zu erinnern und diese zu verarbeiten. Sie helfen uns auch dabei, Ihre Pr\u00e4ferenzen auf Grundlage fr\u00fcherer oder aktueller Aktivit\u00e4ten auf der Website zu verstehen, damit wir Ihnen verbesserte Dienste anbieten k\u00f6nnen. Zudem verwenden wir Cookies, um aggregierte Daten \u00fcber den Website-Traffic und die Interaktionen auf der Seite zu sammeln, um zuk\u00fcnftige Website-Erlebnisse und Tools zu optimieren.<\/p><p><strong>Wir verwenden Cookies um:<\/strong><\/p><p>Verstehen und speichern Sie die Pr\u00e4ferenzen der Nutzer f\u00fcr zuk\u00fcnftige Besuche.<\/p><p>Sie k\u00f6nnen w\u00e4hlen, ob Ihr Computer Sie jedes Mal warnen soll, wenn ein Cookie gesendet wird, oder ob Sie alle Cookies deaktivieren wollen. Dies geschieht \u00fcber die Einstellungen Ihres Browsers. Da jeder Browser ein wenig anders ist, sollten Sie im Hilfemen\u00fc Ihres Browsers nachsehen, wie Sie Ihre Cookies korrekt \u00e4ndern k\u00f6nnen.<\/p><p>Wenn Sie Cookies deaktivieren, hat dies keinen Einfluss auf die Benutzererfahrung.<\/p><p><strong>Offenlegung durch Dritte <\/strong><\/p><p>Wir verkaufen, handeln oder \u00fcbertragen Ihre personenbezogenen Daten nicht an Dritte.<\/p><p><strong>Links von Dritten <\/strong><\/p><p>Wir bieten auf unserer Website keine Produkte oder Dienstleistungen Dritter an.<\/p><p><strong>Google <\/strong><\/p><p>Die Anforderungen von Google an die Werbung lassen sich in den Google-Werbegrunds\u00e4tzen zusammenfassen. Sie wurden aufgestellt, um den Nutzern ein positives Erlebnis zu bieten. https:\/\/support.google.com\/adwordspolicy\/answer\/1316548?hl=en<\/p><p>Wir haben Google AdSense auf unserer Website nicht aktiviert, werden dies aber m\u00f6glicherweise in Zukunft tun.<\/p><p><strong>Kalifornisches Gesetz zum Schutz der Privatsph\u00e4re im Internet <\/strong><\/p><p>CalOPPA ist das erste bundesstaatliche Gesetz, das kommerzielle Websites und Online-Dienste dazu verpflichtet, eine Datenschutzrichtlinie zu ver\u00f6ffentlichen. Der Geltungsbereich des Gesetzes geht weit \u00fcber Kalifornien hinaus und verlangt von jeder Person oder jedem Unternehmen in den Vereinigten Staaten (und m\u00f6glicherweise weltweit), die Websites betreiben, auf denen personenbezogene Daten von kalifornischen Verbrauchern erfasst werden, eine gut sichtbare Datenschutzerkl\u00e4rung auf ihrer Website zu ver\u00f6ffentlichen, in der genau angegeben wird, welche Daten erfasst werden und an welche Personen oder Unternehmen sie weitergegeben werden. - Weitere Informationen finden Sie unter: http:\/\/consumercal.org\/california-online-privacy-protection-act-caloppa\/#sthash.0FdRbT51.dpuf<\/p><p><strong>WWW<\/strong><\/p><p>Laut CalOPPA sind wir mit Folgendem einverstanden:<\/p><p>Die Nutzer k\u00f6nnen unsere Website anonym besuchen.<\/p><p>Sobald diese Datenschutzerkl\u00e4rung erstellt ist, werden wir einen Link zu ihr auf unserer Homepage oder zumindest auf der ersten wichtigen Seite nach dem Betreten unserer Website einf\u00fcgen.<\/p><p>Der Link zu unserer Datenschutzrichtlinie enth\u00e4lt das Wort \"Datenschutz\" und kann leicht auf der oben genannten Seite gefunden werden.<\/p><p><strong>Sie werden \u00fcber alle \u00c4nderungen der Datenschutzbestimmungen informiert:<\/strong><\/p><p>Auf unserer Seite zum Datenschutz<\/p><p><strong>Sie k\u00f6nnen Ihre pers\u00f6nlichen Daten \u00e4ndern:<\/strong><\/p><ul><li>Per E-MailBitte rufen Sie uns an<\/li><li>Indem Sie sich bei Ihrem Konto anmelden<\/li><li>Chatten Sie mit uns oder senden Sie uns ein Support-Ticket<\/li><\/ul><p><strong>Wie behandelt unsere Website \"Do Not Track\"-Signale? <\/strong><\/p><p>Wir respektieren Do Not Track-Signale und Do Not Track, pflanzen Cookies oder verwenden Werbung, wenn ein Do Not Track (DNT) Browser-Mechanismus vorhanden ist.<\/p><p><strong>Erlaubt unsere Website die Verfolgung des Verhaltens von Dritten? <\/strong><\/p><p>Es ist auch wichtig zu wissen, dass wir das Tracking von Verhaltensdaten durch Dritte nicht zulassen.<\/p><p><strong>COPPA (Gesetz zum Schutz der Privatsph\u00e4re von Kindern im Internet) <\/strong><\/p><p>Wenn es um die Erhebung personenbezogener Daten von Kindern unter 13 Jahren geht, gibt der Children's Online Privacy Protection Act (COPPA) den Eltern die Kontrolle. Die Federal Trade Commission, die Verbraucherschutzbeh\u00f6rde der Vereinigten Staaten, setzt die COPPA-Regel durch, in der festgelegt ist, was Betreiber von Websites und Online-Diensten tun m\u00fcssen, um die Privatsph\u00e4re und Sicherheit von Kindern im Internet zu sch\u00fctzen.<\/p><p>Wir wenden uns nicht speziell an Kinder unter 13 Jahren.<\/p><p><strong>Faire Informationspraktiken <\/strong><\/p><p>Die Fair Information Practices Principles bilden das R\u00fcckgrat des Datenschutzrechts in den Vereinigten Staaten, und die darin enthaltenen Konzepte haben bei der Entwicklung von Datenschutzgesetzen auf der ganzen Welt eine wichtige Rolle gespielt. Das Verst\u00e4ndnis der Fair Information Practice Principles und ihrer Umsetzung ist entscheidend f\u00fcr die Einhaltung der verschiedenen Datenschutzgesetze zum Schutz personenbezogener Daten.<\/p><p>Um den fairen Informationspraktiken zu entsprechen, werden wir im Falle einer Datenverletzung die folgenden Ma\u00dfnahmen ergreifen:<\/p><p><strong>Wir werden Sie per E-Mail benachrichtigen<\/strong><\/p><p>Innerhalb von 7 Werktagen<\/p><p>Wir stimmen auch dem Grundsatz des individuellen Rechtsbehelfs zu, der vorsieht, dass Einzelpersonen das Recht haben, einklagbare Rechte gegen Datenerheber und -verarbeiter geltend zu machen, die sich nicht an das Gesetz halten. Dieser Grundsatz setzt nicht nur voraus, dass Einzelpersonen durchsetzbare Rechte gegen\u00fcber Datennutzern haben, sondern auch, dass Einzelpersonen sich an Gerichte oder Regierungsbeh\u00f6rden wenden k\u00f6nnen, um die Nichteinhaltung von Vorschriften durch Datenverarbeiter zu untersuchen und\/oder strafrechtlich zu verfolgen.<\/p><p><strong>CAN SPAM-Gesetz <\/strong><\/p><p>Der CAN-SPAM Act ist ein Gesetz, das die Regeln f\u00fcr kommerzielle E-Mails festlegt, Anforderungen f\u00fcr kommerzielle Nachrichten aufstellt, den Empf\u00e4ngern das Recht einr\u00e4umt, den Versand von E-Mails an sie zu unterbinden, und harte Strafen f\u00fcr Verst\u00f6\u00dfe vorsieht.<\/p><p><strong>Wir erfassen Ihre E-Mail-Adresse, um:<\/strong><\/p><ul><li>Bearbeitung von Bestellungen und \u00dcbermittlung von Informationen und Aktualisierungen zu den Bestellungen.<\/li><li>Ihnen zus\u00e4tzliche Informationen zu Ihrem Produkt und\/oder Ihrer Dienstleistung zusenden<\/li><\/ul><p><strong>Um die CANSPAM-Vorschriften einzuhalten, stimmen wir dem Folgenden zu:<\/strong><\/p><ul><li>Verwenden Sie keine falschen oder irref\u00fchrenden Betreffe oder E-Mail-Adressen.<\/li><li>Kennzeichnen Sie die Nachricht in angemessener Weise als Werbung.<\/li><li>Geben Sie die physische Adresse unseres Gesch\u00e4fts- oder Standortsitzes an.<\/li><li>- \u00dcberwachen Sie E-Mail-Marketingdienste von Drittanbietern auf die Einhaltung der Vorschriften, falls solche Dienste genutzt werden.<\/li><li>Befolgen Sie Abmelde-\/Abbestellungsanfragen schnell.<\/li><li>Erm\u00f6glichen Sie es den Nutzern, sich \u00fcber den Link am Ende jeder E-Mail abzumelden.<\/li><\/ul><p>Wenn Sie den Erhalt zuk\u00fcnftiger E-Mails jederzeit abbestellen m\u00f6chten, k\u00f6nnen Sie uns eine E-Mail an<\/p><p>Befolgen Sie die Anweisungen am Ende jeder E-Mail.<\/p><p>und wir werden Sie umgehend aus dem gesamten Schriftverkehr entfernen.<\/p><p><strong>Kontaktieren Sie uns <\/strong><\/p><p>Wenn Sie Fragen zu dieser Datenschutzerkl\u00e4rung haben, k\u00f6nnen Sie sich mit uns in Verbindung setzen, indem Sie die nachstehenden Informationen verwenden.<\/p><p><strong>Kopenhagener Bad<\/strong><br \/>B\u00e6kkeskovvej 25<br \/>2665 Vallensb\u00e6k Strand<br \/>D\u00e4nemark<\/p><p>contact@copenhagenbath.com<\/p>\t\t\t\t\t\t\t\t<\/div>\n\t\t\t\t<\/div>\n\t\t\t\t\t<\/div>\n\t\t\t\t<\/div>\n\t\t\t\t<\/div>","protected":false},"excerpt":{"rendered":"<p>Privacy Policy This privacy policy has been compiled to better serve those who are concerned with how their \u2018Personally Identifiable Information\u2019 (PII) is being used online. PII, as described in US privacy law and information security, is information that can be used on its own or with other information to identify, contact, or locate a [&hellip;]<\/p>","protected":false},"author":12,"featured_media":0,"parent":0,"menu_order":0,"comment_status":"closed","ping_status":"closed","template":"","meta":{"footnotes":""},"class_list":["post-30633","page","type-page","status-publish","hentry"],"_links":{"self":[{"href":"https:\/\/copenhagenbath.com\/de\/wp-json\/wp\/v2\/pages\/30633","targetHints":{"allow":["GET"]}}],"collection":[{"href":"https:\/\/copenhagenbath.com\/de\/wp-json\/wp\/v2\/pages"}],"about":[{"href":"https:\/\/copenhagenbath.com\/de\/wp-json\/wp\/v2\/types\/page"}],"author":[{"embeddable":true,"href":"https:\/\/copenhagenbath.com\/de\/wp-json\/wp\/v2\/users\/12"}],"replies":[{"embeddable":true,"href":"https:\/\/copenhagenbath.com\/de\/wp-json\/wp\/v2\/comments?post=30633"}],"version-history":[{"count":13,"href":"https:\/\/copenhagenbath.com\/de\/wp-json\/wp\/v2\/pages\/30633\/revisions"}],"predecessor-version":[{"id":30684,"href":"https:\/\/copenhagenbath.com\/de\/wp-json\/wp\/v2\/pages\/30633\/revisions\/30684"}],"wp:attachment":[{"href":"https:\/\/copenhagenbath.com\/de\/wp-json\/wp\/v2\/media?parent=30633"}],"curies":[{"name":"wp","href":"https:\/\/api.w.org\/{rel}","templated":true}]}}