{"id":23358,"date":"2025-03-11T10:25:13","date_gmt":"2025-03-11T10:25:13","guid":{"rendered":"https:\/\/wp.copenhagenbath.com\/?page_id=23358"},"modified":"2025-07-28T08:54:29","modified_gmt":"2025-07-28T08:54:29","slug":"craftmanship-and-design","status":"publish","type":"page","link":"https:\/\/copenhagenbath.com\/de_at\/craftmanship-and-design\/","title":{"rendered":"Craftmanship and design &#8211; Mangler anker points for designer &#8211; For meget text p\u00e5 responsive"},"content":{"rendered":"<div data-elementor-type=\"wp-page\" data-elementor-id=\"23358\" class=\"elementor elementor-23358\" data-elementor-post-type=\"page\">\n\t\t\t\t<div class=\"elementor-element elementor-element-ba9d5ad e-con-full e-flex e-con e-parent\" data-id=\"ba9d5ad\" data-element_type=\"container\" data-e-type=\"container\" data-settings=\"{&quot;background_background&quot;:&quot;classic&quot;}\">\n\t\t<div class=\"elementor-element elementor-element-da0303c e-con-full e-flex e-con e-child\" data-id=\"da0303c\" data-element_type=\"container\" data-e-type=\"container\">\n\t\t\t\t<div class=\"elementor-element elementor-element-aff59cb elementor-widget__width-initial elementor-widget elementor-widget-heading\" data-id=\"aff59cb\" data-element_type=\"widget\" data-e-type=\"widget\" data-widget_type=\"heading.default\">\n\t\t\t\t\t<h1 class=\"elementor-heading-title elementor-size-default\">Handwerkskunst und Design<\/h1>\t\t\t\t<\/div>\n\t\t\t\t<div class=\"elementor-element elementor-element-ce2277d elementor-widget__width-initial elementor-widget elementor-widget-text-editor\" data-id=\"ce2277d\" data-element_type=\"widget\" data-e-type=\"widget\" data-widget_type=\"text-editor.default\">\n\t\t\t\t\t\t\t\t\t<p>Jedes Produkt, das wir herstellen, wird von erfahrenen H\u00e4nden geformt und vereint traditionelle Techniken mit moderner Innovation.<\/p><p>Copenhagen Bath ist bekannt f\u00fcr seinen sorgf\u00e4ltigen Designansatz, der sicherstellt, dass jedes Produkt den h\u00f6chsten Standards an Qualit\u00e4t und \u00c4sthetik entspricht. Der Auswahlprozess beginnt mit internationalen Designern, deren kreative Visionen in handfeste Produkte umgesetzt werden.<\/p><p>Bei Copenhagen Bath sind wir zutiefst engagiert, nur die besten Materialien f\u00fcr unsere Badezimmerprodukte auszuw\u00e4hlen. Jedes Produkt ist das Ergebnis sorgf\u00e4ltiger \u00dcberlegungen, die sicherstellen, dass Haltbarkeit und zeitlose Sch\u00f6nheit im Mittelpunkt unserer Entscheidungen stehen. Unsere Verwendung von hochwertigen Materialien \u2013 ob Stein, Holz oder Metall \u2013 spiegelt unser Engagement f\u00fcr Qualit\u00e4t und Langlebigkeit wider und entspricht den h\u00f6chsten Standards d\u00e4nischen Designs.<\/p>\t\t\t\t\t\t\t\t<\/div>\n\t\t\t\t<\/div>\n\t\t<div class=\"elementor-element elementor-element-babcb50 e-con-full elementor-hidden-mobile elementor-hidden-tablet fullwidthimage e-flex e-con e-child\" data-id=\"babcb50\" data-element_type=\"container\" data-e-type=\"container\">\n\t\t\t\t<div class=\"elementor-element elementor-element-1bbe8c5 elementor-widget elementor-widget-image\" data-id=\"1bbe8c5\" data-element_type=\"widget\" data-e-type=\"widget\" data-widget_type=\"image.default\">\n\t\t\t\t\t\t\t\t\t\t\t\t\t\t\t\t<a href=\"https:\/\/copenhagenbath.com\/de_at\/?page_id=25485\">\n\t\t\t\t\t\t\t<img decoding=\"async\" width=\"1024\" height=\"1010\" src=\"https:\/\/copenhagenbath.com\/wp-content\/uploads\/2024\/11\/4-1024x1010.jpg\" class=\"attachment-large size-large wp-image-13638\" alt=\"Alt-Text: Der aus massiver Eiche gefertigte Badschrank Bergen von Copenhagen Bath pr\u00e4sentiert zeitloses skandinavisches Design mit langlebiger, hochwertiger Handwerkskunst f\u00fcr das Bad.\" srcset=\"https:\/\/copenhagenbath.com\/wp-content\/uploads\/2024\/11\/4-1024x1010.jpg 1024w, https:\/\/copenhagenbath.com\/wp-content\/uploads\/2024\/11\/4-300x296.jpg 300w, https:\/\/copenhagenbath.com\/wp-content\/uploads\/2024\/11\/4-768x757.jpg 768w, https:\/\/copenhagenbath.com\/wp-content\/uploads\/2024\/11\/4-600x592.jpg 600w, https:\/\/copenhagenbath.com\/wp-content\/uploads\/2024\/11\/4-100x100.jpg 100w, https:\/\/copenhagenbath.com\/wp-content\/uploads\/2024\/11\/4-50x50.jpg 50w, https:\/\/copenhagenbath.com\/wp-content\/uploads\/2024\/11\/4-e1743087218831.jpg 751w\" sizes=\"(max-width: 1024px) 100vw, 1024px\" \/>\t\t\t\t\t\t\t\t<\/a>\n\t\t\t\t\t\t\t\t\t\t\t\t\t\t\t<\/div>\n\t\t\t\t<\/div>\n\t\t\t\t<\/div>\n\t\t<div class=\"elementor-element elementor-element-9c55fc3 e-con-full e-flex e-con e-parent\" data-id=\"9c55fc3\" data-element_type=\"container\" data-e-type=\"container\" data-settings=\"{&quot;background_background&quot;:&quot;classic&quot;}\">\n\t\t<div class=\"elementor-element elementor-element-dd52de9 e-con-full e-flex e-con e-child\" data-id=\"dd52de9\" data-element_type=\"container\" data-e-type=\"container\">\n\t\t\t\t<div class=\"elementor-element elementor-element-47a67bb elementor-widget__width-initial elementor-widget elementor-widget-video\" data-id=\"47a67bb\" data-element_type=\"widget\" data-e-type=\"widget\" data-settings=\"{&quot;video_type&quot;:&quot;hosted&quot;,&quot;autoplay&quot;:&quot;yes&quot;,&quot;mute&quot;:&quot;yes&quot;}\" data-widget_type=\"video.default\">\n\t\t\t\t\t\t\t<div class=\"e-hosted-video elementor-wrapper elementor-open-inline\">\n\t\t\t\t\t<video class=\"elementor-video\" src=\"https:\/\/copenhagenbath.com\/wp-content\/uploads\/2024\/12\/Yuno-WA-1.mp4\" autoplay=\"\" muted=\"muted\" controlslist=\"nodownload\"><\/video>\n\t\t\t\t<\/div>\n\t\t\t\t\t\t<\/div>\n\t\t\t\t<\/div>\n\t\t<div class=\"elementor-element elementor-element-67a1fd4 e-con-full e-flex e-con e-child\" data-id=\"67a1fd4\" data-element_type=\"container\" data-e-type=\"container\">\n\t\t\t\t<div class=\"elementor-element elementor-element-2132386 elementor-widget__width-initial elementor-widget elementor-widget-heading\" data-id=\"2132386\" data-element_type=\"widget\" data-e-type=\"widget\" data-widget_type=\"heading.default\">\n\t\t\t\t\t<h2 class=\"elementor-heading-title elementor-size-default\">Wir brennen daf\u00fcr, die d\u00e4nische Designtradition neu zu beleben, und arbeiten mit einer neuen Generation von Designern und Handwerkern zusammen.<\/h2>\t\t\t\t<\/div>\n\t\t\t\t<div class=\"elementor-element elementor-element-4d68dde elementor-widget__width-initial elementor-widget elementor-widget-text-editor\" data-id=\"4d68dde\" data-element_type=\"widget\" data-e-type=\"widget\" data-widget_type=\"text-editor.default\">\n\t\t\t\t\t\t\t\t\t<p>Gemeinsam verschmelzen wir das Erbe des Kopenhagener Designs mit neuen Perspektiven und schaffen Produkte, die die Vergangenheit ehren und gleichzeitig die Zukunft umarmen. Diese Zusammenarbeit erm\u00f6glicht es uns, D\u00e4nemarks stolzes Erbe au\u00dfergew\u00f6hnlichen Handwerks weiterzuf\u00fchren und ein erneuertes Gef\u00fchl von Kunstfertigkeit und Raffinesse in moderne R\u00e4ume zu bringen.<\/p><p>Das Ergebnis sind Badezimmer, die nicht nur das Badeerlebnis aufwerten, sondern auch als skulpturales Zentrum dienen und die Ruhe und Eleganz des Kopenhagener K\u00fcstenlebens widerspiegeln.<\/p>\t\t\t\t\t\t\t\t<\/div>\n\t\t\t\t<div class=\"elementor-element elementor-element-b21089e elementor-align-center elementor-widget elementor-widget-button\" data-id=\"b21089e\" data-element_type=\"widget\" data-e-type=\"widget\" data-widget_type=\"button.default\">\n\t\t\t\t\t\t\t\t\t\t<a class=\"elementor-button elementor-button-link elementor-size-sm\" href=\"https:\/\/copenhagenbath.com\/de_at\/?page_id=22594\">\n\t\t\t\t\t\t<span class=\"elementor-button-content-wrapper\">\n\t\t\t\t\t\t\t\t\t<span class=\"elementor-button-text\">YUNO Collection<\/span>\n\t\t\t\t\t<\/span>\n\t\t\t\t\t<\/a>\n\t\t\t\t\t\t\t\t<\/div>\n\t\t\t\t<\/div>\n\t\t\t\t<\/div>\n\t\t<div class=\"elementor-element elementor-element-9472acb e-con-full e-flex e-con e-parent\" data-id=\"9472acb\" data-element_type=\"container\" data-e-type=\"container\" data-settings=\"{&quot;background_background&quot;:&quot;classic&quot;}\">\n\t\t<div class=\"elementor-element elementor-element-ede9bdb e-con-full e-flex e-con e-child\" data-id=\"ede9bdb\" data-element_type=\"container\" data-e-type=\"container\">\n\t\t\t\t<div class=\"elementor-element elementor-element-541534b elementor-widget__width-initial elementor-widget elementor-widget-heading\" data-id=\"541534b\" data-element_type=\"widget\" data-e-type=\"widget\" data-widget_type=\"heading.default\">\n\t\t\t\t\t<h3 class=\"elementor-heading-title elementor-size-default\">Premium  Acovi\u00ae Solid Surface<\/h3>\t\t\t\t<\/div>\n\t\t\t\t<div class=\"elementor-element elementor-element-84497fe elementor-widget__width-initial elementor-widget elementor-widget-text-editor\" data-id=\"84497fe\" data-element_type=\"widget\" data-e-type=\"widget\" data-widget_type=\"text-editor.default\">\n\t\t\t\t\t\t\t\t\t<p>Copenhagen Bath stellt seine hochwertige Acovi\u00ae Solid Surface aus rekonstituierten, pulverisierten Naturmineralien her, verst\u00e4rkt mit Polymeren und H\u00e4rtern. Durch die ausschlie\u00dfliche Auswahl der besten Materialien k\u00f6nnen wir mit gutem Gewissen 10 Jahre Garantie gegen Farbunterschiede bieten.\u00a0<\/p><p>Verschiedene Qualit\u00e4ten von Solid Surface und beschichteten Steinprodukten versuchen oft, das Aussehen und das Gef\u00fchl echter massiver Oberfl\u00e4chen nachzuahmen, reichen jedoch in Bezug auf Haltbarkeit, Konsistenz und Leistung nicht heran. G\u00fcnstigere Alternativen k\u00f6nnen Harze oder F\u00fcllstoffe minderer Qualit\u00e4t verwenden, was zu Farbabweichungen, Oberfl\u00e4chenunregelm\u00e4\u00dfigkeiten und einer verk\u00fcrzten Lebensdauer f\u00fchrt. Im Gegensatz dazu wird die hochwertige Acovi\u00ae Solid Surface von Copenhagen Bath sorgf\u00e4ltig gefertigt, um viele Jahre lang zu halten.<\/p>\t\t\t\t\t\t\t\t<\/div>\n\t\t\t\t<div class=\"elementor-element elementor-element-56066a1 elementor-align-center elementor-widget elementor-widget-button\" data-id=\"56066a1\" data-element_type=\"widget\" data-e-type=\"widget\" data-widget_type=\"button.default\">\n\t\t\t\t\t\t\t\t\t\t<a class=\"elementor-button elementor-button-link elementor-size-sm\" href=\"https:\/\/copenhagenbath.com\/de_at\/?page_id=27159\">\n\t\t\t\t\t\t<span class=\"elementor-button-content-wrapper\">\n\t\t\t\t\t\t\t\t\t<span class=\"elementor-button-text\">TQ5 By Mikal Harrsen<\/span>\n\t\t\t\t\t<\/span>\n\t\t\t\t\t<\/a>\n\t\t\t\t\t\t\t\t<\/div>\n\t\t\t\t<\/div>\n\t\t<div class=\"elementor-element elementor-element-356fab6 e-con-full e-flex e-con e-child\" data-id=\"356fab6\" data-element_type=\"container\" data-e-type=\"container\">\n\t\t\t\t<div class=\"elementor-element elementor-element-696679f fullwidthimage elementor-widget elementor-widget-image\" data-id=\"696679f\" data-element_type=\"widget\" data-e-type=\"widget\" data-widget_type=\"image.default\">\n\t\t\t\t\t\t\t\t\t\t\t\t\t\t\t\t<a href=\"https:\/\/copenhagenbath.com\/de_at\/?page_id=27159\">\n\t\t\t\t\t\t\t<img decoding=\"async\" width=\"1536\" height=\"1387\" src=\"https:\/\/copenhagenbath.com\/wp-content\/uploads\/2024\/11\/Helsinki-tub_komprimeret-1536x1387.jpg\" class=\"attachment-1536x1536 size-1536x1536 wp-image-14601\" alt=\"TQ 5 Bathtub - Designed by Mikal Harrsen\" srcset=\"https:\/\/copenhagenbath.com\/wp-content\/uploads\/2024\/11\/Helsinki-tub_komprimeret-1536x1387.jpg 1536w, https:\/\/copenhagenbath.com\/wp-content\/uploads\/2024\/11\/Helsinki-tub_komprimeret-300x271.jpg 300w, https:\/\/copenhagenbath.com\/wp-content\/uploads\/2024\/11\/Helsinki-tub_komprimeret-1024x925.jpg 1024w, https:\/\/copenhagenbath.com\/wp-content\/uploads\/2024\/11\/Helsinki-tub_komprimeret-768x694.jpg 768w, https:\/\/copenhagenbath.com\/wp-content\/uploads\/2024\/11\/Helsinki-tub_komprimeret-2048x1850.jpg 2048w, https:\/\/copenhagenbath.com\/wp-content\/uploads\/2024\/11\/Helsinki-tub_komprimeret-600x542.jpg 600w, https:\/\/copenhagenbath.com\/wp-content\/uploads\/2024\/11\/Helsinki-tub_komprimeret-e1743087333384.jpg 1200w\" sizes=\"(max-width: 1536px) 100vw, 1536px\" \/>\t\t\t\t\t\t\t\t<\/a>\n\t\t\t\t\t\t\t\t\t\t\t\t\t\t\t<\/div>\n\t\t\t\t<\/div>\n\t\t\t\t<\/div>\n\t\t<div class=\"elementor-element elementor-element-752e2d7 e-con-full e-flex e-con e-parent\" data-id=\"752e2d7\" data-element_type=\"container\" data-e-type=\"container\" data-settings=\"{&quot;background_background&quot;:&quot;classic&quot;}\">\n\t\t<div class=\"elementor-element elementor-element-41ffa35 e-con-full e-flex e-con e-child\" data-id=\"41ffa35\" data-element_type=\"container\" data-e-type=\"container\">\n\t\t\t\t<div class=\"elementor-element elementor-element-d293de1 elementor--h-position-center elementor--v-position-middle elementor-arrows-position-inside elementor-widget elementor-widget-slides\" data-id=\"d293de1\" data-element_type=\"widget\" data-e-type=\"widget\" data-settings=\"{&quot;navigation&quot;:&quot;arrows&quot;,&quot;autoplay_speed&quot;:8007,&quot;autoplay&quot;:&quot;yes&quot;,&quot;pause_on_hover&quot;:&quot;yes&quot;,&quot;transition&quot;:&quot;slide&quot;,&quot;transition_speed&quot;:500}\" data-widget_type=\"slides.default\">\n\t\t\t\t\t\t\t\t\t\t<div class=\"elementor-slides-wrapper elementor-main-swiper swiper\" role=\"region\" aria-roledescription=\"carousel\" aria-label=\"Folien\" dir=\"ltr\" data-animation=\"\">\n\t\t\t\t<div class=\"swiper-wrapper elementor-slides\">\n\t\t\t\t\t\t\t\t\t\t<div class=\"elementor-repeater-item-4011bb2 swiper-slide\" role=\"group\" aria-roledescription=\"slide\"><div class=\"swiper-slide-bg\" role=\"img\"><\/div><a class=\"swiper-slide-inner\" href=\"https:\/\/copenhagenbath.com\/de_at\/?page_id=17438\"><div class=\"swiper-slide-contents\"><div class=\"elementor-slide-heading\">Yuno Kontur<\/div><\/div><\/a><\/div>\t\t\t\t<\/div>\n\t\t\t\t\t\t\t<\/div>\n\t\t\t\t\t\t\t\t<\/div>\n\t\t\t\t<\/div>\n\t\t<div class=\"elementor-element elementor-element-bcb6c24 e-con-full e-flex e-con e-child\" data-id=\"bcb6c24\" data-element_type=\"container\" data-e-type=\"container\">\n\t\t\t\t<div class=\"elementor-element elementor-element-059d073 elementor-widget__width-initial elementor-widget elementor-widget-heading\" data-id=\"059d073\" data-element_type=\"widget\" data-e-type=\"widget\" data-widget_type=\"heading.default\">\n\t\t\t\t\t<h3 class=\"elementor-heading-title elementor-size-default\">Design mit Sorgfalt<\/h3>\t\t\t\t<\/div>\n\t\t\t\t<div class=\"elementor-element elementor-element-2b82dd1 elementor-widget__width-initial elementor-widget elementor-widget-text-editor\" data-id=\"2b82dd1\" data-element_type=\"widget\" data-e-type=\"widget\" data-widget_type=\"text-editor.default\">\n\t\t\t\t\t\t\t\t\t<p>Der Designprozess beginnt mit einer einfachen Skizze und durchl\u00e4uft eine sorgf\u00e4ltig entwickelte Phase. Zun\u00e4chst werden Prototypen aus MDF gefertigt, gefolgt von 3D-Drucken zur praktischen \u00dcberpr\u00fcfung von Form und Funktion. Diese Methode erm\u00f6glicht pr\u00e4zise Anpassungen, bevor mit dem Guss der endg\u00fcltigen Muster begonnen wird. Jede Version wird sorgf\u00e4ltig bewertet, um sicherzustellen, dass das Endprodukt unseren hohen Anforderungen an Haltbarkeit und Langlebigkeit entspricht.<\/p><p>Dieser gr\u00fcndliche Prozess verdeutlicht Copenhagen Baths Engagement f\u00fcr Qualit\u00e4t und stellt sicher, dass jedes Badezimmerprodukt nicht nur die \u00c4sthetik des Raumes verst\u00e4rkt, sondern auch seine Haltbarkeit und Relevanz im Laufe der Zeit bewahrt \u2013 sowohl im Design als auch in der Funktion. Nach bestandener Qualit\u00e4tskontrolle werden die Designs schlie\u00dflich auf den Markt gebracht und sind bereit, jedes Badezimmer auf ein neues Niveau zu heben.<\/p>\t\t\t\t\t\t\t\t<\/div>\n\t\t\t\t<div class=\"elementor-element elementor-element-43f2b1b elementor-align-center elementor-widget elementor-widget-button\" data-id=\"43f2b1b\" data-element_type=\"widget\" data-e-type=\"widget\" data-widget_type=\"button.default\">\n\t\t\t\t\t\t\t\t\t\t<a class=\"elementor-button elementor-button-link elementor-size-sm\" href=\"https:\/\/copenhagenbath.com\/de_at\/?page_id=17438\">\n\t\t\t\t\t\t<span class=\"elementor-button-content-wrapper\">\n\t\t\t\t\t\t\t\t\t<span class=\"elementor-button-text\">Yuno Kontur collection<\/span>\n\t\t\t\t\t<\/span>\n\t\t\t\t\t<\/a>\n\t\t\t\t\t\t\t\t<\/div>\n\t\t\t\t<\/div>\n\t\t\t\t<\/div>\n\t\t<div class=\"elementor-element elementor-element-63989b3 e-con-full e-flex e-con e-parent\" data-id=\"63989b3\" data-element_type=\"container\" data-e-type=\"container\" data-settings=\"{&quot;background_background&quot;:&quot;classic&quot;}\">\n\t\t<div class=\"elementor-element elementor-element-17f1e2b e-con-full e-flex e-con e-child\" data-id=\"17f1e2b\" data-element_type=\"container\" data-e-type=\"container\" data-settings=\"{&quot;background_background&quot;:&quot;classic&quot;}\">\n\t\t\t\t<div class=\"elementor-element elementor-element-da962ba elementor-widget__width-initial elementor-widget elementor-widget-text-editor\" data-id=\"da962ba\" data-element_type=\"widget\" data-e-type=\"widget\" data-widget_type=\"text-editor.default\">\n\t\t\t\t\t\t\t\t\t<div class=\"page\" title=\"Page 13\"><div class=\"section\"><div class=\"layoutArea\"><div class=\"column\"><div class=\"column\"><p>Wir sind leidenschaftlich darum bem\u00fcht, die Kopenhagener Designtradition wiederzubeleben und arbeiten mit einer neuen Generation von Designern und Handwerkern zusammen.<\/p><\/div><\/div><\/div><\/div><\/div>\t\t\t\t\t\t\t\t<\/div>\n\t\t\t\t<\/div>\n\t\t\t\t<\/div>\n\t\t<div class=\"elementor-element elementor-element-4c970bb e-con-full e-flex e-con e-parent\" data-id=\"4c970bb\" data-element_type=\"container\" data-e-type=\"container\" data-settings=\"{&quot;background_background&quot;:&quot;classic&quot;}\">\n\t\t<div class=\"elementor-element elementor-element-af40e56 e-con-full e-flex e-con e-child\" data-id=\"af40e56\" data-element_type=\"container\" data-e-type=\"container\">\n\t\t\t\t<div class=\"elementor-element elementor-element-9a20f28 fullwidthimage elementor-widget elementor-widget-image\" data-id=\"9a20f28\" data-element_type=\"widget\" data-e-type=\"widget\" id=\"Mikal-Harrsen\" data-widget_type=\"image.default\">\n\t\t\t\t\t\t\t\t\t\t\t\t\t\t\t\t<a href=\"\/de_at\/our-designers\/#Mikal-Harrsen\">\n\t\t\t\t\t\t\t<img decoding=\"async\" width=\"642\" height=\"642\" src=\"https:\/\/copenhagenbath.com\/wp-content\/uploads\/2024\/07\/mikal-harrsen-e1738000768858.jpg\" class=\"attachment-large size-large wp-image-1910\" alt=\"Mikal Harrsen design - Bathtub and basins\" srcset=\"https:\/\/copenhagenbath.com\/wp-content\/uploads\/2024\/07\/mikal-harrsen-e1738000768858.jpg 642w, https:\/\/copenhagenbath.com\/wp-content\/uploads\/2024\/07\/mikal-harrsen-e1738000768858-150x150.jpg 150w, https:\/\/copenhagenbath.com\/wp-content\/uploads\/2024\/07\/mikal-harrsen-e1738000768858-300x300.jpg 300w, https:\/\/copenhagenbath.com\/wp-content\/uploads\/2024\/07\/mikal-harrsen-e1738000768858-600x600.jpg 600w, https:\/\/copenhagenbath.com\/wp-content\/uploads\/2024\/07\/mikal-harrsen-e1738000768858-100x100.jpg 100w\" sizes=\"(max-width: 642px) 100vw, 642px\" \/>\t\t\t\t\t\t\t\t<\/a>\n\t\t\t\t\t\t\t\t\t\t\t\t\t\t\t<\/div>\n\t\t\t\t<\/div>\n\t\t<div class=\"elementor-element elementor-element-83e79a9 e-con-full e-flex e-con e-child\" data-id=\"83e79a9\" data-element_type=\"container\" data-e-type=\"container\">\n\t\t\t\t<div class=\"elementor-element elementor-element-9823049 fullwidthimage elementor-widget elementor-widget-image\" data-id=\"9823049\" data-element_type=\"widget\" data-e-type=\"widget\" id=\"Johannes-Torpe\" data-widget_type=\"image.default\">\n\t\t\t\t\t\t\t\t\t\t\t\t\t\t\t\t<a href=\"\/de_at\/our-designers\/#Johannes-Torpe\">\n\t\t\t\t\t\t\t<img decoding=\"async\" width=\"900\" height=\"900\" src=\"https:\/\/copenhagenbath.com\/wp-content\/uploads\/2025\/01\/3bb7046d6fe801285ddd3ff5dc645704b8efe488.jpg\" class=\"attachment-large size-large wp-image-18957\" alt=\"Atelier Johannes Torpe\" srcset=\"https:\/\/copenhagenbath.com\/wp-content\/uploads\/2025\/01\/3bb7046d6fe801285ddd3ff5dc645704b8efe488.jpg 900w, https:\/\/copenhagenbath.com\/wp-content\/uploads\/2025\/01\/3bb7046d6fe801285ddd3ff5dc645704b8efe488-300x300.jpg 300w, https:\/\/copenhagenbath.com\/wp-content\/uploads\/2025\/01\/3bb7046d6fe801285ddd3ff5dc645704b8efe488-150x150.jpg 150w, https:\/\/copenhagenbath.com\/wp-content\/uploads\/2025\/01\/3bb7046d6fe801285ddd3ff5dc645704b8efe488-768x768.jpg 768w, https:\/\/copenhagenbath.com\/wp-content\/uploads\/2025\/01\/3bb7046d6fe801285ddd3ff5dc645704b8efe488-600x600.jpg 600w, https:\/\/copenhagenbath.com\/wp-content\/uploads\/2025\/01\/3bb7046d6fe801285ddd3ff5dc645704b8efe488-100x100.jpg 100w\" sizes=\"(max-width: 900px) 100vw, 900px\" \/>\t\t\t\t\t\t\t\t<\/a>\n\t\t\t\t\t\t\t\t\t\t\t\t\t\t\t<\/div>\n\t\t\t\t<\/div>\n\t\t<div class=\"elementor-element elementor-element-d0254c3 e-con-full e-flex e-con e-child\" data-id=\"d0254c3\" data-element_type=\"container\" data-e-type=\"container\" id=\"Yuno\">\n\t\t\t\t<div class=\"elementor-element elementor-element-82baa24 fullwidthimage elementor-widget elementor-widget-image\" data-id=\"82baa24\" data-element_type=\"widget\" data-e-type=\"widget\" id=\"Yuno\" data-widget_type=\"image.default\">\n\t\t\t\t\t\t\t\t\t\t\t\t\t\t\t\t<a href=\"\/de_at\/our-designers\/#Yuno\">\n\t\t\t\t\t\t\t<img decoding=\"async\" width=\"1024\" height=\"1024\" src=\"https:\/\/copenhagenbath.com\/wp-content\/uploads\/2024\/09\/Yuno-Design-e1738000935159-1024x1024.jpg\" class=\"attachment-large size-large wp-image-6041\" alt=\"YUNO Design Studio - Designer of Bathrooms\" srcset=\"https:\/\/copenhagenbath.com\/wp-content\/uploads\/2024\/09\/Yuno-Design-e1738000935159-1024x1024.jpg 1024w, https:\/\/copenhagenbath.com\/wp-content\/uploads\/2024\/09\/Yuno-Design-e1738000935159-300x300.jpg 300w, https:\/\/copenhagenbath.com\/wp-content\/uploads\/2024\/09\/Yuno-Design-e1738000935159-150x150.jpg 150w, https:\/\/copenhagenbath.com\/wp-content\/uploads\/2024\/09\/Yuno-Design-e1738000935159-768x768.jpg 768w, https:\/\/copenhagenbath.com\/wp-content\/uploads\/2024\/09\/Yuno-Design-e1738000935159-600x600.jpg 600w, https:\/\/copenhagenbath.com\/wp-content\/uploads\/2024\/09\/Yuno-Design-e1738000935159-100x100.jpg 100w, https:\/\/copenhagenbath.com\/wp-content\/uploads\/2024\/09\/Yuno-Design-e1738000935159.jpg 1333w\" sizes=\"(max-width: 1024px) 100vw, 1024px\" \/>\t\t\t\t\t\t\t\t<\/a>\n\t\t\t\t\t\t\t\t\t\t\t\t\t\t\t<\/div>\n\t\t\t\t<\/div>\n\t\t<div class=\"elementor-element elementor-element-d3a1672 e-con-full e-flex e-con e-child\" data-id=\"d3a1672\" data-element_type=\"container\" data-e-type=\"container\">\n\t\t\t\t<div class=\"elementor-element elementor-element-31954cf elementor-hidden-mobile elementor-widget elementor-widget-text-editor\" data-id=\"31954cf\" data-element_type=\"widget\" data-e-type=\"widget\" data-widget_type=\"text-editor.default\">\n\t\t\t\t\t\t\t\t\t<p>Together, we merge the legacy of Copenhagen design with fresh perspectives, creating products that honour the past while embracing the future. This collaboration allows us to continue Copenhagen&#8217;s proud heritage of exceptional craftsmanship, bringing a renewed sense of artistry and sophistication to contemporary spaces.<\/p>\t\t\t\t\t\t\t\t<\/div>\n\t\t\t\t<div class=\"elementor-element elementor-element-a0bdbc8 elementor-align-left elementor-widget__width-inherit elementor-widget elementor-widget-button\" data-id=\"a0bdbc8\" data-element_type=\"widget\" data-e-type=\"widget\" data-widget_type=\"button.default\">\n\t\t\t\t\t\t\t\t\t\t<a class=\"elementor-button elementor-button-link elementor-size-sm\" href=\"https:\/\/copenhagenbath.com\/de_at\/?page_id=27034\">\n\t\t\t\t\t\t<span class=\"elementor-button-content-wrapper\">\n\t\t\t\t\t\t\t\t\t<span class=\"elementor-button-text\">Meet our designers<\/span>\n\t\t\t\t\t<\/span>\n\t\t\t\t\t<\/a>\n\t\t\t\t\t\t\t\t<\/div>\n\t\t\t\t<\/div>\n\t\t\t\t<\/div>\n\t\t\t\t<\/div>","protected":false},"excerpt":{"rendered":"<p>Craftsmanship and design Every product we create is shaped by skilled hands, blending traditional techniques with modern innovation. Copenhagen Bath is renowned for its meticulous approach to design, ensuring that each product meets the highest standards of quality and aesthetics. The selection process begins with international designers, whose creative visions are translated into tangible products. [&hellip;]<\/p>","protected":false},"author":12,"featured_media":0,"parent":0,"menu_order":0,"comment_status":"closed","ping_status":"closed","template":"","meta":{"footnotes":""},"class_list":["post-23358","page","type-page","status-publish","hentry"],"_links":{"self":[{"href":"https:\/\/copenhagenbath.com\/de_at\/wp-json\/wp\/v2\/pages\/23358","targetHints":{"allow":["GET"]}}],"collection":[{"href":"https:\/\/copenhagenbath.com\/de_at\/wp-json\/wp\/v2\/pages"}],"about":[{"href":"https:\/\/copenhagenbath.com\/de_at\/wp-json\/wp\/v2\/types\/page"}],"author":[{"embeddable":true,"href":"https:\/\/copenhagenbath.com\/de_at\/wp-json\/wp\/v2\/users\/12"}],"replies":[{"embeddable":true,"href":"https:\/\/copenhagenbath.com\/de_at\/wp-json\/wp\/v2\/comments?post=23358"}],"version-history":[{"count":374,"href":"https:\/\/copenhagenbath.com\/de_at\/wp-json\/wp\/v2\/pages\/23358\/revisions"}],"predecessor-version":[{"id":36269,"href":"https:\/\/copenhagenbath.com\/de_at\/wp-json\/wp\/v2\/pages\/23358\/revisions\/36269"}],"wp:attachment":[{"href":"https:\/\/copenhagenbath.com\/de_at\/wp-json\/wp\/v2\/media?parent=23358"}],"curies":[{"name":"wp","href":"https:\/\/api.w.org\/{rel}","templated":true}]}}