{"id":30633,"date":"2025-04-29T07:53:19","date_gmt":"2025-04-29T07:53:19","guid":{"rendered":"https:\/\/wp.copenhagenbath.com\/?page_id=30633"},"modified":"2025-04-29T08:07:40","modified_gmt":"2025-04-29T08:07:40","slug":"privacy-policy","status":"publish","type":"page","link":"https:\/\/copenhagenbath.com\/de_at\/privacy-policy\/","title":{"rendered":"Datenschutzbestimmungen"},"content":{"rendered":"<div data-elementor-type=\"wp-page\" data-elementor-id=\"30633\" class=\"elementor elementor-30633\" data-elementor-post-type=\"page\">\n\t\t\t\t<div class=\"elementor-element elementor-element-ae8b9d1 e-flex e-con-boxed e-con e-parent\" data-id=\"ae8b9d1\" data-element_type=\"container\" data-e-type=\"container\" data-settings=\"{&quot;background_background&quot;:&quot;classic&quot;}\">\n\t\t\t\t\t<div class=\"e-con-inner\">\n\t\t<div class=\"elementor-element elementor-element-812ab9d e-con-full e-flex e-con e-child\" data-id=\"812ab9d\" data-element_type=\"container\" data-e-type=\"container\">\n\t\t\t\t<div class=\"elementor-element elementor-element-485cb8b elementor-widget__width-initial elementor-widget elementor-widget-heading\" data-id=\"485cb8b\" data-element_type=\"widget\" data-e-type=\"widget\" data-widget_type=\"heading.default\">\n\t\t\t\t\t<h1 class=\"elementor-heading-title elementor-size-default\">Datenschutzbestimmungen<\/h1>\t\t\t\t<\/div>\n\t\t\t\t<div class=\"elementor-element elementor-element-acbeba8 elementor-widget__width-initial elementor-widget elementor-widget-text-editor\" data-id=\"acbeba8\" data-element_type=\"widget\" data-e-type=\"widget\" data-widget_type=\"text-editor.default\">\n\t\t\t\t\t\t\t\t\t<p>Diese Datenschutzrichtlinie wurde erstellt, um denjenigen, die sich Sorgen dar\u00fcber machen, wie ihre \"pers\u00f6nlich identifizierbaren Informationen\" (PII) online verwendet werden, besser zu helfen. PII, wie in den US-Datenschutzgesetzen und der Informationssicherheit beschrieben, sind Informationen, die allein oder zusammen mit anderen Informationen verwendet werden k\u00f6nnen, um eine einzelne Person zu identifizieren, zu kontaktieren oder ausfindig zu machen, oder um eine Person im Kontext zu identifizieren. Bitte lesen Sie unsere Datenschutzrichtlinien sorgf\u00e4ltig durch, um sich ein klares Bild davon zu machen, wie wir Ihre personenbezogenen Daten in \u00dcbereinstimmung mit unserer Website erfassen, verwenden, sch\u00fctzen oder anderweitig behandeln.<\/p><p><strong>Welche pers\u00f6nlichen Daten sammeln wir von den Besuchern unserer Website?<\/strong><\/p><p>Bei der Bestellung oder Registrierung auf unserer Website werden Sie gegebenenfalls aufgefordert, Ihren Namen, Ihre E-Mail-Adresse, Ihre Postanschrift, Ihre Telefonnummer oder andere Angaben einzugeben, die Ihnen bei der Nutzung unserer Website helfen.<\/p><p><strong>Wann sammeln wir Informationen? <\/strong><\/p><p>Wir sammeln Informationen von Ihnen, wenn Sie eine Bestellung aufgeben oder Informationen auf unserer Website eingeben.<\/p><p><strong>Wie verwenden wir Ihre Informationen?\u00a0<\/strong><\/p><p>Wir k\u00f6nnen die Informationen, die wir von Ihnen sammeln, wenn Sie sich registrieren, einen Kauf t\u00e4tigen, sich f\u00fcr unseren Newsletter anmelden, auf eine Umfrage oder Marketingmitteilung antworten, auf der Website surfen oder bestimmte andere Funktionen der Website nutzen, wie folgt verwenden:<\/p><p>Um Ihre Transaktionen schnell zu bearbeiten.<\/p><p><strong>Wie sch\u00fctzen wir Ihre Daten? <\/strong><\/p><p>Wir verwenden keine Schwachstellenscans und\/oder Scans nach PCI-Standards.<\/p><p>Ein externes PCI-konformes Zahlungs-Gateway wickelt alle CC-Transaktionen ab.<\/p><p>Wir verwenden regelm\u00e4\u00dfige Malware-Scans.<\/p><p>Ihre pers\u00f6nlichen Daten befinden sich hinter gesicherten Netzen und sind nur einer begrenzten Anzahl von Personen zug\u00e4nglich, die \u00fcber besondere Zugangsrechte zu diesen Systemen verf\u00fcgen und zur Geheimhaltung der Daten verpflichtet sind. Dar\u00fcber hinaus werden alle sensiblen Daten und Kreditinformationen, die Sie uns zur Verf\u00fcgung stellen, mit der Secure Socket Layer (SSL)-Technologie verschl\u00fcsselt.<\/p><p>Wir setzen eine Vielzahl von Sicherheitsma\u00dfnahmen ein, wenn ein Nutzer eine Bestellung aufgibt, um die Sicherheit Ihrer pers\u00f6nlichen Daten zu gew\u00e4hrleisten.<\/p><p>Alle Transaktionen werden \u00fcber einen Zahlungsdienstleister abgewickelt und weder auf unseren Servern gespeichert noch verarbeitet.<\/p><p><strong>Do we use \u2018cookies\u2019?\u00a0<\/strong><\/p><p>Cookies sind kleine Dateien, die eine Website oder ihr Dienstanbieter \u00fcber Ihren Webbrowser (sofern Sie dies zulassen) auf die Festplatte Ihres Computers \u00fcbertr\u00e4gt. Dadurch kann das System der Website oder des Dienstanbieters Ihren Browser erkennen und bestimmte Informationen speichern. Zum Beispiel verwenden wir Cookies, um uns an die Artikel in Ihrem Warenkorb zu erinnern und diese zu verarbeiten. Sie helfen uns auch dabei, Ihre Pr\u00e4ferenzen auf Grundlage fr\u00fcherer oder aktueller Aktivit\u00e4ten auf der Website zu verstehen, damit wir Ihnen verbesserte Dienste anbieten k\u00f6nnen. Zudem verwenden wir Cookies, um aggregierte Daten \u00fcber den Website-Traffic und die Interaktionen auf der Seite zu sammeln, um zuk\u00fcnftige Website-Erlebnisse und Tools zu optimieren.<\/p><p><strong>Wir verwenden Cookies um:<\/strong><\/p><p>Verstehen und speichern Sie die Pr\u00e4ferenzen der Nutzer f\u00fcr zuk\u00fcnftige Besuche.<\/p><p>You can choose to have your computer warn you each time a cookie is being sent, or you can choose to turn off all cookies. You do this through your browser settings. Since browser is a little different, look at your browser\u2019s Help Menu to learn the correct way to modify your cookies.<\/p><p>If you turn cookies off, It won\u2019t affect the user\u2019s experience .<\/p><p><strong>Third-party disclosure <\/strong><\/p><p>We do not sell, trade, or otherwise transfer to outside parties your Personally Identifiable Information.<\/p><p><strong>Third-party links <\/strong><\/p><p>We do not include or offer third-party products or services on our website.<\/p><p><strong>Google <\/strong><\/p><p>Google\u2019s advertising requirements can be summed up by Google\u2019s Advertising Principles. They are put in place to provide a positive experience for users. https:\/\/support.google.com\/adwordspolicy\/answer\/1316548?hl=en<\/p><p>We have not enabled Google AdSense on our site but we may do so in the future.<\/p><p><strong>California Online Privacy Protection Act <\/strong><\/p><p>CalOPPA is the first state law in the nation to require commercial websites and online services to post a privacy policy. The law\u2019s reach stretches well beyond California to require any person or company in the United States (and conceivably the world) that operates websites collecting Personally Identifiable Information from California consumers to post a conspicuous privacy policy on its website stating exactly the information being collected and those individuals or companies with whom it is being shared. &#8211; See more at: http:\/\/consumercal.org\/california-online-privacy-protection-act-caloppa\/#sthash.0FdRbT51.dpuf<\/p><p><strong>WWW<\/strong><\/p><p>According to CalOPPA, we agree to the following:<\/p><p>Users can visit our site anonymously.<\/p><p>Once this privacy policy is created, we will add a link to it on our home page or as a minimum, on the first significant page after entering our website.<\/p><p>Our Privacy Policy link includes the word \u2018Privacy\u2019 and can easily be found on the page specified above.<\/p><p><strong>You will be notified of any Privacy Policy changes:<\/strong><\/p><p>On our Privacy Policy Page<\/p><p><strong>Can change your personal information:<\/strong><\/p><ul><li>By emailing usBy calling us<\/li><li>By logging in to your account<\/li><li>By chatting with us or by sending us a support ticket<\/li><\/ul><p><strong>How does our site handle Do Not Track signals? <\/strong><\/p><p>We honor Do Not Track signals and Do Not Track, plant cookies, or use advertising when a Do Not Track (DNT) browser mechanism is in place.<\/p><p><strong>Does our site allow third-party behavioral tracking? <\/strong><\/p><p>It\u2019s also important to note that we do not allow third-party behavioral tracking<\/p><p><strong>COPPA (Children Online Privacy Protection Act) <\/strong><\/p><p>When it comes to the collection of personal information from children under the age of 13 years old, the Children\u2019s Online Privacy Protection Act (COPPA) puts parents in control. The Federal Trade Commission, United States\u2019 consumer protection agency, enforces the COPPA Rule, which spells out what operators of websites and online services must do to protect children\u2019s privacy and safety online.<\/p><p>We do not specifically market to children under the age of 13 years old.<\/p><p><strong>Fair Information Practices <\/strong><\/p><p>The Fair Information Practices Principles form the backbone of privacy law in the United States and the concepts they include have played a significant role in the development of data protection laws around the globe. Understanding the Fair Information Practice Principles and how they should be implemented is critical to comply with the various privacy laws that protect personal information.<\/p><p>In order to be in line with Fair Information Practices we will take the following responsive action, should a data breach occur:<\/p><p><strong>We will notify you via email<\/strong><\/p><p>Within 7 business days<\/p><p>We also agree to the Individual Redress Principle which requires that individuals have the right to legally pursue enforceable rights against data collectors and processors who fail to adhere to the law. This principle requires not only that individuals have enforceable rights against data users, but also that individuals have recourse to courts or government agencies to investigate and\/or prosecute non-compliance by data processors.<\/p><p><strong>CAN SPAM Act <\/strong><\/p><p>The CAN-SPAM Act is a law that sets the rules for commercial email, establishes requirements for commercial messages, gives recipients the right to have emails stopped from being sent to them, and spells out tough penalties for violations.<\/p><p><strong>We collect your email address in order to:<\/strong><\/p><ul><li>Process orders and to send information and updates pertaining to orders.<\/li><li>Send you additional information related to your product and\/or service<\/li><\/ul><p><strong>To be in accordance with CANSPAM, we agree to the following:<\/strong><\/p><ul><li>Not use false or misleading subjects or email addresses.<\/li><li>Identify the message as an advertisement in some reasonable way.<\/li><li>Include the physical address of our business or site headquarters.<\/li><li>\u2022 Monitor third-party email marketing services for compliance, if one is used.<\/li><li>Honor opt-out\/unsubscribe requests quickly.<\/li><li>Allow users to unsubscribe by using the link at the bottom of each email.<\/li><\/ul><p>If at any time you would like to unsubscribe from receiving future emails, you can email us at<\/p><p>Follow the instructions at the bottom of each email.<\/p><p>and we will promptly remove you from ALL correspondence.<\/p><p><strong>Contacting Us <\/strong><\/p><p>If there are any questions regarding this privacy policy, you may contact us using the information below.<\/p><p><strong>Kopenhagener Bad<\/strong><br \/>B\u00e6kkeskovvej 25<br \/>2665 Vallensb\u00e6k Strand<br \/>Denmark<\/p><p>contact@copenhagenbath.com<\/p>\t\t\t\t\t\t\t\t<\/div>\n\t\t\t\t<\/div>\n\t\t\t\t\t<\/div>\n\t\t\t\t<\/div>\n\t\t\t\t<\/div>","protected":false},"excerpt":{"rendered":"<p>Privacy Policy This privacy policy has been compiled to better serve those who are concerned with how their \u2018Personally Identifiable Information\u2019 (PII) is being used online. PII, as described in US privacy law and information security, is information that can be used on its own or with other information to identify, contact, or locate a [&hellip;]<\/p>","protected":false},"author":12,"featured_media":0,"parent":0,"menu_order":0,"comment_status":"closed","ping_status":"closed","template":"","meta":{"footnotes":""},"class_list":["post-30633","page","type-page","status-publish","hentry"],"_links":{"self":[{"href":"https:\/\/copenhagenbath.com\/de_at\/wp-json\/wp\/v2\/pages\/30633","targetHints":{"allow":["GET"]}}],"collection":[{"href":"https:\/\/copenhagenbath.com\/de_at\/wp-json\/wp\/v2\/pages"}],"about":[{"href":"https:\/\/copenhagenbath.com\/de_at\/wp-json\/wp\/v2\/types\/page"}],"author":[{"embeddable":true,"href":"https:\/\/copenhagenbath.com\/de_at\/wp-json\/wp\/v2\/users\/12"}],"replies":[{"embeddable":true,"href":"https:\/\/copenhagenbath.com\/de_at\/wp-json\/wp\/v2\/comments?post=30633"}],"version-history":[{"count":13,"href":"https:\/\/copenhagenbath.com\/de_at\/wp-json\/wp\/v2\/pages\/30633\/revisions"}],"predecessor-version":[{"id":30684,"href":"https:\/\/copenhagenbath.com\/de_at\/wp-json\/wp\/v2\/pages\/30633\/revisions\/30684"}],"wp:attachment":[{"href":"https:\/\/copenhagenbath.com\/de_at\/wp-json\/wp\/v2\/media?parent=30633"}],"curies":[{"name":"wp","href":"https:\/\/api.w.org\/{rel}","templated":true}]}}