{"id":30654,"date":"2025-04-29T08:00:36","date_gmt":"2025-04-29T08:00:36","guid":{"rendered":"https:\/\/wp.copenhagenbath.com\/?page_id=30654"},"modified":"2025-04-29T08:07:11","modified_gmt":"2025-04-29T08:07:11","slug":"cookie-richtlinie","status":"publish","type":"page","link":"https:\/\/copenhagenbath.com\/de_ch\/cookie-richtlinie\/","title":{"rendered":"Cookie-Richtlinie"},"content":{"rendered":"<div data-elementor-type=\"wp-page\" data-elementor-id=\"30654\" class=\"elementor elementor-30654\" data-elementor-post-type=\"page\">\n\t\t\t\t<div class=\"elementor-element elementor-element-ae8b9d1 e-flex e-con-boxed e-con e-parent\" data-id=\"ae8b9d1\" data-element_type=\"container\" data-e-type=\"container\" data-settings=\"{&quot;background_background&quot;:&quot;classic&quot;}\">\n\t\t\t\t\t<div class=\"e-con-inner\">\n\t\t<div class=\"elementor-element elementor-element-812ab9d e-con-full e-flex e-con e-child\" data-id=\"812ab9d\" data-element_type=\"container\" data-e-type=\"container\">\n\t\t\t\t<div class=\"elementor-element elementor-element-485cb8b elementor-widget__width-initial elementor-widget elementor-widget-heading\" data-id=\"485cb8b\" data-element_type=\"widget\" data-e-type=\"widget\" data-widget_type=\"heading.default\">\n\t\t\t\t\t<h1 class=\"elementor-heading-title elementor-size-default\">Cookie-Richtlinie<\/h1>\t\t\t\t<\/div>\n\t\t\t\t<div class=\"elementor-element elementor-element-acbeba8 elementor-widget__width-initial elementor-widget elementor-widget-text-editor\" data-id=\"acbeba8\" data-element_type=\"widget\" data-e-type=\"widget\" data-widget_type=\"text-editor.default\">\n\t\t\t\t\t\t\t\t\t<p>Wir verwenden Cookies auf unserer Website. Durch die Nutzung unserer Website erkl\u00e4ren Sie sich mit der Verwendung von Cookies einverstanden.<\/p><p>In unserer Cookie-Richtlinie wird erkl\u00e4rt, was Cookies sind, wie wir Cookies verwenden, wie Dritte, mit denen wir m\u00f6glicherweise zusammenarbeiten, Cookies verwenden, welche M\u00f6glichkeiten Sie in Bezug auf Cookies haben und wie Sie weitere Informationen \u00fcber Cookies erhalten.<\/p><p><strong>Was sind Cookies?<\/strong><\/p><p>Cookies sind kleine Textdateien, die von einer von Ihnen besuchten Website an Ihren Webbrowser gesendet werden. Eine Cookie-Datei wird in Ihrem Webbrowser gespeichert und erm\u00f6glicht es dem Dienst oder einem Dritten, Sie zu erkennen und Ihren n\u00e4chsten Besuch zu erleichtern und den Dienst f\u00fcr Sie n\u00fctzlicher zu machen.<\/p><p>Cookies k\u00f6nnen \"dauerhafte\" oder \"Sitzungs\"-Cookies sein.<\/p><p><strong>Wie wir Cookies verwenden<\/strong><\/p><p>Wenn Sie unsere Website nutzen und darauf zugreifen, k\u00f6nnen wir eine Reihe von Cookie-Dateien in Ihrem Webbrowser ablegen.<\/p><p>Wir verwenden Cookies f\u00fcr folgende Zwecke: um bestimmte Funktionen unserer Website zu erm\u00f6glichen, um Analysen zu erstellen und um Ihre Pr\u00e4ferenzen zu speichern.<\/p><p>Wir verwenden auf unserer Website sowohl Sitzungscookies als auch dauerhafte Cookies und wir verwenden verschiedene Arten von Cookies, um unsere Website zu betreiben:<\/p><p>- Wesentliche Cookies. Wir k\u00f6nnen wesentliche Cookies verwenden, um Benutzer zu authentifizieren und die betr\u00fcgerische Nutzung von Benutzerkonten zu verhindern.<\/p><p><strong>Cookies von Dritten<\/strong><\/p><p>Zus\u00e4tzlich zu unseren eigenen Cookies k\u00f6nnen wir auch verschiedene Cookies von Drittanbietern verwenden, um Nutzungsstatistiken f\u00fcr unsere Website zu erstellen.<\/p><p><strong>Welche M\u00f6glichkeiten haben Sie in Bezug auf Cookies?<\/strong><\/p><p>Wenn Sie Cookies l\u00f6schen oder Ihren Webbrowser anweisen m\u00f6chten, Cookies zu l\u00f6schen oder abzulehnen, besuchen Sie bitte die Hilfeseiten Ihres Webbrowsers.<\/p><p>Bitte beachten Sie jedoch, dass Sie, wenn Sie Cookies l\u00f6schen oder ablehnen, m\u00f6glicherweise nicht alle von uns angebotenen Funktionen nutzen k\u00f6nnen, dass Sie m\u00f6glicherweise Ihre Einstellungen nicht speichern k\u00f6nnen und dass einige unserer Seiten m\u00f6glicherweise nicht richtig angezeigt werden.<\/p><p>Wo k\u00f6nnen Sie weitere Informationen \u00fcber Cookies finden?<\/p><p>Sie k\u00f6nnen mehr \u00fcber Cookies und die folgenden Websites Dritter erfahren:<\/p><p>AllAboutCookies: http:\/\/www.allaboutcookies.org\/<br \/>Initiative f\u00fcr Netzwerkwerbung: http:\/\/www.networkadvertising.org\/<\/p>\t\t\t\t\t\t\t\t<\/div>\n\t\t\t\t<\/div>\n\t\t\t\t\t<\/div>\n\t\t\t\t<\/div>\n\t\t\t\t<\/div>","protected":false},"excerpt":{"rendered":"<p>Cookie Policy We use cookies on our website. By using our website, you consent to the use of cookies. Our Cookies Policy explains what cookies are, how we use cookies, how third-parties we may partner with may use the cookies, your choices regarding cookies and further information about cookies. What are cookies Cookies are small [&hellip;]<\/p>","protected":false},"author":12,"featured_media":0,"parent":0,"menu_order":0,"comment_status":"closed","ping_status":"closed","template":"","meta":{"footnotes":""},"class_list":["post-30654","page","type-page","status-publish","hentry"],"_links":{"self":[{"href":"https:\/\/copenhagenbath.com\/de_ch\/wp-json\/wp\/v2\/pages\/30654","targetHints":{"allow":["GET"]}}],"collection":[{"href":"https:\/\/copenhagenbath.com\/de_ch\/wp-json\/wp\/v2\/pages"}],"about":[{"href":"https:\/\/copenhagenbath.com\/de_ch\/wp-json\/wp\/v2\/types\/page"}],"author":[{"embeddable":true,"href":"https:\/\/copenhagenbath.com\/de_ch\/wp-json\/wp\/v2\/users\/12"}],"replies":[{"embeddable":true,"href":"https:\/\/copenhagenbath.com\/de_ch\/wp-json\/wp\/v2\/comments?post=30654"}],"version-history":[{"count":7,"href":"https:\/\/copenhagenbath.com\/de_ch\/wp-json\/wp\/v2\/pages\/30654\/revisions"}],"predecessor-version":[{"id":30681,"href":"https:\/\/copenhagenbath.com\/de_ch\/wp-json\/wp\/v2\/pages\/30654\/revisions\/30681"}],"wp:attachment":[{"href":"https:\/\/copenhagenbath.com\/de_ch\/wp-json\/wp\/v2\/media?parent=30654"}],"curies":[{"name":"wp","href":"https:\/\/api.w.org\/{rel}","templated":true}]}}