{"id":27812,"date":"2025-04-01T13:21:53","date_gmt":"2025-04-01T13:21:53","guid":{"rendered":"https:\/\/wp.copenhagenbath.com\/?page_id=27812"},"modified":"2025-07-25T14:44:12","modified_gmt":"2025-07-25T14:44:12","slug":"time-for-you","status":"publish","type":"page","link":"https:\/\/copenhagenbath.com\/fi\/time-for-you\/","title":{"rendered":"Time for You"},"content":{"rendered":"<div data-elementor-type=\"wp-page\" data-elementor-id=\"27812\" class=\"elementor elementor-27812\" data-elementor-post-type=\"page\">\n\t\t\t\t<div class=\"elementor-element elementor-element-ba9d5ad e-con-full e-flex e-con e-parent\" data-id=\"ba9d5ad\" data-element_type=\"container\" data-e-type=\"container\" data-settings=\"{&quot;background_background&quot;:&quot;classic&quot;}\">\n\t\t<div class=\"elementor-element elementor-element-da0303c e-con-full e-flex e-con e-child\" data-id=\"da0303c\" data-element_type=\"container\" data-e-type=\"container\">\n\t\t\t\t<div class=\"elementor-element elementor-element-aff59cb elementor-widget__width-initial elementor-widget elementor-widget-heading\" data-id=\"aff59cb\" data-element_type=\"widget\" data-e-type=\"widget\" data-widget_type=\"heading.default\">\n\t\t\t\t\t<h1 class=\"elementor-heading-title elementor-size-default\">Time for you<\/h1>\t\t\t\t<\/div>\n\t\t\t\t<div class=\"elementor-element elementor-element-ce2277d elementor-widget__width-initial elementor-widget elementor-widget-text-editor\" data-id=\"ce2277d\" data-element_type=\"widget\" data-e-type=\"widget\" data-widget_type=\"text-editor.default\">\n\t\t\t\t\t\t\t\t\t<p data-pm-slice=\"1 1 []\">Muistatko avokeitti\u00f6iden aallon, joka valtasi kotimme 2000-luvun alussa \u2013 tanskaksi tunnettu nimell\u00e4 \u2019samtalek\u00f8kkener\u2019 eli keskustelukeitti\u00f6t \u2013 tilat, jotka suunniteltiin tuomaan ihmiset yhteen ja tekem\u00e4\u00e4n keitti\u00f6st\u00e4 kodin syd\u00e4n? Kaksi vuosikymment\u00e4 my\u00f6hemmin el\u00e4mme nopeatempoisessa maailmassa, jossa keskustelut ovat lyhyit\u00e4, viestit pikaisia ja identiteetit digitaalisia.<\/p><p data-pm-slice=\"1 1 []\">Sosiaalisten kohtaamisten py\u00f6rteess\u00e4 on yh\u00e4 vaikeampaa rauhoittua ja palautua. Siksi Copenhagen Bath on kehitt\u00e4nyt t\u00e4ydellisen vastal\u00e4\u00e4kkeen keskustelukeitti\u00f6lle.<\/p>\t\t\t\t\t\t\t\t<\/div>\n\t\t\t\t<\/div>\n\t\t<div class=\"elementor-element elementor-element-babcb50 e-con-full e-flex e-con e-child\" data-id=\"babcb50\" data-element_type=\"container\" data-e-type=\"container\">\n\t\t\t\t<div class=\"elementor-element elementor-element-1bbe8c5 elementor-widget elementor-widget-image\" data-id=\"1bbe8c5\" data-element_type=\"widget\" data-e-type=\"widget\" data-widget_type=\"image.default\">\n\t\t\t\t\t\t\t\t\t\t\t\t\t\t\t<img decoding=\"async\" width=\"1440\" height=\"864\" src=\"https:\/\/copenhagenbath.com\/wp-content\/uploads\/2025\/03\/1-31.jpg\" class=\"attachment-2048x2048 size-2048x2048 wp-image-27337\" alt=\"TQ5 Bathtub in Acovi\u00ae solid surface - Designed by Mikal Harrsen\" srcset=\"https:\/\/copenhagenbath.com\/wp-content\/uploads\/2025\/03\/1-31.jpg 1440w, https:\/\/copenhagenbath.com\/wp-content\/uploads\/2025\/03\/1-31-300x180.jpg 300w, https:\/\/copenhagenbath.com\/wp-content\/uploads\/2025\/03\/1-31-1024x614.jpg 1024w, https:\/\/copenhagenbath.com\/wp-content\/uploads\/2025\/03\/1-31-768x461.jpg 768w, https:\/\/copenhagenbath.com\/wp-content\/uploads\/2025\/03\/1-31-600x360.jpg 600w\" sizes=\"(max-width: 1440px) 100vw, 1440px\" \/>\t\t\t\t\t\t\t\t\t\t\t\t\t\t\t<\/div>\n\t\t\t\t<\/div>\n\t\t\t\t<\/div>\n\t\t<div class=\"elementor-element elementor-element-9c55fc3 e-con-full e-flex e-con e-parent\" data-id=\"9c55fc3\" data-element_type=\"container\" data-e-type=\"container\" data-settings=\"{&quot;background_background&quot;:&quot;classic&quot;}\">\n\t\t<div class=\"elementor-element elementor-element-dd52de9 e-con-full e-flex e-con e-child\" data-id=\"dd52de9\" data-element_type=\"container\" data-e-type=\"container\">\n\t\t\t\t<div class=\"elementor-element elementor-element-41bf275 elementor-hidden-mobile elementor-widget elementor-widget-image\" data-id=\"41bf275\" data-element_type=\"widget\" data-e-type=\"widget\" data-widget_type=\"image.default\">\n\t\t\t\t\t\t\t\t\t\t\t\t\t\t\t<img decoding=\"async\" width=\"1536\" height=\"2048\" src=\"https:\/\/copenhagenbath.com\/wp-content\/uploads\/2024\/10\/P4124727-1536x2048.jpg\" class=\"attachment-2048x2048 size-2048x2048 wp-image-11995\" alt=\"\" srcset=\"https:\/\/copenhagenbath.com\/wp-content\/uploads\/2024\/10\/P4124727-1536x2048.jpg 1536w, https:\/\/copenhagenbath.com\/wp-content\/uploads\/2024\/10\/P4124727-225x300.jpg 225w, https:\/\/copenhagenbath.com\/wp-content\/uploads\/2024\/10\/P4124727-768x1024.jpg 768w, https:\/\/copenhagenbath.com\/wp-content\/uploads\/2024\/10\/P4124727-1152x1536.jpg 1152w, https:\/\/copenhagenbath.com\/wp-content\/uploads\/2024\/10\/P4124727-600x800.jpg 600w, https:\/\/copenhagenbath.com\/wp-content\/uploads\/2024\/10\/P4124727-scaled-e1729602969580.jpg 500w\" sizes=\"(max-width: 1536px) 100vw, 1536px\" \/>\t\t\t\t\t\t\t\t\t\t\t\t\t\t\t<\/div>\n\t\t\t\t<\/div>\n\t\t<div class=\"elementor-element elementor-element-67a1fd4 e-con-full e-flex e-con e-child\" data-id=\"67a1fd4\" data-element_type=\"container\" data-e-type=\"container\">\n\t\t\t\t<div class=\"elementor-element elementor-element-2132386 elementor-widget__width-initial elementor-widget elementor-widget-heading\" data-id=\"2132386\" data-element_type=\"widget\" data-e-type=\"widget\" data-widget_type=\"heading.default\">\n\t\t\t\t\t<h2 class=\"elementor-heading-title elementor-size-default\">Kyse on nykyhetken arvostamisesta.<\/h2>\t\t\t\t<\/div>\n\t\t\t\t<div class=\"elementor-element elementor-element-4d68dde elementor-widget__width-initial elementor-widget elementor-widget-text-editor\" data-id=\"4d68dde\" data-element_type=\"widget\" data-e-type=\"widget\" data-widget_type=\"text-editor.default\">\n\t\t\t\t\t\t\t\t\t<p>Kuvittele astuvasi rauhalliseen kylpyhuoneeseen ja laskevasi itsellesi l\u00e4mpim\u00e4n kylvyn. Kun vajoat veteen, lintujen et\u00e4inen laulu yhdistyy lempe\u00e4\u00e4n polkupy\u00f6r\u00e4n kellojen kilin\u00e4\u00e4n ja luo rauhoittavan \u00e4\u00e4nimaiseman.<\/p><p>Terwijl je onderdompelt in het schuimende bad, brengen de subtiele geuren van dennen en lavendel je geest naar verre dromen. In dit toevluchtsoord staat de tijd stil. Geen boodschappenlijstjes, geen e-mails, geen geknoei met meerdere maaltijden voor de kinderen. Hier draait alles om het omarmen van het moment \u2013 een ware Copenhagen Bath-oase in je eigen huis.<\/p>\t\t\t\t\t\t\t\t<\/div>\n\t\t\t\t<div class=\"elementor-element elementor-element-b21089e elementor-align-center elementor-widget elementor-widget-button\" data-id=\"b21089e\" data-element_type=\"widget\" data-e-type=\"widget\" data-widget_type=\"button.default\">\n\t\t\t\t\t\t\t\t\t\t<a class=\"elementor-button elementor-button-link elementor-size-sm\" href=\"https:\/\/copenhagenbath.com\/fi\/?page_id=22795\">\n\t\t\t\t\t\t<span class=\"elementor-button-content-wrapper\">\n\t\t\t\t\t\t\t\t\t<span class=\"elementor-button-text\">MUSCHEL kylpyamm<\/span>\n\t\t\t\t\t<\/span>\n\t\t\t\t\t<\/a>\n\t\t\t\t\t\t\t\t<\/div>\n\t\t\t\t<\/div>\n\t\t\t\t<\/div>\n\t\t<div class=\"elementor-element elementor-element-abd11fe e-con-full e-flex e-con e-parent\" data-id=\"abd11fe\" data-element_type=\"container\" data-e-type=\"container\">\n\t\t\t\t<div class=\"elementor-element elementor-element-458ffea elementor--h-position-left midtslide elementor--v-position-top elementor-arrows-position-inside elementor-widget elementor-widget-slides\" data-id=\"458ffea\" data-element_type=\"widget\" data-e-type=\"widget\" data-settings=\"{&quot;navigation&quot;:&quot;arrows&quot;,&quot;autoplay&quot;:&quot;yes&quot;,&quot;pause_on_hover&quot;:&quot;yes&quot;,&quot;pause_on_interaction&quot;:&quot;yes&quot;,&quot;autoplay_speed&quot;:5000,&quot;infinite&quot;:&quot;yes&quot;,&quot;transition&quot;:&quot;slide&quot;,&quot;transition_speed&quot;:500}\" data-widget_type=\"slides.default\">\n\t\t\t\t\t\t\t\t\t\t<div class=\"elementor-slides-wrapper elementor-main-swiper swiper\" role=\"region\" aria-roledescription=\"carousel\" aria-label=\"Dioja\" dir=\"ltr\" data-animation=\"\">\n\t\t\t\t<div class=\"swiper-wrapper elementor-slides\">\n\t\t\t\t\t\t\t\t\t\t<div class=\"elementor-repeater-item-063b408 swiper-slide\" role=\"group\" aria-roledescription=\"slide\"><div class=\"swiper-slide-bg\" role=\"img\"><\/div><div class=\"swiper-slide-inner\" ><div class=\"swiper-slide-contents\"><h3 class=\"elementor-slide-heading\">Copenhagen Bath \u2013 Time for you<\/h3><p class=\"elementor-slide-description\">Copenhagen Bathilla uskomme, ett\u00e4 kylpyhuone on enemm\u00e4n kuin pelkk\u00e4 tila \u2013 se on pyh\u00e4kk\u00f6. Paikka, jossa aika hidastuu, maailma hiljenee ja sin\u00e4 yhdistyt itseesi uudelleen. Veden ja rauhan lempe\u00e4ss\u00e4 syleilyss\u00e4 l\u00f6yd\u00e4t vapauden olla vain oma itsesi.<\/p><\/div><\/div><\/div>\t\t\t\t<\/div>\n\t\t\t\t\t\t\t<\/div>\n\t\t\t\t\t\t\t\t<\/div>\n\t\t\t\t<\/div>\n\t\t<div class=\"elementor-element elementor-element-9472acb e-con-full e-flex e-con e-parent\" data-id=\"9472acb\" data-element_type=\"container\" data-e-type=\"container\" data-settings=\"{&quot;background_background&quot;:&quot;classic&quot;}\">\n\t\t<div class=\"elementor-element elementor-element-ede9bdb e-con-full e-flex e-con e-child\" data-id=\"ede9bdb\" data-element_type=\"container\" data-e-type=\"container\">\n\t\t\t\t<div class=\"elementor-element elementor-element-541534b elementor-widget__width-initial elementor-widget elementor-widget-heading\" data-id=\"541534b\" data-element_type=\"widget\" data-e-type=\"widget\" data-widget_type=\"heading.default\">\n\t\t\t\t\t<h4 class=\"elementor-heading-title elementor-size-default\">Hetki pys\u00e4hty\u00e4 ja palautua<\/h4>\t\t\t\t<\/div>\n\t\t\t\t<div class=\"elementor-element elementor-element-84497fe elementor-widget__width-initial elementor-widget elementor-widget-text-editor\" data-id=\"84497fe\" data-element_type=\"widget\" data-e-type=\"widget\" data-widget_type=\"text-editor.default\">\n\t\t\t\t\t\t\t\t\t<p>Kuin renkaat, jotka laajenevat tyynell\u00e4 vedell\u00e4, \u201eTime for You\u201c -hetken arvo ulottuu itsen ulkopuolelle. Se on hetki pys\u00e4hty\u00e4, palautua ja palata uudistuneena \u2013 valmiina kohtaamaan el\u00e4m\u00e4 keveyden, ilon ja kirkkauden kanssa. Kun otat aikaa itsellesi, viet t\u00e4m\u00e4n energian maailmaan ja muutat paitsi omaa hyvinvointiasi my\u00f6s niiden ihmisten el\u00e4m\u00e4\u00e4, joihin vaikutat.<\/p><p>Copenhagen Bathilla luomme ajattomia, tyylikk\u00e4it\u00e4 kylpyhuonetiloja, jotka on suunniteltu juuri t\u00e4t\u00e4 tarkoitusta varten. Huolella muotoillut designimme kutsuvat sinut uppoutumaan puhtaaseen rauhaan, t\u00e4ydent\u00e4m\u00e4\u00e4n sis\u00e4ist\u00e4 voimaasi ja virkist\u00e4m\u00e4\u00e4n henke\u00e4si.<br \/>Welcome to Copenhagen Bath. Welcome to \u2018Time for You.<\/p>\t\t\t\t\t\t\t\t<\/div>\n\t\t\t\t<div class=\"elementor-element elementor-element-56066a1 elementor-align-center elementor-widget elementor-widget-button\" data-id=\"56066a1\" data-element_type=\"widget\" data-e-type=\"widget\" data-widget_type=\"button.default\">\n\t\t\t\t\t\t\t\t\t\t<a class=\"elementor-button elementor-button-link elementor-size-sm\" href=\"https:\/\/copenhagenbath.com\/fi\/?page_id=22795\">\n\t\t\t\t\t\t<span class=\"elementor-button-content-wrapper\">\n\t\t\t\t\t\t\t\t\t<span class=\"elementor-button-text\">Muschel kylpyamm<\/span>\n\t\t\t\t\t<\/span>\n\t\t\t\t\t<\/a>\n\t\t\t\t\t\t\t\t<\/div>\n\t\t\t\t<\/div>\n\t\t<div class=\"elementor-element elementor-element-356fab6 e-con-full e-flex e-con e-child\" data-id=\"356fab6\" data-element_type=\"container\" data-e-type=\"container\">\n\t\t\t\t<div class=\"elementor-element elementor-element-696679f elementor-widget-mobile__width-inherit elementor-widget elementor-widget-image\" data-id=\"696679f\" data-element_type=\"widget\" data-e-type=\"widget\" data-widget_type=\"image.default\">\n\t\t\t\t\t\t\t\t\t\t\t\t\t\t\t<img decoding=\"async\" width=\"1152\" height=\"1536\" src=\"https:\/\/copenhagenbath.com\/wp-content\/uploads\/2024\/09\/P4124733-1152x1536.jpg\" class=\"attachment-1536x1536 size-1536x1536 wp-image-8416\" alt=\"Muschel amme\" srcset=\"https:\/\/copenhagenbath.com\/wp-content\/uploads\/2024\/09\/P4124733-1152x1536.jpg 1152w, https:\/\/copenhagenbath.com\/wp-content\/uploads\/2024\/09\/P4124733-225x300.jpg 225w, https:\/\/copenhagenbath.com\/wp-content\/uploads\/2024\/09\/P4124733-768x1024.jpg 768w, https:\/\/copenhagenbath.com\/wp-content\/uploads\/2024\/09\/P4124733-600x800.jpg 600w, https:\/\/copenhagenbath.com\/wp-content\/uploads\/2024\/09\/P4124733-e1728565388186.jpg 800w\" sizes=\"(max-width: 1152px) 100vw, 1152px\" \/>\t\t\t\t\t\t\t\t\t\t\t\t\t\t\t<\/div>\n\t\t\t\t<\/div>\n\t\t\t\t<\/div>\n\t\t\t\t<\/div>","protected":false},"excerpt":{"rendered":"<p>Time for you Recall the wave of open kitchens that swept into our homes during the early 2000s, famously known as &#8216;Samtalek\u00f8kkener&#8217; in Danish, which translates to Conversation Kitchens, expanding the social realm of our homes. Fast forward two decades, and we find ourselves in an era dominated by rapid conversations, fleeting snaps, instant messages, [&hellip;]<\/p>","protected":false},"author":12,"featured_media":0,"parent":0,"menu_order":0,"comment_status":"closed","ping_status":"closed","template":"","meta":{"footnotes":""},"class_list":["post-27812","page","type-page","status-publish","hentry"],"_links":{"self":[{"href":"https:\/\/copenhagenbath.com\/fi\/wp-json\/wp\/v2\/pages\/27812","targetHints":{"allow":["GET"]}}],"collection":[{"href":"https:\/\/copenhagenbath.com\/fi\/wp-json\/wp\/v2\/pages"}],"about":[{"href":"https:\/\/copenhagenbath.com\/fi\/wp-json\/wp\/v2\/types\/page"}],"author":[{"embeddable":true,"href":"https:\/\/copenhagenbath.com\/fi\/wp-json\/wp\/v2\/users\/12"}],"replies":[{"embeddable":true,"href":"https:\/\/copenhagenbath.com\/fi\/wp-json\/wp\/v2\/comments?post=27812"}],"version-history":[{"count":74,"href":"https:\/\/copenhagenbath.com\/fi\/wp-json\/wp\/v2\/pages\/27812\/revisions"}],"predecessor-version":[{"id":36156,"href":"https:\/\/copenhagenbath.com\/fi\/wp-json\/wp\/v2\/pages\/27812\/revisions\/36156"}],"wp:attachment":[{"href":"https:\/\/copenhagenbath.com\/fi\/wp-json\/wp\/v2\/media?parent=27812"}],"curies":[{"name":"wp","href":"https:\/\/api.w.org\/{rel}","templated":true}]}}