{"id":30633,"date":"2025-04-29T07:53:19","date_gmt":"2025-04-29T07:53:19","guid":{"rendered":"https:\/\/wp.copenhagenbath.com\/?page_id=30633"},"modified":"2025-04-29T08:07:40","modified_gmt":"2025-04-29T08:07:40","slug":"privacy-policy","status":"publish","type":"page","link":"https:\/\/copenhagenbath.com\/fi\/privacy-policy\/","title":{"rendered":"Tietosuojak\u00e4yt\u00e4nt\u00f6"},"content":{"rendered":"<div data-elementor-type=\"wp-page\" data-elementor-id=\"30633\" class=\"elementor elementor-30633\" data-elementor-post-type=\"page\">\n\t\t\t\t<div class=\"elementor-element elementor-element-ae8b9d1 e-flex e-con-boxed e-con e-parent\" data-id=\"ae8b9d1\" data-element_type=\"container\" data-e-type=\"container\" data-settings=\"{&quot;background_background&quot;:&quot;classic&quot;}\">\n\t\t\t\t\t<div class=\"e-con-inner\">\n\t\t<div class=\"elementor-element elementor-element-812ab9d e-con-full e-flex e-con e-child\" data-id=\"812ab9d\" data-element_type=\"container\" data-e-type=\"container\">\n\t\t\t\t<div class=\"elementor-element elementor-element-485cb8b elementor-widget__width-initial elementor-widget elementor-widget-heading\" data-id=\"485cb8b\" data-element_type=\"widget\" data-e-type=\"widget\" data-widget_type=\"heading.default\">\n\t\t\t\t\t<h1 class=\"elementor-heading-title elementor-size-default\">Tietosuojak\u00e4yt\u00e4nt\u00f6<\/h1>\t\t\t\t<\/div>\n\t\t\t\t<div class=\"elementor-element elementor-element-acbeba8 elementor-widget__width-initial elementor-widget elementor-widget-text-editor\" data-id=\"acbeba8\" data-element_type=\"widget\" data-e-type=\"widget\" data-widget_type=\"text-editor.default\">\n\t\t\t\t\t\t\t\t\t<p>T\u00e4m\u00e4 tietosuojak\u00e4yt\u00e4nt\u00f6 on laadittu palvelemaan paremmin niit\u00e4, jotka ovat huolissaan siit\u00e4, miten heid\u00e4n henkil\u00f6llisyyden mahdollistavat tietonsa (PII, Personally Identifiable Information) k\u00e4sitell\u00e4\u00e4n verkossa. PII:n\u00e4 pidet\u00e4\u00e4n tietoa, jota voidaan k\u00e4ytt\u00e4\u00e4 yksin\u00e4\u00e4n tai yhdess\u00e4 muiden tietojen kanssa yksil\u00f6n tunnistamiseen, yhteydenottoon tai paikantamiseen taikka h\u00e4nen tunnistamiseensa tietyss\u00e4 kontekstissa. Lue t\u00e4m\u00e4 tietosuojak\u00e4yt\u00e4nt\u00f6 huolellisesti saadaksesi selke\u00e4n k\u00e4sityksen siit\u00e4, kuinka ker\u00e4\u00e4mme, k\u00e4yt\u00e4mme, suojaamme ja muuten k\u00e4sittelemme henkil\u00f6tietojasi verkkosivustomme mukaisesti.<\/p><p><strong>Mit\u00e4 henkil\u00f6tietoja ker\u00e4\u00e4mme verkkosivustollamme vierailevilta henkil\u00f6ilt\u00e4?<\/strong><\/p><p>Kun teet tilauksen tai rekister\u00f6idyt sivustollamme, sinua voidaan pyyt\u00e4\u00e4 antamaan nimesi, s\u00e4hk\u00f6postiosoitteesi, postiosoitteesi, puhelinnumerosi tai muita tietoja, jotta voimme parantaa k\u00e4ytt\u00f6kokemustasi.<\/p><p><strong>Milloin ker\u00e4\u00e4mme tietoja? <\/strong><\/p><p>Ker\u00e4\u00e4mme tietoja sinulta, kun teet tilauksen tai sy\u00f6t\u00e4t tietoja verkkosivustollemme.<\/p><p><strong>Miten k\u00e4yt\u00e4mme tietojasi?\u00a0<\/strong><\/p><p>Voimme k\u00e4ytt\u00e4\u00e4 sinulta ker\u00e4\u00e4mi\u00e4mme tietoja, kun rekister\u00f6idyt, teet ostoksen, tilaat uutiskirjeemme, vastaat kyselyyn tai markkinointiviestiin, selaat verkkosivustoa tai k\u00e4yt\u00e4t tiettyj\u00e4 muita sivuston ominaisuuksia seuraavilla tavoilla:<\/p><p>Jotta voimme k\u00e4sitell\u00e4 tapahtumasi nopeasti.<\/p><p><strong>Miten suojaamme tietosi? <\/strong><\/p><p>Emme k\u00e4yt\u00e4 haavoittuvuustarkistuksia ja\/tai PCI-standardien mukaisia tarkistuksia.<\/p><p>Ulkoinen PCI-standardin mukainen maksuv\u00e4litt\u00e4j\u00e4 k\u00e4sittelee kaikki luottokorttitapahtumat.<\/p><p>K\u00e4yt\u00e4mme s\u00e4\u00e4nn\u00f6llist\u00e4 haittaohjelmien skannausta.<\/p><p>Henkil\u00f6tietosi s\u00e4ilytet\u00e4\u00e4n suojatuissa verkoissa, ja niihin on p\u00e4\u00e4sy vain rajoitetulla m\u00e4\u00e4r\u00e4ll\u00e4 henkil\u00f6it\u00e4, joilla on erityisoikeudet n\u00e4ihin j\u00e4rjestelmiin ja jotka ovat velvoitettuja pit\u00e4m\u00e4\u00e4n tiedot luottamuksellisina. Lis\u00e4ksi kaikki antamasi arkaluonteiset\/luottokorttitiedot salataan Secure Socket Layer (SSL) -teknologian avulla.<\/p><p>Kun k\u00e4ytt\u00e4j\u00e4 tekee tilauksen, k\u00e4yt\u00e4mme useita turvatoimia henkil\u00f6tietojesi suojaamiseksi.<\/p><p>Kaikki maksut k\u00e4sitell\u00e4\u00e4n maksupalveluntarjoajan kautta, eik\u00e4 niit\u00e4 tallenneta tai k\u00e4sitell\u00e4 palvelimillamme.<\/p><p><strong>Do we use \u2018cookies\u2019?\u00a0<\/strong><\/p><p>Ev\u00e4steet ovat pieni\u00e4 tiedostoja, jotka verkkosivusto tai sen palveluntarjoaja siirt\u00e4\u00e4 tietokoneesi kiintolevylle selaimen kautta (mik\u00e4li sallit sen). N\u00e4in sivusto tai palveluntarjoaja voi tunnistaa selaimesi ja tallentaa tiettyj\u00e4 tietoja. K\u00e4yt\u00e4mme ev\u00e4steit\u00e4 esimerkiksi muistamaan ja k\u00e4sittelem\u00e4\u00e4n ostoskorisi sis\u00e4lt\u00f6\u00e4. Lis\u00e4ksi ev\u00e4steet auttavat meit\u00e4 ymm\u00e4rt\u00e4m\u00e4\u00e4n mieltymyksi\u00e4si aiemman tai nykyisen sivustok\u00e4ytt\u00e4ytymisesi perusteella, jolloin voimme tarjota parempia palveluja. K\u00e4yt\u00e4mme ev\u00e4steit\u00e4 my\u00f6s ker\u00e4t\u00e4ksemme koottua tietoa sivuston liikenteest\u00e4 ja vuorovaikutuksesta, jotta voimme kehitt\u00e4\u00e4 parempia k\u00e4ytt\u00f6kokemuksia ja ty\u00f6kaluja tulevaisuudessa.<\/p><p><strong>K\u00e4yt\u00e4mme ev\u00e4steit\u00e4:<\/strong><\/p><p>Ymm\u00e4rt\u00e4\u00e4 ja tallentaa k\u00e4ytt\u00e4j\u00e4n mieltymykset tulevia vierailuja varten.<\/p><p>You can choose to have your computer warn you each time a cookie is being sent, or you can choose to turn off all cookies. You do this through your browser settings. Since browser is a little different, look at your browser\u2019s Help Menu to learn the correct way to modify your cookies.<\/p><p>If you turn cookies off, It won\u2019t affect the user\u2019s experience .<\/p><p><strong>Third-party disclosure <\/strong><\/p><p>We do not sell, trade, or otherwise transfer to outside parties your Personally Identifiable Information.<\/p><p><strong>Third-party links <\/strong><\/p><p>We do not include or offer third-party products or services on our website.<\/p><p><strong>Google <\/strong><\/p><p>Google\u2019s advertising requirements can be summed up by Google\u2019s Advertising Principles. They are put in place to provide a positive experience for users. https:\/\/support.google.com\/adwordspolicy\/answer\/1316548?hl=en<\/p><p>We have not enabled Google AdSense on our site but we may do so in the future.<\/p><p><strong>California Online Privacy Protection Act <\/strong><\/p><p>CalOPPA is the first state law in the nation to require commercial websites and online services to post a privacy policy. The law\u2019s reach stretches well beyond California to require any person or company in the United States (and conceivably the world) that operates websites collecting Personally Identifiable Information from California consumers to post a conspicuous privacy policy on its website stating exactly the information being collected and those individuals or companies with whom it is being shared. &#8211; See more at: http:\/\/consumercal.org\/california-online-privacy-protection-act-caloppa\/#sthash.0FdRbT51.dpuf<\/p><p><strong>WWW<\/strong><\/p><p>According to CalOPPA, we agree to the following:<\/p><p>Users can visit our site anonymously.<\/p><p>Once this privacy policy is created, we will add a link to it on our home page or as a minimum, on the first significant page after entering our website.<\/p><p>Our Privacy Policy link includes the word \u2018Privacy\u2019 and can easily be found on the page specified above.<\/p><p><strong>You will be notified of any Privacy Policy changes:<\/strong><\/p><p>On our Privacy Policy Page<\/p><p><strong>Can change your personal information:<\/strong><\/p><ul><li>By emailing usBy calling us<\/li><li>By logging in to your account<\/li><li>By chatting with us or by sending us a support ticket<\/li><\/ul><p><strong>How does our site handle Do Not Track signals? <\/strong><\/p><p>We honor Do Not Track signals and Do Not Track, plant cookies, or use advertising when a Do Not Track (DNT) browser mechanism is in place.<\/p><p><strong>Does our site allow third-party behavioral tracking? <\/strong><\/p><p>It\u2019s also important to note that we do not allow third-party behavioral tracking<\/p><p><strong>COPPA (Children Online Privacy Protection Act) <\/strong><\/p><p>When it comes to the collection of personal information from children under the age of 13 years old, the Children\u2019s Online Privacy Protection Act (COPPA) puts parents in control. The Federal Trade Commission, United States\u2019 consumer protection agency, enforces the COPPA Rule, which spells out what operators of websites and online services must do to protect children\u2019s privacy and safety online.<\/p><p>We do not specifically market to children under the age of 13 years old.<\/p><p><strong>Fair Information Practices <\/strong><\/p><p>The Fair Information Practices Principles form the backbone of privacy law in the United States and the concepts they include have played a significant role in the development of data protection laws around the globe. Understanding the Fair Information Practice Principles and how they should be implemented is critical to comply with the various privacy laws that protect personal information.<\/p><p>In order to be in line with Fair Information Practices we will take the following responsive action, should a data breach occur:<\/p><p><strong>We will notify you via email<\/strong><\/p><p>Within 7 business days<\/p><p>We also agree to the Individual Redress Principle which requires that individuals have the right to legally pursue enforceable rights against data collectors and processors who fail to adhere to the law. This principle requires not only that individuals have enforceable rights against data users, but also that individuals have recourse to courts or government agencies to investigate and\/or prosecute non-compliance by data processors.<\/p><p><strong>CAN SPAM Act <\/strong><\/p><p>The CAN-SPAM Act is a law that sets the rules for commercial email, establishes requirements for commercial messages, gives recipients the right to have emails stopped from being sent to them, and spells out tough penalties for violations.<\/p><p><strong>We collect your email address in order to:<\/strong><\/p><ul><li>Process orders and to send information and updates pertaining to orders.<\/li><li>Send you additional information related to your product and\/or service<\/li><\/ul><p><strong>To be in accordance with CANSPAM, we agree to the following:<\/strong><\/p><ul><li>Not use false or misleading subjects or email addresses.<\/li><li>Identify the message as an advertisement in some reasonable way.<\/li><li>Include the physical address of our business or site headquarters.<\/li><li>\u2022 Monitor third-party email marketing services for compliance, if one is used.<\/li><li>Honor opt-out\/unsubscribe requests quickly.<\/li><li>Allow users to unsubscribe by using the link at the bottom of each email.<\/li><\/ul><p>If at any time you would like to unsubscribe from receiving future emails, you can email us at<\/p><p>Follow the instructions at the bottom of each email.<\/p><p>and we will promptly remove you from ALL correspondence.<\/p><p><strong>Contacting Us <\/strong><\/p><p>If there are any questions regarding this privacy policy, you may contact us using the information below.<\/p><p><strong>K\u00f6\u00f6penhaminan kylpyamme<\/strong><br \/>B\u00e6kkeskovvej 25<br \/>2665 Vallensb\u00e6k Strand<br \/>Denmark<\/p><p>contact@copenhagenbath.com<\/p>\t\t\t\t\t\t\t\t<\/div>\n\t\t\t\t<\/div>\n\t\t\t\t\t<\/div>\n\t\t\t\t<\/div>\n\t\t\t\t<\/div>","protected":false},"excerpt":{"rendered":"<p>Privacy Policy This privacy policy has been compiled to better serve those who are concerned with how their \u2018Personally Identifiable Information\u2019 (PII) is being used online. PII, as described in US privacy law and information security, is information that can be used on its own or with other information to identify, contact, or locate a [&hellip;]<\/p>","protected":false},"author":12,"featured_media":0,"parent":0,"menu_order":0,"comment_status":"closed","ping_status":"closed","template":"","meta":{"footnotes":""},"class_list":["post-30633","page","type-page","status-publish","hentry"],"_links":{"self":[{"href":"https:\/\/copenhagenbath.com\/fi\/wp-json\/wp\/v2\/pages\/30633","targetHints":{"allow":["GET"]}}],"collection":[{"href":"https:\/\/copenhagenbath.com\/fi\/wp-json\/wp\/v2\/pages"}],"about":[{"href":"https:\/\/copenhagenbath.com\/fi\/wp-json\/wp\/v2\/types\/page"}],"author":[{"embeddable":true,"href":"https:\/\/copenhagenbath.com\/fi\/wp-json\/wp\/v2\/users\/12"}],"replies":[{"embeddable":true,"href":"https:\/\/copenhagenbath.com\/fi\/wp-json\/wp\/v2\/comments?post=30633"}],"version-history":[{"count":13,"href":"https:\/\/copenhagenbath.com\/fi\/wp-json\/wp\/v2\/pages\/30633\/revisions"}],"predecessor-version":[{"id":30684,"href":"https:\/\/copenhagenbath.com\/fi\/wp-json\/wp\/v2\/pages\/30633\/revisions\/30684"}],"wp:attachment":[{"href":"https:\/\/copenhagenbath.com\/fi\/wp-json\/wp\/v2\/media?parent=30633"}],"curies":[{"name":"wp","href":"https:\/\/api.w.org\/{rel}","templated":true}]}}