{"id":8838,"date":"2024-10-03T08:43:35","date_gmt":"2024-10-03T08:43:35","guid":{"rendered":"https:\/\/wp.copenhagenbath.com\/?page_id=8838"},"modified":"2025-07-27T08:00:54","modified_gmt":"2025-07-27T08:00:54","slug":"case-lumipod-chateau-france","status":"publish","type":"page","link":"https:\/\/copenhagenbath.com\/fi\/case-lumipod-chateau-france\/","title":{"rendered":"Case: Lumipod, Ch\u00e2teau, France"},"content":{"rendered":"<div data-elementor-type=\"wp-page\" data-elementor-id=\"8838\" class=\"elementor elementor-8838\" data-elementor-post-type=\"page\">\n\t\t\t\t<div class=\"elementor-element elementor-element-b0f3850 e-con-full e-flex e-con e-parent\" data-id=\"b0f3850\" data-element_type=\"container\" data-e-type=\"container\">\n\t\t<div class=\"elementor-element elementor-element-3c011be e-con-full e-flex e-con e-child\" data-id=\"3c011be\" data-element_type=\"container\" data-e-type=\"container\">\n\t\t\t\t<div class=\"elementor-element elementor-element-87f55b9 elementor-widget__width-inherit elementor--h-position-center elementor--v-position-middle elementor-pagination-position-inside elementor-widget elementor-widget-slides\" data-id=\"87f55b9\" data-element_type=\"widget\" data-e-type=\"widget\" data-settings=\"{&quot;navigation&quot;:&quot;dots&quot;,&quot;transition&quot;:&quot;fade&quot;,&quot;autoplay&quot;:&quot;yes&quot;,&quot;pause_on_hover&quot;:&quot;yes&quot;,&quot;pause_on_interaction&quot;:&quot;yes&quot;,&quot;autoplay_speed&quot;:5000,&quot;infinite&quot;:&quot;yes&quot;,&quot;transition_speed&quot;:500}\" data-widget_type=\"slides.default\">\n\t\t\t\t\t\t\t\t\t\t<div class=\"elementor-slides-wrapper elementor-main-swiper swiper\" role=\"region\" aria-roledescription=\"carousel\" aria-label=\"Dioja\" dir=\"ltr\" data-animation=\"\">\n\t\t\t\t<div class=\"swiper-wrapper elementor-slides\">\n\t\t\t\t\t\t\t\t\t\t<div class=\"elementor-repeater-item-fa930be swiper-slide\" role=\"group\" aria-roledescription=\"slide\"><div class=\"swiper-slide-bg elementor-ken-burns elementor-ken-burns--in\" role=\"img\"><\/div><div class=\"swiper-slide-inner\" ><div class=\"swiper-slide-contents\"><h1 class=\"elementor-slide-heading\">LumiPod<\/h1><p class=\"elementor-slide-description\">Kylpyhuone \u2013 suunniteltu Copenhagen Bathin kanssa<\/p><\/div><\/div><\/div><div class=\"elementor-repeater-item-7c4f30a swiper-slide\" role=\"group\" aria-roledescription=\"slide\"><div class=\"swiper-slide-bg elementor-ken-burns elementor-ken-burns--in\" role=\"img\"><\/div><div class=\"swiper-slide-inner\" ><div class=\"swiper-slide-contents\"><h1 class=\"elementor-slide-heading\">LumiPod<\/h1><p class=\"elementor-slide-description\">Embodies Copenhagen Bath elegance, ensuring a tranquil and refined space <\/p><\/div><\/div><\/div>\t\t\t\t<\/div>\n\t\t\t\t\t\t\t\t\t\t\t\t\t\t\t\t\t\t\t\t<div class=\"swiper-pagination\"><\/div>\n\t\t\t\t\t\t\t\t\t\t\t\t<\/div>\n\t\t\t\t\t\t\t\t<\/div>\n\t\t\t\t<\/div>\n\t\t\t\t<\/div>\n\t\t<div class=\"elementor-element elementor-element-064a8b6 e-flex e-con-boxed e-con e-parent\" data-id=\"064a8b6\" data-element_type=\"container\" data-e-type=\"container\" data-settings=\"{&quot;background_background&quot;:&quot;classic&quot;}\">\n\t\t\t\t\t<div class=\"e-con-inner\">\n\t\t<div class=\"elementor-element elementor-element-5090862 e-con-full e-flex e-con e-child\" data-id=\"5090862\" data-element_type=\"container\" data-e-type=\"container\" data-settings=\"{&quot;background_background&quot;:&quot;classic&quot;}\">\n\t\t\t\t<div class=\"elementor-element elementor-element-4d713e6 elementor-widget__width-initial elementor-widget elementor-widget-heading\" data-id=\"4d713e6\" data-element_type=\"widget\" data-e-type=\"widget\" data-widget_type=\"heading.default\">\n\t\t\t\t\t<h2 class=\"elementor-heading-title elementor-size-default\">Copenhagen Bath tekee yhteisty\u00f6t\u00e4 LumiPodin kanssa pienten talojen suunnittelussa.<\/h2>\t\t\t\t<\/div>\n\t\t\t\t<div class=\"elementor-element elementor-element-ac1e3fd elementor-widget__width-initial elementor-widget elementor-widget-text-editor\" data-id=\"ac1e3fd\" data-element_type=\"widget\" data-e-type=\"widget\" data-widget_type=\"text-editor.default\">\n\t\t\t\t\t\t\t\t\t<p>M\u00e4\u00e4rittelee uudelleen yhteyden sis\u00e4- ja ulkotilojen v\u00e4lill\u00e4. LumiPod tarjoaa rauhallisen pakopaikan, jossa voit uppoutua luontoon. Kylpyhuone, suunniteltu yhteisty\u00f6ss\u00e4 Copenhagen Bathin kanssa, ilment\u00e4\u00e4 Copenhagen Bathin eleganssia ja takaa rauhallisen, hienostuneen tilan, jossa voit palautua ja l\u00f6yt\u00e4\u00e4 yhteyden itseesi.<\/p>\t\t\t\t\t\t\t\t<\/div>\n\t\t\t\t<\/div>\n\t\t\t\t\t<\/div>\n\t\t\t\t<\/div>\n\t\t<div class=\"elementor-element elementor-element-72c7b57 e-flex e-con-boxed e-con e-parent\" data-id=\"72c7b57\" data-element_type=\"container\" data-e-type=\"container\" data-settings=\"{&quot;background_background&quot;:&quot;classic&quot;}\">\n\t\t\t\t\t<div class=\"e-con-inner\">\n\t\t\t\t<div class=\"elementor-element elementor-element-67c9926 animated-slow elementor-hidden-desktop elementor-hidden-tablet elementor-invisible elementor-widget elementor-widget-image\" data-id=\"67c9926\" data-element_type=\"widget\" data-e-type=\"widget\" data-settings=\"{&quot;_animation&quot;:&quot;fadeIn&quot;,&quot;_animation_delay&quot;:0,&quot;motion_fx_motion_fx_scrolling&quot;:&quot;yes&quot;,&quot;motion_fx_devices&quot;:[&quot;desktop&quot;,&quot;tablet&quot;,&quot;mobile&quot;]}\" data-widget_type=\"image.default\">\n\t\t\t\t\t\t\t\t\t\t\t\t\t\t\t<img decoding=\"async\" width=\"1024\" height=\"1002\" src=\"https:\/\/copenhagenbath.com\/wp-content\/uploads\/2024\/10\/Lumipod-2-1024x1002.jpg\" class=\"attachment-large size-large wp-image-8854\" alt=\"Lumipod, Ch\u00e2teau, France\" srcset=\"https:\/\/copenhagenbath.com\/wp-content\/uploads\/2024\/10\/Lumipod-2-1024x1002.jpg 1024w, https:\/\/copenhagenbath.com\/wp-content\/uploads\/2024\/10\/Lumipod-2-300x294.jpg 300w, https:\/\/copenhagenbath.com\/wp-content\/uploads\/2024\/10\/Lumipod-2-768x752.jpg 768w, https:\/\/copenhagenbath.com\/wp-content\/uploads\/2024\/10\/Lumipod-2-600x587.jpg 600w, https:\/\/copenhagenbath.com\/wp-content\/uploads\/2024\/10\/Lumipod-2-50x50.jpg 50w, https:\/\/copenhagenbath.com\/wp-content\/uploads\/2024\/10\/Lumipod-2.jpg 1175w\" sizes=\"(max-width: 1024px) 100vw, 1024px\" \/>\t\t\t\t\t\t\t\t\t\t\t\t\t\t\t<\/div>\n\t\t\t\t\t<\/div>\n\t\t\t\t<\/div>\n\t\t<div class=\"elementor-element elementor-element-9bbdbbd e-flex e-con-boxed e-con e-parent\" data-id=\"9bbdbbd\" data-element_type=\"container\" data-e-type=\"container\" data-settings=\"{&quot;background_background&quot;:&quot;classic&quot;}\">\n\t\t\t\t\t<div class=\"e-con-inner\">\n\t\t<div class=\"elementor-element elementor-element-2dffe87 e-con-full e-flex e-con e-child\" data-id=\"2dffe87\" data-element_type=\"container\" data-e-type=\"container\">\n\t\t\t\t<div class=\"elementor-element elementor-element-69331fc elementor-widget elementor-widget-heading\" data-id=\"69331fc\" data-element_type=\"widget\" data-e-type=\"widget\" data-widget_type=\"heading.default\">\n\t\t\t\t\t<span class=\"elementor-heading-title elementor-size-default\">The Details<\/span>\t\t\t\t<\/div>\n\t\t\t\t<div class=\"elementor-element elementor-element-0f7fc49 elementor-widget elementor-widget-ucaddon_product_bullets\" data-id=\"0f7fc49\" data-element_type=\"widget\" data-e-type=\"widget\" data-widget_type=\"ucaddon_product_bullets.default\">\n\t\t\t\t<div class=\"elementor-widget-container\">\n\t\t\t\t\t<!-- start Product Bullets -->\n\t\t<link id='font-awesome-css' href='https:\/\/copenhagenbath.com\/wp-content\/plugins\/unlimited-elements-for-elementor-premium_old\/assets_libraries\/font-awesome5\/css\/fontawesome-all.min.css' type='text\/css' rel='stylesheet' >\n\t\t<link id='font-awesome-4-shim-css' href='https:\/\/copenhagenbath.com\/wp-content\/plugins\/unlimited-elements-for-elementor-premium_old\/assets_libraries\/font-awesome5\/css\/fontawesome-v4-shims.css' type='text\/css' rel='stylesheet' >\n\n\t\t\t<style type=\"text\/css\">\/* widget: Product Bullets *\/\n\n\n\n#uc_product_bullets_elementor_0f7fc49 div.ue-bullet\n{\n  display:block;\n  flex-shrink:0;\n  flex-grow:0;\n}\n\n#uc_product_bullets_elementor_0f7fc49 .ue_item_pbullet{\n  display: flex;\n}\n\n#uc_product_bullets_elementor_0f7fc49 .ue_pbullet_graphicel{\n  display: flex;\n  flex-shrink: 0;\n  align-items: center;\n  justify-content: center;\n  overflow: hidden;\n}\n#uc_product_bullets_elementor_0f7fc49 .ue_pbullet_graphicel span{\n  text-align: center;\n}\n#uc_product_bullets_elementor_0f7fc49 .ue_pbullet_graphicel svg{\n  width:1em;\n  height:1em;\n}\n#uc_product_bullets_elementor_0f7fc49 .ue_content_wrapper{\n  flex: auto;\n}\n\n#uc_product_bullets_elementor_0f7fc49 .ue_title\n{\n  flex-shrink:0;\n  flex-grow:0;\n}\n\n#uc_product_bullets_elementor_0f7fc49 .ue_title_wrapper\n{\n  display:flex;\n  align-items:center;\n}\n\n\n#uc_product_bullets_elementor_0f7fc49 .ue-line\n{\n  flex-grow: 1;\n  margin:0px 10px;\n  width:100%;\n  \n}\n\n<\/style>\n\n\t\t\t<div id=\"uc_product_bullets_elementor_0f7fc49\" class=\"ue_product_bullets uc-items-wrapper\"  >\n<div class=\"ue_item_pbullet elementor-repeater-item-0120690\">\n    <div class=\"ue_content_wrapper\">\n    <div class=\"ue_title_wrapper\">\n     <span class=\"ue_title\">CASE<\/span>\n      <div class=\"ue-line\"><\/div>\n      <div class=\"ue-bullet\"><\/div>\n    <\/div>\n    <p class=\"ue-text\">LumiPod guesthouse<\/p>\n  <\/div>\n<\/div>\n<div class=\"ue_item_pbullet elementor-repeater-item-87b9e4f\">\n    <div class=\"ue_content_wrapper\">\n    <div class=\"ue_title_wrapper\">\n     <span class=\"ue_title\">LOCATION<\/span>\n      <div class=\"ue-line\"><\/div>\n      <div class=\"ue-bullet\"><\/div>\n    <\/div>\n    <p class=\"ue-text\">Ch\u00e2teau, France<\/p>\n  <\/div>\n<\/div>\n<div class=\"ue_item_pbullet elementor-repeater-item-0eec7d7\">\n    <div class=\"ue_content_wrapper\">\n    <div class=\"ue_title_wrapper\">\n     <span class=\"ue_title\">PRODUCTS<\/span>\n      <div class=\"ue-line\"><\/div>\n      <div class=\"ue-bullet\"><\/div>\n    <\/div>\n    <p class=\"ue-text\">Yuno basins in 100% matte white premium Acovi\u00ae Solid Surface.\n\n<\/p>\n  <\/div>\n<\/div>\n\n<\/div>\n\t\t\t<!-- end Product Bullets -->\t\t\t\t<\/div>\n\t\t\t\t<\/div>\n\t\t\t\t<\/div>\n\t\t<div class=\"elementor-element elementor-element-dda9934 e-con-full e-flex e-con e-child\" data-id=\"dda9934\" data-element_type=\"container\" data-e-type=\"container\">\n\t\t\t\t<div class=\"elementor-element elementor-element-aafd118 animated-slow elementor-hidden-mobile elementor-widget__width-inherit elementor-widget-tablet__width-inherit fullwidthimage elementor-invisible elementor-widget elementor-widget-image\" data-id=\"aafd118\" data-element_type=\"widget\" data-e-type=\"widget\" data-settings=\"{&quot;_animation&quot;:&quot;fadeIn&quot;,&quot;_animation_delay&quot;:0,&quot;motion_fx_motion_fx_scrolling&quot;:&quot;yes&quot;,&quot;motion_fx_devices&quot;:[&quot;desktop&quot;,&quot;tablet&quot;,&quot;mobile&quot;]}\" data-widget_type=\"image.default\">\n\t\t\t\t\t\t\t\t\t\t\t\t\t\t\t<img decoding=\"async\" width=\"1175\" height=\"1150\" src=\"https:\/\/copenhagenbath.com\/wp-content\/uploads\/2024\/10\/Lumipod-2.jpg\" class=\"attachment-1536x1536 size-1536x1536 wp-image-8854\" alt=\"Lumipod, Ch\u00e2teau, France\" srcset=\"https:\/\/copenhagenbath.com\/wp-content\/uploads\/2024\/10\/Lumipod-2.jpg 1175w, https:\/\/copenhagenbath.com\/wp-content\/uploads\/2024\/10\/Lumipod-2-300x294.jpg 300w, https:\/\/copenhagenbath.com\/wp-content\/uploads\/2024\/10\/Lumipod-2-1024x1002.jpg 1024w, https:\/\/copenhagenbath.com\/wp-content\/uploads\/2024\/10\/Lumipod-2-768x752.jpg 768w, https:\/\/copenhagenbath.com\/wp-content\/uploads\/2024\/10\/Lumipod-2-600x587.jpg 600w, https:\/\/copenhagenbath.com\/wp-content\/uploads\/2024\/10\/Lumipod-2-50x50.jpg 50w\" sizes=\"(max-width: 1175px) 100vw, 1175px\" \/>\t\t\t\t\t\t\t\t\t\t\t\t\t\t\t<\/div>\n\t\t\t\t<\/div>\n\t\t\t\t\t<\/div>\n\t\t\t\t<\/div>\n\t\t<div class=\"elementor-element elementor-element-263edab e-flex e-con-boxed e-con e-parent\" data-id=\"263edab\" data-element_type=\"container\" data-e-type=\"container\" data-settings=\"{&quot;background_background&quot;:&quot;classic&quot;}\">\n\t\t\t\t\t<div class=\"e-con-inner\">\n\t\t<div class=\"elementor-element elementor-element-b66b2cd e-con-full e-flex e-con e-child\" data-id=\"b66b2cd\" data-element_type=\"container\" data-e-type=\"container\">\n\t\t\t\t<div class=\"elementor-element elementor-element-d173369 elementor-hidden-mobile elementor-widget__width-inherit elementor-widget-tablet__width-initial fullwidthimage elementor-invisible elementor-widget elementor-widget-image\" data-id=\"d173369\" data-element_type=\"widget\" data-e-type=\"widget\" data-settings=\"{&quot;motion_fx_motion_fx_scrolling&quot;:&quot;yes&quot;,&quot;_animation&quot;:&quot;fadeIn&quot;,&quot;motion_fx_devices&quot;:[&quot;desktop&quot;,&quot;tablet&quot;,&quot;mobile&quot;]}\" data-widget_type=\"image.default\">\n\t\t\t\t\t\t\t\t\t\t\t\t\t\t\t<img decoding=\"async\" width=\"512\" height=\"768\" src=\"https:\/\/copenhagenbath.com\/wp-content\/uploads\/2024\/10\/Lumipod-3.jpg\" class=\"attachment-2048x2048 size-2048x2048 wp-image-8856\" alt=\"Copenhagen Bath Yuno basin in Lumipod, Ch\u00e2teau, France\" srcset=\"https:\/\/copenhagenbath.com\/wp-content\/uploads\/2024\/10\/Lumipod-3.jpg 512w, https:\/\/copenhagenbath.com\/wp-content\/uploads\/2024\/10\/Lumipod-3-200x300.jpg 200w\" sizes=\"(max-width: 512px) 100vw, 512px\" \/>\t\t\t\t\t\t\t\t\t\t\t\t\t\t\t<\/div>\n\t\t\t\t<div class=\"elementor-element elementor-element-bdd34e7 elementor-widget-mobile__width-inherit elementor-hidden-desktop elementor-hidden-tablet fullwidthimage elementor-invisible elementor-widget elementor-widget-image\" data-id=\"bdd34e7\" data-element_type=\"widget\" data-e-type=\"widget\" data-settings=\"{&quot;motion_fx_motion_fx_scrolling&quot;:&quot;yes&quot;,&quot;_animation&quot;:&quot;fadeIn&quot;,&quot;motion_fx_devices&quot;:[&quot;desktop&quot;,&quot;tablet&quot;,&quot;mobile&quot;]}\" data-widget_type=\"image.default\">\n\t\t\t\t\t\t\t\t\t\t\t\t\t\t\t<img decoding=\"async\" width=\"512\" height=\"768\" src=\"https:\/\/copenhagenbath.com\/wp-content\/uploads\/2024\/10\/Lumipod-3.jpg\" class=\"attachment-1536x1536 size-1536x1536 wp-image-8856\" alt=\"Copenhagen Bath Yuno basin in Lumipod, Ch\u00e2teau, France\" srcset=\"https:\/\/copenhagenbath.com\/wp-content\/uploads\/2024\/10\/Lumipod-3.jpg 512w, https:\/\/copenhagenbath.com\/wp-content\/uploads\/2024\/10\/Lumipod-3-200x300.jpg 200w\" sizes=\"(max-width: 512px) 100vw, 512px\" \/>\t\t\t\t\t\t\t\t\t\t\t\t\t\t\t<\/div>\n\t\t\t\t<\/div>\n\t\t<div class=\"elementor-element elementor-element-a8f41a7 e-con-full e-flex e-con e-child\" data-id=\"a8f41a7\" data-element_type=\"container\" data-e-type=\"container\" data-settings=\"{&quot;background_background&quot;:&quot;classic&quot;}\">\n\t\t\t\t<div class=\"elementor-element elementor-element-72f7f50 elementor-widget__width-initial elementor-widget elementor-widget-heading\" data-id=\"72f7f50\" data-element_type=\"widget\" data-e-type=\"widget\" data-widget_type=\"heading.default\">\n\t\t\t\t\t<h3 class=\"elementor-heading-title elementor-size-default\">Copenhagen Bath x LumiPod \u2013 A Sanctuary in Nature<\/h3>\t\t\t\t<\/div>\n\t\t\t\t<div class=\"elementor-element elementor-element-6696163 elementor-widget__width-initial elementor-hidden-mobile elementor-widget elementor-widget-text-editor\" data-id=\"6696163\" data-element_type=\"widget\" data-e-type=\"widget\" data-widget_type=\"text-editor.default\">\n\t\t\t\t\t\t\t\t\t<p>Copenhagen Bath tekee yhteisty\u00f6t\u00e4 LumiPodin kanssa, joka on korkealuokkainen elementtirakenteinen m\u00f6kki. LumiPod m\u00e4\u00e4rittelee uudelleen yhteyden sis\u00e4- ja ulkotilojen v\u00e4lill\u00e4 tarjoten saumattoman yhteyden luontoon.<\/p><p data-start=\"354\" data-end=\"577\">Suljettuna LumiPod muuttuu rauhalliseksi koteloksi, joka on t\u00e4ysin ymp\u00e4rist\u00f6\u00f6ns\u00e4 upotettu. Yksinkertaisella eleell\u00e4 sis\u00e4- ja ulkotilojen rajat katoavat, tarjoten vertaansa vailla olevan kokemuksen avoimuudesta ja rauhasta.<\/p><p data-start=\"579\" data-end=\"748\" data-is-last-node=\"\" data-is-only-node=\"\">Suunniteltu yhteisty\u00f6ss\u00e4 Copenhagen Bathin kanssa, LumiPodin kylpyhuone heijastaa tanskalaisen eleganssin \u2013 luotu mukavuutta, toimivuutta ja puhdasta rentoutumista varten luonnon harmoniassa.<\/p><div class=\"elementor-element elementor-element-1cd4ee2 elementor-widget__width-initial wcf-t-animation-none elementor-widget elementor-widget-text-editor\" data-id=\"1cd4ee2\" data-element_type=\"widget\" data-settings=\"{&quot;wcf_text_animation&quot;:&quot;none&quot;,&quot;wcf-animation&quot;:&quot;none&quot;}\" data-widget_type=\"text-editor.default\"><div class=\"elementor-widget-container\">\u00a0<\/div><\/div>\t\t\t\t\t\t\t\t<\/div>\n\t\t\t\t<div class=\"elementor-element elementor-element-3cf787f elementor-widget__width-initial elementor-hidden-desktop elementor-hidden-tablet elementor-widget elementor-widget-text-editor\" data-id=\"3cf787f\" data-element_type=\"widget\" data-e-type=\"widget\" data-widget_type=\"text-editor.default\">\n\t\t\t\t\t\t\t\t\t<p>Copenhagen Bath tekee yhteisty\u00f6t\u00e4 LumiPodin kanssa, joka on korkealuokkainen elementtirakenteinen m\u00f6kki. LumiPod m\u00e4\u00e4rittelee uudelleen yhteyden sis\u00e4- ja ulkotilojen v\u00e4lill\u00e4 tarjoten saumattoman yhteyden luontoon.<\/p><p data-start=\"354\" data-end=\"577\">Suljettuna LumiPod muuttuu rauhalliseksi koteloksi, joka on t\u00e4ysin ymp\u00e4rist\u00f6\u00f6ns\u00e4 upotettu. Yksinkertaisella eleell\u00e4 sis\u00e4- ja ulkotilojen rajat katoavat, tarjoten vertaansa vailla olevan kokemuksen avoimuudesta ja rauhasta.<\/p><div class=\"elementor-element elementor-element-1cd4ee2 elementor-widget__width-initial wcf-t-animation-none elementor-widget elementor-widget-text-editor\" data-id=\"1cd4ee2\" data-element_type=\"widget\" data-settings=\"{&quot;wcf_text_animation&quot;:&quot;none&quot;,&quot;wcf-animation&quot;:&quot;none&quot;}\" data-widget_type=\"text-editor.default\"><div class=\"elementor-widget-container\">\u00a0<\/div><\/div>\t\t\t\t\t\t\t\t<\/div>\n\t\t\t\t<div class=\"elementor-element elementor-element-1170aa4 animated-slow elementor-hidden-desktop elementor-hidden-tablet elementor-invisible elementor-widget elementor-widget-image\" data-id=\"1170aa4\" data-element_type=\"widget\" data-e-type=\"widget\" data-settings=\"{&quot;_animation&quot;:&quot;fadeIn&quot;,&quot;_animation_delay&quot;:0,&quot;motion_fx_motion_fx_scrolling&quot;:&quot;yes&quot;,&quot;motion_fx_devices&quot;:[&quot;desktop&quot;,&quot;tablet&quot;,&quot;mobile&quot;]}\" data-widget_type=\"image.default\">\n\t\t\t\t\t\t\t\t\t\t\t\t\t\t\t<img decoding=\"async\" width=\"1024\" height=\"693\" src=\"https:\/\/copenhagenbath.com\/wp-content\/uploads\/2025\/03\/Skaermbillede-2025-03-18-kl.-10.31.12-1024x693.png\" class=\"attachment-large size-large wp-image-24422\" alt=\"\" srcset=\"https:\/\/copenhagenbath.com\/wp-content\/uploads\/2025\/03\/Skaermbillede-2025-03-18-kl.-10.31.12-1024x693.png 1024w, https:\/\/copenhagenbath.com\/wp-content\/uploads\/2025\/03\/Skaermbillede-2025-03-18-kl.-10.31.12-300x203.png 300w, https:\/\/copenhagenbath.com\/wp-content\/uploads\/2025\/03\/Skaermbillede-2025-03-18-kl.-10.31.12-768x520.png 768w, https:\/\/copenhagenbath.com\/wp-content\/uploads\/2025\/03\/Skaermbillede-2025-03-18-kl.-10.31.12-600x406.png 600w, https:\/\/copenhagenbath.com\/wp-content\/uploads\/2025\/03\/Skaermbillede-2025-03-18-kl.-10.31.12.png 1110w\" sizes=\"(max-width: 1024px) 100vw, 1024px\" \/>\t\t\t\t\t\t\t\t\t\t\t\t\t\t\t<\/div>\n\t\t\t\t<div class=\"elementor-element elementor-element-e876714 elementor-widget__width-initial elementor-hidden-desktop elementor-hidden-tablet elementor-widget elementor-widget-text-editor\" data-id=\"e876714\" data-element_type=\"widget\" data-e-type=\"widget\" data-widget_type=\"text-editor.default\">\n\t\t\t\t\t\t\t\t\t<p data-start=\"579\" data-end=\"748\" data-is-last-node=\"\" data-is-only-node=\"\">Suunniteltu yhteisty\u00f6ss\u00e4 Copenhagen Bathin kanssa, LumiPodin kylpyhuone heijastaa tanskalaisen eleganssin \u2013 luotu mukavuutta, toimivuutta ja puhdasta rentoutumista varten luonnon harmoniassa.<\/p><div class=\"elementor-element elementor-element-1cd4ee2 elementor-widget__width-initial wcf-t-animation-none elementor-widget elementor-widget-text-editor\" data-id=\"1cd4ee2\" data-element_type=\"widget\" data-settings=\"{&quot;wcf_text_animation&quot;:&quot;none&quot;,&quot;wcf-animation&quot;:&quot;none&quot;}\" data-widget_type=\"text-editor.default\"><div class=\"elementor-widget-container\">\u00a0<\/div><\/div>\t\t\t\t\t\t\t\t<\/div>\n\t\t\t\t<\/div>\n\t\t\t\t\t<\/div>\n\t\t\t\t<\/div>\n\t\t<div class=\"elementor-element elementor-element-5caff49 e-flex e-con-boxed e-con e-parent\" data-id=\"5caff49\" data-element_type=\"container\" data-e-type=\"container\" data-settings=\"{&quot;background_background&quot;:&quot;classic&quot;}\">\n\t\t\t\t\t<div class=\"e-con-inner\">\n\t\t\t\t<div class=\"elementor-element elementor-element-d3b3e47 animated-slow elementor-hidden-mobile elementor-invisible elementor-widget elementor-widget-image\" data-id=\"d3b3e47\" data-element_type=\"widget\" data-e-type=\"widget\" data-settings=\"{&quot;_animation&quot;:&quot;fadeIn&quot;,&quot;_animation_delay&quot;:0,&quot;motion_fx_motion_fx_scrolling&quot;:&quot;yes&quot;,&quot;motion_fx_devices&quot;:[&quot;desktop&quot;,&quot;tablet&quot;,&quot;mobile&quot;]}\" data-widget_type=\"image.default\">\n\t\t\t\t\t\t\t\t\t\t\t\t\t\t\t<img decoding=\"async\" width=\"1024\" height=\"693\" src=\"https:\/\/copenhagenbath.com\/wp-content\/uploads\/2025\/03\/Skaermbillede-2025-03-18-kl.-10.31.12-1024x693.png\" class=\"attachment-large size-large wp-image-24422\" alt=\"\" srcset=\"https:\/\/copenhagenbath.com\/wp-content\/uploads\/2025\/03\/Skaermbillede-2025-03-18-kl.-10.31.12-1024x693.png 1024w, https:\/\/copenhagenbath.com\/wp-content\/uploads\/2025\/03\/Skaermbillede-2025-03-18-kl.-10.31.12-300x203.png 300w, https:\/\/copenhagenbath.com\/wp-content\/uploads\/2025\/03\/Skaermbillede-2025-03-18-kl.-10.31.12-768x520.png 768w, https:\/\/copenhagenbath.com\/wp-content\/uploads\/2025\/03\/Skaermbillede-2025-03-18-kl.-10.31.12-600x406.png 600w, https:\/\/copenhagenbath.com\/wp-content\/uploads\/2025\/03\/Skaermbillede-2025-03-18-kl.-10.31.12.png 1110w\" sizes=\"(max-width: 1024px) 100vw, 1024px\" \/>\t\t\t\t\t\t\t\t\t\t\t\t\t\t\t<\/div>\n\t\t\t\t\t<\/div>\n\t\t\t\t<\/div>\n\t\t<div class=\"elementor-element elementor-element-e6f8280 e-flex e-con-boxed e-con e-parent\" data-id=\"e6f8280\" data-element_type=\"container\" data-e-type=\"container\" data-settings=\"{&quot;background_background&quot;:&quot;classic&quot;}\">\n\t\t\t\t\t<div class=\"e-con-inner\">\n\t\t\t\t<div class=\"elementor-element elementor-element-91736ba elementor-align-center elementor-hidden-mobile elementor-widget elementor-widget-button\" data-id=\"91736ba\" data-element_type=\"widget\" data-e-type=\"widget\" data-widget_type=\"button.default\">\n\t\t\t\t\t\t\t\t\t\t<a class=\"elementor-button elementor-button-link elementor-size-sm\" href=\"https:\/\/copenhagenbath.com\/fi\/?page_id=27570\" back=\"\">\n\t\t\t\t\t\t<span class=\"elementor-button-content-wrapper\">\n\t\t\t\t\t\t\t\t\t<span class=\"elementor-button-text\">Takaisin tapauksiin<\/span>\n\t\t\t\t\t<\/span>\n\t\t\t\t\t<\/a>\n\t\t\t\t\t\t\t\t<\/div>\n\t\t\t\t\t<\/div>\n\t\t\t\t<\/div>\n\t\t\t\t<\/div>","protected":false},"excerpt":{"rendered":"<p>LumiPod Bathroom \u2013 designed with Copenhagen Bath LumiPod Embodies Copenhagen Bath elegance, ensuring a tranquil and refined space Copenhagen Bath collaborates with LumiPod to create tiny houses Redefines the connection between indoors and outdoors. LumiPod offers a serene retreat, immersing you in nature. The bathroom, designed with Copenhagen Bath, embodies Copenhagen Bath elegance, ensuring a [&hellip;]<\/p>","protected":false},"author":4,"featured_media":0,"parent":0,"menu_order":0,"comment_status":"closed","ping_status":"closed","template":"","meta":{"footnotes":""},"class_list":["post-8838","page","type-page","status-publish","hentry"],"_links":{"self":[{"href":"https:\/\/copenhagenbath.com\/fi\/wp-json\/wp\/v2\/pages\/8838","targetHints":{"allow":["GET"]}}],"collection":[{"href":"https:\/\/copenhagenbath.com\/fi\/wp-json\/wp\/v2\/pages"}],"about":[{"href":"https:\/\/copenhagenbath.com\/fi\/wp-json\/wp\/v2\/types\/page"}],"author":[{"embeddable":true,"href":"https:\/\/copenhagenbath.com\/fi\/wp-json\/wp\/v2\/users\/4"}],"replies":[{"embeddable":true,"href":"https:\/\/copenhagenbath.com\/fi\/wp-json\/wp\/v2\/comments?post=8838"}],"version-history":[{"count":337,"href":"https:\/\/copenhagenbath.com\/fi\/wp-json\/wp\/v2\/pages\/8838\/revisions"}],"predecessor-version":[{"id":36255,"href":"https:\/\/copenhagenbath.com\/fi\/wp-json\/wp\/v2\/pages\/8838\/revisions\/36255"}],"wp:attachment":[{"href":"https:\/\/copenhagenbath.com\/fi\/wp-json\/wp\/v2\/media?parent=8838"}],"curies":[{"name":"wp","href":"https:\/\/api.w.org\/{rel}","templated":true}]}}