{"id":9799,"date":"2024-10-10T10:53:19","date_gmt":"2024-10-10T10:53:19","guid":{"rendered":"https:\/\/wp.copenhagenbath.com\/?page_id=9799"},"modified":"2025-07-25T15:25:02","modified_gmt":"2025-07-25T15:25:02","slug":"case-lego-campus-2","status":"publish","type":"page","link":"https:\/\/copenhagenbath.com\/fi\/case-lego-campus-2\/","title":{"rendered":"Case: Lego Campus"},"content":{"rendered":"<div data-elementor-type=\"wp-page\" data-elementor-id=\"9799\" class=\"elementor elementor-9799\" data-elementor-post-type=\"page\">\n\t\t\t\t<div class=\"elementor-element elementor-element-52881ff e-con-full e-flex e-con e-parent\" data-id=\"52881ff\" data-element_type=\"container\" data-e-type=\"container\">\n\t\t\t\t<div class=\"elementor-element elementor-element-fef132f elementor-widget__width-inherit elementor--h-position-center elementor--v-position-middle elementor-pagination-position-inside elementor-widget elementor-widget-slides\" data-id=\"fef132f\" data-element_type=\"widget\" data-e-type=\"widget\" data-settings=\"{&quot;navigation&quot;:&quot;dots&quot;,&quot;transition&quot;:&quot;fade&quot;,&quot;autoplay&quot;:&quot;yes&quot;,&quot;pause_on_hover&quot;:&quot;yes&quot;,&quot;pause_on_interaction&quot;:&quot;yes&quot;,&quot;autoplay_speed&quot;:5000,&quot;infinite&quot;:&quot;yes&quot;,&quot;transition_speed&quot;:500}\" data-widget_type=\"slides.default\">\n\t\t\t\t\t\t\t\t\t\t<div class=\"elementor-slides-wrapper elementor-main-swiper swiper\" role=\"region\" aria-roledescription=\"carousel\" aria-label=\"Dioja\" dir=\"ltr\" data-animation=\"\">\n\t\t\t\t<div class=\"swiper-wrapper elementor-slides\">\n\t\t\t\t\t\t\t\t\t\t<div class=\"elementor-repeater-item-fa930be swiper-slide\" role=\"group\" aria-roledescription=\"slide\"><div class=\"swiper-slide-bg elementor-ken-burns elementor-ken-burns--in\" role=\"img\"><\/div><div class=\"swiper-slide-inner\" ><div class=\"swiper-slide-contents\"><h1 class=\"elementor-slide-heading\">LEGO Campus<\/h1><p class=\"elementor-slide-description\">Kylpyhuone \u2013 suunniteltu Copenhagen Bathin kanssa<\/p><\/div><\/div><\/div>\t\t\t\t<\/div>\n\t\t\t\t\t\t\t<\/div>\n\t\t\t\t\t\t\t\t<\/div>\n\t\t\t\t<\/div>\n\t\t<div class=\"elementor-element elementor-element-1e60aec e-flex e-con-boxed e-con e-parent\" data-id=\"1e60aec\" data-element_type=\"container\" data-e-type=\"container\" data-settings=\"{&quot;background_background&quot;:&quot;classic&quot;}\">\n\t\t\t\t\t<div class=\"e-con-inner\">\n\t\t<div class=\"elementor-element elementor-element-0f5526b e-con-full e-flex e-con e-child\" data-id=\"0f5526b\" data-element_type=\"container\" data-e-type=\"container\" data-settings=\"{&quot;background_background&quot;:&quot;classic&quot;}\">\n\t\t\t\t<div class=\"elementor-element elementor-element-4ad53da elementor-widget__width-initial elementor-widget elementor-widget-heading\" data-id=\"4ad53da\" data-element_type=\"widget\" data-e-type=\"widget\" data-widget_type=\"heading.default\">\n\t\t\t\t\t<h2 class=\"elementor-heading-title elementor-size-default\">Proudly collaborated with C.F. M\u00f8ller and LEGO<\/h2>\t\t\t\t<\/div>\n\t\t\t\t<div class=\"elementor-element elementor-element-a496cc9 elementor-widget__width-initial elementor-widget elementor-widget-text-editor\" data-id=\"a496cc9\" data-element_type=\"widget\" data-e-type=\"widget\" data-widget_type=\"text-editor.default\">\n\t\t\t\t\t\t\t\t\t<p>Copenhagen Bath teki yhteisty\u00f6t\u00e4 C.F. M\u00f8ller Architectsin ja LEGO:n kanssa suunnitellakseen 54 mittatilausty\u00f6n\u00e4 tehty\u00e4 kylpyhuonetta LEGO Campukselle, joka avattiin huhtikuussa 2022 Billundissa, Tanskassa. 54 000 neli\u00f6metrin kampus heijastaa LEGO:n ydinarvoja ja tukee leikkis\u00e4\u00e4, osallistavaa ty\u00f6ymp\u00e4rist\u00f6\u00e4 2 000 ty\u00f6ntekij\u00e4lle.<\/p>\t\t\t\t\t\t\t\t<\/div>\n\t\t\t\t<\/div>\n\t\t\t\t\t<\/div>\n\t\t\t\t<\/div>\n\t\t<div class=\"elementor-element elementor-element-5840cfa e-flex e-con-boxed e-con e-parent\" data-id=\"5840cfa\" data-element_type=\"container\" data-e-type=\"container\" data-settings=\"{&quot;background_background&quot;:&quot;classic&quot;}\">\n\t\t\t\t\t<div class=\"e-con-inner\">\n\t\t<div class=\"elementor-element elementor-element-898fc3d e-con-full e-flex e-con e-child\" data-id=\"898fc3d\" data-element_type=\"container\" data-e-type=\"container\">\n\t\t\t\t<div class=\"elementor-element elementor-element-69ce46c elementor-widget elementor-widget-heading\" data-id=\"69ce46c\" data-element_type=\"widget\" data-e-type=\"widget\" data-widget_type=\"heading.default\">\n\t\t\t\t\t<span class=\"elementor-heading-title elementor-size-default\">The Details<\/span>\t\t\t\t<\/div>\n\t\t\t\t<div class=\"elementor-element elementor-element-317c7a1 elementor-widget elementor-widget-ucaddon_product_bullets\" data-id=\"317c7a1\" data-element_type=\"widget\" data-e-type=\"widget\" data-widget_type=\"ucaddon_product_bullets.default\">\n\t\t\t\t<div class=\"elementor-widget-container\">\n\t\t\t\t\t<!-- start Product Bullets -->\n\t\t<link id='font-awesome-css' href='https:\/\/copenhagenbath.com\/wp-content\/plugins\/unlimited-elements-for-elementor-premium_old\/assets_libraries\/font-awesome5\/css\/fontawesome-all.min.css' type='text\/css' rel='stylesheet' >\n\t\t<link id='font-awesome-4-shim-css' href='https:\/\/copenhagenbath.com\/wp-content\/plugins\/unlimited-elements-for-elementor-premium_old\/assets_libraries\/font-awesome5\/css\/fontawesome-v4-shims.css' type='text\/css' rel='stylesheet' >\n\n\t\t\t<style type=\"text\/css\">\/* widget: Product Bullets *\/\n\n\n\n#uc_product_bullets_elementor_317c7a1 div.ue-bullet\n{\n  display:block;\n  flex-shrink:0;\n  flex-grow:0;\n}\n\n#uc_product_bullets_elementor_317c7a1 .ue_item_pbullet{\n  display: flex;\n}\n\n#uc_product_bullets_elementor_317c7a1 .ue_pbullet_graphicel{\n  display: flex;\n  flex-shrink: 0;\n  align-items: center;\n  justify-content: center;\n  overflow: hidden;\n}\n#uc_product_bullets_elementor_317c7a1 .ue_pbullet_graphicel span{\n  text-align: center;\n}\n#uc_product_bullets_elementor_317c7a1 .ue_pbullet_graphicel svg{\n  width:1em;\n  height:1em;\n}\n#uc_product_bullets_elementor_317c7a1 .ue_content_wrapper{\n  flex: auto;\n}\n\n#uc_product_bullets_elementor_317c7a1 .ue_title\n{\n  flex-shrink:0;\n  flex-grow:0;\n}\n\n#uc_product_bullets_elementor_317c7a1 .ue_title_wrapper\n{\n  display:flex;\n  align-items:center;\n}\n\n\n#uc_product_bullets_elementor_317c7a1 .ue-line\n{\n  flex-grow: 1;\n  margin:0px 10px;\n  width:100%;\n  \n}\n\n<\/style>\n\n\t\t\t<div id=\"uc_product_bullets_elementor_317c7a1\" class=\"ue_product_bullets uc-items-wrapper\"  >\n<div class=\"ue_item_pbullet elementor-repeater-item-0120690\">\n    <div class=\"ue_content_wrapper\">\n    <div class=\"ue_title_wrapper\">\n     <span class=\"ue_title\">CASE<\/span>\n      <div class=\"ue-line\"><\/div>\n      <div class=\"ue-bullet\"><\/div>\n    <\/div>\n    <p class=\"ue-text\">LEGO Campus<\/p>\n  <\/div>\n<\/div>\n<div class=\"ue_item_pbullet elementor-repeater-item-87b9e4f\">\n    <div class=\"ue_content_wrapper\">\n    <div class=\"ue_title_wrapper\">\n     <span class=\"ue_title\">LOCATION<\/span>\n      <div class=\"ue-line\"><\/div>\n      <div class=\"ue-bullet\"><\/div>\n    <\/div>\n    <p class=\"ue-text\">Billund, Denmark<\/p>\n  <\/div>\n<\/div>\n<div class=\"ue_item_pbullet elementor-repeater-item-0eec7d7\">\n    <div class=\"ue_content_wrapper\">\n    <div class=\"ue_title_wrapper\">\n     <span class=\"ue_title\">PRODUCTS<\/span>\n      <div class=\"ue-line\"><\/div>\n      <div class=\"ue-bullet\"><\/div>\n    <\/div>\n    <p class=\"ue-text\">Nex\u00f8 basins with drawer in 100% matte white premium Acovi\u00ae Solid Surface.\n\n<\/p>\n  <\/div>\n<\/div>\n\n<\/div>\n\t\t\t<!-- end Product Bullets -->\t\t\t\t<\/div>\n\t\t\t\t<\/div>\n\t\t\t\t<\/div>\n\t\t<div class=\"elementor-element elementor-element-e41b4fc e-con-full e-flex e-con e-child\" data-id=\"e41b4fc\" data-element_type=\"container\" data-e-type=\"container\">\n\t\t\t\t<div class=\"elementor-element elementor-element-bf71687 animated-slow elementor-widget__width-inherit elementor-widget-tablet__width-inherit fullwidthimage elementor-invisible elementor-widget elementor-widget-image\" data-id=\"bf71687\" data-element_type=\"widget\" data-e-type=\"widget\" data-settings=\"{&quot;_animation&quot;:&quot;fadeIn&quot;,&quot;_animation_delay&quot;:0,&quot;motion_fx_motion_fx_scrolling&quot;:&quot;yes&quot;,&quot;motion_fx_devices&quot;:[&quot;desktop&quot;,&quot;tablet&quot;,&quot;mobile&quot;]}\" data-widget_type=\"image.default\">\n\t\t\t\t\t\t\t\t\t\t\t\t\t\t\t<img decoding=\"async\" width=\"1000\" height=\"514\" src=\"https:\/\/copenhagenbath.com\/wp-content\/uploads\/2024\/08\/LEGO-Campus-C-F-Moeller-img-79835-w1000-h514-tD.jpg\" class=\"attachment-1536x1536 size-1536x1536 wp-image-3562\" alt=\"\" srcset=\"https:\/\/copenhagenbath.com\/wp-content\/uploads\/2024\/08\/LEGO-Campus-C-F-Moeller-img-79835-w1000-h514-tD.jpg 1000w, https:\/\/copenhagenbath.com\/wp-content\/uploads\/2024\/08\/LEGO-Campus-C-F-Moeller-img-79835-w1000-h514-tD-300x154.jpg 300w, https:\/\/copenhagenbath.com\/wp-content\/uploads\/2024\/08\/LEGO-Campus-C-F-Moeller-img-79835-w1000-h514-tD-768x395.jpg 768w, https:\/\/copenhagenbath.com\/wp-content\/uploads\/2024\/08\/LEGO-Campus-C-F-Moeller-img-79835-w1000-h514-tD-600x308.jpg 600w\" sizes=\"(max-width: 1000px) 100vw, 1000px\" \/>\t\t\t\t\t\t\t\t\t\t\t\t\t\t\t<\/div>\n\t\t\t\t<\/div>\n\t\t\t\t\t<\/div>\n\t\t\t\t<\/div>\n\t\t<div class=\"elementor-element elementor-element-076feca e-flex e-con-boxed e-con e-parent\" data-id=\"076feca\" data-element_type=\"container\" data-e-type=\"container\" data-settings=\"{&quot;background_background&quot;:&quot;classic&quot;}\">\n\t\t\t\t\t<div class=\"e-con-inner\">\n\t\t<div class=\"elementor-element elementor-element-c876e98 e-con-full e-flex e-con e-child\" data-id=\"c876e98\" data-element_type=\"container\" data-e-type=\"container\">\n\t\t\t\t<div class=\"elementor-element elementor-element-131005e elementor-hidden-mobile elementor-widget__width-inherit elementor-widget-tablet__width-initial fullwidthimage elementor-invisible elementor-widget elementor-widget-image\" data-id=\"131005e\" data-element_type=\"widget\" data-e-type=\"widget\" data-settings=\"{&quot;motion_fx_motion_fx_scrolling&quot;:&quot;yes&quot;,&quot;_animation&quot;:&quot;fadeIn&quot;,&quot;motion_fx_devices&quot;:[&quot;desktop&quot;,&quot;tablet&quot;,&quot;mobile&quot;]}\" data-widget_type=\"image.default\">\n\t\t\t\t\t\t\t\t\t\t\t\t\t\t\t<img decoding=\"async\" width=\"800\" height=\"445\" src=\"https:\/\/copenhagenbath.com\/wp-content\/uploads\/2024\/08\/LEGO-Campus-official-opening-16.jpg\" class=\"attachment-2048x2048 size-2048x2048 wp-image-3563\" alt=\"\" srcset=\"https:\/\/copenhagenbath.com\/wp-content\/uploads\/2024\/08\/LEGO-Campus-official-opening-16.jpg 800w, https:\/\/copenhagenbath.com\/wp-content\/uploads\/2024\/08\/LEGO-Campus-official-opening-16-300x167.jpg 300w, https:\/\/copenhagenbath.com\/wp-content\/uploads\/2024\/08\/LEGO-Campus-official-opening-16-768x427.jpg 768w, https:\/\/copenhagenbath.com\/wp-content\/uploads\/2024\/08\/LEGO-Campus-official-opening-16-600x334.jpg 600w\" sizes=\"(max-width: 800px) 100vw, 800px\" \/>\t\t\t\t\t\t\t\t\t\t\t\t\t\t\t<\/div>\n\t\t\t\t<\/div>\n\t\t<div class=\"elementor-element elementor-element-5ba061d e-con-full e-flex e-con e-child\" data-id=\"5ba061d\" data-element_type=\"container\" data-e-type=\"container\" data-settings=\"{&quot;background_background&quot;:&quot;classic&quot;}\">\n\t\t\t\t<div class=\"elementor-element elementor-element-3cff384 elementor-widget__width-initial elementor-widget elementor-widget-heading\" data-id=\"3cff384\" data-element_type=\"widget\" data-e-type=\"widget\" data-widget_type=\"heading.default\">\n\t\t\t\t\t<h3 class=\"elementor-heading-title elementor-size-default\">Copenhagen Bathin panostus keskittyi korkealaatuisten ja toiminnallisten kylpyhuoneiden toimittamiseen.<\/h3>\t\t\t\t<\/div>\n\t\t\t\t<div class=\"elementor-element elementor-element-f19395d elementor-widget__width-initial elementor-widget elementor-widget-text-editor\" data-id=\"f19395d\" data-element_type=\"widget\" data-e-type=\"widget\" data-widget_type=\"text-editor.default\">\n\t\t\t\t\t\t\t\t\t<p>Designit, jotka heijastavat kampuksen edistyksellist\u00e4 ja ymp\u00e4rist\u00f6yst\u00e4v\u00e4llist\u00e4 ajattelua. Valmistettu kest\u00e4vyytt\u00e4, k\u00f6\u00f6penhaminalaista eleganssia ja tarkkuutta vaalien.<\/p><p>Suunniteltu t\u00e4ydent\u00e4m\u00e4\u00e4n LEGO:n visiota kest\u00e4v\u00e4st\u00e4 innovaatiosta ja yhteisty\u00f6st\u00e4, kylpyhuoneet ilment\u00e4v\u00e4t yksinkertaisuutta, pitk\u00e4ik\u00e4isyytt\u00e4 ja hienostunutta k\u00e4sity\u00f6taitoa.<\/p>\t\t\t\t\t\t\t\t<\/div>\n\t\t\t\t<\/div>\n\t\t\t\t\t<\/div>\n\t\t\t\t<\/div>\n\t\t<div class=\"elementor-element elementor-element-85b1d09 e-flex e-con-boxed e-con e-parent\" data-id=\"85b1d09\" data-element_type=\"container\" data-e-type=\"container\" data-settings=\"{&quot;background_background&quot;:&quot;classic&quot;}\">\n\t\t\t\t\t<div class=\"e-con-inner\">\n\t\t<div class=\"elementor-element elementor-element-934b71e e-con-full e-flex e-con e-child\" data-id=\"934b71e\" data-element_type=\"container\" data-e-type=\"container\" data-settings=\"{&quot;background_background&quot;:&quot;classic&quot;}\">\n\t\t\t\t<div class=\"elementor-element elementor-element-a5fe075 elementor-widget__width-initial elementor-widget elementor-widget-heading\" data-id=\"a5fe075\" data-element_type=\"widget\" data-e-type=\"widget\" data-widget_type=\"heading.default\">\n\t\t\t\t\t<h3 class=\"elementor-heading-title elementor-size-default\">Ylellisist\u00e4 hotelleista ja korkealuokkaisista asuinrakennuksista yritystoimistoihin ja hyvinvointikeskuksiin.<\/h3>\t\t\t\t<\/div>\n\t\t\t\t<div class=\"elementor-element elementor-element-66d76fc elementor-widget__width-initial elementor-widget elementor-widget-text-editor\" data-id=\"66d76fc\" data-element_type=\"widget\" data-e-type=\"widget\" data-widget_type=\"text-editor.default\">\n\t\t\t\t\t\t\t\t\t<p>Projektimme heijastavat syv\u00e4llist\u00e4 ymm\u00e4rryst\u00e4 suurten yritysten erityisist\u00e4 esteettisist\u00e4 ja toiminnallisista vaatimuksista. Hy\u00f6dynt\u00e4m\u00e4ll\u00e4 innovatiivista muotoilufilosofiaamme ja poikkeuksellista k\u00e4sity\u00f6taitoa luomme tiloja, jotka huokuvat tyylikkyytt\u00e4 ja k\u00e4yt\u00e4nn\u00f6llisyytt\u00e4.<\/p><p>Jokainen Copenhagen Bathin toteuttama projekti on osoitus kyvyst\u00e4mme yhdist\u00e4\u00e4 luovuus ja tarkkuus, varmistaen ett\u00e4 jokainen design tukee asiakkaamme br\u00e4ndi-identiteetti\u00e4 ja parantaa k\u00e4ytt\u00f6kokemusta. R\u00e4\u00e4t\u00e4l\u00f6ityjen palveluidemme kautta tuomme skandinaavisen muotoilun ytimen esiin ja tarjoamme mittatilausratkaisuja, jotka huokuvat eleganssia ja nykyaikaisuutta kautta Euroopan.<\/p>\t\t\t\t\t\t\t\t<\/div>\n\t\t\t\t<\/div>\n\t\t<div class=\"elementor-element elementor-element-e3c3651 e-con-full e-flex e-con e-child\" data-id=\"e3c3651\" data-element_type=\"container\" data-e-type=\"container\">\n\t\t\t\t<div class=\"elementor-element elementor-element-0aa91c1 elementor-widget__width-inherit elementor-widget-tablet__width-initial fullwidthimage elementor-invisible elementor-widget elementor-widget-image\" data-id=\"0aa91c1\" data-element_type=\"widget\" data-e-type=\"widget\" data-settings=\"{&quot;motion_fx_motion_fx_scrolling&quot;:&quot;yes&quot;,&quot;_animation&quot;:&quot;fadeIn&quot;,&quot;motion_fx_devices&quot;:[&quot;desktop&quot;,&quot;tablet&quot;,&quot;mobile&quot;]}\" data-widget_type=\"image.default\">\n\t\t\t\t\t\t\t\t\t\t\t\t\t\t\t<img decoding=\"async\" width=\"1152\" height=\"768\" src=\"https:\/\/copenhagenbath.com\/wp-content\/uploads\/2024\/08\/LEGO-Campus-indgang-UWN.jpg\" class=\"attachment-2048x2048 size-2048x2048 wp-image-3566\" alt=\"\" srcset=\"https:\/\/copenhagenbath.com\/wp-content\/uploads\/2024\/08\/LEGO-Campus-indgang-UWN.jpg 1152w, https:\/\/copenhagenbath.com\/wp-content\/uploads\/2024\/08\/LEGO-Campus-indgang-UWN-300x200.jpg 300w, https:\/\/copenhagenbath.com\/wp-content\/uploads\/2024\/08\/LEGO-Campus-indgang-UWN-1024x683.jpg 1024w, https:\/\/copenhagenbath.com\/wp-content\/uploads\/2024\/08\/LEGO-Campus-indgang-UWN-768x512.jpg 768w, https:\/\/copenhagenbath.com\/wp-content\/uploads\/2024\/08\/LEGO-Campus-indgang-UWN-600x400.jpg 600w\" sizes=\"(max-width: 1152px) 100vw, 1152px\" \/>\t\t\t\t\t\t\t\t\t\t\t\t\t\t\t<\/div>\n\t\t\t\t<\/div>\n\t\t\t\t\t<\/div>\n\t\t\t\t<\/div>\n\t\t<div class=\"elementor-element elementor-element-d309d3f e-flex e-con-boxed e-con e-parent\" data-id=\"d309d3f\" data-element_type=\"container\" data-e-type=\"container\" data-settings=\"{&quot;background_background&quot;:&quot;classic&quot;}\">\n\t\t\t\t\t<div class=\"e-con-inner\">\n\t\t\t\t<div class=\"elementor-element elementor-element-d6cbddb elementor-align-center elementor-tablet-align-center elementor-widget elementor-widget-button\" data-id=\"d6cbddb\" data-element_type=\"widget\" data-e-type=\"widget\" data-widget_type=\"button.default\">\n\t\t\t\t\t\t\t\t\t\t<a class=\"elementor-button elementor-button-link elementor-size-sm\" href=\"https:\/\/copenhagenbath.com\/fi\/?page_id=27570\" back=\"\">\n\t\t\t\t\t\t<span class=\"elementor-button-content-wrapper\">\n\t\t\t\t\t\t\t\t\t<span class=\"elementor-button-text\">Takaisin tapauksiin<\/span>\n\t\t\t\t\t<\/span>\n\t\t\t\t\t<\/a>\n\t\t\t\t\t\t\t\t<\/div>\n\t\t\t\t\t<\/div>\n\t\t\t\t<\/div>\n\t\t\t\t<\/div>","protected":false},"excerpt":{"rendered":"<p>LEGO Campus Bathroom \u2013 designed with Copenhagen Bath Proudly collaborated with C.F. M\u00f8ller and LEGO Copenhagen Bath collaborated with C.F. M\u00f8ller Architects and LEGO to design 54 bespoke bathrooms for the LEGO Campus, which opened in April 2022 in Billund, Denmark. Spanning 54,000 square metres, the campus embodies LEGO\u2019s core values, fostering a playful, inclusive [&hellip;]<\/p>","protected":false},"author":4,"featured_media":0,"parent":0,"menu_order":0,"comment_status":"closed","ping_status":"closed","template":"","meta":{"footnotes":""},"class_list":["post-9799","page","type-page","status-publish","hentry"],"_links":{"self":[{"href":"https:\/\/copenhagenbath.com\/fi\/wp-json\/wp\/v2\/pages\/9799","targetHints":{"allow":["GET"]}}],"collection":[{"href":"https:\/\/copenhagenbath.com\/fi\/wp-json\/wp\/v2\/pages"}],"about":[{"href":"https:\/\/copenhagenbath.com\/fi\/wp-json\/wp\/v2\/types\/page"}],"author":[{"embeddable":true,"href":"https:\/\/copenhagenbath.com\/fi\/wp-json\/wp\/v2\/users\/4"}],"replies":[{"embeddable":true,"href":"https:\/\/copenhagenbath.com\/fi\/wp-json\/wp\/v2\/comments?post=9799"}],"version-history":[{"count":214,"href":"https:\/\/copenhagenbath.com\/fi\/wp-json\/wp\/v2\/pages\/9799\/revisions"}],"predecessor-version":[{"id":36215,"href":"https:\/\/copenhagenbath.com\/fi\/wp-json\/wp\/v2\/pages\/9799\/revisions\/36215"}],"wp:attachment":[{"href":"https:\/\/copenhagenbath.com\/fi\/wp-json\/wp\/v2\/media?parent=9799"}],"curies":[{"name":"wp","href":"https:\/\/api.w.org\/{rel}","templated":true}]}}