{"id":23358,"date":"2025-03-11T10:25:13","date_gmt":"2025-03-11T10:25:13","guid":{"rendered":"https:\/\/wp.copenhagenbath.com\/?page_id=23358"},"modified":"2025-07-28T08:54:29","modified_gmt":"2025-07-28T08:54:29","slug":"craftmanship-and-design","status":"publish","type":"page","link":"https:\/\/copenhagenbath.com\/fr\/craftmanship-and-design\/","title":{"rendered":"Craftmanship and design &#8211; Mangler anker points for designer &#8211; For meget text p\u00e5 responsive"},"content":{"rendered":"<div data-elementor-type=\"wp-page\" data-elementor-id=\"23358\" class=\"elementor elementor-23358\" data-elementor-post-type=\"page\">\n\t\t\t\t<div class=\"elementor-element elementor-element-ba9d5ad e-con-full e-flex e-con e-parent\" data-id=\"ba9d5ad\" data-element_type=\"container\" data-e-type=\"container\" data-settings=\"{&quot;background_background&quot;:&quot;classic&quot;}\">\n\t\t<div class=\"elementor-element elementor-element-da0303c e-con-full e-flex e-con e-child\" data-id=\"da0303c\" data-element_type=\"container\" data-e-type=\"container\">\n\t\t\t\t<div class=\"elementor-element elementor-element-aff59cb elementor-widget__width-initial elementor-widget elementor-widget-heading\" data-id=\"aff59cb\" data-element_type=\"widget\" data-e-type=\"widget\" data-widget_type=\"heading.default\">\n\t\t\t\t\t<h1 class=\"elementor-heading-title elementor-size-default\">Artisanat et design<\/h1>\t\t\t\t<\/div>\n\t\t\t\t<div class=\"elementor-element elementor-element-ce2277d elementor-widget__width-initial elementor-widget elementor-widget-text-editor\" data-id=\"ce2277d\" data-element_type=\"widget\" data-e-type=\"widget\" data-widget_type=\"text-editor.default\">\n\t\t\t\t\t\t\t\t\t<p>Chaque produit que nous cr\u00e9ons est fa\u00e7onn\u00e9 par des mains expertes, alliant techniques traditionnelles et innovation moderne.<\/p><p>Copenhagen Bath est r\u00e9put\u00e9e pour son approche m\u00e9ticuleuse du design, garantissant que chaque produit r\u00e9pond aux plus hautes normes de qualit\u00e9 et d\u2019esth\u00e9tique. Le processus de s\u00e9lection commence avec des designers internationaux dont les visions cr\u00e9atives se traduisent en produits tangibles.<\/p><p>Chez Copenhagen Bath, nous nous engageons profond\u00e9ment \u00e0 ne s\u00e9lectionner que les meilleurs mat\u00e9riaux pour nos produits de salle de bains. Chaque produit r\u00e9sulte d\u2019une r\u00e9flexion minutieuse, garantissant que la durabilit\u00e9 et la beaut\u00e9 intemporelle sont au c\u0153ur de nos choix. Notre utilisation de mat\u00e9riaux de premi\u00e8re qualit\u00e9, qu\u2019il s\u2019agisse de pierre, de bois ou de m\u00e9tal, refl\u00e8te notre engagement envers la qualit\u00e9 et la long\u00e9vit\u00e9, en accord avec les normes les plus \u00e9lev\u00e9es du design danois.<\/p>\t\t\t\t\t\t\t\t<\/div>\n\t\t\t\t<\/div>\n\t\t<div class=\"elementor-element elementor-element-babcb50 e-con-full elementor-hidden-mobile elementor-hidden-tablet fullwidthimage e-flex e-con e-child\" data-id=\"babcb50\" data-element_type=\"container\" data-e-type=\"container\">\n\t\t\t\t<div class=\"elementor-element elementor-element-1bbe8c5 elementor-widget elementor-widget-image\" data-id=\"1bbe8c5\" data-element_type=\"widget\" data-e-type=\"widget\" data-widget_type=\"image.default\">\n\t\t\t\t\t\t\t\t\t\t\t\t\t\t\t\t<a href=\"https:\/\/copenhagenbath.com\/fr\/?page_id=25485\">\n\t\t\t\t\t\t\t<img decoding=\"async\" width=\"1024\" height=\"1010\" src=\"https:\/\/copenhagenbath.com\/wp-content\/uploads\/2024\/11\/4-1024x1010.jpg\" class=\"attachment-large size-large wp-image-13638\" alt=\"Alt text : Le meuble de salle de bains Bergen de Copenhagen Bath, fabriqu\u00e9 en ch\u00eane massif, met en valeur le design scandinave intemporel avec une fabrication durable et de haute qualit\u00e9 pour la salle de bains.\" srcset=\"https:\/\/copenhagenbath.com\/wp-content\/uploads\/2024\/11\/4-1024x1010.jpg 1024w, https:\/\/copenhagenbath.com\/wp-content\/uploads\/2024\/11\/4-300x296.jpg 300w, https:\/\/copenhagenbath.com\/wp-content\/uploads\/2024\/11\/4-768x757.jpg 768w, https:\/\/copenhagenbath.com\/wp-content\/uploads\/2024\/11\/4-600x592.jpg 600w, https:\/\/copenhagenbath.com\/wp-content\/uploads\/2024\/11\/4-100x100.jpg 100w, https:\/\/copenhagenbath.com\/wp-content\/uploads\/2024\/11\/4-50x50.jpg 50w, https:\/\/copenhagenbath.com\/wp-content\/uploads\/2024\/11\/4-e1743087218831.jpg 751w\" sizes=\"(max-width: 1024px) 100vw, 1024px\" \/>\t\t\t\t\t\t\t\t<\/a>\n\t\t\t\t\t\t\t\t\t\t\t\t\t\t\t<\/div>\n\t\t\t\t<\/div>\n\t\t\t\t<\/div>\n\t\t<div class=\"elementor-element elementor-element-9c55fc3 e-con-full e-flex e-con e-parent\" data-id=\"9c55fc3\" data-element_type=\"container\" data-e-type=\"container\" data-settings=\"{&quot;background_background&quot;:&quot;classic&quot;}\">\n\t\t<div class=\"elementor-element elementor-element-dd52de9 e-con-full e-flex e-con e-child\" data-id=\"dd52de9\" data-element_type=\"container\" data-e-type=\"container\">\n\t\t\t\t<div class=\"elementor-element elementor-element-47a67bb elementor-widget__width-initial elementor-widget elementor-widget-video\" data-id=\"47a67bb\" data-element_type=\"widget\" data-e-type=\"widget\" data-settings=\"{&quot;video_type&quot;:&quot;hosted&quot;,&quot;autoplay&quot;:&quot;yes&quot;,&quot;mute&quot;:&quot;yes&quot;}\" data-widget_type=\"video.default\">\n\t\t\t\t\t\t\t<div class=\"e-hosted-video elementor-wrapper elementor-open-inline\">\n\t\t\t\t\t<video class=\"elementor-video\" src=\"https:\/\/copenhagenbath.com\/wp-content\/uploads\/2024\/12\/Yuno-WA-1.mp4\" autoplay=\"\" muted=\"muted\" controlslist=\"nodownload\"><\/video>\n\t\t\t\t<\/div>\n\t\t\t\t\t\t<\/div>\n\t\t\t\t<\/div>\n\t\t<div class=\"elementor-element elementor-element-67a1fd4 e-con-full e-flex e-con e-child\" data-id=\"67a1fd4\" data-element_type=\"container\" data-e-type=\"container\">\n\t\t\t\t<div class=\"elementor-element elementor-element-2132386 elementor-widget__width-initial elementor-widget elementor-widget-heading\" data-id=\"2132386\" data-element_type=\"widget\" data-e-type=\"widget\" data-widget_type=\"heading.default\">\n\t\t\t\t\t<h2 class=\"elementor-heading-title elementor-size-default\">Nous sommes passionn\u00e9s par la renaissance de la tradition du design danois et collaborons avec une nouvelle g\u00e9n\u00e9ration de designers et d'artisans.<\/h2>\t\t\t\t<\/div>\n\t\t\t\t<div class=\"elementor-element elementor-element-4d68dde elementor-widget__width-initial elementor-widget elementor-widget-text-editor\" data-id=\"4d68dde\" data-element_type=\"widget\" data-e-type=\"widget\" data-widget_type=\"text-editor.default\">\n\t\t\t\t\t\t\t\t\t<p>Ensemble, nous fusionnons l\u2019h\u00e9ritage du design de Copenhague avec de nouvelles perspectives, cr\u00e9ant des produits qui honorent le pass\u00e9 tout en embrassant l\u2019avenir. Cette collaboration nous permet de poursuivre la fi\u00e8re tradition danoise d\u2019un savoir-faire exceptionnel et d\u2019apporter un renouveau d\u2019artisanat et de raffinement dans les espaces modernes.<\/p><p>Le r\u00e9sultat : des salles de bains qui ne se contentent pas d\u2019am\u00e9liorer l\u2019exp\u00e9rience du bain, mais qui deviennent \u00e9galement un point focal sculptural exprimant la s\u00e9r\u00e9nit\u00e9 et l\u2019\u00e9l\u00e9gance de la vie c\u00f4ti\u00e8re de Copenhague.<\/p>\t\t\t\t\t\t\t\t<\/div>\n\t\t\t\t<div class=\"elementor-element elementor-element-b21089e elementor-align-center elementor-widget elementor-widget-button\" data-id=\"b21089e\" data-element_type=\"widget\" data-e-type=\"widget\" data-widget_type=\"button.default\">\n\t\t\t\t\t\t\t\t\t\t<a class=\"elementor-button elementor-button-link elementor-size-sm\" href=\"https:\/\/copenhagenbath.com\/fr\/?page_id=22594\">\n\t\t\t\t\t\t<span class=\"elementor-button-content-wrapper\">\n\t\t\t\t\t\t\t\t\t<span class=\"elementor-button-text\">YUNO Collection<\/span>\n\t\t\t\t\t<\/span>\n\t\t\t\t\t<\/a>\n\t\t\t\t\t\t\t\t<\/div>\n\t\t\t\t<\/div>\n\t\t\t\t<\/div>\n\t\t<div class=\"elementor-element elementor-element-9472acb e-con-full e-flex e-con e-parent\" data-id=\"9472acb\" data-element_type=\"container\" data-e-type=\"container\" data-settings=\"{&quot;background_background&quot;:&quot;classic&quot;}\">\n\t\t<div class=\"elementor-element elementor-element-ede9bdb e-con-full e-flex e-con e-child\" data-id=\"ede9bdb\" data-element_type=\"container\" data-e-type=\"container\">\n\t\t\t\t<div class=\"elementor-element elementor-element-541534b elementor-widget__width-initial elementor-widget elementor-widget-heading\" data-id=\"541534b\" data-element_type=\"widget\" data-e-type=\"widget\" data-widget_type=\"heading.default\">\n\t\t\t\t\t<h3 class=\"elementor-heading-title elementor-size-default\">Premium Acovi\u00ae Solid Surface<\/h3>\t\t\t\t<\/div>\n\t\t\t\t<div class=\"elementor-element elementor-element-84497fe elementor-widget__width-initial elementor-widget elementor-widget-text-editor\" data-id=\"84497fe\" data-element_type=\"widget\" data-e-type=\"widget\" data-widget_type=\"text-editor.default\">\n\t\t\t\t\t\t\t\t\t<p>Copenhagen Bath fabrique sa surface solide haut de gamme Acovi\u00ae \u00e0 partir de min\u00e9raux naturels reconstitu\u00e9s et pulv\u00e9ris\u00e9s, renforc\u00e9s avec des polym\u00e8res et des durcisseurs. En s\u00e9lectionnant uniquement les meilleurs mat\u00e9riaux, nous pouvons offrir en toute confiance une garantie de 10 ans contre les variations de couleur.\u00a0<\/p><p>Diff\u00e9rentes qualit\u00e9s de Solid Surface et de produits en pierre rev\u00eatue tentent souvent d\u2019imiter l\u2019apparence et la sensation des vraies surfaces pleines, mais \u00e9chouent en mati\u00e8re de durabilit\u00e9, de coh\u00e9rence et de performance. Les alternatives bon march\u00e9 peuvent utiliser des r\u00e9sines ou des charges de moindre qualit\u00e9, entra\u00eenant des diff\u00e9rences de couleur, des imperfections de surface et une dur\u00e9e de vie r\u00e9duite. En revanche, la surface solide Acovi\u00ae de qualit\u00e9 sup\u00e9rieure de Copenhagen Bath est soigneusement con\u00e7ue pour durer de nombreuses ann\u00e9es.<\/p>\t\t\t\t\t\t\t\t<\/div>\n\t\t\t\t<div class=\"elementor-element elementor-element-56066a1 elementor-align-center elementor-widget elementor-widget-button\" data-id=\"56066a1\" data-element_type=\"widget\" data-e-type=\"widget\" data-widget_type=\"button.default\">\n\t\t\t\t\t\t\t\t\t\t<a class=\"elementor-button elementor-button-link elementor-size-sm\" href=\"https:\/\/copenhagenbath.com\/fr\/?page_id=27159\">\n\t\t\t\t\t\t<span class=\"elementor-button-content-wrapper\">\n\t\t\t\t\t\t\t\t\t<span class=\"elementor-button-text\">TQ5 By Mikal Harrsen<\/span>\n\t\t\t\t\t<\/span>\n\t\t\t\t\t<\/a>\n\t\t\t\t\t\t\t\t<\/div>\n\t\t\t\t<\/div>\n\t\t<div class=\"elementor-element elementor-element-356fab6 e-con-full e-flex e-con e-child\" data-id=\"356fab6\" data-element_type=\"container\" data-e-type=\"container\">\n\t\t\t\t<div class=\"elementor-element elementor-element-696679f fullwidthimage elementor-widget elementor-widget-image\" data-id=\"696679f\" data-element_type=\"widget\" data-e-type=\"widget\" data-widget_type=\"image.default\">\n\t\t\t\t\t\t\t\t\t\t\t\t\t\t\t\t<a href=\"https:\/\/copenhagenbath.com\/fr\/?page_id=27159\">\n\t\t\t\t\t\t\t<img decoding=\"async\" width=\"1536\" height=\"1387\" src=\"https:\/\/copenhagenbath.com\/wp-content\/uploads\/2024\/11\/Helsinki-tub_komprimeret-1536x1387.jpg\" class=\"attachment-1536x1536 size-1536x1536 wp-image-14601\" alt=\"TQ 5 Bathtub - Designed by Mikal Harrsen\" srcset=\"https:\/\/copenhagenbath.com\/wp-content\/uploads\/2024\/11\/Helsinki-tub_komprimeret-1536x1387.jpg 1536w, https:\/\/copenhagenbath.com\/wp-content\/uploads\/2024\/11\/Helsinki-tub_komprimeret-300x271.jpg 300w, https:\/\/copenhagenbath.com\/wp-content\/uploads\/2024\/11\/Helsinki-tub_komprimeret-1024x925.jpg 1024w, https:\/\/copenhagenbath.com\/wp-content\/uploads\/2024\/11\/Helsinki-tub_komprimeret-768x694.jpg 768w, https:\/\/copenhagenbath.com\/wp-content\/uploads\/2024\/11\/Helsinki-tub_komprimeret-2048x1850.jpg 2048w, https:\/\/copenhagenbath.com\/wp-content\/uploads\/2024\/11\/Helsinki-tub_komprimeret-600x542.jpg 600w, https:\/\/copenhagenbath.com\/wp-content\/uploads\/2024\/11\/Helsinki-tub_komprimeret-e1743087333384.jpg 1200w\" sizes=\"(max-width: 1536px) 100vw, 1536px\" \/>\t\t\t\t\t\t\t\t<\/a>\n\t\t\t\t\t\t\t\t\t\t\t\t\t\t\t<\/div>\n\t\t\t\t<\/div>\n\t\t\t\t<\/div>\n\t\t<div class=\"elementor-element elementor-element-752e2d7 e-con-full e-flex e-con e-parent\" data-id=\"752e2d7\" data-element_type=\"container\" data-e-type=\"container\" data-settings=\"{&quot;background_background&quot;:&quot;classic&quot;}\">\n\t\t<div class=\"elementor-element elementor-element-41ffa35 e-con-full e-flex e-con e-child\" data-id=\"41ffa35\" data-element_type=\"container\" data-e-type=\"container\">\n\t\t\t\t<div class=\"elementor-element elementor-element-d293de1 elementor--h-position-center elementor--v-position-middle elementor-arrows-position-inside elementor-widget elementor-widget-slides\" data-id=\"d293de1\" data-element_type=\"widget\" data-e-type=\"widget\" data-settings=\"{&quot;navigation&quot;:&quot;arrows&quot;,&quot;autoplay_speed&quot;:8007,&quot;autoplay&quot;:&quot;yes&quot;,&quot;pause_on_hover&quot;:&quot;yes&quot;,&quot;transition&quot;:&quot;slide&quot;,&quot;transition_speed&quot;:500}\" data-widget_type=\"slides.default\">\n\t\t\t\t\t\t\t\t\t\t<div class=\"elementor-slides-wrapper elementor-main-swiper swiper\" role=\"region\" aria-roledescription=\"carousel\" aria-label=\"Diapositives\" dir=\"ltr\" data-animation=\"\">\n\t\t\t\t<div class=\"swiper-wrapper elementor-slides\">\n\t\t\t\t\t\t\t\t\t\t<div class=\"elementor-repeater-item-4011bb2 swiper-slide\" role=\"group\" aria-roledescription=\"slide\"><div class=\"swiper-slide-bg\" role=\"img\"><\/div><a class=\"swiper-slide-inner\" href=\"https:\/\/copenhagenbath.com\/fr\/?page_id=17438\"><div class=\"swiper-slide-contents\"><div class=\"elementor-slide-heading\">Yuno Kontur<\/div><\/div><\/a><\/div>\t\t\t\t<\/div>\n\t\t\t\t\t\t\t<\/div>\n\t\t\t\t\t\t\t\t<\/div>\n\t\t\t\t<\/div>\n\t\t<div class=\"elementor-element elementor-element-bcb6c24 e-con-full e-flex e-con e-child\" data-id=\"bcb6c24\" data-element_type=\"container\" data-e-type=\"container\">\n\t\t\t\t<div class=\"elementor-element elementor-element-059d073 elementor-widget__width-initial elementor-widget elementor-widget-heading\" data-id=\"059d073\" data-element_type=\"widget\" data-e-type=\"widget\" data-widget_type=\"heading.default\">\n\t\t\t\t\t<h3 class=\"elementor-heading-title elementor-size-default\">Design r\u00e9fl\u00e9chi<\/h3>\t\t\t\t<\/div>\n\t\t\t\t<div class=\"elementor-element elementor-element-2b82dd1 elementor-widget__width-initial elementor-widget elementor-widget-text-editor\" data-id=\"2b82dd1\" data-element_type=\"widget\" data-e-type=\"widget\" data-widget_type=\"text-editor.default\">\n\t\t\t\t\t\t\t\t\t<p>Le processus de conception commence par une simple esquisse et suit une phase de d\u00e9veloppement minutieuse. Les prototypes sont d'abord r\u00e9alis\u00e9s en MDF, puis imprim\u00e9s en 3D pour tester la forme et la fonctionnalit\u00e9 en pratique. Cette m\u00e9thode permet des ajustements pr\u00e9cis avant de passer au moulage des \u00e9chantillons finaux. Chaque version est soigneusement \u00e9valu\u00e9e pour garantir que le produit final respecte nos exigences \u00e9lev\u00e9es en mati\u00e8re de durabilit\u00e9 et de long\u00e9vit\u00e9.<\/p><p>Ce processus rigoureux illustre l\u2019engagement de Copenhagen Bath envers la qualit\u00e9 et garantit que chaque produit de salle de bain renforce non seulement l\u2019esth\u00e9tique de l\u2019espace, mais conserve \u00e9galement sa durabilit\u00e9 et sa pertinence au fil du temps \u2013 tant en design qu\u2019en fonctionnalit\u00e9. Une fois les contr\u00f4les qualit\u00e9 pass\u00e9s, les cr\u00e9ations sont finalement lanc\u00e9es sur le march\u00e9, pr\u00eates \u00e0 sublimer toutes les salles de bain.<\/p>\t\t\t\t\t\t\t\t<\/div>\n\t\t\t\t<div class=\"elementor-element elementor-element-43f2b1b elementor-align-center elementor-widget elementor-widget-button\" data-id=\"43f2b1b\" data-element_type=\"widget\" data-e-type=\"widget\" data-widget_type=\"button.default\">\n\t\t\t\t\t\t\t\t\t\t<a class=\"elementor-button elementor-button-link elementor-size-sm\" href=\"https:\/\/copenhagenbath.com\/fr\/?page_id=17438\">\n\t\t\t\t\t\t<span class=\"elementor-button-content-wrapper\">\n\t\t\t\t\t\t\t\t\t<span class=\"elementor-button-text\">Yuno Kontur collection<\/span>\n\t\t\t\t\t<\/span>\n\t\t\t\t\t<\/a>\n\t\t\t\t\t\t\t\t<\/div>\n\t\t\t\t<\/div>\n\t\t\t\t<\/div>\n\t\t<div class=\"elementor-element elementor-element-63989b3 e-con-full e-flex e-con e-parent\" data-id=\"63989b3\" data-element_type=\"container\" data-e-type=\"container\" data-settings=\"{&quot;background_background&quot;:&quot;classic&quot;}\">\n\t\t<div class=\"elementor-element elementor-element-17f1e2b e-con-full e-flex e-con e-child\" data-id=\"17f1e2b\" data-element_type=\"container\" data-e-type=\"container\" data-settings=\"{&quot;background_background&quot;:&quot;classic&quot;}\">\n\t\t\t\t<div class=\"elementor-element elementor-element-da962ba elementor-widget__width-initial elementor-widget elementor-widget-text-editor\" data-id=\"da962ba\" data-element_type=\"widget\" data-e-type=\"widget\" data-widget_type=\"text-editor.default\">\n\t\t\t\t\t\t\t\t\t<div class=\"page\" title=\"Page 13\"><div class=\"section\"><div class=\"layoutArea\"><div class=\"column\"><div class=\"column\"><p>Nous sommes passionn\u00e9s par la renaissance de la tradition du design de Copenhague et collaborons avec une nouvelle g\u00e9n\u00e9ration de designers et d\u2019artisans.<\/p><\/div><\/div><\/div><\/div><\/div>\t\t\t\t\t\t\t\t<\/div>\n\t\t\t\t<\/div>\n\t\t\t\t<\/div>\n\t\t<div class=\"elementor-element elementor-element-4c970bb e-con-full e-flex e-con e-parent\" data-id=\"4c970bb\" data-element_type=\"container\" data-e-type=\"container\" data-settings=\"{&quot;background_background&quot;:&quot;classic&quot;}\">\n\t\t<div class=\"elementor-element elementor-element-af40e56 e-con-full e-flex e-con e-child\" data-id=\"af40e56\" data-element_type=\"container\" data-e-type=\"container\">\n\t\t\t\t<div class=\"elementor-element elementor-element-9a20f28 fullwidthimage elementor-widget elementor-widget-image\" data-id=\"9a20f28\" data-element_type=\"widget\" data-e-type=\"widget\" id=\"Mikal-Harrsen\" data-widget_type=\"image.default\">\n\t\t\t\t\t\t\t\t\t\t\t\t\t\t\t\t<a href=\"\/fr\/our-designers\/#Mikal-Harrsen\">\n\t\t\t\t\t\t\t<img decoding=\"async\" width=\"642\" height=\"642\" src=\"https:\/\/copenhagenbath.com\/wp-content\/uploads\/2024\/07\/mikal-harrsen-e1738000768858.jpg\" class=\"attachment-large size-large wp-image-1910\" alt=\"Mikal Harrsen design - Bathtub and basins\" srcset=\"https:\/\/copenhagenbath.com\/wp-content\/uploads\/2024\/07\/mikal-harrsen-e1738000768858.jpg 642w, https:\/\/copenhagenbath.com\/wp-content\/uploads\/2024\/07\/mikal-harrsen-e1738000768858-150x150.jpg 150w, https:\/\/copenhagenbath.com\/wp-content\/uploads\/2024\/07\/mikal-harrsen-e1738000768858-300x300.jpg 300w, https:\/\/copenhagenbath.com\/wp-content\/uploads\/2024\/07\/mikal-harrsen-e1738000768858-600x600.jpg 600w, https:\/\/copenhagenbath.com\/wp-content\/uploads\/2024\/07\/mikal-harrsen-e1738000768858-100x100.jpg 100w\" sizes=\"(max-width: 642px) 100vw, 642px\" \/>\t\t\t\t\t\t\t\t<\/a>\n\t\t\t\t\t\t\t\t\t\t\t\t\t\t\t<\/div>\n\t\t\t\t<\/div>\n\t\t<div class=\"elementor-element elementor-element-83e79a9 e-con-full e-flex e-con e-child\" data-id=\"83e79a9\" data-element_type=\"container\" data-e-type=\"container\">\n\t\t\t\t<div class=\"elementor-element elementor-element-9823049 fullwidthimage elementor-widget elementor-widget-image\" data-id=\"9823049\" data-element_type=\"widget\" data-e-type=\"widget\" id=\"Johannes-Torpe\" data-widget_type=\"image.default\">\n\t\t\t\t\t\t\t\t\t\t\t\t\t\t\t\t<a href=\"\/fr\/our-designers\/#Johannes-Torpe\">\n\t\t\t\t\t\t\t<img decoding=\"async\" width=\"900\" height=\"900\" src=\"https:\/\/copenhagenbath.com\/wp-content\/uploads\/2025\/01\/3bb7046d6fe801285ddd3ff5dc645704b8efe488.jpg\" class=\"attachment-large size-large wp-image-18957\" alt=\"Johannes Torpe Studio\" srcset=\"https:\/\/copenhagenbath.com\/wp-content\/uploads\/2025\/01\/3bb7046d6fe801285ddd3ff5dc645704b8efe488.jpg 900w, https:\/\/copenhagenbath.com\/wp-content\/uploads\/2025\/01\/3bb7046d6fe801285ddd3ff5dc645704b8efe488-300x300.jpg 300w, https:\/\/copenhagenbath.com\/wp-content\/uploads\/2025\/01\/3bb7046d6fe801285ddd3ff5dc645704b8efe488-150x150.jpg 150w, https:\/\/copenhagenbath.com\/wp-content\/uploads\/2025\/01\/3bb7046d6fe801285ddd3ff5dc645704b8efe488-768x768.jpg 768w, https:\/\/copenhagenbath.com\/wp-content\/uploads\/2025\/01\/3bb7046d6fe801285ddd3ff5dc645704b8efe488-600x600.jpg 600w, https:\/\/copenhagenbath.com\/wp-content\/uploads\/2025\/01\/3bb7046d6fe801285ddd3ff5dc645704b8efe488-100x100.jpg 100w\" sizes=\"(max-width: 900px) 100vw, 900px\" \/>\t\t\t\t\t\t\t\t<\/a>\n\t\t\t\t\t\t\t\t\t\t\t\t\t\t\t<\/div>\n\t\t\t\t<\/div>\n\t\t<div class=\"elementor-element elementor-element-d0254c3 e-con-full e-flex e-con e-child\" data-id=\"d0254c3\" data-element_type=\"container\" data-e-type=\"container\" id=\"Yuno\">\n\t\t\t\t<div class=\"elementor-element elementor-element-82baa24 fullwidthimage elementor-widget elementor-widget-image\" data-id=\"82baa24\" data-element_type=\"widget\" data-e-type=\"widget\" id=\"Yuno\" data-widget_type=\"image.default\">\n\t\t\t\t\t\t\t\t\t\t\t\t\t\t\t\t<a href=\"\/fr\/our-designers\/#Yuno\">\n\t\t\t\t\t\t\t<img decoding=\"async\" width=\"1024\" height=\"1024\" src=\"https:\/\/copenhagenbath.com\/wp-content\/uploads\/2024\/09\/Yuno-Design-e1738000935159-1024x1024.jpg\" class=\"attachment-large size-large wp-image-6041\" alt=\"YUNO Design Studio - Concepteur de salles de bains\" srcset=\"https:\/\/copenhagenbath.com\/wp-content\/uploads\/2024\/09\/Yuno-Design-e1738000935159-1024x1024.jpg 1024w, https:\/\/copenhagenbath.com\/wp-content\/uploads\/2024\/09\/Yuno-Design-e1738000935159-300x300.jpg 300w, https:\/\/copenhagenbath.com\/wp-content\/uploads\/2024\/09\/Yuno-Design-e1738000935159-150x150.jpg 150w, https:\/\/copenhagenbath.com\/wp-content\/uploads\/2024\/09\/Yuno-Design-e1738000935159-768x768.jpg 768w, https:\/\/copenhagenbath.com\/wp-content\/uploads\/2024\/09\/Yuno-Design-e1738000935159-600x600.jpg 600w, https:\/\/copenhagenbath.com\/wp-content\/uploads\/2024\/09\/Yuno-Design-e1738000935159-100x100.jpg 100w, https:\/\/copenhagenbath.com\/wp-content\/uploads\/2024\/09\/Yuno-Design-e1738000935159.jpg 1333w\" sizes=\"(max-width: 1024px) 100vw, 1024px\" \/>\t\t\t\t\t\t\t\t<\/a>\n\t\t\t\t\t\t\t\t\t\t\t\t\t\t\t<\/div>\n\t\t\t\t<\/div>\n\t\t<div class=\"elementor-element elementor-element-d3a1672 e-con-full e-flex e-con e-child\" data-id=\"d3a1672\" data-element_type=\"container\" data-e-type=\"container\">\n\t\t\t\t<div class=\"elementor-element elementor-element-31954cf elementor-hidden-mobile elementor-widget elementor-widget-text-editor\" data-id=\"31954cf\" data-element_type=\"widget\" data-e-type=\"widget\" data-widget_type=\"text-editor.default\">\n\t\t\t\t\t\t\t\t\t<p>Together, we merge the legacy of Copenhagen design with fresh perspectives, creating products that honour the past while embracing the future. This collaboration allows us to continue Copenhagen&#8217;s proud heritage of exceptional craftsmanship, bringing a renewed sense of artistry and sophistication to contemporary spaces.<\/p>\t\t\t\t\t\t\t\t<\/div>\n\t\t\t\t<div class=\"elementor-element elementor-element-a0bdbc8 elementor-align-left elementor-widget__width-inherit elementor-widget elementor-widget-button\" data-id=\"a0bdbc8\" data-element_type=\"widget\" data-e-type=\"widget\" data-widget_type=\"button.default\">\n\t\t\t\t\t\t\t\t\t\t<a class=\"elementor-button elementor-button-link elementor-size-sm\" href=\"https:\/\/copenhagenbath.com\/fr\/?page_id=27034\">\n\t\t\t\t\t\t<span class=\"elementor-button-content-wrapper\">\n\t\t\t\t\t\t\t\t\t<span class=\"elementor-button-text\">Meet our designers<\/span>\n\t\t\t\t\t<\/span>\n\t\t\t\t\t<\/a>\n\t\t\t\t\t\t\t\t<\/div>\n\t\t\t\t<\/div>\n\t\t\t\t<\/div>\n\t\t\t\t<\/div>","protected":false},"excerpt":{"rendered":"<p>Craftsmanship and design Every product we create is shaped by skilled hands, blending traditional techniques with modern innovation. Copenhagen Bath is renowned for its meticulous approach to design, ensuring that each product meets the highest standards of quality and aesthetics. The selection process begins with international designers, whose creative visions are translated into tangible products. [&hellip;]<\/p>","protected":false},"author":12,"featured_media":0,"parent":0,"menu_order":0,"comment_status":"closed","ping_status":"closed","template":"","meta":{"footnotes":""},"class_list":["post-23358","page","type-page","status-publish","hentry"],"_links":{"self":[{"href":"https:\/\/copenhagenbath.com\/fr\/wp-json\/wp\/v2\/pages\/23358","targetHints":{"allow":["GET"]}}],"collection":[{"href":"https:\/\/copenhagenbath.com\/fr\/wp-json\/wp\/v2\/pages"}],"about":[{"href":"https:\/\/copenhagenbath.com\/fr\/wp-json\/wp\/v2\/types\/page"}],"author":[{"embeddable":true,"href":"https:\/\/copenhagenbath.com\/fr\/wp-json\/wp\/v2\/users\/12"}],"replies":[{"embeddable":true,"href":"https:\/\/copenhagenbath.com\/fr\/wp-json\/wp\/v2\/comments?post=23358"}],"version-history":[{"count":374,"href":"https:\/\/copenhagenbath.com\/fr\/wp-json\/wp\/v2\/pages\/23358\/revisions"}],"predecessor-version":[{"id":36269,"href":"https:\/\/copenhagenbath.com\/fr\/wp-json\/wp\/v2\/pages\/23358\/revisions\/36269"}],"wp:attachment":[{"href":"https:\/\/copenhagenbath.com\/fr\/wp-json\/wp\/v2\/media?parent=23358"}],"curies":[{"name":"wp","href":"https:\/\/api.w.org\/{rel}","templated":true}]}}