{"id":25194,"date":"2025-03-21T07:47:22","date_gmt":"2025-03-21T07:47:22","guid":{"rendered":"https:\/\/wp.copenhagenbath.com\/?page_id=25194"},"modified":"2025-07-25T15:28:59","modified_gmt":"2025-07-25T15:28:59","slug":"case-loreal","status":"publish","type":"page","link":"https:\/\/copenhagenbath.com\/fr\/case-loreal\/","title":{"rendered":"Case: L&#8217;oreal"},"content":{"rendered":"<div data-elementor-type=\"wp-page\" data-elementor-id=\"25194\" class=\"elementor elementor-25194\" data-elementor-post-type=\"page\">\n\t\t\t\t<div class=\"elementor-element elementor-element-58fd8fd e-con-full e-flex e-con e-parent\" data-id=\"58fd8fd\" data-element_type=\"container\" data-e-type=\"container\">\n\t\t\t\t<div class=\"elementor-element elementor-element-dc3a398 elementor-widget__width-inherit elementor--h-position-center elementor--v-position-middle elementor-pagination-position-inside elementor-widget elementor-widget-slides\" data-id=\"dc3a398\" data-element_type=\"widget\" data-e-type=\"widget\" data-settings=\"{&quot;navigation&quot;:&quot;dots&quot;,&quot;transition&quot;:&quot;fade&quot;,&quot;autoplay&quot;:&quot;yes&quot;,&quot;pause_on_hover&quot;:&quot;yes&quot;,&quot;pause_on_interaction&quot;:&quot;yes&quot;,&quot;autoplay_speed&quot;:5000,&quot;infinite&quot;:&quot;yes&quot;,&quot;transition_speed&quot;:500}\" data-widget_type=\"slides.default\">\n\t\t\t\t\t\t\t\t\t\t<div class=\"elementor-slides-wrapper elementor-main-swiper swiper\" role=\"region\" aria-roledescription=\"carousel\" aria-label=\"Diapositives\" dir=\"ltr\" data-animation=\"\">\n\t\t\t\t<div class=\"swiper-wrapper elementor-slides\">\n\t\t\t\t\t\t\t\t\t\t<div class=\"elementor-repeater-item-fa930be swiper-slide\" role=\"group\" aria-roledescription=\"slide\"><div class=\"swiper-slide-bg elementor-ken-burns elementor-ken-burns--in\" role=\"img\"><\/div><div class=\"swiper-slide-inner\" ><div class=\"swiper-slide-contents\"><h1 class=\"elementor-slide-heading\">Product launch L'Or\u00e9al<\/h1><p class=\"elementor-slide-description\">Product launch \u2013 designed with Copenhagen Bath<\/p><\/div><\/div><\/div>\t\t\t\t<\/div>\n\t\t\t\t\t\t\t<\/div>\n\t\t\t\t\t\t\t\t<\/div>\n\t\t\t\t<\/div>\n\t\t<div class=\"elementor-element elementor-element-e860d4b e-flex e-con-boxed e-con e-parent\" data-id=\"e860d4b\" data-element_type=\"container\" data-e-type=\"container\" data-settings=\"{&quot;background_background&quot;:&quot;classic&quot;}\">\n\t\t\t\t\t<div class=\"e-con-inner\">\n\t\t<div class=\"elementor-element elementor-element-79050b5 e-con-full e-flex e-con e-child\" data-id=\"79050b5\" data-element_type=\"container\" data-e-type=\"container\" data-settings=\"{&quot;background_background&quot;:&quot;classic&quot;}\">\n\t\t\t\t<div class=\"elementor-element elementor-element-eff3fe8 elementor-widget__width-initial elementor-widget elementor-widget-heading\" data-id=\"eff3fe8\" data-element_type=\"widget\" data-e-type=\"widget\" data-widget_type=\"heading.default\">\n\t\t\t\t\t<h2 class=\"elementor-heading-title elementor-size-default\">Lancement de produit L\u2019Or\u00e9al \u00e0 l\u2019H\u00f4tel d\u2019Angleterre avec les produits de Copenhagen Bath<\/h2>\t\t\t\t<\/div>\n\t\t\t\t<div class=\"elementor-element elementor-element-aab37bc elementor-widget__width-initial elementor-widget elementor-widget-text-editor\" data-id=\"aab37bc\" data-element_type=\"widget\" data-e-type=\"widget\" data-widget_type=\"text-editor.default\">\n\t\t\t\t\t\t\t\t\tCopenhagen Bath a collabor\u00e9 avec L\u2019Or\u00e9al pour un lancement de produit exclusif \u00e0 l\u2019H\u00f4tel d\u2019Angleterre, mettant en avant leur nouvelle gamme de produits.\t\t\t\t\t\t\t\t<\/div>\n\t\t\t\t<\/div>\n\t\t\t\t\t<\/div>\n\t\t\t\t<\/div>\n\t\t<div class=\"elementor-element elementor-element-1d82353 e-flex e-con-boxed e-con e-parent\" data-id=\"1d82353\" data-element_type=\"container\" data-e-type=\"container\" data-settings=\"{&quot;background_background&quot;:&quot;classic&quot;}\">\n\t\t\t\t\t<div class=\"e-con-inner\">\n\t\t<div class=\"elementor-element elementor-element-706838a e-con-full e-flex e-con e-child\" data-id=\"706838a\" data-element_type=\"container\" data-e-type=\"container\">\n\t\t\t\t<div class=\"elementor-element elementor-element-f0401e9 elementor-widget elementor-widget-heading\" data-id=\"f0401e9\" data-element_type=\"widget\" data-e-type=\"widget\" data-widget_type=\"heading.default\">\n\t\t\t\t\t<span class=\"elementor-heading-title elementor-size-default\">Les d\u00e9tails<\/span>\t\t\t\t<\/div>\n\t\t\t\t<div class=\"elementor-element elementor-element-eb6568e elementor-widget elementor-widget-ucaddon_product_bullets\" data-id=\"eb6568e\" data-element_type=\"widget\" data-e-type=\"widget\" data-widget_type=\"ucaddon_product_bullets.default\">\n\t\t\t\t<div class=\"elementor-widget-container\">\n\t\t\t\t\t<!-- start Product Bullets -->\n\t\t<link id='font-awesome-css' href='https:\/\/copenhagenbath.com\/wp-content\/plugins\/unlimited-elements-for-elementor-premium_old\/assets_libraries\/font-awesome5\/css\/fontawesome-all.min.css' type='text\/css' rel='stylesheet' >\n\t\t<link id='font-awesome-4-shim-css' href='https:\/\/copenhagenbath.com\/wp-content\/plugins\/unlimited-elements-for-elementor-premium_old\/assets_libraries\/font-awesome5\/css\/fontawesome-v4-shims.css' type='text\/css' rel='stylesheet' >\n\n\t\t\t<style type=\"text\/css\">\/* widget: Product Bullets *\/\n\n\n\n#uc_product_bullets_elementor_eb6568e div.ue-bullet\n{\n  display:block;\n  flex-shrink:0;\n  flex-grow:0;\n}\n\n#uc_product_bullets_elementor_eb6568e .ue_item_pbullet{\n  display: flex;\n}\n\n#uc_product_bullets_elementor_eb6568e .ue_pbullet_graphicel{\n  display: flex;\n  flex-shrink: 0;\n  align-items: center;\n  justify-content: center;\n  overflow: hidden;\n}\n#uc_product_bullets_elementor_eb6568e .ue_pbullet_graphicel span{\n  text-align: center;\n}\n#uc_product_bullets_elementor_eb6568e .ue_pbullet_graphicel svg{\n  width:1em;\n  height:1em;\n}\n#uc_product_bullets_elementor_eb6568e .ue_content_wrapper{\n  flex: auto;\n}\n\n#uc_product_bullets_elementor_eb6568e .ue_title\n{\n  flex-shrink:0;\n  flex-grow:0;\n}\n\n#uc_product_bullets_elementor_eb6568e .ue_title_wrapper\n{\n  display:flex;\n  align-items:center;\n}\n\n\n#uc_product_bullets_elementor_eb6568e .ue-line\n{\n  flex-grow: 1;\n  margin:0px 10px;\n  width:100%;\n  \n}\n\n<\/style>\n\n\t\t\t<div id=\"uc_product_bullets_elementor_eb6568e\" class=\"ue_product_bullets uc-items-wrapper\"  >\n<div class=\"ue_item_pbullet elementor-repeater-item-0120690\">\n    <div class=\"ue_content_wrapper\">\n    <div class=\"ue_title_wrapper\">\n     <span class=\"ue_title\">CASE<\/span>\n      <div class=\"ue-line\"><\/div>\n      <div class=\"ue-bullet\"><\/div>\n    <\/div>\n    <p class=\"ue-text\">Product launch for L'Or\u00e9al product <\/p>\n  <\/div>\n<\/div>\n<div class=\"ue_item_pbullet elementor-repeater-item-87b9e4f\">\n    <div class=\"ue_content_wrapper\">\n    <div class=\"ue_title_wrapper\">\n     <span class=\"ue_title\">LOCATION<\/span>\n      <div class=\"ue-line\"><\/div>\n      <div class=\"ue-bullet\"><\/div>\n    <\/div>\n    <p class=\"ue-text\">Hotel d\u2019Angleterre, Copenhagen, Denmark<\/p>\n  <\/div>\n<\/div>\n<div class=\"ue_item_pbullet elementor-repeater-item-0eec7d7\">\n    <div class=\"ue_content_wrapper\">\n    <div class=\"ue_title_wrapper\">\n     <span class=\"ue_title\">PRODUCTS<\/span>\n      <div class=\"ue-line\"><\/div>\n      <div class=\"ue-bullet\"><\/div>\n    <\/div>\n    <p class=\"ue-text\">Copenhagen Bath Acovi\u00ae Solid Surface for product launch<\/p>\n  <\/div>\n<\/div>\n\n<\/div>\n\t\t\t<!-- end Product Bullets -->\t\t\t\t<\/div>\n\t\t\t\t<\/div>\n\t\t\t\t<\/div>\n\t\t<div class=\"elementor-element elementor-element-69b7a0d e-con-full e-flex e-con e-child\" data-id=\"69b7a0d\" data-element_type=\"container\" data-e-type=\"container\">\n\t\t\t\t<div class=\"elementor-element elementor-element-13e7e02 animated-slow elementor-widget__width-inherit elementor-widget-tablet__width-inherit fullwidthimage elementor-invisible elementor-widget elementor-widget-image\" data-id=\"13e7e02\" data-element_type=\"widget\" data-e-type=\"widget\" data-settings=\"{&quot;_animation&quot;:&quot;fadeIn&quot;,&quot;_animation_delay&quot;:0,&quot;motion_fx_motion_fx_scrolling&quot;:&quot;yes&quot;,&quot;motion_fx_devices&quot;:[&quot;desktop&quot;,&quot;tablet&quot;,&quot;mobile&quot;]}\" data-widget_type=\"image.default\">\n\t\t\t\t\t\t\t\t\t\t\t\t\t\t\t<img decoding=\"async\" width=\"1020\" height=\"728\" src=\"https:\/\/copenhagenbath.com\/wp-content\/uploads\/2025\/03\/Dangleterra-LOreal.jpg\" class=\"attachment-1536x1536 size-1536x1536 wp-image-25207\" alt=\"\" srcset=\"https:\/\/copenhagenbath.com\/wp-content\/uploads\/2025\/03\/Dangleterra-LOreal.jpg 1020w, https:\/\/copenhagenbath.com\/wp-content\/uploads\/2025\/03\/Dangleterra-LOreal-300x214.jpg 300w, https:\/\/copenhagenbath.com\/wp-content\/uploads\/2025\/03\/Dangleterra-LOreal-768x548.jpg 768w, https:\/\/copenhagenbath.com\/wp-content\/uploads\/2025\/03\/Dangleterra-LOreal-600x428.jpg 600w\" sizes=\"(max-width: 1020px) 100vw, 1020px\" \/>\t\t\t\t\t\t\t\t\t\t\t\t\t\t\t<\/div>\n\t\t\t\t<\/div>\n\t\t\t\t\t<\/div>\n\t\t\t\t<\/div>\n\t\t<div class=\"elementor-element elementor-element-b9beb9f e-flex e-con-boxed e-con e-parent\" data-id=\"b9beb9f\" data-element_type=\"container\" data-e-type=\"container\" data-settings=\"{&quot;background_background&quot;:&quot;classic&quot;}\">\n\t\t\t\t\t<div class=\"e-con-inner\">\n\t\t\t\t<div class=\"elementor-element elementor-element-7a42e06 elementor-widget__width-initial elementor-widget elementor-widget-heading\" data-id=\"7a42e06\" data-element_type=\"widget\" data-e-type=\"widget\" data-widget_type=\"heading.default\">\n\t\t\t\t\t<h3 class=\"elementor-heading-title elementor-size-default\">Le design int\u00e8gre le patrimoine historique du b\u00e2timent.<\/h3>\t\t\t\t<\/div>\n\t\t\t\t<div class=\"elementor-element elementor-element-7ded949 elementor-widget__width-initial elementor-widget elementor-widget-text-editor\" data-id=\"7ded949\" data-element_type=\"widget\" data-e-type=\"widget\" data-widget_type=\"text-editor.default\">\n\t\t\t\t\t\t\t\t\tCopenhagen Bath s\u2019est associ\u00e9 \u00e0 L\u2019Or\u00e9al pour un lancement de produit exclusif au majestueux H\u00f4tel d\u2019Angleterre \u00e0 Copenhague. La nouvelle gamme de L\u2019Or\u00e9al a \u00e9t\u00e9 pr\u00e9sent\u00e9e aux c\u00f4t\u00e9s des \u00e9l\u00e9gants designs de Copenhagen Bath.\t\t\t\t\t\t\t\t<\/div>\n\t\t\t\t<div class=\"elementor-element elementor-element-da39ed4 elementor-widget__width-initial elementor-widget elementor-widget-image\" data-id=\"da39ed4\" data-element_type=\"widget\" data-e-type=\"widget\" data-widget_type=\"image.default\">\n\t\t\t\t\t\t\t\t\t\t\t\t\t\t\t<img decoding=\"async\" width=\"1024\" height=\"818\" src=\"https:\/\/copenhagenbath.com\/wp-content\/uploads\/2025\/03\/Dangleterra-LOreal-1-1024x818.jpg\" class=\"attachment-large size-large wp-image-25211\" alt=\"\" srcset=\"https:\/\/copenhagenbath.com\/wp-content\/uploads\/2025\/03\/Dangleterra-LOreal-1-1024x818.jpg 1024w, https:\/\/copenhagenbath.com\/wp-content\/uploads\/2025\/03\/Dangleterra-LOreal-1-300x240.jpg 300w, https:\/\/copenhagenbath.com\/wp-content\/uploads\/2025\/03\/Dangleterra-LOreal-1-768x613.jpg 768w, https:\/\/copenhagenbath.com\/wp-content\/uploads\/2025\/03\/Dangleterra-LOreal-1-600x479.jpg 600w, https:\/\/copenhagenbath.com\/wp-content\/uploads\/2025\/03\/Dangleterra-LOreal-1.jpg 1295w\" sizes=\"(max-width: 1024px) 100vw, 1024px\" \/>\t\t\t\t\t\t\t\t\t\t\t\t\t\t\t<\/div>\n\t\t\t\t\t<\/div>\n\t\t\t\t<\/div>\n\t\t<div class=\"elementor-element elementor-element-c2f062c e-flex e-con-boxed e-con e-parent\" data-id=\"c2f062c\" data-element_type=\"container\" data-e-type=\"container\" data-settings=\"{&quot;background_background&quot;:&quot;classic&quot;}\">\n\t\t\t\t\t<div class=\"e-con-inner\">\n\t\t<div class=\"elementor-element elementor-element-4f3e165 e-con-full e-flex e-con e-child\" data-id=\"4f3e165\" data-element_type=\"container\" data-e-type=\"container\" data-settings=\"{&quot;background_background&quot;:&quot;classic&quot;}\">\n\t\t\t\t<div class=\"elementor-element elementor-element-1412ef4 elementor-widget__width-initial elementor-widget elementor-widget-heading\" data-id=\"1412ef4\" data-element_type=\"widget\" data-e-type=\"widget\" data-widget_type=\"heading.default\">\n\t\t\t\t\t<h4 class=\"elementor-heading-title elementor-size-default\">L\u2019\u00e9v\u00e9nement alliait beaut\u00e9 et sophistication. Cette collaboration a mis en lumi\u00e8re une passion commune pour le luxe, la qualit\u00e9 et l\u2019esth\u00e9tique intemporelle, cr\u00e9ant une exp\u00e9rience inoubliable.<\/h4>\t\t\t\t<\/div>\n\t\t\t\t<\/div>\n\t\t<div class=\"elementor-element elementor-element-d7be76e e-con-full e-flex e-con e-child\" data-id=\"d7be76e\" data-element_type=\"container\" data-e-type=\"container\">\n\t\t\t\t<div class=\"elementor-element elementor-element-b9b2d9a elementor-widget__width-inherit elementor-widget-tablet__width-initial fullwidthimage elementor-invisible elementor-widget elementor-widget-image\" data-id=\"b9b2d9a\" data-element_type=\"widget\" data-e-type=\"widget\" data-settings=\"{&quot;motion_fx_motion_fx_scrolling&quot;:&quot;yes&quot;,&quot;_animation&quot;:&quot;fadeIn&quot;,&quot;motion_fx_devices&quot;:[&quot;desktop&quot;,&quot;tablet&quot;,&quot;mobile&quot;]}\" data-widget_type=\"image.default\">\n\t\t\t\t\t\t\t\t\t\t\t\t\t\t\t<img decoding=\"async\" width=\"1019\" height=\"1319\" src=\"https:\/\/copenhagenbath.com\/wp-content\/uploads\/2025\/03\/Dangleterra-LOreal-3.jpg\" class=\"attachment-2048x2048 size-2048x2048 wp-image-25209\" alt=\"\" srcset=\"https:\/\/copenhagenbath.com\/wp-content\/uploads\/2025\/03\/Dangleterra-LOreal-3.jpg 1019w, https:\/\/copenhagenbath.com\/wp-content\/uploads\/2025\/03\/Dangleterra-LOreal-3-232x300.jpg 232w, https:\/\/copenhagenbath.com\/wp-content\/uploads\/2025\/03\/Dangleterra-LOreal-3-791x1024.jpg 791w, https:\/\/copenhagenbath.com\/wp-content\/uploads\/2025\/03\/Dangleterra-LOreal-3-768x994.jpg 768w, https:\/\/copenhagenbath.com\/wp-content\/uploads\/2025\/03\/Dangleterra-LOreal-3-600x777.jpg 600w\" sizes=\"(max-width: 1019px) 100vw, 1019px\" \/>\t\t\t\t\t\t\t\t\t\t\t\t\t\t\t<\/div>\n\t\t\t\t<\/div>\n\t\t\t\t\t<\/div>\n\t\t\t\t<\/div>\n\t\t<div class=\"elementor-element elementor-element-0a8c630 e-flex e-con-boxed e-con e-parent\" data-id=\"0a8c630\" data-element_type=\"container\" data-e-type=\"container\" data-settings=\"{&quot;background_background&quot;:&quot;classic&quot;}\">\n\t\t\t\t\t<div class=\"e-con-inner\">\n\t\t\t\t<div class=\"elementor-element elementor-element-b09c5fe elementor-align-center elementor-tablet-align-center elementor-widget elementor-widget-button\" data-id=\"b09c5fe\" data-element_type=\"widget\" data-e-type=\"widget\" data-widget_type=\"button.default\">\n\t\t\t\t\t\t\t\t\t\t<a class=\"elementor-button elementor-button-link elementor-size-sm\" href=\"https:\/\/copenhagenbath.com\/fr\/?page_id=27570\" back=\"\">\n\t\t\t\t\t\t<span class=\"elementor-button-content-wrapper\">\n\t\t\t\t\t\t\t\t\t<span class=\"elementor-button-text\">Retour aux cases<\/span>\n\t\t\t\t\t<\/span>\n\t\t\t\t\t<\/a>\n\t\t\t\t\t\t\t\t<\/div>\n\t\t\t\t\t<\/div>\n\t\t\t\t<\/div>\n\t\t\t\t<\/div>","protected":false},"excerpt":{"rendered":"<p>Product launch L&#8217;Or\u00e9al Product launch \u2013 designed with Copenhagen Bath L&#8217;Or\u00e9al product launch at Hotel d\u2019Angleterre with Copenhagen Bath products Copenhagen Bath collaborated with L\u2019Or\u00e9al for an exclusive product launch at Hotel d\u2019Angleterre, showcasing their new product range The Details CASE Product launch for L&#8217;Or\u00e9al product LOCATION Hotel d\u2019Angleterre, Copenhagen, Denmark PRODUCTS Copenhagen Bath Acovi\u00ae [&hellip;]<\/p>","protected":false},"author":7,"featured_media":0,"parent":0,"menu_order":0,"comment_status":"closed","ping_status":"closed","template":"","meta":{"footnotes":""},"class_list":["post-25194","page","type-page","status-publish","hentry"],"_links":{"self":[{"href":"https:\/\/copenhagenbath.com\/fr\/wp-json\/wp\/v2\/pages\/25194","targetHints":{"allow":["GET"]}}],"collection":[{"href":"https:\/\/copenhagenbath.com\/fr\/wp-json\/wp\/v2\/pages"}],"about":[{"href":"https:\/\/copenhagenbath.com\/fr\/wp-json\/wp\/v2\/types\/page"}],"author":[{"embeddable":true,"href":"https:\/\/copenhagenbath.com\/fr\/wp-json\/wp\/v2\/users\/7"}],"replies":[{"embeddable":true,"href":"https:\/\/copenhagenbath.com\/fr\/wp-json\/wp\/v2\/comments?post=25194"}],"version-history":[{"count":148,"href":"https:\/\/copenhagenbath.com\/fr\/wp-json\/wp\/v2\/pages\/25194\/revisions"}],"predecessor-version":[{"id":36230,"href":"https:\/\/copenhagenbath.com\/fr\/wp-json\/wp\/v2\/pages\/25194\/revisions\/36230"}],"wp:attachment":[{"href":"https:\/\/copenhagenbath.com\/fr\/wp-json\/wp\/v2\/media?parent=25194"}],"curies":[{"name":"wp","href":"https:\/\/api.w.org\/{rel}","templated":true}]}}