{"id":30633,"date":"2025-04-29T07:53:19","date_gmt":"2025-04-29T07:53:19","guid":{"rendered":"https:\/\/wp.copenhagenbath.com\/?page_id=30633"},"modified":"2025-04-29T08:07:40","modified_gmt":"2025-04-29T08:07:40","slug":"privacy-policy","status":"publish","type":"page","link":"https:\/\/copenhagenbath.com\/fr\/privacy-policy\/","title":{"rendered":"Politique de confidentialit\u00e9"},"content":{"rendered":"<div data-elementor-type=\"wp-page\" data-elementor-id=\"30633\" class=\"elementor elementor-30633\" data-elementor-post-type=\"page\">\n\t\t\t\t<div class=\"elementor-element elementor-element-ae8b9d1 e-flex e-con-boxed e-con e-parent\" data-id=\"ae8b9d1\" data-element_type=\"container\" data-e-type=\"container\" data-settings=\"{&quot;background_background&quot;:&quot;classic&quot;}\">\n\t\t\t\t\t<div class=\"e-con-inner\">\n\t\t<div class=\"elementor-element elementor-element-812ab9d e-con-full e-flex e-con e-child\" data-id=\"812ab9d\" data-element_type=\"container\" data-e-type=\"container\">\n\t\t\t\t<div class=\"elementor-element elementor-element-485cb8b elementor-widget__width-initial elementor-widget elementor-widget-heading\" data-id=\"485cb8b\" data-element_type=\"widget\" data-e-type=\"widget\" data-widget_type=\"heading.default\">\n\t\t\t\t\t<h1 class=\"elementor-heading-title elementor-size-default\">Politique de confidentialit\u00e9<\/h1>\t\t\t\t<\/div>\n\t\t\t\t<div class=\"elementor-element elementor-element-acbeba8 elementor-widget__width-initial elementor-widget elementor-widget-text-editor\" data-id=\"acbeba8\" data-element_type=\"widget\" data-e-type=\"widget\" data-widget_type=\"text-editor.default\">\n\t\t\t\t\t\t\t\t\t<p>Cette politique de confidentialit\u00e9 a \u00e9t\u00e9 r\u00e9dig\u00e9e pour mieux informer ceux qui s\u2019inqui\u00e8tent de la mani\u00e8re dont leurs \u00ab Informations Personnelles Identifiables \u00bb (PII) sont utilis\u00e9es en ligne. Les PII, telles que d\u00e9finies par la l\u00e9gislation am\u00e9ricaine sur la vie priv\u00e9e et la s\u00e9curit\u00e9 de l'information, sont des informations qui peuvent \u00eatre utilis\u00e9es seules ou combin\u00e9es avec d'autres donn\u00e9es pour identifier, contacter ou localiser une personne, ou pour identifier une personne dans un contexte donn\u00e9. Veuillez lire attentivement notre politique de confidentialit\u00e9 pour bien comprendre comment nous collectons, utilisons, prot\u00e9geons ou traitons autrement vos informations personnelles conform\u00e9ment \u00e0 notre site web.<\/p><p><strong>Quelles informations personnelles collectons-nous aupr\u00e8s des personnes qui visitent notre site web ?<\/strong><\/p><p>Lorsque vous passez une commande ou vous enregistrez sur notre site, il se peut que l'on vous demande de renseigner votre nom, adresse e-mail, adresse postale, num\u00e9ro de t\u00e9l\u00e9phone ou d'autres informations pour am\u00e9liorer votre exp\u00e9rience.<\/p><p><strong>Quand collectons-nous des informations ? <\/strong><\/p><p>Nous recueillons des informations vous concernant lorsque vous passez une commande ou saisissez des donn\u00e9es sur notre site.<\/p><p><strong>Comment utilisons-nous vos informations ?\u00a0<\/strong><\/p><p>Nous pouvons utiliser les informations que nous recueillons aupr\u00e8s de vous lorsque vous vous inscrivez, effectuez un achat, vous abonnez \u00e0 notre newsletter, r\u00e9pondez \u00e0 une enqu\u00eate ou \u00e0 une communication marketing, naviguez sur le site ou utilisez certaines autres fonctionnalit\u00e9s du site, de la mani\u00e8re suivante :<\/p><p>Pour traiter vos transactions rapidement.<\/p><p><strong>Comment prot\u00e9geons-nous vos informations ? <\/strong><\/p><p>Nous n'utilisons pas de scan de vuln\u00e9rabilit\u00e9 et\/ou de scan selon les normes PCI.<\/p><p>Une passerelle de paiement externe conforme PCI traite toutes les transactions par carte de cr\u00e9dit.<\/p><p>Nous effectuons r\u00e9guli\u00e8rement des analyses antivirus.<\/p><p>Uw persoonlijke gegevens bevinden zich achter beveiligde netwerken en zijn alleen toegankelijk voor een beperkt aantal personen die speciale toegangsrechten hebben tot dergelijke systemen en die de informatie vertrouwelijk moeten houden. Bovendien wordt alle gevoelige\/kredietinformatie die u verstrekt gecodeerd via SSL-technologie (Secure Socket Layer).<\/p><p>Nous mettons en \u0153uvre diverses mesures de s\u00e9curit\u00e9 lorsque vous passez une commande afin de garantir la s\u00e9curit\u00e9 de vos informations personnelles.<\/p><p>Toutes les transactions sont trait\u00e9es via un prestataire de paiement et ne sont ni stock\u00e9es ni trait\u00e9es sur nos serveurs.<\/p><p><strong>Do we use \u2018cookies\u2019?\u00a0<\/strong><\/p><p>Les cookies sont de petits fichiers qu\u2019un site ou un prestataire de services peut transf\u00e9rer sur le disque dur de votre ordinateur via votre navigateur web (si vous l\u2019autorisez). Ils permettent au site ou \u00e0 ses syst\u00e8mes de reconna\u00eetre votre navigateur et de m\u00e9moriser certaines informations. Par exemple, nous utilisons des cookies pour m\u00e9moriser et traiter les articles dans votre panier. Ils nous aident \u00e9galement \u00e0 comprendre vos pr\u00e9f\u00e9rences en fonction de votre navigation pr\u00e9c\u00e9dente ou actuelle, afin d\u2019am\u00e9liorer nos services. Nous utilisons aussi les cookies pour compiler des donn\u00e9es agr\u00e9g\u00e9es sur le trafic du site et les interactions, dans le but d\u2019am\u00e9liorer l\u2019exp\u00e9rience utilisateur et nos outils \u00e0 l\u2019avenir.<\/p><p><strong>Nous utilisons des cookies pour :<\/strong><\/p><p>Comprendre et enregistrer les pr\u00e9f\u00e9rences des utilisateurs pour les visites futures.<\/p><p>You can choose to have your computer warn you each time a cookie is being sent, or you can choose to turn off all cookies. You do this through your browser settings. Since browser is a little different, look at your browser\u2019s Help Menu to learn the correct way to modify your cookies.<\/p><p>If you turn cookies off, It won\u2019t affect the user\u2019s experience .<\/p><p><strong>Third-party disclosure <\/strong><\/p><p>We do not sell, trade, or otherwise transfer to outside parties your Personally Identifiable Information.<\/p><p><strong>Third-party links <\/strong><\/p><p>We do not include or offer third-party products or services on our website.<\/p><p><strong>Google <\/strong><\/p><p>Google\u2019s advertising requirements can be summed up by Google\u2019s Advertising Principles. They are put in place to provide a positive experience for users. https:\/\/support.google.com\/adwordspolicy\/answer\/1316548?hl=en<\/p><p>We have not enabled Google AdSense on our site but we may do so in the future.<\/p><p><strong>California Online Privacy Protection Act <\/strong><\/p><p>CalOPPA is the first state law in the nation to require commercial websites and online services to post a privacy policy. The law\u2019s reach stretches well beyond California to require any person or company in the United States (and conceivably the world) that operates websites collecting Personally Identifiable Information from California consumers to post a conspicuous privacy policy on its website stating exactly the information being collected and those individuals or companies with whom it is being shared. &#8211; See more at: http:\/\/consumercal.org\/california-online-privacy-protection-act-caloppa\/#sthash.0FdRbT51.dpuf<\/p><p><strong>WWW<\/strong><\/p><p>According to CalOPPA, we agree to the following:<\/p><p>Users can visit our site anonymously.<\/p><p>Once this privacy policy is created, we will add a link to it on our home page or as a minimum, on the first significant page after entering our website.<\/p><p>Our Privacy Policy link includes the word \u2018Privacy\u2019 and can easily be found on the page specified above.<\/p><p><strong>You will be notified of any Privacy Policy changes:<\/strong><\/p><p>On our Privacy Policy Page<\/p><p><strong>Can change your personal information:<\/strong><\/p><ul><li>By emailing usBy calling us<\/li><li>By logging in to your account<\/li><li>By chatting with us or by sending us a support ticket<\/li><\/ul><p><strong>How does our site handle Do Not Track signals? <\/strong><\/p><p>We honor Do Not Track signals and Do Not Track, plant cookies, or use advertising when a Do Not Track (DNT) browser mechanism is in place.<\/p><p><strong>Does our site allow third-party behavioral tracking? <\/strong><\/p><p>It\u2019s also important to note that we do not allow third-party behavioral tracking<\/p><p><strong>COPPA (Children Online Privacy Protection Act) <\/strong><\/p><p>When it comes to the collection of personal information from children under the age of 13 years old, the Children\u2019s Online Privacy Protection Act (COPPA) puts parents in control. The Federal Trade Commission, United States\u2019 consumer protection agency, enforces the COPPA Rule, which spells out what operators of websites and online services must do to protect children\u2019s privacy and safety online.<\/p><p>We do not specifically market to children under the age of 13 years old.<\/p><p><strong>Fair Information Practices <\/strong><\/p><p>The Fair Information Practices Principles form the backbone of privacy law in the United States and the concepts they include have played a significant role in the development of data protection laws around the globe. Understanding the Fair Information Practice Principles and how they should be implemented is critical to comply with the various privacy laws that protect personal information.<\/p><p>In order to be in line with Fair Information Practices we will take the following responsive action, should a data breach occur:<\/p><p><strong>We will notify you via email<\/strong><\/p><p>Within 7 business days<\/p><p>We also agree to the Individual Redress Principle which requires that individuals have the right to legally pursue enforceable rights against data collectors and processors who fail to adhere to the law. This principle requires not only that individuals have enforceable rights against data users, but also that individuals have recourse to courts or government agencies to investigate and\/or prosecute non-compliance by data processors.<\/p><p><strong>CAN SPAM Act <\/strong><\/p><p>The CAN-SPAM Act is a law that sets the rules for commercial email, establishes requirements for commercial messages, gives recipients the right to have emails stopped from being sent to them, and spells out tough penalties for violations.<\/p><p><strong>We collect your email address in order to:<\/strong><\/p><ul><li>Process orders and to send information and updates pertaining to orders.<\/li><li>Send you additional information related to your product and\/or service<\/li><\/ul><p><strong>To be in accordance with CANSPAM, we agree to the following:<\/strong><\/p><ul><li>Not use false or misleading subjects or email addresses.<\/li><li>Identify the message as an advertisement in some reasonable way.<\/li><li>Include the physical address of our business or site headquarters.<\/li><li>\u2022 Monitor third-party email marketing services for compliance, if one is used.<\/li><li>Honor opt-out\/unsubscribe requests quickly.<\/li><li>Allow users to unsubscribe by using the link at the bottom of each email.<\/li><\/ul><p>If at any time you would like to unsubscribe from receiving future emails, you can email us at<\/p><p>Follow the instructions at the bottom of each email.<\/p><p>and we will promptly remove you from ALL correspondence.<\/p><p><strong>Contacting Us <\/strong><\/p><p>If there are any questions regarding this privacy policy, you may contact us using the information below.<\/p><p><strong>Bain de Copenhague<\/strong><br \/>B\u00e6kkeskovvej 25<br \/>2665 Vallensb\u00e6k Strand<br \/>Denmark<\/p><p>contact@copenhagenbath.com<\/p>\t\t\t\t\t\t\t\t<\/div>\n\t\t\t\t<\/div>\n\t\t\t\t\t<\/div>\n\t\t\t\t<\/div>\n\t\t\t\t<\/div>","protected":false},"excerpt":{"rendered":"<p>Privacy Policy This privacy policy has been compiled to better serve those who are concerned with how their \u2018Personally Identifiable Information\u2019 (PII) is being used online. PII, as described in US privacy law and information security, is information that can be used on its own or with other information to identify, contact, or locate a [&hellip;]<\/p>","protected":false},"author":12,"featured_media":0,"parent":0,"menu_order":0,"comment_status":"closed","ping_status":"closed","template":"","meta":{"footnotes":""},"class_list":["post-30633","page","type-page","status-publish","hentry"],"_links":{"self":[{"href":"https:\/\/copenhagenbath.com\/fr\/wp-json\/wp\/v2\/pages\/30633","targetHints":{"allow":["GET"]}}],"collection":[{"href":"https:\/\/copenhagenbath.com\/fr\/wp-json\/wp\/v2\/pages"}],"about":[{"href":"https:\/\/copenhagenbath.com\/fr\/wp-json\/wp\/v2\/types\/page"}],"author":[{"embeddable":true,"href":"https:\/\/copenhagenbath.com\/fr\/wp-json\/wp\/v2\/users\/12"}],"replies":[{"embeddable":true,"href":"https:\/\/copenhagenbath.com\/fr\/wp-json\/wp\/v2\/comments?post=30633"}],"version-history":[{"count":13,"href":"https:\/\/copenhagenbath.com\/fr\/wp-json\/wp\/v2\/pages\/30633\/revisions"}],"predecessor-version":[{"id":30684,"href":"https:\/\/copenhagenbath.com\/fr\/wp-json\/wp\/v2\/pages\/30633\/revisions\/30684"}],"wp:attachment":[{"href":"https:\/\/copenhagenbath.com\/fr\/wp-json\/wp\/v2\/media?parent=30633"}],"curies":[{"name":"wp","href":"https:\/\/api.w.org\/{rel}","templated":true}]}}