{"id":30668,"date":"2025-04-29T08:05:22","date_gmt":"2025-04-29T08:05:22","guid":{"rendered":"https:\/\/wp.copenhagenbath.com\/?page_id=30668"},"modified":"2025-06-12T13:14:15","modified_gmt":"2025-06-12T13:14:15","slug":"premium-acovi-solid-surface","status":"publish","type":"page","link":"https:\/\/copenhagenbath.com\/fr\/premium-acovi-solid-surface\/","title":{"rendered":"Premium Acovi\u00ae Solid Surface"},"content":{"rendered":"<div data-elementor-type=\"wp-page\" data-elementor-id=\"30668\" class=\"elementor elementor-30668\" data-elementor-post-type=\"page\">\n\t\t\t\t<div class=\"elementor-element elementor-element-ae8b9d1 e-flex e-con-boxed e-con e-parent\" data-id=\"ae8b9d1\" data-element_type=\"container\" data-e-type=\"container\" data-settings=\"{&quot;background_background&quot;:&quot;classic&quot;}\">\n\t\t\t\t\t<div class=\"e-con-inner\">\n\t\t<div class=\"elementor-element elementor-element-812ab9d e-con-full e-flex e-con e-child\" data-id=\"812ab9d\" data-element_type=\"container\" data-e-type=\"container\">\n\t\t\t\t<div class=\"elementor-element elementor-element-485cb8b elementor-widget__width-initial elementor-widget elementor-widget-heading\" data-id=\"485cb8b\" data-element_type=\"widget\" data-e-type=\"widget\" data-widget_type=\"heading.default\">\n\t\t\t\t\t<h1 class=\"elementor-heading-title elementor-size-default\">Premium Acovi\u00ae Solid Surface<\/h1>\t\t\t\t<\/div>\n\t\t\t\t<div class=\"elementor-element elementor-element-acbeba8 elementor-widget__width-initial elementor-widget elementor-widget-text-editor\" data-id=\"acbeba8\" data-element_type=\"widget\" data-e-type=\"widget\" data-widget_type=\"text-editor.default\">\n\t\t\t\t\t\t\t\t\t<p>Copenhagen Bath fabrique sa surface solide haut de gamme Acovi\u00ae \u00e0 partir de min\u00e9raux naturels reconstitu\u00e9s et pulv\u00e9ris\u00e9s, renforc\u00e9s avec des polym\u00e8res et des durcisseurs. En s\u00e9lectionnant uniquement les meilleurs mat\u00e9riaux, nous pouvons offrir en toute confiance une garantie de 10 ans contre les variations de couleur.\u00a0<\/p><p>Diff\u00e9rentes qualit\u00e9s de Solid Surface et de produits en pierre rev\u00eatue tentent souvent d\u2019imiter l\u2019apparence et la sensation des vraies surfaces pleines, mais \u00e9chouent en mati\u00e8re de durabilit\u00e9, de coh\u00e9rence et de performance. Les alternatives bon march\u00e9 peuvent utiliser des r\u00e9sines ou des charges de moindre qualit\u00e9, entra\u00eenant des diff\u00e9rences de couleur, des imperfections de surface et une dur\u00e9e de vie r\u00e9duite. En revanche, la surface solide Acovi\u00ae de qualit\u00e9 sup\u00e9rieure de Copenhagen Bath est soigneusement con\u00e7ue pour durer de nombreuses ann\u00e9es.<\/p>\t\t\t\t\t\t\t\t<\/div>\n\t\t\t\t<\/div>\n\t\t\t\t\t<\/div>\n\t\t\t\t<\/div>\n\t\t<div class=\"elementor-element elementor-element-3969d17 e-con-full e-flex e-con e-parent\" data-id=\"3969d17\" data-element_type=\"container\" data-e-type=\"container\">\n\t\t\t\t<div class=\"elementor-element elementor-element-c64be23 elementor-widget__width-inherit elementor-widget elementor-widget-image\" data-id=\"c64be23\" data-element_type=\"widget\" data-e-type=\"widget\" data-widget_type=\"image.default\">\n\t\t\t\t\t\t\t\t\t\t\t\t\t\t\t<img decoding=\"async\" width=\"2560\" height=\"1440\" src=\"https:\/\/copenhagenbath.com\/wp-content\/uploads\/2025\/06\/6-scaled.jpg\" class=\"attachment-full size-full wp-image-32339\" alt=\"\" srcset=\"https:\/\/copenhagenbath.com\/wp-content\/uploads\/2025\/06\/6-scaled.jpg 2560w, https:\/\/copenhagenbath.com\/wp-content\/uploads\/2025\/06\/6-300x169.jpg 300w, https:\/\/copenhagenbath.com\/wp-content\/uploads\/2025\/06\/6-1024x576.jpg 1024w, https:\/\/copenhagenbath.com\/wp-content\/uploads\/2025\/06\/6-768x432.jpg 768w, https:\/\/copenhagenbath.com\/wp-content\/uploads\/2025\/06\/6-1536x864.jpg 1536w, https:\/\/copenhagenbath.com\/wp-content\/uploads\/2025\/06\/6-2048x1152.jpg 2048w, https:\/\/copenhagenbath.com\/wp-content\/uploads\/2025\/06\/6-600x338.jpg 600w\" sizes=\"(max-width: 2560px) 100vw, 2560px\" \/>\t\t\t\t\t\t\t\t\t\t\t\t\t\t\t<\/div>\n\t\t\t\t<\/div>\n\t\t\t\t<\/div>","protected":false},"excerpt":{"rendered":"<p>Premium Acovi\u00ae Solid Surface Copenhagen Bath crafts its premium Acovi\u00ae Solid Surface from reconstituted, pulverised natural minerals, enhanced with polymers and resins. By selecting only the finest materials, we confidently offer a 10-year warranty against colour differences.\u00a0 Different qualities of solid surface and coated stone products often try to imitate the look and feel of [&hellip;]<\/p>","protected":false},"author":12,"featured_media":0,"parent":0,"menu_order":0,"comment_status":"closed","ping_status":"closed","template":"","meta":{"footnotes":""},"class_list":["post-30668","page","type-page","status-publish","hentry"],"_links":{"self":[{"href":"https:\/\/copenhagenbath.com\/fr\/wp-json\/wp\/v2\/pages\/30668","targetHints":{"allow":["GET"]}}],"collection":[{"href":"https:\/\/copenhagenbath.com\/fr\/wp-json\/wp\/v2\/pages"}],"about":[{"href":"https:\/\/copenhagenbath.com\/fr\/wp-json\/wp\/v2\/types\/page"}],"author":[{"embeddable":true,"href":"https:\/\/copenhagenbath.com\/fr\/wp-json\/wp\/v2\/users\/12"}],"replies":[{"embeddable":true,"href":"https:\/\/copenhagenbath.com\/fr\/wp-json\/wp\/v2\/comments?post=30668"}],"version-history":[{"count":13,"href":"https:\/\/copenhagenbath.com\/fr\/wp-json\/wp\/v2\/pages\/30668\/revisions"}],"predecessor-version":[{"id":32983,"href":"https:\/\/copenhagenbath.com\/fr\/wp-json\/wp\/v2\/pages\/30668\/revisions\/32983"}],"wp:attachment":[{"href":"https:\/\/copenhagenbath.com\/fr\/wp-json\/wp\/v2\/media?parent=30668"}],"curies":[{"name":"wp","href":"https:\/\/api.w.org\/{rel}","templated":true}]}}