{"id":27812,"date":"2025-04-01T13:21:53","date_gmt":"2025-04-01T13:21:53","guid":{"rendered":"https:\/\/wp.copenhagenbath.com\/?page_id=27812"},"modified":"2025-07-25T14:44:12","modified_gmt":"2025-07-25T14:44:12","slug":"time-for-you","status":"publish","type":"page","link":"https:\/\/copenhagenbath.com\/nn\/time-for-you\/","title":{"rendered":"Time for You"},"content":{"rendered":"<div data-elementor-type=\"wp-page\" data-elementor-id=\"27812\" class=\"elementor elementor-27812\" data-elementor-post-type=\"page\">\n\t\t\t\t<div class=\"elementor-element elementor-element-ba9d5ad e-con-full e-flex e-con e-parent\" data-id=\"ba9d5ad\" data-element_type=\"container\" data-e-type=\"container\" data-settings=\"{&quot;background_background&quot;:&quot;classic&quot;}\">\n\t\t<div class=\"elementor-element elementor-element-da0303c e-con-full e-flex e-con e-child\" data-id=\"da0303c\" data-element_type=\"container\" data-e-type=\"container\">\n\t\t\t\t<div class=\"elementor-element elementor-element-aff59cb elementor-widget__width-initial elementor-widget elementor-widget-heading\" data-id=\"aff59cb\" data-element_type=\"widget\" data-e-type=\"widget\" data-widget_type=\"heading.default\">\n\t\t\t\t\t<h1 class=\"elementor-heading-title elementor-size-default\">Time for you<\/h1>\t\t\t\t<\/div>\n\t\t\t\t<div class=\"elementor-element elementor-element-ce2277d elementor-widget__width-initial elementor-widget elementor-widget-text-editor\" data-id=\"ce2277d\" data-element_type=\"widget\" data-e-type=\"widget\" data-widget_type=\"text-editor.default\">\n\t\t\t\t\t\t\t\t\t<p data-pm-slice=\"1 1 []\">Husker du b\u00f8lgen av \u00e5pne kj\u00f8kken som tok over hjemmene v\u00e5re tidlig p\u00e5 2000-tallet \u2013 kjent p\u00e5 dansk som \u00absamtalek\u00f8kkener\u00bb eller samtalekj\u00f8kken \u2013 rom designet for \u00e5 samle folk og gj\u00f8re kj\u00f8kkenet til hjemmets hjerte? To ti\u00e5r senere lever vi i en hektisk verden med raske samtaler, \u00f8yeblikksbilder, direktemeldinger og digitale identiteter.<\/p><p data-pm-slice=\"1 1 []\">I en hverdag fylt med sosiale interaksjoner blir det stadig vanskeligere \u00e5 finne tid til \u00e5 lade opp og hente seg inn. Derfor har Copenhagen Bath introdusert det perfekte motstykket til samtalekj\u00f8kkenet.<\/p>\t\t\t\t\t\t\t\t<\/div>\n\t\t\t\t<\/div>\n\t\t<div class=\"elementor-element elementor-element-babcb50 e-con-full e-flex e-con e-child\" data-id=\"babcb50\" data-element_type=\"container\" data-e-type=\"container\">\n\t\t\t\t<div class=\"elementor-element elementor-element-1bbe8c5 elementor-widget elementor-widget-image\" data-id=\"1bbe8c5\" data-element_type=\"widget\" data-e-type=\"widget\" data-widget_type=\"image.default\">\n\t\t\t\t\t\t\t\t\t\t\t\t\t\t\t<img decoding=\"async\" width=\"1440\" height=\"864\" src=\"https:\/\/copenhagenbath.com\/wp-content\/uploads\/2025\/03\/1-31.jpg\" class=\"attachment-2048x2048 size-2048x2048 wp-image-27337\" alt=\"TQ5 Bathtub in Acovi\u00ae solid surface - Designed by Mikal Harrsen\" srcset=\"https:\/\/copenhagenbath.com\/wp-content\/uploads\/2025\/03\/1-31.jpg 1440w, https:\/\/copenhagenbath.com\/wp-content\/uploads\/2025\/03\/1-31-300x180.jpg 300w, https:\/\/copenhagenbath.com\/wp-content\/uploads\/2025\/03\/1-31-1024x614.jpg 1024w, https:\/\/copenhagenbath.com\/wp-content\/uploads\/2025\/03\/1-31-768x461.jpg 768w, https:\/\/copenhagenbath.com\/wp-content\/uploads\/2025\/03\/1-31-600x360.jpg 600w\" sizes=\"(max-width: 1440px) 100vw, 1440px\" \/>\t\t\t\t\t\t\t\t\t\t\t\t\t\t\t<\/div>\n\t\t\t\t<\/div>\n\t\t\t\t<\/div>\n\t\t<div class=\"elementor-element elementor-element-9c55fc3 e-con-full e-flex e-con e-parent\" data-id=\"9c55fc3\" data-element_type=\"container\" data-e-type=\"container\" data-settings=\"{&quot;background_background&quot;:&quot;classic&quot;}\">\n\t\t<div class=\"elementor-element elementor-element-dd52de9 e-con-full e-flex e-con e-child\" data-id=\"dd52de9\" data-element_type=\"container\" data-e-type=\"container\">\n\t\t\t\t<div class=\"elementor-element elementor-element-41bf275 elementor-hidden-mobile elementor-widget elementor-widget-image\" data-id=\"41bf275\" data-element_type=\"widget\" data-e-type=\"widget\" data-widget_type=\"image.default\">\n\t\t\t\t\t\t\t\t\t\t\t\t\t\t\t<img decoding=\"async\" width=\"1536\" height=\"2048\" src=\"https:\/\/copenhagenbath.com\/wp-content\/uploads\/2024\/10\/P4124727-1536x2048.jpg\" class=\"attachment-2048x2048 size-2048x2048 wp-image-11995\" alt=\"\" srcset=\"https:\/\/copenhagenbath.com\/wp-content\/uploads\/2024\/10\/P4124727-1536x2048.jpg 1536w, https:\/\/copenhagenbath.com\/wp-content\/uploads\/2024\/10\/P4124727-225x300.jpg 225w, https:\/\/copenhagenbath.com\/wp-content\/uploads\/2024\/10\/P4124727-768x1024.jpg 768w, https:\/\/copenhagenbath.com\/wp-content\/uploads\/2024\/10\/P4124727-1152x1536.jpg 1152w, https:\/\/copenhagenbath.com\/wp-content\/uploads\/2024\/10\/P4124727-600x800.jpg 600w, https:\/\/copenhagenbath.com\/wp-content\/uploads\/2024\/10\/P4124727-scaled-e1729602969580.jpg 500w\" sizes=\"(max-width: 1536px) 100vw, 1536px\" \/>\t\t\t\t\t\t\t\t\t\t\t\t\t\t\t<\/div>\n\t\t\t\t<\/div>\n\t\t<div class=\"elementor-element elementor-element-67a1fd4 e-con-full e-flex e-con e-child\" data-id=\"67a1fd4\" data-element_type=\"container\" data-e-type=\"container\">\n\t\t\t\t<div class=\"elementor-element elementor-element-2132386 elementor-widget__width-initial elementor-widget elementor-widget-heading\" data-id=\"2132386\" data-element_type=\"widget\" data-e-type=\"widget\" data-widget_type=\"heading.default\">\n\t\t\t\t\t<h2 class=\"elementor-heading-title elementor-size-default\">Det handler om \u00e5 omfavne \u00f8yeblikket.<\/h2>\t\t\t\t<\/div>\n\t\t\t\t<div class=\"elementor-element elementor-element-4d68dde elementor-widget__width-initial elementor-widget elementor-widget-text-editor\" data-id=\"4d68dde\" data-element_type=\"widget\" data-e-type=\"widget\" data-widget_type=\"text-editor.default\">\n\t\t\t\t\t\t\t\t\t<p>Tenk deg at du g\u00e5r inn i et fredelig baderom og tapper opp et varmt bad. N\u00e5r du synker ned i vannet, blander fjern fuglesang seg med den milde lyden av sykkelbjeller og skaper et stemningsfullt lydlandskap.<\/p><p>Mens du synker ned i det skummende bad, f\u00f8rer duftene af gran og lavendel dig v\u00e6k til fjerne dr\u00f8mme. I dette fristed st\u00e5r tiden stille. Ingen indk\u00f8bslister, ingen e-mails, ingen m\u00e5ltider der skal koordineres for b\u00f8rnene. Her handler det kun om at v\u00e6re til stede \u2013 en \u00e6gte Copenhagen Bath-oase i dit eget hjem.<\/p>\t\t\t\t\t\t\t\t<\/div>\n\t\t\t\t<div class=\"elementor-element elementor-element-b21089e elementor-align-center elementor-widget elementor-widget-button\" data-id=\"b21089e\" data-element_type=\"widget\" data-e-type=\"widget\" data-widget_type=\"button.default\">\n\t\t\t\t\t\t\t\t\t\t<a class=\"elementor-button elementor-button-link elementor-size-sm\" href=\"https:\/\/copenhagenbath.com\/nn\/?page_id=22795\">\n\t\t\t\t\t\t<span class=\"elementor-button-content-wrapper\">\n\t\t\t\t\t\t\t\t\t<span class=\"elementor-button-text\">Muschel Badekar<\/span>\n\t\t\t\t\t<\/span>\n\t\t\t\t\t<\/a>\n\t\t\t\t\t\t\t\t<\/div>\n\t\t\t\t<\/div>\n\t\t\t\t<\/div>\n\t\t<div class=\"elementor-element elementor-element-abd11fe e-con-full e-flex e-con e-parent\" data-id=\"abd11fe\" data-element_type=\"container\" data-e-type=\"container\">\n\t\t\t\t<div class=\"elementor-element elementor-element-458ffea elementor--h-position-left midtslide elementor--v-position-top elementor-arrows-position-inside elementor-widget elementor-widget-slides\" data-id=\"458ffea\" data-element_type=\"widget\" data-e-type=\"widget\" data-settings=\"{&quot;navigation&quot;:&quot;arrows&quot;,&quot;autoplay&quot;:&quot;yes&quot;,&quot;pause_on_hover&quot;:&quot;yes&quot;,&quot;pause_on_interaction&quot;:&quot;yes&quot;,&quot;autoplay_speed&quot;:5000,&quot;infinite&quot;:&quot;yes&quot;,&quot;transition&quot;:&quot;slide&quot;,&quot;transition_speed&quot;:500}\" data-widget_type=\"slides.default\">\n\t\t\t\t\t\t\t\t\t\t<div class=\"elementor-slides-wrapper elementor-main-swiper swiper\" role=\"region\" aria-roledescription=\"carousel\" aria-label=\"Slides\" dir=\"ltr\" data-animation=\"\">\n\t\t\t\t<div class=\"swiper-wrapper elementor-slides\">\n\t\t\t\t\t\t\t\t\t\t<div class=\"elementor-repeater-item-063b408 swiper-slide\" role=\"group\" aria-roledescription=\"slide\"><div class=\"swiper-slide-bg\" role=\"img\"><\/div><div class=\"swiper-slide-inner\" ><div class=\"swiper-slide-contents\"><h3 class=\"elementor-slide-heading\">Copenhagen Bath \u2013 Time for you<\/h3><p class=\"elementor-slide-description\">Hos Copenhagen Bath tror vi at badet er mer enn bare et rom \u2013 det er et fristed. Et sted hvor tiden g\u00e5r saktere, verden blir stille, og du kobler deg til deg selv igjen. I vannets og roens milde omfavnelse finner du friheten til bare \u00e5 v\u00e6re.<\/p><\/div><\/div><\/div>\t\t\t\t<\/div>\n\t\t\t\t\t\t\t<\/div>\n\t\t\t\t\t\t\t\t<\/div>\n\t\t\t\t<\/div>\n\t\t<div class=\"elementor-element elementor-element-9472acb e-con-full e-flex e-con e-parent\" data-id=\"9472acb\" data-element_type=\"container\" data-e-type=\"container\" data-settings=\"{&quot;background_background&quot;:&quot;classic&quot;}\">\n\t\t<div class=\"elementor-element elementor-element-ede9bdb e-con-full e-flex e-con e-child\" data-id=\"ede9bdb\" data-element_type=\"container\" data-e-type=\"container\">\n\t\t\t\t<div class=\"elementor-element elementor-element-541534b elementor-widget__width-initial elementor-widget elementor-widget-heading\" data-id=\"541534b\" data-element_type=\"widget\" data-e-type=\"widget\" data-widget_type=\"heading.default\">\n\t\t\t\t\t<h4 class=\"elementor-heading-title elementor-size-default\">Et \u00f8yeblikk for \u00e5 stoppe opp og hente ny energi<\/h4>\t\t\t\t<\/div>\n\t\t\t\t<div class=\"elementor-element elementor-element-84497fe elementor-widget__width-initial elementor-widget elementor-widget-text-editor\" data-id=\"84497fe\" data-element_type=\"widget\" data-e-type=\"widget\" data-widget_type=\"text-editor.default\">\n\t\t\t\t\t\t\t\t\t<p>Som ringer som sprer seg over stille vann, strekker verdien av \u00abTime for You\u00bb seg utover deg selv. Det er et \u00f8yeblikk for \u00e5 stoppe opp, lade opp og komme styrket tilbake \u2013 klar til \u00e5 m\u00f8te livet med letthet, glede og klarhet. N\u00e5r du tar deg tid til deg selv, bringer du den energien ut i verden og forvandler ikke bare ditt eget velv\u00e6re, men ogs\u00e5 livene du ber\u00f8rer.<\/p><p>Hos Copenhagen Bath skaper vi tidl\u00f8se, elegante baderomsmilj\u00f8er designet for nettopp dette form\u00e5let. Gjennomtenkte design inviterer deg til \u00e5 fordype deg i ren ro, fylle p\u00e5 din indre styrke og revitalisere sinnet.<br \/>Welcome to Copenhagen Bath. Welcome to \u2018Time for You.<\/p>\t\t\t\t\t\t\t\t<\/div>\n\t\t\t\t<div class=\"elementor-element elementor-element-56066a1 elementor-align-center elementor-widget elementor-widget-button\" data-id=\"56066a1\" data-element_type=\"widget\" data-e-type=\"widget\" data-widget_type=\"button.default\">\n\t\t\t\t\t\t\t\t\t\t<a class=\"elementor-button elementor-button-link elementor-size-sm\" href=\"https:\/\/copenhagenbath.com\/nn\/?page_id=22795\">\n\t\t\t\t\t\t<span class=\"elementor-button-content-wrapper\">\n\t\t\t\t\t\t\t\t\t<span class=\"elementor-button-text\">Muschel Badekar<\/span>\n\t\t\t\t\t<\/span>\n\t\t\t\t\t<\/a>\n\t\t\t\t\t\t\t\t<\/div>\n\t\t\t\t<\/div>\n\t\t<div class=\"elementor-element elementor-element-356fab6 e-con-full e-flex e-con e-child\" data-id=\"356fab6\" data-element_type=\"container\" data-e-type=\"container\">\n\t\t\t\t<div class=\"elementor-element elementor-element-696679f elementor-widget-mobile__width-inherit elementor-widget elementor-widget-image\" data-id=\"696679f\" data-element_type=\"widget\" data-e-type=\"widget\" data-widget_type=\"image.default\">\n\t\t\t\t\t\t\t\t\t\t\t\t\t\t\t<img decoding=\"async\" width=\"1152\" height=\"1536\" src=\"https:\/\/copenhagenbath.com\/wp-content\/uploads\/2024\/09\/P4124733-1152x1536.jpg\" class=\"attachment-1536x1536 size-1536x1536 wp-image-8416\" alt=\"Muschel badekar\" srcset=\"https:\/\/copenhagenbath.com\/wp-content\/uploads\/2024\/09\/P4124733-1152x1536.jpg 1152w, https:\/\/copenhagenbath.com\/wp-content\/uploads\/2024\/09\/P4124733-225x300.jpg 225w, https:\/\/copenhagenbath.com\/wp-content\/uploads\/2024\/09\/P4124733-768x1024.jpg 768w, https:\/\/copenhagenbath.com\/wp-content\/uploads\/2024\/09\/P4124733-600x800.jpg 600w, https:\/\/copenhagenbath.com\/wp-content\/uploads\/2024\/09\/P4124733-e1728565388186.jpg 800w\" sizes=\"(max-width: 1152px) 100vw, 1152px\" \/>\t\t\t\t\t\t\t\t\t\t\t\t\t\t\t<\/div>\n\t\t\t\t<\/div>\n\t\t\t\t<\/div>\n\t\t\t\t<\/div>","protected":false},"excerpt":{"rendered":"<p>Time for you Recall the wave of open kitchens that swept into our homes during the early 2000s, famously known as &#8216;Samtalek\u00f8kkener&#8217; in Danish, which translates to Conversation Kitchens, expanding the social realm of our homes. Fast forward two decades, and we find ourselves in an era dominated by rapid conversations, fleeting snaps, instant messages, [&hellip;]<\/p>","protected":false},"author":12,"featured_media":0,"parent":0,"menu_order":0,"comment_status":"closed","ping_status":"closed","template":"","meta":{"footnotes":""},"class_list":["post-27812","page","type-page","status-publish","hentry"],"_links":{"self":[{"href":"https:\/\/copenhagenbath.com\/nn\/wp-json\/wp\/v2\/pages\/27812","targetHints":{"allow":["GET"]}}],"collection":[{"href":"https:\/\/copenhagenbath.com\/nn\/wp-json\/wp\/v2\/pages"}],"about":[{"href":"https:\/\/copenhagenbath.com\/nn\/wp-json\/wp\/v2\/types\/page"}],"author":[{"embeddable":true,"href":"https:\/\/copenhagenbath.com\/nn\/wp-json\/wp\/v2\/users\/12"}],"replies":[{"embeddable":true,"href":"https:\/\/copenhagenbath.com\/nn\/wp-json\/wp\/v2\/comments?post=27812"}],"version-history":[{"count":74,"href":"https:\/\/copenhagenbath.com\/nn\/wp-json\/wp\/v2\/pages\/27812\/revisions"}],"predecessor-version":[{"id":36156,"href":"https:\/\/copenhagenbath.com\/nn\/wp-json\/wp\/v2\/pages\/27812\/revisions\/36156"}],"wp:attachment":[{"href":"https:\/\/copenhagenbath.com\/nn\/wp-json\/wp\/v2\/media?parent=27812"}],"curies":[{"name":"wp","href":"https:\/\/api.w.org\/{rel}","templated":true}]}}