{"id":30633,"date":"2025-04-29T07:53:19","date_gmt":"2025-04-29T07:53:19","guid":{"rendered":"https:\/\/wp.copenhagenbath.com\/?page_id=30633"},"modified":"2025-04-29T08:07:40","modified_gmt":"2025-04-29T08:07:40","slug":"privacy-policy","status":"publish","type":"page","link":"https:\/\/copenhagenbath.com\/nn\/privacy-policy\/","title":{"rendered":"Politik for beskyttelse af personlige oplysningerc"},"content":{"rendered":"<div data-elementor-type=\"wp-page\" data-elementor-id=\"30633\" class=\"elementor elementor-30633\" data-elementor-post-type=\"page\">\n\t\t\t\t<div class=\"elementor-element elementor-element-ae8b9d1 e-flex e-con-boxed e-con e-parent\" data-id=\"ae8b9d1\" data-element_type=\"container\" data-e-type=\"container\" data-settings=\"{&quot;background_background&quot;:&quot;classic&quot;}\">\n\t\t\t\t\t<div class=\"e-con-inner\">\n\t\t<div class=\"elementor-element elementor-element-812ab9d e-con-full e-flex e-con e-child\" data-id=\"812ab9d\" data-element_type=\"container\" data-e-type=\"container\">\n\t\t\t\t<div class=\"elementor-element elementor-element-485cb8b elementor-widget__width-initial elementor-widget elementor-widget-heading\" data-id=\"485cb8b\" data-element_type=\"widget\" data-e-type=\"widget\" data-widget_type=\"heading.default\">\n\t\t\t\t\t<h1 class=\"elementor-heading-title elementor-size-default\">Politik for beskyttelse af personlige oplysningerc<\/h1>\t\t\t\t<\/div>\n\t\t\t\t<div class=\"elementor-element elementor-element-acbeba8 elementor-widget__width-initial elementor-widget elementor-widget-text-editor\" data-id=\"acbeba8\" data-element_type=\"widget\" data-e-type=\"widget\" data-widget_type=\"text-editor.default\">\n\t\t\t\t\t\t\t\t\t<p>Denne personvernerkl\u00e6ringen er laget for \u00e5 hjelpe brukere som er bekymret for hvordan deres \"personlig identifiserbare informasjon\" (PII) brukes p\u00e5 nettet. PII, som definert i amerikansk personvernlovgivning og informasjonssikkerhet, er informasjon som kan brukes alene eller sammen med annen informasjon for \u00e5 identifisere, kontakte eller finne en enkeltperson, eller for \u00e5 identifisere en person i en bestemt sammenheng. Vennligst les v\u00e5r personvernerkl\u00e6ring n\u00f8ye for \u00e5 forst\u00e5 hvordan vi samler inn, bruker, beskytter eller p\u00e5 annen m\u00e5te h\u00e5ndterer din personlig identifiserbare informasjon i samsvar med v\u00e5r nettside.<\/p><p><strong>Hvilken personlig informasjon samler vi inn fra de som bes\u00f8ker nettstedet v\u00e5rt?<\/strong><\/p><p>\u00e5r du bestiller eller registrerer deg p\u00e5 nettstedet v\u00e5rt, kan du bli bedt om \u00e5 oppgi navn, e-postadresse, postadresse, telefonnummer eller andre detaljer for \u00e5 gi deg en bedre opplevelse.<\/p><p><strong>N\u00e5r samler vi inn informasjon? <\/strong><\/p><p>Vi samler inn informasjon fra deg n\u00e5r du legger inn en bestilling eller fyller inn informasjon p\u00e5 nettstedet v\u00e5rt.<\/p><p><strong>Hvordan bruker vi informasjonen din?\u00a0<\/strong><\/p><p>Vi kan bruke informasjonen vi samler inn fra deg n\u00e5r du registrerer deg, foretar et kj\u00f8p, melder deg p\u00e5 v\u00e5rt nyhetsbrev, svarer p\u00e5 en unders\u00f8kelse eller markedsf\u00f8ringskommunikasjon, surfer p\u00e5 nettstedet eller bruker visse andre funksjoner p\u00e5 nettstedet p\u00e5 f\u00f8lgende m\u00e5ter:<\/p><p>For raskt \u00e5 behandle transaksjonene dine.<\/p><p><strong>Hvordan beskytter vi informasjonen din? <\/strong><\/p><p>Vi bruker ikke s\u00e5rbarhetsskanning og\/eller skanning i henhold til PCI-standarder.<\/p><p>En ekstern PCI-kompatibel betalingsl\u00f8sning h\u00e5ndterer alle kredittkorttransaksjoner.<\/p><p>Vi bruker regelmessig skanning etter skadelig programvare.<\/p><p>Dine personopplysninger oppbevares bak sikre nettverk og er kun tilgjengelige for et begrenset antall personer som har spesielle tilgangsrettigheter til slike systemer og er forpliktet til \u00e5 holde opplysningene konfidensielle. I tillegg blir all sensitiv\/kredittinformasjon du oppgir, kryptert via Secure Socket Layer (SSL)-teknologi.<\/p><p>Vi iverksetter en rekke sikkerhetstiltak n\u00e5r en bruker legger inn en bestilling, for \u00e5 ivareta sikkerheten til dine personopplysninger.<\/p><p>Alle transaksjoner behandles gjennom en betalingsleverand\u00f8r og lagres eller behandles ikke p\u00e5 v\u00e5re servere.<\/p><p><strong>Do we use \u2018cookies\u2019?\u00a0<\/strong><\/p><p>Cookies er sm\u00e5 filer som et nettsted eller dets tjenesteleverand\u00f8r overf\u00f8rer til harddisken din via nettleseren (hvis du tillater det). Dette gj\u00f8r at nettstedets eller tjenesteleverand\u00f8rens systemer kan gjenkjenne nettleseren din og huske visse opplysninger. Vi bruker for eksempel cookies for \u00e5 huske og behandle varer i handlekurven din. De brukes ogs\u00e5 for \u00e5 forst\u00e5 dine preferanser basert p\u00e5 tidligere eller n\u00e5v\u00e6rende aktivitet p\u00e5 nettstedet, slik at vi kan tilby bedre tjenester. Vi bruker ogs\u00e5 cookies for \u00e5 samle aggregerte data om trafikk og brukerinteraksjoner for \u00e5 forbedre nettstedet og utvikle fremtidige funksjoner.<\/p><p><strong>Vi bruker informasjonskapsler til \u00e5:<\/strong><\/p><p>Forst\u00e5 og lagre brukerens preferanser for fremtidige bes\u00f8k.<\/p><p>You can choose to have your computer warn you each time a cookie is being sent, or you can choose to turn off all cookies. You do this through your browser settings. Since browser is a little different, look at your browser\u2019s Help Menu to learn the correct way to modify your cookies.<\/p><p>If you turn cookies off, It won\u2019t affect the user\u2019s experience .<\/p><p><strong>Third-party disclosure <\/strong><\/p><p>We do not sell, trade, or otherwise transfer to outside parties your Personally Identifiable Information.<\/p><p><strong>Third-party links <\/strong><\/p><p>We do not include or offer third-party products or services on our website.<\/p><p><strong>Google <\/strong><\/p><p>Google\u2019s advertising requirements can be summed up by Google\u2019s Advertising Principles. They are put in place to provide a positive experience for users. https:\/\/support.google.com\/adwordspolicy\/answer\/1316548?hl=en<\/p><p>We have not enabled Google AdSense on our site but we may do so in the future.<\/p><p><strong>California Online Privacy Protection Act <\/strong><\/p><p>CalOPPA is the first state law in the nation to require commercial websites and online services to post a privacy policy. The law\u2019s reach stretches well beyond California to require any person or company in the United States (and conceivably the world) that operates websites collecting Personally Identifiable Information from California consumers to post a conspicuous privacy policy on its website stating exactly the information being collected and those individuals or companies with whom it is being shared. &#8211; See more at: http:\/\/consumercal.org\/california-online-privacy-protection-act-caloppa\/#sthash.0FdRbT51.dpuf<\/p><p><strong>WWW<\/strong><\/p><p>According to CalOPPA, we agree to the following:<\/p><p>Users can visit our site anonymously.<\/p><p>Once this privacy policy is created, we will add a link to it on our home page or as a minimum, on the first significant page after entering our website.<\/p><p>Our Privacy Policy link includes the word \u2018Privacy\u2019 and can easily be found on the page specified above.<\/p><p><strong>You will be notified of any Privacy Policy changes:<\/strong><\/p><p>On our Privacy Policy Page<\/p><p><strong>Can change your personal information:<\/strong><\/p><ul><li>By emailing usBy calling us<\/li><li>By logging in to your account<\/li><li>By chatting with us or by sending us a support ticket<\/li><\/ul><p><strong>How does our site handle Do Not Track signals? <\/strong><\/p><p>We honor Do Not Track signals and Do Not Track, plant cookies, or use advertising when a Do Not Track (DNT) browser mechanism is in place.<\/p><p><strong>Does our site allow third-party behavioral tracking? <\/strong><\/p><p>It\u2019s also important to note that we do not allow third-party behavioral tracking<\/p><p><strong>COPPA (Children Online Privacy Protection Act) <\/strong><\/p><p>When it comes to the collection of personal information from children under the age of 13 years old, the Children\u2019s Online Privacy Protection Act (COPPA) puts parents in control. The Federal Trade Commission, United States\u2019 consumer protection agency, enforces the COPPA Rule, which spells out what operators of websites and online services must do to protect children\u2019s privacy and safety online.<\/p><p>We do not specifically market to children under the age of 13 years old.<\/p><p><strong>Fair Information Practices <\/strong><\/p><p>The Fair Information Practices Principles form the backbone of privacy law in the United States and the concepts they include have played a significant role in the development of data protection laws around the globe. Understanding the Fair Information Practice Principles and how they should be implemented is critical to comply with the various privacy laws that protect personal information.<\/p><p>In order to be in line with Fair Information Practices we will take the following responsive action, should a data breach occur:<\/p><p><strong>We will notify you via email<\/strong><\/p><p>Within 7 business days<\/p><p>We also agree to the Individual Redress Principle which requires that individuals have the right to legally pursue enforceable rights against data collectors and processors who fail to adhere to the law. This principle requires not only that individuals have enforceable rights against data users, but also that individuals have recourse to courts or government agencies to investigate and\/or prosecute non-compliance by data processors.<\/p><p><strong>CAN SPAM Act <\/strong><\/p><p>The CAN-SPAM Act is a law that sets the rules for commercial email, establishes requirements for commercial messages, gives recipients the right to have emails stopped from being sent to them, and spells out tough penalties for violations.<\/p><p><strong>We collect your email address in order to:<\/strong><\/p><ul><li>Process orders and to send information and updates pertaining to orders.<\/li><li>Send you additional information related to your product and\/or service<\/li><\/ul><p><strong>To be in accordance with CANSPAM, we agree to the following:<\/strong><\/p><ul><li>Not use false or misleading subjects or email addresses.<\/li><li>Identify the message as an advertisement in some reasonable way.<\/li><li>Include the physical address of our business or site headquarters.<\/li><li>\u2022 Monitor third-party email marketing services for compliance, if one is used.<\/li><li>Honor opt-out\/unsubscribe requests quickly.<\/li><li>Allow users to unsubscribe by using the link at the bottom of each email.<\/li><\/ul><p>If at any time you would like to unsubscribe from receiving future emails, you can email us at<\/p><p>Follow the instructions at the bottom of each email.<\/p><p>and we will promptly remove you from ALL correspondence.<\/p><p><strong>Contacting Us <\/strong><\/p><p>If there are any questions regarding this privacy policy, you may contact us using the information below.<\/p><p><strong>Copenhagen Bath<\/strong><br \/>B\u00e6kkeskovvej 25<br \/>2665 Vallensb\u00e6k Strand<br \/>Denmark<\/p><p>contact@copenhagenbath.com<\/p>\t\t\t\t\t\t\t\t<\/div>\n\t\t\t\t<\/div>\n\t\t\t\t\t<\/div>\n\t\t\t\t<\/div>\n\t\t\t\t<\/div>","protected":false},"excerpt":{"rendered":"<p>Privacy Policy This privacy policy has been compiled to better serve those who are concerned with how their \u2018Personally Identifiable Information\u2019 (PII) is being used online. PII, as described in US privacy law and information security, is information that can be used on its own or with other information to identify, contact, or locate a [&hellip;]<\/p>","protected":false},"author":12,"featured_media":0,"parent":0,"menu_order":0,"comment_status":"closed","ping_status":"closed","template":"","meta":{"footnotes":""},"class_list":["post-30633","page","type-page","status-publish","hentry"],"_links":{"self":[{"href":"https:\/\/copenhagenbath.com\/nn\/wp-json\/wp\/v2\/pages\/30633","targetHints":{"allow":["GET"]}}],"collection":[{"href":"https:\/\/copenhagenbath.com\/nn\/wp-json\/wp\/v2\/pages"}],"about":[{"href":"https:\/\/copenhagenbath.com\/nn\/wp-json\/wp\/v2\/types\/page"}],"author":[{"embeddable":true,"href":"https:\/\/copenhagenbath.com\/nn\/wp-json\/wp\/v2\/users\/12"}],"replies":[{"embeddable":true,"href":"https:\/\/copenhagenbath.com\/nn\/wp-json\/wp\/v2\/comments?post=30633"}],"version-history":[{"count":13,"href":"https:\/\/copenhagenbath.com\/nn\/wp-json\/wp\/v2\/pages\/30633\/revisions"}],"predecessor-version":[{"id":30684,"href":"https:\/\/copenhagenbath.com\/nn\/wp-json\/wp\/v2\/pages\/30633\/revisions\/30684"}],"wp:attachment":[{"href":"https:\/\/copenhagenbath.com\/nn\/wp-json\/wp\/v2\/media?parent=30633"}],"curies":[{"name":"wp","href":"https:\/\/api.w.org\/{rel}","templated":true}]}}