{"id":30668,"date":"2025-04-29T08:05:22","date_gmt":"2025-04-29T08:05:22","guid":{"rendered":"https:\/\/wp.copenhagenbath.com\/?page_id=30668"},"modified":"2025-06-12T13:14:15","modified_gmt":"2025-06-12T13:14:15","slug":"premium-acovi-solid-surface","status":"publish","type":"page","link":"https:\/\/copenhagenbath.com\/nn\/premium-acovi-solid-surface\/","title":{"rendered":"Premium Acovi\u00ae Solid Surface"},"content":{"rendered":"<div data-elementor-type=\"wp-page\" data-elementor-id=\"30668\" class=\"elementor elementor-30668\" data-elementor-post-type=\"page\">\n\t\t\t\t<div class=\"elementor-element elementor-element-ae8b9d1 e-flex e-con-boxed e-con e-parent\" data-id=\"ae8b9d1\" data-element_type=\"container\" data-e-type=\"container\" data-settings=\"{&quot;background_background&quot;:&quot;classic&quot;}\">\n\t\t\t\t\t<div class=\"e-con-inner\">\n\t\t<div class=\"elementor-element elementor-element-812ab9d e-con-full e-flex e-con e-child\" data-id=\"812ab9d\" data-element_type=\"container\" data-e-type=\"container\">\n\t\t\t\t<div class=\"elementor-element elementor-element-485cb8b elementor-widget__width-initial elementor-widget elementor-widget-heading\" data-id=\"485cb8b\" data-element_type=\"widget\" data-e-type=\"widget\" data-widget_type=\"heading.default\">\n\t\t\t\t\t<h1 class=\"elementor-heading-title elementor-size-default\">Premium Acovi\u00ae Solid Surface<\/h1>\t\t\t\t<\/div>\n\t\t\t\t<div class=\"elementor-element elementor-element-acbeba8 elementor-widget__width-initial elementor-widget elementor-widget-text-editor\" data-id=\"acbeba8\" data-element_type=\"widget\" data-e-type=\"widget\" data-widget_type=\"text-editor.default\">\n\t\t\t\t\t\t\t\t\t<p>Copenhagen Bath produserer sin f\u00f8rsteklasses Acovi\u00ae Solid Surface av rekonstituerte, pulveriserte naturmineraler, forsterket med polymerer og herder. Ved \u00e5 kun velge de fineste materialene, kan vi trygt tilby 10 \u00e5rs garanti mot fargeforskjeller.\u00a0<\/p><p>Ulike kvaliteter av Solid Surface og belagte steinprodukter fors\u00f8ker ofte \u00e5 etterligne utseendet og f\u00f8lelsen av ekte solide overflater, men de kommer til kort n\u00e5r det gjelder holdbarhet, konsistens og ytelse. Billigere alternativer kan bruke harpiks eller fyllstoffer av lavere kvalitet, noe som f\u00f8rer til fargeforskjeller, overflatefeil og redusert levetid. I motsetning til dette er Copenhagen Baths f\u00f8rsteklasses Acovi\u00ae Solid Surface n\u00f8ye utformet for \u00e5 vare i mange \u00e5r fremover.<\/p>\t\t\t\t\t\t\t\t<\/div>\n\t\t\t\t<\/div>\n\t\t\t\t\t<\/div>\n\t\t\t\t<\/div>\n\t\t<div class=\"elementor-element elementor-element-3969d17 e-con-full e-flex e-con e-parent\" data-id=\"3969d17\" data-element_type=\"container\" data-e-type=\"container\">\n\t\t\t\t<div class=\"elementor-element elementor-element-c64be23 elementor-widget__width-inherit elementor-widget elementor-widget-image\" data-id=\"c64be23\" data-element_type=\"widget\" data-e-type=\"widget\" data-widget_type=\"image.default\">\n\t\t\t\t\t\t\t\t\t\t\t\t\t\t\t<img decoding=\"async\" width=\"2560\" height=\"1440\" src=\"https:\/\/copenhagenbath.com\/wp-content\/uploads\/2025\/06\/6-scaled.jpg\" class=\"attachment-full size-full wp-image-32339\" alt=\"\" srcset=\"https:\/\/copenhagenbath.com\/wp-content\/uploads\/2025\/06\/6-scaled.jpg 2560w, https:\/\/copenhagenbath.com\/wp-content\/uploads\/2025\/06\/6-300x169.jpg 300w, https:\/\/copenhagenbath.com\/wp-content\/uploads\/2025\/06\/6-1024x576.jpg 1024w, https:\/\/copenhagenbath.com\/wp-content\/uploads\/2025\/06\/6-768x432.jpg 768w, https:\/\/copenhagenbath.com\/wp-content\/uploads\/2025\/06\/6-1536x864.jpg 1536w, https:\/\/copenhagenbath.com\/wp-content\/uploads\/2025\/06\/6-2048x1152.jpg 2048w, https:\/\/copenhagenbath.com\/wp-content\/uploads\/2025\/06\/6-600x338.jpg 600w\" sizes=\"(max-width: 2560px) 100vw, 2560px\" \/>\t\t\t\t\t\t\t\t\t\t\t\t\t\t\t<\/div>\n\t\t\t\t<\/div>\n\t\t\t\t<\/div>","protected":false},"excerpt":{"rendered":"<p>Premium Acovi\u00ae Solid Surface Copenhagen Bath crafts its premium Acovi\u00ae Solid Surface from reconstituted, pulverised natural minerals, enhanced with polymers and resins. By selecting only the finest materials, we confidently offer a 10-year warranty against colour differences.\u00a0 Different qualities of solid surface and coated stone products often try to imitate the look and feel of [&hellip;]<\/p>","protected":false},"author":12,"featured_media":0,"parent":0,"menu_order":0,"comment_status":"closed","ping_status":"closed","template":"","meta":{"footnotes":""},"class_list":["post-30668","page","type-page","status-publish","hentry"],"_links":{"self":[{"href":"https:\/\/copenhagenbath.com\/nn\/wp-json\/wp\/v2\/pages\/30668","targetHints":{"allow":["GET"]}}],"collection":[{"href":"https:\/\/copenhagenbath.com\/nn\/wp-json\/wp\/v2\/pages"}],"about":[{"href":"https:\/\/copenhagenbath.com\/nn\/wp-json\/wp\/v2\/types\/page"}],"author":[{"embeddable":true,"href":"https:\/\/copenhagenbath.com\/nn\/wp-json\/wp\/v2\/users\/12"}],"replies":[{"embeddable":true,"href":"https:\/\/copenhagenbath.com\/nn\/wp-json\/wp\/v2\/comments?post=30668"}],"version-history":[{"count":13,"href":"https:\/\/copenhagenbath.com\/nn\/wp-json\/wp\/v2\/pages\/30668\/revisions"}],"predecessor-version":[{"id":32983,"href":"https:\/\/copenhagenbath.com\/nn\/wp-json\/wp\/v2\/pages\/30668\/revisions\/32983"}],"wp:attachment":[{"href":"https:\/\/copenhagenbath.com\/nn\/wp-json\/wp\/v2\/media?parent=30668"}],"curies":[{"name":"wp","href":"https:\/\/api.w.org\/{rel}","templated":true}]}}