{"id":9853,"date":"2024-10-10T11:25:01","date_gmt":"2024-10-10T11:25:01","guid":{"rendered":"https:\/\/wp.copenhagenbath.com\/?page_id=9853"},"modified":"2025-07-25T15:27:52","modified_gmt":"2025-07-25T15:27:52","slug":"case-novo-nordisk-2","status":"publish","type":"page","link":"https:\/\/copenhagenbath.com\/nn\/case-novo-nordisk-2\/","title":{"rendered":"Case: Novo Nordisk"},"content":{"rendered":"<div data-elementor-type=\"wp-page\" data-elementor-id=\"9853\" class=\"elementor elementor-9853\" data-elementor-post-type=\"page\">\n\t\t\t\t<div class=\"elementor-element elementor-element-bb22856 e-con-full e-flex e-con e-parent\" data-id=\"bb22856\" data-element_type=\"container\" data-e-type=\"container\">\n\t\t<div class=\"elementor-element elementor-element-8e0ab23 e-con-full e-flex e-con e-child\" data-id=\"8e0ab23\" data-element_type=\"container\" data-e-type=\"container\">\n\t\t\t\t<div class=\"elementor-element elementor-element-69b1de5 elementor-widget__width-inherit elementor--h-position-center elementor--v-position-middle elementor-pagination-position-inside elementor-widget elementor-widget-slides\" data-id=\"69b1de5\" data-element_type=\"widget\" data-e-type=\"widget\" data-settings=\"{&quot;navigation&quot;:&quot;dots&quot;,&quot;transition&quot;:&quot;fade&quot;,&quot;autoplay&quot;:&quot;yes&quot;,&quot;pause_on_hover&quot;:&quot;yes&quot;,&quot;pause_on_interaction&quot;:&quot;yes&quot;,&quot;autoplay_speed&quot;:5000,&quot;infinite&quot;:&quot;yes&quot;,&quot;transition_speed&quot;:500}\" data-widget_type=\"slides.default\">\n\t\t\t\t\t\t\t\t\t\t<div class=\"elementor-slides-wrapper elementor-main-swiper swiper\" role=\"region\" aria-roledescription=\"carousel\" aria-label=\"Slides\" dir=\"ltr\" data-animation=\"\">\n\t\t\t\t<div class=\"swiper-wrapper elementor-slides\">\n\t\t\t\t\t\t\t\t\t\t<div class=\"elementor-repeater-item-fa930be swiper-slide\" role=\"group\" aria-roledescription=\"slide\"><div class=\"swiper-slide-bg elementor-ken-burns elementor-ken-burns--in\" role=\"img\"><\/div><div class=\"swiper-slide-inner\" ><div class=\"swiper-slide-contents\"><h1 class=\"elementor-slide-heading\">Novo Nordisk<\/h1><p class=\"elementor-slide-description\">Bad \u2013 designet med Copenhagen Bath<\/p><\/div><\/div><\/div>\t\t\t\t<\/div>\n\t\t\t\t\t\t\t<\/div>\n\t\t\t\t\t\t\t\t<\/div>\n\t\t\t\t<\/div>\n\t\t\t\t<\/div>\n\t\t<div class=\"elementor-element elementor-element-fc34989 e-flex e-con-boxed e-con e-parent\" data-id=\"fc34989\" data-element_type=\"container\" data-e-type=\"container\" data-settings=\"{&quot;background_background&quot;:&quot;classic&quot;}\">\n\t\t\t\t\t<div class=\"e-con-inner\">\n\t\t<div class=\"elementor-element elementor-element-239ec62 e-con-full e-flex e-con e-child\" data-id=\"239ec62\" data-element_type=\"container\" data-e-type=\"container\" data-settings=\"{&quot;background_background&quot;:&quot;classic&quot;}\">\n\t\t\t\t<div class=\"elementor-element elementor-element-90edefb elementor-widget__width-initial elementor-widget elementor-widget-heading\" data-id=\"90edefb\" data-element_type=\"widget\" data-e-type=\"widget\" data-widget_type=\"heading.default\">\n\t\t\t\t\t<h2 class=\"elementor-heading-title elementor-size-default\">Copenhagen Bath har med stolthet samarbeidet med Novo Nordisk.<\/h2>\t\t\t\t<\/div>\n\t\t\t\t<div class=\"elementor-element elementor-element-446b1e0 elementor-widget__width-initial elementor-widget elementor-widget-text-editor\" data-id=\"446b1e0\" data-element_type=\"widget\" data-e-type=\"widget\" data-widget_type=\"text-editor.default\">\n\t\t\t\t\t\t\t\t\tCopenhagen Bath har med stolthet samarbeidet med Novo Nordisk og Vilhelm Lauritzen Arkitekter om \u00e5 designe og utvikle alle baderom til Novo Nordisks nye hovedkontor i S\u00f8borg. Baderommene kombinerer funksjonalitet, slitestyrke og dansk eleganse, og integreres s\u00f8ml\u00f8st i bygningens moderne og b\u00e6rekraftige design \u2013 til glede for de ansatte.\t\t\t\t\t\t\t\t<\/div>\n\t\t\t\t<\/div>\n\t\t\t\t\t<\/div>\n\t\t\t\t<\/div>\n\t\t<div class=\"elementor-element elementor-element-ac47414 e-con-full elementor-hidden-desktop elementor-hidden-tablet e-flex e-con e-parent\" data-id=\"ac47414\" data-element_type=\"container\" data-e-type=\"container\">\n\t\t\t\t<div class=\"elementor-element elementor-element-c3d22c0 elementor-hidden-desktop elementor-hidden-tablet elementor-widget elementor-widget-image\" data-id=\"c3d22c0\" data-element_type=\"widget\" data-e-type=\"widget\" data-widget_type=\"image.default\">\n\t\t\t\t\t\t\t\t\t\t\t\t\t\t\t<img decoding=\"async\" width=\"1024\" height=\"771\" src=\"https:\/\/copenhagenbath.com\/wp-content\/uploads\/2025\/03\/1-14-1-1024x771.jpg\" class=\"attachment-large size-large wp-image-25608\" alt=\"Novo Nordisk basin\" srcset=\"https:\/\/copenhagenbath.com\/wp-content\/uploads\/2025\/03\/1-14-1-1024x771.jpg 1024w, https:\/\/copenhagenbath.com\/wp-content\/uploads\/2025\/03\/1-14-1-300x226.jpg 300w, https:\/\/copenhagenbath.com\/wp-content\/uploads\/2025\/03\/1-14-1-768x578.jpg 768w, https:\/\/copenhagenbath.com\/wp-content\/uploads\/2025\/03\/1-14-1-1536x1156.jpg 1536w, https:\/\/copenhagenbath.com\/wp-content\/uploads\/2025\/03\/1-14-1-600x452.jpg 600w, https:\/\/copenhagenbath.com\/wp-content\/uploads\/2025\/03\/1-14-1.jpg 1892w\" sizes=\"(max-width: 1024px) 100vw, 1024px\" \/>\t\t\t\t\t\t\t\t\t\t\t\t\t\t\t<\/div>\n\t\t\t\t<\/div>\n\t\t<div class=\"elementor-element elementor-element-ab5d0ce e-flex e-con-boxed e-con e-parent\" data-id=\"ab5d0ce\" data-element_type=\"container\" data-e-type=\"container\" data-settings=\"{&quot;background_background&quot;:&quot;classic&quot;}\">\n\t\t\t\t\t<div class=\"e-con-inner\">\n\t\t<div class=\"elementor-element elementor-element-2b28215 e-con-full e-flex e-con e-child\" data-id=\"2b28215\" data-element_type=\"container\" data-e-type=\"container\">\n\t\t\t\t<div class=\"elementor-element elementor-element-ef3ff9a elementor-widget elementor-widget-heading\" data-id=\"ef3ff9a\" data-element_type=\"widget\" data-e-type=\"widget\" data-widget_type=\"heading.default\">\n\t\t\t\t\t<span class=\"elementor-heading-title elementor-size-default\">The Details<\/span>\t\t\t\t<\/div>\n\t\t\t\t<div class=\"elementor-element elementor-element-1820813 elementor-widget elementor-widget-ucaddon_product_bullets\" data-id=\"1820813\" data-element_type=\"widget\" data-e-type=\"widget\" data-widget_type=\"ucaddon_product_bullets.default\">\n\t\t\t\t<div class=\"elementor-widget-container\">\n\t\t\t\t\t<!-- start Product Bullets -->\n\t\t<link id='font-awesome-css' href='https:\/\/copenhagenbath.com\/wp-content\/plugins\/unlimited-elements-for-elementor-premium_old\/assets_libraries\/font-awesome5\/css\/fontawesome-all.min.css' type='text\/css' rel='stylesheet' >\n\t\t<link id='font-awesome-4-shim-css' href='https:\/\/copenhagenbath.com\/wp-content\/plugins\/unlimited-elements-for-elementor-premium_old\/assets_libraries\/font-awesome5\/css\/fontawesome-v4-shims.css' type='text\/css' rel='stylesheet' >\n\n\t\t\t<style type=\"text\/css\">\/* widget: Product Bullets *\/\n\n\n\n#uc_product_bullets_elementor_1820813 div.ue-bullet\n{\n  display:block;\n  flex-shrink:0;\n  flex-grow:0;\n}\n\n#uc_product_bullets_elementor_1820813 .ue_item_pbullet{\n  display: flex;\n}\n\n#uc_product_bullets_elementor_1820813 .ue_pbullet_graphicel{\n  display: flex;\n  flex-shrink: 0;\n  align-items: center;\n  justify-content: center;\n  overflow: hidden;\n}\n#uc_product_bullets_elementor_1820813 .ue_pbullet_graphicel span{\n  text-align: center;\n}\n#uc_product_bullets_elementor_1820813 .ue_pbullet_graphicel svg{\n  width:1em;\n  height:1em;\n}\n#uc_product_bullets_elementor_1820813 .ue_content_wrapper{\n  flex: auto;\n}\n\n#uc_product_bullets_elementor_1820813 .ue_title\n{\n  flex-shrink:0;\n  flex-grow:0;\n}\n\n#uc_product_bullets_elementor_1820813 .ue_title_wrapper\n{\n  display:flex;\n  align-items:center;\n}\n\n\n#uc_product_bullets_elementor_1820813 .ue-line\n{\n  flex-grow: 1;\n  margin:0px 10px;\n  width:100%;\n  \n}\n\n<\/style>\n\n\t\t\t<div id=\"uc_product_bullets_elementor_1820813\" class=\"ue_product_bullets uc-items-wrapper\"  >\n<div class=\"ue_item_pbullet elementor-repeater-item-0120690\">\n    <div class=\"ue_content_wrapper\">\n    <div class=\"ue_title_wrapper\">\n     <span class=\"ue_title\">CASE<\/span>\n      <div class=\"ue-line\"><\/div>\n      <div class=\"ue-bullet\"><\/div>\n    <\/div>\n    <p class=\"ue-text\">Novo Nordisk<\/p>\n  <\/div>\n<\/div>\n<div class=\"ue_item_pbullet elementor-repeater-item-87b9e4f\">\n    <div class=\"ue_content_wrapper\">\n    <div class=\"ue_title_wrapper\">\n     <span class=\"ue_title\">LOCATION<\/span>\n      <div class=\"ue-line\"><\/div>\n      <div class=\"ue-bullet\"><\/div>\n    <\/div>\n    <p class=\"ue-text\">S\u00f8borg, Denmark<\/p>\n  <\/div>\n<\/div>\n<div class=\"ue_item_pbullet elementor-repeater-item-0eec7d7\">\n    <div class=\"ue_content_wrapper\">\n    <div class=\"ue_title_wrapper\">\n     <span class=\"ue_title\">PRODUCTS<\/span>\n      <div class=\"ue-line\"><\/div>\n      <div class=\"ue-bullet\"><\/div>\n    <\/div>\n    <p class=\"ue-text\">Skreddersydde servanter i 6 ulike st\u00f8rrelser \u2013 opptil 6 meter \u2013 med enkel servant eller flere servanter samt bakplate. <\/p>\n  <\/div>\n<\/div>\n\n<\/div>\n\t\t\t<!-- end Product Bullets -->\t\t\t\t<\/div>\n\t\t\t\t<\/div>\n\t\t\t\t<\/div>\n\t\t<div class=\"elementor-element elementor-element-d4c73a7 e-con-full elementor-hidden-mobile e-flex e-con e-child\" data-id=\"d4c73a7\" data-element_type=\"container\" data-e-type=\"container\">\n\t\t\t\t<div class=\"elementor-element elementor-element-de5d7f5 animated-slow elementor-widget__width-inherit elementor-widget-tablet__width-inherit fullwidthimage elementor-invisible elementor-widget elementor-widget-image\" data-id=\"de5d7f5\" data-element_type=\"widget\" data-e-type=\"widget\" data-settings=\"{&quot;_animation&quot;:&quot;fadeIn&quot;,&quot;_animation_delay&quot;:0,&quot;motion_fx_motion_fx_scrolling&quot;:&quot;yes&quot;,&quot;motion_fx_devices&quot;:[&quot;desktop&quot;,&quot;tablet&quot;,&quot;mobile&quot;]}\" data-widget_type=\"image.default\">\n\t\t\t\t\t\t\t\t\t\t\t\t\t\t\t<img decoding=\"async\" width=\"1536\" height=\"1156\" src=\"https:\/\/copenhagenbath.com\/wp-content\/uploads\/2025\/03\/1-14-1-1536x1156.jpg\" class=\"attachment-1536x1536 size-1536x1536 wp-image-25608\" alt=\"Novo Nordisk basin\" srcset=\"https:\/\/copenhagenbath.com\/wp-content\/uploads\/2025\/03\/1-14-1-1536x1156.jpg 1536w, https:\/\/copenhagenbath.com\/wp-content\/uploads\/2025\/03\/1-14-1-300x226.jpg 300w, https:\/\/copenhagenbath.com\/wp-content\/uploads\/2025\/03\/1-14-1-1024x771.jpg 1024w, https:\/\/copenhagenbath.com\/wp-content\/uploads\/2025\/03\/1-14-1-768x578.jpg 768w, https:\/\/copenhagenbath.com\/wp-content\/uploads\/2025\/03\/1-14-1-600x452.jpg 600w, https:\/\/copenhagenbath.com\/wp-content\/uploads\/2025\/03\/1-14-1.jpg 1892w\" sizes=\"(max-width: 1536px) 100vw, 1536px\" \/>\t\t\t\t\t\t\t\t\t\t\t\t\t\t\t<\/div>\n\t\t\t\t<\/div>\n\t\t\t\t\t<\/div>\n\t\t\t\t<\/div>\n\t\t<div class=\"elementor-element elementor-element-df8b746 e-flex e-con-boxed e-con e-parent\" data-id=\"df8b746\" data-element_type=\"container\" data-e-type=\"container\" data-settings=\"{&quot;background_background&quot;:&quot;classic&quot;}\">\n\t\t\t\t\t<div class=\"e-con-inner\">\n\t\t<div class=\"elementor-element elementor-element-fa14cb4 e-con-full e-flex e-con e-child\" data-id=\"fa14cb4\" data-element_type=\"container\" data-e-type=\"container\">\n\t\t\t\t<div class=\"elementor-element elementor-element-e410811 elementor-hidden-mobile elementor-widget__width-inherit elementor-widget-tablet__width-initial fullwidthimage elementor-invisible elementor-widget elementor-widget-image\" data-id=\"e410811\" data-element_type=\"widget\" data-e-type=\"widget\" data-settings=\"{&quot;motion_fx_motion_fx_scrolling&quot;:&quot;yes&quot;,&quot;_animation&quot;:&quot;fadeIn&quot;,&quot;motion_fx_devices&quot;:[&quot;desktop&quot;,&quot;tablet&quot;,&quot;mobile&quot;]}\" data-widget_type=\"image.default\">\n\t\t\t\t\t\t\t\t\t\t\t\t\t\t\t<img decoding=\"async\" width=\"2048\" height=\"1452\" src=\"https:\/\/copenhagenbath.com\/wp-content\/uploads\/2025\/03\/2-1-2048x1452.jpg\" class=\"attachment-2048x2048 size-2048x2048 wp-image-24641\" alt=\"Basin Novo Nordisk\" srcset=\"https:\/\/copenhagenbath.com\/wp-content\/uploads\/2025\/03\/2-1-2048x1452.jpg 2048w, https:\/\/copenhagenbath.com\/wp-content\/uploads\/2025\/03\/2-1-300x213.jpg 300w, https:\/\/copenhagenbath.com\/wp-content\/uploads\/2025\/03\/2-1-1024x726.jpg 1024w, https:\/\/copenhagenbath.com\/wp-content\/uploads\/2025\/03\/2-1-768x544.jpg 768w, https:\/\/copenhagenbath.com\/wp-content\/uploads\/2025\/03\/2-1-1536x1089.jpg 1536w, https:\/\/copenhagenbath.com\/wp-content\/uploads\/2025\/03\/2-1-600x425.jpg 600w\" sizes=\"(max-width: 2048px) 100vw, 2048px\" \/>\t\t\t\t\t\t\t\t\t\t\t\t\t\t\t<\/div>\n\t\t\t\t<\/div>\n\t\t<div class=\"elementor-element elementor-element-4d35217 e-con-full e-flex e-con e-child\" data-id=\"4d35217\" data-element_type=\"container\" data-e-type=\"container\" data-settings=\"{&quot;background_background&quot;:&quot;classic&quot;}\">\n\t\t\t\t<div class=\"elementor-element elementor-element-f2cf84f elementor-widget__width-initial elementor-widget elementor-widget-heading\" data-id=\"f2cf84f\" data-element_type=\"widget\" data-e-type=\"widget\" data-widget_type=\"heading.default\">\n\t\t\t\t\t<h3 class=\"elementor-heading-title elementor-size-default\">Novo Nordisks bygning i S\u00f8borg, K\u00f8benhavn<\/h3>\t\t\t\t<\/div>\n\t\t\t\t<div class=\"elementor-element elementor-element-dfd7c3d elementor-widget__width-initial elementor-widget elementor-widget-text-editor\" data-id=\"dfd7c3d\" data-element_type=\"widget\" data-e-type=\"widget\" data-widget_type=\"text-editor.default\">\n\t\t\t\t\t\t\t\t\t<p>Er en moderne og innovativ fasilitet, designet for \u00e5 gjenspeile selskapets forpliktelse til b\u00e6rekraft og banebrytende forskning innen diabetesbehandling og biofarmas\u00f8ytiske produkter.<\/p><p>\"Designet av Novo Nordisks bygning i S\u00f8borg kombinerer innovasjon og b\u00e6rekraft p\u00e5 en s\u00f8ml\u00f8s m\u00e5te, og skaper et rom som fremmer samarbeid.\"<\/p>\t\t\t\t\t\t\t\t<\/div>\n\t\t\t\t<\/div>\n\t\t\t\t\t<\/div>\n\t\t\t\t<\/div>\n\t\t<div class=\"elementor-element elementor-element-cb23869 elementor-hidden-desktop elementor-hidden-tablet e-flex e-con-boxed e-con e-parent\" data-id=\"cb23869\" data-element_type=\"container\" data-e-type=\"container\">\n\t\t\t\t\t<div class=\"e-con-inner\">\n\t\t\t\t<div class=\"elementor-element elementor-element-020d153 elementor-widget elementor-widget-image\" data-id=\"020d153\" data-element_type=\"widget\" data-e-type=\"widget\" data-widget_type=\"image.default\">\n\t\t\t\t\t\t\t\t\t\t\t\t\t\t\t<img decoding=\"async\" width=\"800\" height=\"1024\" src=\"https:\/\/copenhagenbath.com\/wp-content\/uploads\/2025\/03\/1-13-1-800x1024.jpg\" class=\"attachment-large size-large wp-image-25592\" alt=\"Novo Nordisk basin\" srcset=\"https:\/\/copenhagenbath.com\/wp-content\/uploads\/2025\/03\/1-13-1-800x1024.jpg 800w, https:\/\/copenhagenbath.com\/wp-content\/uploads\/2025\/03\/1-13-1-234x300.jpg 234w, https:\/\/copenhagenbath.com\/wp-content\/uploads\/2025\/03\/1-13-1-768x983.jpg 768w, https:\/\/copenhagenbath.com\/wp-content\/uploads\/2025\/03\/1-13-1-1201x1536.jpg 1201w, https:\/\/copenhagenbath.com\/wp-content\/uploads\/2025\/03\/1-13-1-600x768.jpg 600w, https:\/\/copenhagenbath.com\/wp-content\/uploads\/2025\/03\/1-13-1.jpg 1432w\" sizes=\"(max-width: 800px) 100vw, 800px\" \/>\t\t\t\t\t\t\t\t\t\t\t\t\t\t\t<\/div>\n\t\t\t\t\t<\/div>\n\t\t\t\t<\/div>\n\t\t<div class=\"elementor-element elementor-element-24bd470 e-flex e-con-boxed e-con e-parent\" data-id=\"24bd470\" data-element_type=\"container\" data-e-type=\"container\" data-settings=\"{&quot;background_background&quot;:&quot;classic&quot;}\">\n\t\t\t\t\t<div class=\"e-con-inner\">\n\t\t<div class=\"elementor-element elementor-element-826b82b e-con-full e-flex e-con e-child\" data-id=\"826b82b\" data-element_type=\"container\" data-e-type=\"container\" data-settings=\"{&quot;background_background&quot;:&quot;classic&quot;}\">\n\t\t\t\t<div class=\"elementor-element elementor-element-d7bde54 elementor-widget__width-initial elementor-widget elementor-widget-heading\" data-id=\"d7bde54\" data-element_type=\"widget\" data-e-type=\"widget\" data-widget_type=\"heading.default\">\n\t\t\t\t\t<h4 class=\"elementor-heading-title elementor-size-default\">Ligger i et forstadsomr\u00e5de n\u00e6r K\u00f8benhavn<\/h4>\t\t\t\t<\/div>\n\t\t\t\t<div class=\"elementor-element elementor-element-cfaca68 elementor-widget__width-initial elementor-widget elementor-widget-text-editor\" data-id=\"cfaca68\" data-element_type=\"widget\" data-e-type=\"widget\" data-widget_type=\"text-editor.default\">\n\t\t\t\t\t\t\t\t\t<p>Bygningen har en elegant, moderne arkitektur med store glassfasader som slipper naturlig lys inn i interi\u00f8ret.<\/p><p>Inne oppmuntrer \u00e5pne arbeidsomr\u00e5der til samarbeid, mens toppmoderne laboratorier st\u00f8tter vitenskapelig forskning.<\/p><p>Designet vektlegger energieffektivitet og gr\u00f8nne l\u00f8sninger, i tr\u00e5d med Novo Nordisks engasjement for milj\u00f8ansvar og deres ledende rolle innen helseinnovasjon.<\/p>\t\t\t\t\t\t\t\t<\/div>\n\t\t\t\t<\/div>\n\t\t<div class=\"elementor-element elementor-element-d6384bd e-con-full e-flex e-con e-child\" data-id=\"d6384bd\" data-element_type=\"container\" data-e-type=\"container\">\n\t\t\t\t<div class=\"elementor-element elementor-element-3f496a3 elementor-widget__width-inherit elementor-widget-tablet__width-initial fullwidthimage elementor-invisible elementor-widget elementor-widget-image\" data-id=\"3f496a3\" data-element_type=\"widget\" data-e-type=\"widget\" data-settings=\"{&quot;motion_fx_motion_fx_scrolling&quot;:&quot;yes&quot;,&quot;_animation&quot;:&quot;fadeIn&quot;,&quot;motion_fx_devices&quot;:[&quot;desktop&quot;,&quot;tablet&quot;,&quot;mobile&quot;]}\" data-widget_type=\"image.default\">\n\t\t\t\t\t\t\t\t\t\t\t\t\t\t\t<img decoding=\"async\" width=\"1600\" height=\"1214\" src=\"https:\/\/copenhagenbath.com\/wp-content\/uploads\/2025\/03\/16-novo-nordisk-vtc.jpg.webp\" class=\"attachment-2048x2048 size-2048x2048 wp-image-24643\" alt=\"\" srcset=\"https:\/\/copenhagenbath.com\/wp-content\/uploads\/2025\/03\/16-novo-nordisk-vtc.jpg.webp 1600w, https:\/\/copenhagenbath.com\/wp-content\/uploads\/2025\/03\/16-novo-nordisk-vtc.jpg-300x228.webp 300w, https:\/\/copenhagenbath.com\/wp-content\/uploads\/2025\/03\/16-novo-nordisk-vtc.jpg-1024x777.webp 1024w, https:\/\/copenhagenbath.com\/wp-content\/uploads\/2025\/03\/16-novo-nordisk-vtc.jpg-768x583.webp 768w, https:\/\/copenhagenbath.com\/wp-content\/uploads\/2025\/03\/16-novo-nordisk-vtc.jpg-1536x1165.webp 1536w, https:\/\/copenhagenbath.com\/wp-content\/uploads\/2025\/03\/16-novo-nordisk-vtc.jpg-600x455.webp 600w\" sizes=\"(max-width: 1600px) 100vw, 1600px\" \/>\t\t\t\t\t\t\t\t\t\t\t\t\t\t\t<\/div>\n\t\t\t\t<\/div>\n\t\t\t\t\t<\/div>\n\t\t\t\t<\/div>\n\t\t<div class=\"elementor-element elementor-element-d529110 e-flex e-con-boxed e-con e-parent\" data-id=\"d529110\" data-element_type=\"container\" data-e-type=\"container\" data-settings=\"{&quot;background_background&quot;:&quot;classic&quot;}\">\n\t\t\t\t\t<div class=\"e-con-inner\">\n\t\t\t\t<div class=\"elementor-element elementor-element-7b9fb45 elementor-align-center elementor-tablet-align-center elementor-widget elementor-widget-button\" data-id=\"7b9fb45\" data-element_type=\"widget\" data-e-type=\"widget\" data-widget_type=\"button.default\">\n\t\t\t\t\t\t\t\t\t\t<a class=\"elementor-button elementor-button-link elementor-size-sm\" href=\"https:\/\/copenhagenbath.com\/nn\/?page_id=27570\" back=\"\">\n\t\t\t\t\t\t<span class=\"elementor-button-content-wrapper\">\n\t\t\t\t\t\t\t\t\t<span class=\"elementor-button-text\">Tilbake til Cases<\/span>\n\t\t\t\t\t<\/span>\n\t\t\t\t\t<\/a>\n\t\t\t\t\t\t\t\t<\/div>\n\t\t\t\t\t<\/div>\n\t\t\t\t<\/div>\n\t\t\t\t<\/div>","protected":false},"excerpt":{"rendered":"<p>Novo Nordisk Bathroom \u2013 designed with Copenhagen Bath Copenhagen Bath proudly collaborated with Novo Nordisk Copenhagen Bath proudly collaborated with Novo Nordisk and Vilhelm Lauritzen Architects to design and develop all bathrooms for Novo Nordisk\u2019s new headquarters in S\u00f8borg. Combining functionality, durability, and Danish elegance, the bathrooms seamlessly integrate with the building\u2019s modern and sustainable [&hellip;]<\/p>","protected":false},"author":4,"featured_media":0,"parent":0,"menu_order":0,"comment_status":"closed","ping_status":"closed","template":"","meta":{"footnotes":""},"class_list":["post-9853","page","type-page","status-publish","hentry"],"_links":{"self":[{"href":"https:\/\/copenhagenbath.com\/nn\/wp-json\/wp\/v2\/pages\/9853","targetHints":{"allow":["GET"]}}],"collection":[{"href":"https:\/\/copenhagenbath.com\/nn\/wp-json\/wp\/v2\/pages"}],"about":[{"href":"https:\/\/copenhagenbath.com\/nn\/wp-json\/wp\/v2\/types\/page"}],"author":[{"embeddable":true,"href":"https:\/\/copenhagenbath.com\/nn\/wp-json\/wp\/v2\/users\/4"}],"replies":[{"embeddable":true,"href":"https:\/\/copenhagenbath.com\/nn\/wp-json\/wp\/v2\/comments?post=9853"}],"version-history":[{"count":283,"href":"https:\/\/copenhagenbath.com\/nn\/wp-json\/wp\/v2\/pages\/9853\/revisions"}],"predecessor-version":[{"id":36224,"href":"https:\/\/copenhagenbath.com\/nn\/wp-json\/wp\/v2\/pages\/9853\/revisions\/36224"}],"wp:attachment":[{"href":"https:\/\/copenhagenbath.com\/nn\/wp-json\/wp\/v2\/media?parent=9853"}],"curies":[{"name":"wp","href":"https:\/\/api.w.org\/{rel}","templated":true}]}}