{"id":23358,"date":"2025-03-11T10:25:13","date_gmt":"2025-03-11T10:25:13","guid":{"rendered":"https:\/\/wp.copenhagenbath.com\/?page_id=23358"},"modified":"2025-07-28T08:54:29","modified_gmt":"2025-07-28T08:54:29","slug":"craftmanship-and-design","status":"publish","type":"page","link":"https:\/\/copenhagenbath.com\/sv\/craftmanship-and-design\/","title":{"rendered":"Craftmanship and design &#8211; Mangler anker points for designer &#8211; For meget text p\u00e5 responsive"},"content":{"rendered":"<div data-elementor-type=\"wp-page\" data-elementor-id=\"23358\" class=\"elementor elementor-23358\" data-elementor-post-type=\"page\">\n\t\t\t\t<div class=\"elementor-element elementor-element-ba9d5ad e-con-full e-flex e-con e-parent\" data-id=\"ba9d5ad\" data-element_type=\"container\" data-e-type=\"container\" data-settings=\"{&quot;background_background&quot;:&quot;classic&quot;}\">\n\t\t<div class=\"elementor-element elementor-element-da0303c e-con-full e-flex e-con e-child\" data-id=\"da0303c\" data-element_type=\"container\" data-e-type=\"container\">\n\t\t\t\t<div class=\"elementor-element elementor-element-aff59cb elementor-widget__width-initial elementor-widget elementor-widget-heading\" data-id=\"aff59cb\" data-element_type=\"widget\" data-e-type=\"widget\" data-widget_type=\"heading.default\">\n\t\t\t\t\t<h1 class=\"elementor-heading-title elementor-size-default\">Hantverk och design<\/h1>\t\t\t\t<\/div>\n\t\t\t\t<div class=\"elementor-element elementor-element-ce2277d elementor-widget__width-initial elementor-widget elementor-widget-text-editor\" data-id=\"ce2277d\" data-element_type=\"widget\" data-e-type=\"widget\" data-widget_type=\"text-editor.default\">\n\t\t\t\t\t\t\t\t\t<p>Hantverk och design\nVarje produkt vi skapar formas av skickliga h\u00e4nder och f\u00f6renar traditionella tekniker med modern innovation.<\/p><p>Copenhagen Bath \u00e4r k\u00e4nt f\u00f6r sitt noggranna designf\u00f6rh\u00e5llningss\u00e4tt, som s\u00e4kerst\u00e4ller att varje produkt uppfyller de h\u00f6gsta standarderna f\u00f6r kvalitet och estetik. Urvalprocessen b\u00f6rjar med internationella formgivare vars kreativa visioner f\u00f6rvandlas till konkreta produkter.<\/p><p>P\u00e5 Copenhagen Bath \u00e4r vi djupt engagerade i att endast v\u00e4lja de finaste materialen till v\u00e5ra badrumsprodukter. Varje produkt \u00e4r resultatet av noggranna \u00f6verv\u00e4ganden som s\u00e4kerst\u00e4ller att h\u00e5llbarhet och tidl\u00f6s sk\u00f6nhet st\u00e5r i centrum f\u00f6r v\u00e5ra val. V\u00e5r anv\u00e4ndning av f\u00f6rstklassiga material \u2013 vare sig det \u00e4r sten, tr\u00e4 eller metall \u2013 speglar v\u00e5rt engagemang f\u00f6r kvalitet och l\u00e5ng livsl\u00e4ngd, i linje med de h\u00f6gsta standarderna f\u00f6r dansk design.<\/p>\t\t\t\t\t\t\t\t<\/div>\n\t\t\t\t<\/div>\n\t\t<div class=\"elementor-element elementor-element-babcb50 e-con-full elementor-hidden-mobile elementor-hidden-tablet fullwidthimage e-flex e-con e-child\" data-id=\"babcb50\" data-element_type=\"container\" data-e-type=\"container\">\n\t\t\t\t<div class=\"elementor-element elementor-element-1bbe8c5 elementor-widget elementor-widget-image\" data-id=\"1bbe8c5\" data-element_type=\"widget\" data-e-type=\"widget\" data-widget_type=\"image.default\">\n\t\t\t\t\t\t\t\t\t\t\t\t\t\t\t\t<a href=\"https:\/\/copenhagenbath.com\/sv\/?page_id=25485\">\n\t\t\t\t\t\t\t<img decoding=\"async\" width=\"1024\" height=\"1010\" src=\"https:\/\/copenhagenbath.com\/wp-content\/uploads\/2024\/11\/4-1024x1010.jpg\" class=\"attachment-large size-large wp-image-13638\" alt=\"Alt text: Badrumssk\u00e5pet Bergen fr\u00e5n Copenhagen Bath, tillverkat av massiv ek, visar upp tidl\u00f6s skandinavisk design med h\u00e5llbart, h\u00f6gkvalitativt badrumshantverk.\" srcset=\"https:\/\/copenhagenbath.com\/wp-content\/uploads\/2024\/11\/4-1024x1010.jpg 1024w, https:\/\/copenhagenbath.com\/wp-content\/uploads\/2024\/11\/4-300x296.jpg 300w, https:\/\/copenhagenbath.com\/wp-content\/uploads\/2024\/11\/4-768x757.jpg 768w, https:\/\/copenhagenbath.com\/wp-content\/uploads\/2024\/11\/4-600x592.jpg 600w, https:\/\/copenhagenbath.com\/wp-content\/uploads\/2024\/11\/4-100x100.jpg 100w, https:\/\/copenhagenbath.com\/wp-content\/uploads\/2024\/11\/4-50x50.jpg 50w, https:\/\/copenhagenbath.com\/wp-content\/uploads\/2024\/11\/4-e1743087218831.jpg 751w\" sizes=\"(max-width: 1024px) 100vw, 1024px\" \/>\t\t\t\t\t\t\t\t<\/a>\n\t\t\t\t\t\t\t\t\t\t\t\t\t\t\t<\/div>\n\t\t\t\t<\/div>\n\t\t\t\t<\/div>\n\t\t<div class=\"elementor-element elementor-element-9c55fc3 e-con-full e-flex e-con e-parent\" data-id=\"9c55fc3\" data-element_type=\"container\" data-e-type=\"container\" data-settings=\"{&quot;background_background&quot;:&quot;classic&quot;}\">\n\t\t<div class=\"elementor-element elementor-element-dd52de9 e-con-full e-flex e-con e-child\" data-id=\"dd52de9\" data-element_type=\"container\" data-e-type=\"container\">\n\t\t\t\t<div class=\"elementor-element elementor-element-47a67bb elementor-widget__width-initial elementor-widget elementor-widget-video\" data-id=\"47a67bb\" data-element_type=\"widget\" data-e-type=\"widget\" data-settings=\"{&quot;video_type&quot;:&quot;hosted&quot;,&quot;autoplay&quot;:&quot;yes&quot;,&quot;mute&quot;:&quot;yes&quot;}\" data-widget_type=\"video.default\">\n\t\t\t\t\t\t\t<div class=\"e-hosted-video elementor-wrapper elementor-open-inline\">\n\t\t\t\t\t<video class=\"elementor-video\" src=\"https:\/\/copenhagenbath.com\/wp-content\/uploads\/2024\/12\/Yuno-WA-1.mp4\" autoplay=\"\" muted=\"muted\" controlslist=\"nodownload\"><\/video>\n\t\t\t\t<\/div>\n\t\t\t\t\t\t<\/div>\n\t\t\t\t<\/div>\n\t\t<div class=\"elementor-element elementor-element-67a1fd4 e-con-full e-flex e-con e-child\" data-id=\"67a1fd4\" data-element_type=\"container\" data-e-type=\"container\">\n\t\t\t\t<div class=\"elementor-element elementor-element-2132386 elementor-widget__width-initial elementor-widget elementor-widget-heading\" data-id=\"2132386\" data-element_type=\"widget\" data-e-type=\"widget\" data-widget_type=\"heading.default\">\n\t\t\t\t\t<h2 class=\"elementor-heading-title elementor-size-default\">Vi brinner f\u00f6r att \u00e5teruppliva den danska designtraditionen och samarbetar med en ny generation av formgivare och hantverkare.<\/h2>\t\t\t\t<\/div>\n\t\t\t\t<div class=\"elementor-element elementor-element-4d68dde elementor-widget__width-initial elementor-widget elementor-widget-text-editor\" data-id=\"4d68dde\" data-element_type=\"widget\" data-e-type=\"widget\" data-widget_type=\"text-editor.default\">\n\t\t\t\t\t\t\t\t\t<p>Tillsammans f\u00f6renar vi arvet fr\u00e5n k\u00f6penhamnsdesign med nya perspektiv och skapar produkter som hedrar det f\u00f6rflutna samtidigt som de omfamnar framtiden. Detta samarbete ger oss m\u00f6jlighet att f\u00f6ra vidare Danmarks stolta arv av enast\u00e5ende hantverk och tillf\u00f6ra en f\u00f6rnyad k\u00e4nsla av konstn\u00e4rlighet och f\u00f6rfining i moderna rum.<\/p><p>Resultatet \u00e4r badrum som inte bara f\u00f6rh\u00f6jer badupplevelsen, utan \u00e4ven fungerar som en skulptural mittpunkt som uttrycker lugnet och elegansen i det k\u00f6penhamnska kustlivet.<\/p>\t\t\t\t\t\t\t\t<\/div>\n\t\t\t\t<div class=\"elementor-element elementor-element-b21089e elementor-align-center elementor-widget elementor-widget-button\" data-id=\"b21089e\" data-element_type=\"widget\" data-e-type=\"widget\" data-widget_type=\"button.default\">\n\t\t\t\t\t\t\t\t\t\t<a class=\"elementor-button elementor-button-link elementor-size-sm\" href=\"https:\/\/copenhagenbath.com\/sv\/?page_id=22594\">\n\t\t\t\t\t\t<span class=\"elementor-button-content-wrapper\">\n\t\t\t\t\t\t\t\t\t<span class=\"elementor-button-text\">YUNO Collection<\/span>\n\t\t\t\t\t<\/span>\n\t\t\t\t\t<\/a>\n\t\t\t\t\t\t\t\t<\/div>\n\t\t\t\t<\/div>\n\t\t\t\t<\/div>\n\t\t<div class=\"elementor-element elementor-element-9472acb e-con-full e-flex e-con e-parent\" data-id=\"9472acb\" data-element_type=\"container\" data-e-type=\"container\" data-settings=\"{&quot;background_background&quot;:&quot;classic&quot;}\">\n\t\t<div class=\"elementor-element elementor-element-ede9bdb e-con-full e-flex e-con e-child\" data-id=\"ede9bdb\" data-element_type=\"container\" data-e-type=\"container\">\n\t\t\t\t<div class=\"elementor-element elementor-element-541534b elementor-widget__width-initial elementor-widget elementor-widget-heading\" data-id=\"541534b\" data-element_type=\"widget\" data-e-type=\"widget\" data-widget_type=\"heading.default\">\n\t\t\t\t\t<h3 class=\"elementor-heading-title elementor-size-default\">Premium Acovi\u00ae Solid Surface<\/h3>\t\t\t\t<\/div>\n\t\t\t\t<div class=\"elementor-element elementor-element-84497fe elementor-widget__width-initial elementor-widget elementor-widget-text-editor\" data-id=\"84497fe\" data-element_type=\"widget\" data-e-type=\"widget\" data-widget_type=\"text-editor.default\">\n\t\t\t\t\t\t\t\t\t<p>Copenhagen Bath tillverkar sin f\u00f6rstklassiga Acovi\u00ae Solid Surface av rekonstituerade, pulveriserade naturliga mineraler, f\u00f6rst\u00e4rkta med polymerer och h\u00e4rdare. Genom att endast v\u00e4lja de finaste materialen kan vi med s\u00e4kerhet erbjuda 10 \u00e5rs garanti mot f\u00e4rgskillnader.\u00a0<\/p><p>Olika kvaliteter av Solid Surface och belagda stenprodukter f\u00f6rs\u00f6ker ofta efterlikna utseendet och k\u00e4nslan av \u00e4kta solida ytor, men brister n\u00e4r det g\u00e4ller h\u00e5llbarhet, konsistens och prestanda. Billigare alternativ kan anv\u00e4nda harts eller fyllmedel av l\u00e4gre kvalitet, vilket leder till f\u00e4rgavvikelser, ytfel och kortare livsl\u00e4ngd. I kontrast \u00e4r Copenhagen Baths f\u00f6rstklassiga Acovi\u00ae Solid Surface noggrant utformad f\u00f6r att h\u00e5lla i m\u00e5nga \u00e5r fram\u00f6ver.<\/p>\t\t\t\t\t\t\t\t<\/div>\n\t\t\t\t<div class=\"elementor-element elementor-element-56066a1 elementor-align-center elementor-widget elementor-widget-button\" data-id=\"56066a1\" data-element_type=\"widget\" data-e-type=\"widget\" data-widget_type=\"button.default\">\n\t\t\t\t\t\t\t\t\t\t<a class=\"elementor-button elementor-button-link elementor-size-sm\" href=\"https:\/\/copenhagenbath.com\/sv\/?page_id=27159\">\n\t\t\t\t\t\t<span class=\"elementor-button-content-wrapper\">\n\t\t\t\t\t\t\t\t\t<span class=\"elementor-button-text\">TQ5 By Mikal Harrsen<\/span>\n\t\t\t\t\t<\/span>\n\t\t\t\t\t<\/a>\n\t\t\t\t\t\t\t\t<\/div>\n\t\t\t\t<\/div>\n\t\t<div class=\"elementor-element elementor-element-356fab6 e-con-full e-flex e-con e-child\" data-id=\"356fab6\" data-element_type=\"container\" data-e-type=\"container\">\n\t\t\t\t<div class=\"elementor-element elementor-element-696679f fullwidthimage elementor-widget elementor-widget-image\" data-id=\"696679f\" data-element_type=\"widget\" data-e-type=\"widget\" data-widget_type=\"image.default\">\n\t\t\t\t\t\t\t\t\t\t\t\t\t\t\t\t<a href=\"https:\/\/copenhagenbath.com\/sv\/?page_id=27159\">\n\t\t\t\t\t\t\t<img decoding=\"async\" width=\"1536\" height=\"1387\" src=\"https:\/\/copenhagenbath.com\/wp-content\/uploads\/2024\/11\/Helsinki-tub_komprimeret-1536x1387.jpg\" class=\"attachment-1536x1536 size-1536x1536 wp-image-14601\" alt=\"TQ 5 Bathtub - Designed by Mikal Harrsen\" srcset=\"https:\/\/copenhagenbath.com\/wp-content\/uploads\/2024\/11\/Helsinki-tub_komprimeret-1536x1387.jpg 1536w, https:\/\/copenhagenbath.com\/wp-content\/uploads\/2024\/11\/Helsinki-tub_komprimeret-300x271.jpg 300w, https:\/\/copenhagenbath.com\/wp-content\/uploads\/2024\/11\/Helsinki-tub_komprimeret-1024x925.jpg 1024w, https:\/\/copenhagenbath.com\/wp-content\/uploads\/2024\/11\/Helsinki-tub_komprimeret-768x694.jpg 768w, https:\/\/copenhagenbath.com\/wp-content\/uploads\/2024\/11\/Helsinki-tub_komprimeret-2048x1850.jpg 2048w, https:\/\/copenhagenbath.com\/wp-content\/uploads\/2024\/11\/Helsinki-tub_komprimeret-600x542.jpg 600w, https:\/\/copenhagenbath.com\/wp-content\/uploads\/2024\/11\/Helsinki-tub_komprimeret-e1743087333384.jpg 1200w\" sizes=\"(max-width: 1536px) 100vw, 1536px\" \/>\t\t\t\t\t\t\t\t<\/a>\n\t\t\t\t\t\t\t\t\t\t\t\t\t\t\t<\/div>\n\t\t\t\t<\/div>\n\t\t\t\t<\/div>\n\t\t<div class=\"elementor-element elementor-element-752e2d7 e-con-full e-flex e-con e-parent\" data-id=\"752e2d7\" data-element_type=\"container\" data-e-type=\"container\" data-settings=\"{&quot;background_background&quot;:&quot;classic&quot;}\">\n\t\t<div class=\"elementor-element elementor-element-41ffa35 e-con-full e-flex e-con e-child\" data-id=\"41ffa35\" data-element_type=\"container\" data-e-type=\"container\">\n\t\t\t\t<div class=\"elementor-element elementor-element-d293de1 elementor--h-position-center elementor--v-position-middle elementor-arrows-position-inside elementor-widget elementor-widget-slides\" data-id=\"d293de1\" data-element_type=\"widget\" data-e-type=\"widget\" data-settings=\"{&quot;navigation&quot;:&quot;arrows&quot;,&quot;autoplay_speed&quot;:8007,&quot;autoplay&quot;:&quot;yes&quot;,&quot;pause_on_hover&quot;:&quot;yes&quot;,&quot;transition&quot;:&quot;slide&quot;,&quot;transition_speed&quot;:500}\" data-widget_type=\"slides.default\">\n\t\t\t\t\t\t\t\t\t\t<div class=\"elementor-slides-wrapper elementor-main-swiper swiper\" role=\"region\" aria-roledescription=\"carousel\" aria-label=\"Diabilder\" dir=\"ltr\" data-animation=\"\">\n\t\t\t\t<div class=\"swiper-wrapper elementor-slides\">\n\t\t\t\t\t\t\t\t\t\t<div class=\"elementor-repeater-item-4011bb2 swiper-slide\" role=\"group\" aria-roledescription=\"slide\"><div class=\"swiper-slide-bg\" role=\"img\"><\/div><a class=\"swiper-slide-inner\" href=\"https:\/\/copenhagenbath.com\/sv\/?page_id=17438\"><div class=\"swiper-slide-contents\"><div class=\"elementor-slide-heading\">Yuno Kontur<\/div><\/div><\/a><\/div>\t\t\t\t<\/div>\n\t\t\t\t\t\t\t<\/div>\n\t\t\t\t\t\t\t\t<\/div>\n\t\t\t\t<\/div>\n\t\t<div class=\"elementor-element elementor-element-bcb6c24 e-con-full e-flex e-con e-child\" data-id=\"bcb6c24\" data-element_type=\"container\" data-e-type=\"container\">\n\t\t\t\t<div class=\"elementor-element elementor-element-059d073 elementor-widget__width-initial elementor-widget elementor-widget-heading\" data-id=\"059d073\" data-element_type=\"widget\" data-e-type=\"widget\" data-widget_type=\"heading.default\">\n\t\t\t\t\t<h3 class=\"elementor-heading-title elementor-size-default\">Design med omtanke<\/h3>\t\t\t\t<\/div>\n\t\t\t\t<div class=\"elementor-element elementor-element-2b82dd1 elementor-widget__width-initial elementor-widget elementor-widget-text-editor\" data-id=\"2b82dd1\" data-element_type=\"widget\" data-e-type=\"widget\" data-widget_type=\"text-editor.default\">\n\t\t\t\t\t\t\t\t\t<p>Designprocessen b\u00f6rjar med en enkel skiss och genomg\u00e5r en noggrant utvecklad fas. Prototyper tillverkas f\u00f6rst i MDF och 3D-printas d\u00e4refter f\u00f6r att testa form och funktion i praktiken. Denna metod m\u00f6jligg\u00f6r exakta justeringar innan gjutningen av de slutgiltiga proverna. Varje version utv\u00e4rderas noggrant f\u00f6r att s\u00e4kerst\u00e4lla att den f\u00e4rdiga produkten uppfyller v\u00e5ra h\u00f6ga krav p\u00e5 h\u00e5llbarhet och l\u00e5ng livsl\u00e4ngd.<\/p><p>Denna noggranna process illustrerar Copenhagen Baths engagemang f\u00f6r kvalitet och s\u00e4kerst\u00e4ller att varje badrumsprodukt inte bara f\u00f6rst\u00e4rker rummets estetik utan ocks\u00e5 beh\u00e5ller sin h\u00e5llbarhet och relevans \u00f6ver tid \u2013 b\u00e5de i design och funktion. N\u00e4r designen har genomg\u00e5tt alla kvalitetskontroller lanseras de slutligen p\u00e5 marknaden, redo att lyfta vilket badrum som helst till nya h\u00f6jder.<\/p>\t\t\t\t\t\t\t\t<\/div>\n\t\t\t\t<div class=\"elementor-element elementor-element-43f2b1b elementor-align-center elementor-widget elementor-widget-button\" data-id=\"43f2b1b\" data-element_type=\"widget\" data-e-type=\"widget\" data-widget_type=\"button.default\">\n\t\t\t\t\t\t\t\t\t\t<a class=\"elementor-button elementor-button-link elementor-size-sm\" href=\"https:\/\/copenhagenbath.com\/sv\/?page_id=17438\">\n\t\t\t\t\t\t<span class=\"elementor-button-content-wrapper\">\n\t\t\t\t\t\t\t\t\t<span class=\"elementor-button-text\">Yuno Kontur collection<\/span>\n\t\t\t\t\t<\/span>\n\t\t\t\t\t<\/a>\n\t\t\t\t\t\t\t\t<\/div>\n\t\t\t\t<\/div>\n\t\t\t\t<\/div>\n\t\t<div class=\"elementor-element elementor-element-63989b3 e-con-full e-flex e-con e-parent\" data-id=\"63989b3\" data-element_type=\"container\" data-e-type=\"container\" data-settings=\"{&quot;background_background&quot;:&quot;classic&quot;}\">\n\t\t<div class=\"elementor-element elementor-element-17f1e2b e-con-full e-flex e-con e-child\" data-id=\"17f1e2b\" data-element_type=\"container\" data-e-type=\"container\" data-settings=\"{&quot;background_background&quot;:&quot;classic&quot;}\">\n\t\t\t\t<div class=\"elementor-element elementor-element-da962ba elementor-widget__width-initial elementor-widget elementor-widget-text-editor\" data-id=\"da962ba\" data-element_type=\"widget\" data-e-type=\"widget\" data-widget_type=\"text-editor.default\">\n\t\t\t\t\t\t\t\t\t<div class=\"page\" title=\"Page 13\"><div class=\"section\"><div class=\"layoutArea\"><div class=\"column\"><div class=\"column\"><p>Vi brinner f\u00f6r att \u00e5teruppliva den k\u00f6penhamnska designtraditionen och samarbetar med en ny generation av formgivare och hantverkare.<\/p><\/div><\/div><\/div><\/div><\/div>\t\t\t\t\t\t\t\t<\/div>\n\t\t\t\t<\/div>\n\t\t\t\t<\/div>\n\t\t<div class=\"elementor-element elementor-element-4c970bb e-con-full e-flex e-con e-parent\" data-id=\"4c970bb\" data-element_type=\"container\" data-e-type=\"container\" data-settings=\"{&quot;background_background&quot;:&quot;classic&quot;}\">\n\t\t<div class=\"elementor-element elementor-element-af40e56 e-con-full e-flex e-con e-child\" data-id=\"af40e56\" data-element_type=\"container\" data-e-type=\"container\">\n\t\t\t\t<div class=\"elementor-element elementor-element-9a20f28 fullwidthimage elementor-widget elementor-widget-image\" data-id=\"9a20f28\" data-element_type=\"widget\" data-e-type=\"widget\" id=\"Mikal-Harrsen\" data-widget_type=\"image.default\">\n\t\t\t\t\t\t\t\t\t\t\t\t\t\t\t\t<a href=\"\/sv\/vara-designers\/#Mikal-Harrsen\">\n\t\t\t\t\t\t\t<img decoding=\"async\" width=\"642\" height=\"642\" src=\"https:\/\/copenhagenbath.com\/wp-content\/uploads\/2024\/07\/mikal-harrsen-e1738000768858.jpg\" class=\"attachment-large size-large wp-image-1910\" alt=\"Mikal Harrsen design - Bathtub and basins\" srcset=\"https:\/\/copenhagenbath.com\/wp-content\/uploads\/2024\/07\/mikal-harrsen-e1738000768858.jpg 642w, https:\/\/copenhagenbath.com\/wp-content\/uploads\/2024\/07\/mikal-harrsen-e1738000768858-150x150.jpg 150w, https:\/\/copenhagenbath.com\/wp-content\/uploads\/2024\/07\/mikal-harrsen-e1738000768858-300x300.jpg 300w, https:\/\/copenhagenbath.com\/wp-content\/uploads\/2024\/07\/mikal-harrsen-e1738000768858-600x600.jpg 600w, https:\/\/copenhagenbath.com\/wp-content\/uploads\/2024\/07\/mikal-harrsen-e1738000768858-100x100.jpg 100w\" sizes=\"(max-width: 642px) 100vw, 642px\" \/>\t\t\t\t\t\t\t\t<\/a>\n\t\t\t\t\t\t\t\t\t\t\t\t\t\t\t<\/div>\n\t\t\t\t<\/div>\n\t\t<div class=\"elementor-element elementor-element-83e79a9 e-con-full e-flex e-con e-child\" data-id=\"83e79a9\" data-element_type=\"container\" data-e-type=\"container\">\n\t\t\t\t<div class=\"elementor-element elementor-element-9823049 fullwidthimage elementor-widget elementor-widget-image\" data-id=\"9823049\" data-element_type=\"widget\" data-e-type=\"widget\" id=\"Johannes-Torpe\" data-widget_type=\"image.default\">\n\t\t\t\t\t\t\t\t\t\t\t\t\t\t\t\t<a href=\"\/sv\/vara-designers\/#Johannes-Torpe\">\n\t\t\t\t\t\t\t<img decoding=\"async\" width=\"900\" height=\"900\" src=\"https:\/\/copenhagenbath.com\/wp-content\/uploads\/2025\/01\/3bb7046d6fe801285ddd3ff5dc645704b8efe488.jpg\" class=\"attachment-large size-large wp-image-18957\" alt=\"Johannes Torpe Studio\" srcset=\"https:\/\/copenhagenbath.com\/wp-content\/uploads\/2025\/01\/3bb7046d6fe801285ddd3ff5dc645704b8efe488.jpg 900w, https:\/\/copenhagenbath.com\/wp-content\/uploads\/2025\/01\/3bb7046d6fe801285ddd3ff5dc645704b8efe488-300x300.jpg 300w, https:\/\/copenhagenbath.com\/wp-content\/uploads\/2025\/01\/3bb7046d6fe801285ddd3ff5dc645704b8efe488-150x150.jpg 150w, https:\/\/copenhagenbath.com\/wp-content\/uploads\/2025\/01\/3bb7046d6fe801285ddd3ff5dc645704b8efe488-768x768.jpg 768w, https:\/\/copenhagenbath.com\/wp-content\/uploads\/2025\/01\/3bb7046d6fe801285ddd3ff5dc645704b8efe488-600x600.jpg 600w, https:\/\/copenhagenbath.com\/wp-content\/uploads\/2025\/01\/3bb7046d6fe801285ddd3ff5dc645704b8efe488-100x100.jpg 100w\" sizes=\"(max-width: 900px) 100vw, 900px\" \/>\t\t\t\t\t\t\t\t<\/a>\n\t\t\t\t\t\t\t\t\t\t\t\t\t\t\t<\/div>\n\t\t\t\t<\/div>\n\t\t<div class=\"elementor-element elementor-element-d0254c3 e-con-full e-flex e-con e-child\" data-id=\"d0254c3\" data-element_type=\"container\" data-e-type=\"container\" id=\"Yuno\">\n\t\t\t\t<div class=\"elementor-element elementor-element-82baa24 fullwidthimage elementor-widget elementor-widget-image\" data-id=\"82baa24\" data-element_type=\"widget\" data-e-type=\"widget\" id=\"Yuno\" data-widget_type=\"image.default\">\n\t\t\t\t\t\t\t\t\t\t\t\t\t\t\t\t<a href=\"\/sv\/vara-designers\/#Yuno\">\n\t\t\t\t\t\t\t<img decoding=\"async\" width=\"1024\" height=\"1024\" src=\"https:\/\/copenhagenbath.com\/wp-content\/uploads\/2024\/09\/Yuno-Design-e1738000935159-1024x1024.jpg\" class=\"attachment-large size-large wp-image-6041\" alt=\"YUNO Design Studio - Designer av badrum\" srcset=\"https:\/\/copenhagenbath.com\/wp-content\/uploads\/2024\/09\/Yuno-Design-e1738000935159-1024x1024.jpg 1024w, https:\/\/copenhagenbath.com\/wp-content\/uploads\/2024\/09\/Yuno-Design-e1738000935159-300x300.jpg 300w, https:\/\/copenhagenbath.com\/wp-content\/uploads\/2024\/09\/Yuno-Design-e1738000935159-150x150.jpg 150w, https:\/\/copenhagenbath.com\/wp-content\/uploads\/2024\/09\/Yuno-Design-e1738000935159-768x768.jpg 768w, https:\/\/copenhagenbath.com\/wp-content\/uploads\/2024\/09\/Yuno-Design-e1738000935159-600x600.jpg 600w, https:\/\/copenhagenbath.com\/wp-content\/uploads\/2024\/09\/Yuno-Design-e1738000935159-100x100.jpg 100w, https:\/\/copenhagenbath.com\/wp-content\/uploads\/2024\/09\/Yuno-Design-e1738000935159.jpg 1333w\" sizes=\"(max-width: 1024px) 100vw, 1024px\" \/>\t\t\t\t\t\t\t\t<\/a>\n\t\t\t\t\t\t\t\t\t\t\t\t\t\t\t<\/div>\n\t\t\t\t<\/div>\n\t\t<div class=\"elementor-element elementor-element-d3a1672 e-con-full e-flex e-con e-child\" data-id=\"d3a1672\" data-element_type=\"container\" data-e-type=\"container\">\n\t\t\t\t<div class=\"elementor-element elementor-element-31954cf elementor-hidden-mobile elementor-widget elementor-widget-text-editor\" data-id=\"31954cf\" data-element_type=\"widget\" data-e-type=\"widget\" data-widget_type=\"text-editor.default\">\n\t\t\t\t\t\t\t\t\t<p>Together, we merge the legacy of Copenhagen design with fresh perspectives, creating products that honour the past while embracing the future. This collaboration allows us to continue Copenhagen&#8217;s proud heritage of exceptional craftsmanship, bringing a renewed sense of artistry and sophistication to contemporary spaces.<\/p>\t\t\t\t\t\t\t\t<\/div>\n\t\t\t\t<div class=\"elementor-element elementor-element-a0bdbc8 elementor-align-left elementor-widget__width-inherit elementor-widget elementor-widget-button\" data-id=\"a0bdbc8\" data-element_type=\"widget\" data-e-type=\"widget\" data-widget_type=\"button.default\">\n\t\t\t\t\t\t\t\t\t\t<a class=\"elementor-button elementor-button-link elementor-size-sm\" href=\"https:\/\/copenhagenbath.com\/sv\/?page_id=27034\">\n\t\t\t\t\t\t<span class=\"elementor-button-content-wrapper\">\n\t\t\t\t\t\t\t\t\t<span class=\"elementor-button-text\">Meet our designers<\/span>\n\t\t\t\t\t<\/span>\n\t\t\t\t\t<\/a>\n\t\t\t\t\t\t\t\t<\/div>\n\t\t\t\t<\/div>\n\t\t\t\t<\/div>\n\t\t\t\t<\/div>","protected":false},"excerpt":{"rendered":"<p>Craftsmanship and design Every product we create is shaped by skilled hands, blending traditional techniques with modern innovation. Copenhagen Bath is renowned for its meticulous approach to design, ensuring that each product meets the highest standards of quality and aesthetics. The selection process begins with international designers, whose creative visions are translated into tangible products. [&hellip;]<\/p>","protected":false},"author":12,"featured_media":0,"parent":0,"menu_order":0,"comment_status":"closed","ping_status":"closed","template":"","meta":{"footnotes":""},"class_list":["post-23358","page","type-page","status-publish","hentry"],"_links":{"self":[{"href":"https:\/\/copenhagenbath.com\/sv\/wp-json\/wp\/v2\/pages\/23358","targetHints":{"allow":["GET"]}}],"collection":[{"href":"https:\/\/copenhagenbath.com\/sv\/wp-json\/wp\/v2\/pages"}],"about":[{"href":"https:\/\/copenhagenbath.com\/sv\/wp-json\/wp\/v2\/types\/page"}],"author":[{"embeddable":true,"href":"https:\/\/copenhagenbath.com\/sv\/wp-json\/wp\/v2\/users\/12"}],"replies":[{"embeddable":true,"href":"https:\/\/copenhagenbath.com\/sv\/wp-json\/wp\/v2\/comments?post=23358"}],"version-history":[{"count":374,"href":"https:\/\/copenhagenbath.com\/sv\/wp-json\/wp\/v2\/pages\/23358\/revisions"}],"predecessor-version":[{"id":36269,"href":"https:\/\/copenhagenbath.com\/sv\/wp-json\/wp\/v2\/pages\/23358\/revisions\/36269"}],"wp:attachment":[{"href":"https:\/\/copenhagenbath.com\/sv\/wp-json\/wp\/v2\/media?parent=23358"}],"curies":[{"name":"wp","href":"https:\/\/api.w.org\/{rel}","templated":true}]}}