{"id":30633,"date":"2025-04-29T07:53:19","date_gmt":"2025-04-29T07:53:19","guid":{"rendered":"https:\/\/wp.copenhagenbath.com\/?page_id=30633"},"modified":"2025-04-29T08:07:40","modified_gmt":"2025-04-29T08:07:40","slug":"integritetspolicy","status":"publish","type":"page","link":"https:\/\/copenhagenbath.com\/sv\/integritetspolicy\/","title":{"rendered":"Integritetspolicy"},"content":{"rendered":"<div data-elementor-type=\"wp-page\" data-elementor-id=\"30633\" class=\"elementor elementor-30633\" data-elementor-post-type=\"page\">\n\t\t\t\t<div class=\"elementor-element elementor-element-ae8b9d1 e-flex e-con-boxed e-con e-parent\" data-id=\"ae8b9d1\" data-element_type=\"container\" data-e-type=\"container\" data-settings=\"{&quot;background_background&quot;:&quot;classic&quot;}\">\n\t\t\t\t\t<div class=\"e-con-inner\">\n\t\t<div class=\"elementor-element elementor-element-812ab9d e-con-full e-flex e-con e-child\" data-id=\"812ab9d\" data-element_type=\"container\" data-e-type=\"container\">\n\t\t\t\t<div class=\"elementor-element elementor-element-485cb8b elementor-widget__width-initial elementor-widget elementor-widget-heading\" data-id=\"485cb8b\" data-element_type=\"widget\" data-e-type=\"widget\" data-widget_type=\"heading.default\">\n\t\t\t\t\t<h1 class=\"elementor-heading-title elementor-size-default\">Integritetspolicy<\/h1>\t\t\t\t<\/div>\n\t\t\t\t<div class=\"elementor-element elementor-element-acbeba8 elementor-widget__width-initial elementor-widget elementor-widget-text-editor\" data-id=\"acbeba8\" data-element_type=\"widget\" data-e-type=\"widget\" data-widget_type=\"text-editor.default\">\n\t\t\t\t\t\t\t\t\t<p>Denna integritetspolicy har sammanst\u00e4llts f\u00f6r att b\u00e4ttre kunna hj\u00e4lpa dem som \u00e4r bekymrade \u00f6ver hur deras \"personligt identifierbara information\" (PII) anv\u00e4nds online. PII, som beskrivs i amerikansk integritetslagstiftning och informationss\u00e4kerhet, \u00e4r information som kan anv\u00e4ndas p\u00e5 egen hand eller med annan information f\u00f6r att identifiera, kontakta eller lokalisera en enskild person eller f\u00f6r att identifiera en person i ett sammanhang. L\u00e4s v\u00e5r integritetspolicy noggrant f\u00f6r att f\u00e5 en tydlig f\u00f6rst\u00e5else f\u00f6r hur vi samlar in, anv\u00e4nder, skyddar eller p\u00e5 annat s\u00e4tt hanterar din personligt identifierbara information i enlighet med v\u00e5r webbplats.<\/p><p><strong>Vilken personlig information samlar vi in fr\u00e5n de personer som bes\u00f6ker v\u00e5r webbplats?<\/strong><\/p><p>N\u00e4r du best\u00e4ller eller registrerar dig p\u00e5 v\u00e5r webbplats kan du bli ombedd att ange ditt namn, e-postadress, postadress, telefonnummer eller andra uppgifter f\u00f6r att hj\u00e4lpa dig med din upplevelse.<\/p><p><strong>N\u00e4r samlar vi in information? <\/strong><\/p><p>Vi samlar in information fr\u00e5n dig n\u00e4r du g\u00f6r en best\u00e4llning eller anger information p\u00e5 v\u00e5r webbplats.<\/p><p><strong>Hur anv\u00e4nder vi din information?\u00a0<\/strong><\/p><p>Vi kan anv\u00e4nda den information vi samlar in fr\u00e5n dig n\u00e4r du registrerar dig, g\u00f6r ett k\u00f6p, anm\u00e4ler dig till v\u00e5rt nyhetsbrev, svarar p\u00e5 en unders\u00f6kning eller marknadsf\u00f6ringskommunikation, surfar p\u00e5 webbplatsen eller anv\u00e4nder vissa andra webbplatsfunktioner p\u00e5 f\u00f6ljande s\u00e4tt:<\/p><p>F\u00f6r att snabbt kunna behandla dina transaktioner.<\/p><p><strong>Hur skyddar vi din information? <\/strong><\/p><p>Vi anv\u00e4nder inte s\u00e5rbarhetsskanning och\/eller skanning enligt PCI-standarder.<\/p><p>En extern PCI-kompatibel betalningsgateway hanterar alla CC-transaktioner.<\/p><p>Vi bruker regelmessig skanning etter skadelig programvare.v<\/p><p>Din personliga information finns bakom s\u00e4krade n\u00e4tverk och \u00e4r endast tillg\u00e4nglig f\u00f6r ett begr\u00e4nsat antal personer som har s\u00e4rskilda \u00e5tkomstr\u00e4ttigheter till s\u00e5dana system och som \u00e4r skyldiga att h\u00e5lla informationen konfidentiell. Dessutom krypteras all k\u00e4nslig information\/kreditinformation som du tillhandah\u00e5ller via SSL-teknik (Secure Socket Layer).<\/p><p>Vi genomf\u00f6r en rad olika s\u00e4kerhets\u00e5tg\u00e4rder n\u00e4r en anv\u00e4ndare g\u00f6r en best\u00e4llning f\u00f6r att uppr\u00e4tth\u00e5lla s\u00e4kerheten f\u00f6r dina personuppgifter.<\/p><p>Alla transaktioner behandlas via en gateway-leverant\u00f6r och lagras eller behandlas inte p\u00e5 v\u00e5ra servrar.<\/p><p><strong>Anv\u00e4nder vi \"cookies\"?\u00a0<\/strong><\/p><p>Cookies \u00e4r sm\u00e5 filer som en webbplats eller dess tj\u00e4nsteleverant\u00f6r \u00f6verf\u00f6r till din dators h\u00e5rddisk via din webbl\u00e4sare (om du till\u00e5ter det). Det g\u00f6r det m\u00f6jligt f\u00f6r webbplatsens eller leverant\u00f6rens system att k\u00e4nna igen din webbl\u00e4sare och lagra viss information. Till exempel anv\u00e4nder vi cookies f\u00f6r att komma ih\u00e5g och bearbeta artiklar i din kundvagn. Cookies hj\u00e4lper oss ocks\u00e5 att f\u00f6rst\u00e5 dina preferenser baserat p\u00e5 tidigare eller aktuell aktivitet p\u00e5 webbplatsen, vilket g\u00f6r att vi kan f\u00f6rb\u00e4ttra v\u00e5ra tj\u00e4nster. Vi anv\u00e4nder ocks\u00e5 cookies f\u00f6r att samla in aggregerad data om webbplatstrafik och anv\u00e4ndarinteraktioner s\u00e5 att vi kan erbjuda b\u00e4ttre upplevelser och verktyg i framtiden.<\/p><p><strong>Vi anv\u00e4nder cookies f\u00f6r att:<\/strong><\/p><p>F\u00f6rst\u00e5 och spara anv\u00e4ndarens preferenser f\u00f6r framtida bes\u00f6k.<\/p><p>Du kan v\u00e4lja att din dator ska varna dig varje g\u00e5ng en cookie skickas, eller s\u00e5 kan du v\u00e4lja att st\u00e4nga av alla cookies. Detta g\u00f6r du genom inst\u00e4llningarna i din webbl\u00e4sare. Alla webbl\u00e4sare \u00e4r lite olika, s\u00e5 titta i webbl\u00e4sarens hj\u00e4lpmeny f\u00f6r att l\u00e4ra dig hur du \u00e4ndrar dina cookies p\u00e5 r\u00e4tt s\u00e4tt.<\/p><p>Om du st\u00e4nger av cookies kommer det inte att p\u00e5verka anv\u00e4ndarens upplevelse.<\/p><p><strong>Information till tredje part <\/strong><\/p><p>Vi s\u00e4ljer, byter eller p\u00e5 annat s\u00e4tt \u00f6verf\u00f6r inte din personligt identifierbara information till utomst\u00e5ende parter.<\/p><p><strong>L\u00e4nkar till tredje part <\/strong><\/p><p>Vi inkluderar eller erbjuder inte produkter eller tj\u00e4nster fr\u00e5n tredje part p\u00e5 v\u00e5r webbplats.<\/p><p><strong>Google <\/strong><\/p><p>Googles krav p\u00e5 annonsering kan sammanfattas med Googles principer f\u00f6r annonsering. De har inf\u00f6rts f\u00f6r att ge anv\u00e4ndarna en positiv upplevelse. https:\/\/support.google.com\/adwordspolicy\/answer\/1316548?hl=en<\/p><p>Vi har inte aktiverat Google AdSense p\u00e5 v\u00e5r webbplats, men det kan h\u00e4nda att vi g\u00f6r det i framtiden.<\/p><p><strong>Kaliforniens lag om skydd av personuppgifter online <\/strong><\/p><p>CalOPPA \u00e4r den f\u00f6rsta delstatslagen i landet som kr\u00e4ver att kommersiella webbplatser och onlinetj\u00e4nster publicerar en integritetspolicy. Lagens r\u00e4ckvidd str\u00e4cker sig l\u00e5ngt utanf\u00f6r Kalifornien och kr\u00e4ver att alla personer eller f\u00f6retag i USA (och m\u00f6jligen i hela v\u00e4rlden) som driver webbplatser som samlar in personligt identifierbar information fr\u00e5n konsumenter i Kalifornien ska publicera en tydlig integritetspolicy p\u00e5 sin webbplats med exakt information om vilken information som samlas in och vilka personer eller f\u00f6retag som informationen delas med. - Se mer p\u00e5: http:\/\/consumercal.org\/california-online-privacy-protection-act-caloppa\/#sthash.0FdRbT51.dpuf<\/p><p><strong>WWW<\/strong><\/p><p>Enligt CalOPPA samtycker vi till f\u00f6ljande:<\/p><p>Anv\u00e4ndare kan bes\u00f6ka v\u00e5r webbplats anonymt.<\/p><p>N\u00e4r denna integritetspolicy har skapats kommer vi att l\u00e4gga till en l\u00e4nk till den p\u00e5 v\u00e5r startsida eller \u00e5tminstone p\u00e5 den f\u00f6rsta viktiga sidan efter att du har g\u00e5tt in p\u00e5 v\u00e5r webbplats.<\/p><p>V\u00e5r l\u00e4nk till integritetspolicyn inneh\u00e5ller ordet \"Privacy\" och kan l\u00e4tt hittas p\u00e5 den sida som anges ovan.<\/p><p><strong>Du kommer att underr\u00e4ttas om eventuella \u00e4ndringar i sekretesspolicyn:<\/strong><\/p><p>P\u00e5 v\u00e5r sida om integritetspolicy<\/p><p><strong>Kan \u00e4ndra din personliga information:<\/strong><\/p><ul><li>Genom att mejla ossGenom att ringa oss<\/li><li>Genom att logga in p\u00e5 ditt konto<\/li><li>Genom att chatta med oss eller genom att skicka ett support\u00e4rende till oss<\/li><\/ul><p><strong>Hur hanterar v\u00e5r webbplats Do Not Track-signaler? <\/strong><\/p><p>Vi respekterar Do Not Track-signaler och Do Not Track, planterar cookies eller anv\u00e4nder reklam n\u00e4r en Do Not Track (DNT) webbl\u00e4sarmekanism \u00e4r p\u00e5 plats.<\/p><p><strong>Till\u00e5ter v\u00e5r webbplats beteendesp\u00e5rning fr\u00e5n tredje part? <\/strong><\/p><p>Det \u00e4r ocks\u00e5 viktigt att notera att vi inte till\u00e5ter beteendesp\u00e5rning fr\u00e5n tredje part<\/p><p><strong>COPPA (lagen om skydd f\u00f6r barns integritet p\u00e5 n\u00e4tet) <\/strong><\/p><p>N\u00e4r det g\u00e4ller insamling av personuppgifter fr\u00e5n barn under 13 \u00e5r ger Children's Online Privacy Protection Act (COPPA) f\u00f6r\u00e4ldrarna kontrollen. Federal Trade Commission, USA:s konsumentskyddsmyndighet, uppr\u00e4tth\u00e5ller COPPA-regeln, som anger vad operat\u00f6rer av webbplatser och onlinetj\u00e4nster m\u00e5ste g\u00f6ra f\u00f6r att skydda barns integritet och s\u00e4kerhet p\u00e5 n\u00e4tet.<\/p><p>Vi marknadsf\u00f6r inte specifikt till barn under 13 \u00e5r.<\/p><p><strong>R\u00e4ttvis informationspraxis <\/strong><\/p><p>Fair Information Practices Principles utg\u00f6r ryggraden i USA:s integritetslagstiftning och de begrepp som ing\u00e5r i principerna har spelat en viktig roll i utvecklingen av dataskyddslagar runt om i v\u00e4rlden. Att f\u00f6rst\u00e5 Fair Information Practice Principles och hur de ska implementeras \u00e4r avg\u00f6rande f\u00f6r att f\u00f6lja de olika sekretesslagar som skyddar personlig information.<\/p><p>F\u00f6r att vara i linje med god informationssed kommer vi att vidta f\u00f6ljande \u00e5tg\u00e4rder om ett dataintr\u00e5ng skulle intr\u00e4ffa:<\/p><p><strong>Vi kommer att meddela dig via e-post<\/strong><\/p><p>Inom 7 arbetsdagar<\/p><p>Vi samtycker ocks\u00e5 till principen om individuell pr\u00f6vning, som inneb\u00e4r att enskilda personer har r\u00e4tt att ut\u00f6va sina r\u00e4ttigheter mot uppgiftsinsamlare och personuppgiftsbitr\u00e4den som inte f\u00f6ljer lagen. Denna princip kr\u00e4ver inte bara att enskilda personer har verkst\u00e4llbara r\u00e4ttigheter gentemot dataanv\u00e4ndare, utan ocks\u00e5 att enskilda personer kan v\u00e4nda sig till domstolar eller statliga myndigheter f\u00f6r att utreda och\/eller \u00e5tala databehandlare som inte f\u00f6ljer lagen.<\/p><p><strong>CAN SPAM-lagen <\/strong><\/p><p>CAN-SPAM Act \u00e4r en lag som fastst\u00e4ller reglerna f\u00f6r kommersiell e-post, fastst\u00e4ller krav f\u00f6r kommersiella meddelanden, ger mottagarna r\u00e4tt att f\u00e5 e-postmeddelanden stoppade fr\u00e5n att skickas till dem och anger h\u00e5rda p\u00e5f\u00f6ljder f\u00f6r \u00f6vertr\u00e4delser.<\/p><p><strong>Vi samlar in din e-postadress f\u00f6r att:<\/strong><\/p><ul><li>Behandla best\u00e4llningar och skicka information och uppdateringar som r\u00f6r best\u00e4llningar.<\/li><li>Skicka dig ytterligare information om din produkt och\/eller tj\u00e4nst<\/li><\/ul><p><strong>F\u00f6r att vara i enlighet med CANSPAM samtycker vi till f\u00f6ljande:<\/strong><\/p><ul><li>Inte anv\u00e4nda falska eller vilseledande \u00e4mnen eller e-postadresser.<\/li><li>Identifiera meddelandet som en annons p\u00e5 n\u00e5got rimligt s\u00e4tt.<\/li><li>Inkludera den fysiska adressen till v\u00e5rt huvudkontor f\u00f6r verksamheten eller anl\u00e4ggningen.<\/li><li>- \u00d6vervaka efterlevnaden av tredjepartstj\u00e4nster f\u00f6r e-postmarknadsf\u00f6ring, om s\u00e5dana anv\u00e4nds.<\/li><li>Uppfyll beg\u00e4ran om opt-out\/avregistrering snabbt.<\/li><li>L\u00e5t anv\u00e4ndarna avsluta prenumerationen genom att anv\u00e4nda l\u00e4nken l\u00e4ngst ned i varje e-postmeddelande.<\/li><\/ul><p>Om du n\u00e4r som helst vill avregistrera dig fr\u00e5n att f\u00e5 framtida e-postmeddelanden kan du skicka e-post till oss p\u00e5<\/p><p>F\u00f6lj instruktionerna l\u00e4ngst ner i varje e-postmeddelande.<\/p><p>och vi kommer omedelbart att ta bort dig fr\u00e5n ALL korrespondens.<\/p><p><strong>Kontakta oss <\/strong><\/p><p>Om du har n\u00e5gra fr\u00e5gor om denna integritetspolicy kan du kontakta oss med hj\u00e4lp av informationen nedan.<\/p><p><strong>Badkar K\u00f6penhamn<\/strong><br \/>B\u00e6kkeskovvej 25<br \/>2665 Vallensb\u00e6k Strand<br \/>Danmark<\/p><p>contact@copenhagenbath.com<\/p>\t\t\t\t\t\t\t\t<\/div>\n\t\t\t\t<\/div>\n\t\t\t\t\t<\/div>\n\t\t\t\t<\/div>\n\t\t\t\t<\/div>","protected":false},"excerpt":{"rendered":"<p>Privacy Policy This privacy policy has been compiled to better serve those who are concerned with how their \u2018Personally Identifiable Information\u2019 (PII) is being used online. PII, as described in US privacy law and information security, is information that can be used on its own or with other information to identify, contact, or locate a [&hellip;]<\/p>","protected":false},"author":12,"featured_media":0,"parent":0,"menu_order":0,"comment_status":"closed","ping_status":"closed","template":"","meta":{"footnotes":""},"class_list":["post-30633","page","type-page","status-publish","hentry"],"_links":{"self":[{"href":"https:\/\/copenhagenbath.com\/sv\/wp-json\/wp\/v2\/pages\/30633","targetHints":{"allow":["GET"]}}],"collection":[{"href":"https:\/\/copenhagenbath.com\/sv\/wp-json\/wp\/v2\/pages"}],"about":[{"href":"https:\/\/copenhagenbath.com\/sv\/wp-json\/wp\/v2\/types\/page"}],"author":[{"embeddable":true,"href":"https:\/\/copenhagenbath.com\/sv\/wp-json\/wp\/v2\/users\/12"}],"replies":[{"embeddable":true,"href":"https:\/\/copenhagenbath.com\/sv\/wp-json\/wp\/v2\/comments?post=30633"}],"version-history":[{"count":13,"href":"https:\/\/copenhagenbath.com\/sv\/wp-json\/wp\/v2\/pages\/30633\/revisions"}],"predecessor-version":[{"id":30684,"href":"https:\/\/copenhagenbath.com\/sv\/wp-json\/wp\/v2\/pages\/30633\/revisions\/30684"}],"wp:attachment":[{"href":"https:\/\/copenhagenbath.com\/sv\/wp-json\/wp\/v2\/media?parent=30633"}],"curies":[{"name":"wp","href":"https:\/\/api.w.org\/{rel}","templated":true}]}}