{"id":30654,"date":"2025-04-29T08:00:36","date_gmt":"2025-04-29T08:00:36","guid":{"rendered":"https:\/\/wp.copenhagenbath.com\/?page_id=30654"},"modified":"2025-04-29T08:07:11","modified_gmt":"2025-04-29T08:07:11","slug":"cookiepolicy","status":"publish","type":"page","link":"https:\/\/copenhagenbath.com\/sv\/cookiepolicy\/","title":{"rendered":"Policy f\u00f6r cookies"},"content":{"rendered":"<div data-elementor-type=\"wp-page\" data-elementor-id=\"30654\" class=\"elementor elementor-30654\" data-elementor-post-type=\"page\">\n\t\t\t\t<div class=\"elementor-element elementor-element-ae8b9d1 e-flex e-con-boxed e-con e-parent\" data-id=\"ae8b9d1\" data-element_type=\"container\" data-e-type=\"container\" data-settings=\"{&quot;background_background&quot;:&quot;classic&quot;}\">\n\t\t\t\t\t<div class=\"e-con-inner\">\n\t\t<div class=\"elementor-element elementor-element-812ab9d e-con-full e-flex e-con e-child\" data-id=\"812ab9d\" data-element_type=\"container\" data-e-type=\"container\">\n\t\t\t\t<div class=\"elementor-element elementor-element-485cb8b elementor-widget__width-initial elementor-widget elementor-widget-heading\" data-id=\"485cb8b\" data-element_type=\"widget\" data-e-type=\"widget\" data-widget_type=\"heading.default\">\n\t\t\t\t\t<h1 class=\"elementor-heading-title elementor-size-default\">Policy f\u00f6r cookies<\/h1>\t\t\t\t<\/div>\n\t\t\t\t<div class=\"elementor-element elementor-element-acbeba8 elementor-widget__width-initial elementor-widget elementor-widget-text-editor\" data-id=\"acbeba8\" data-element_type=\"widget\" data-e-type=\"widget\" data-widget_type=\"text-editor.default\">\n\t\t\t\t\t\t\t\t\t<p>Vi anv\u00e4nder cookies p\u00e5 v\u00e5r webbplats. Genom att anv\u00e4nda v\u00e5r webbplats samtycker du till anv\u00e4ndningen av cookies.<\/p><p>V\u00e5r cookiepolicy f\u00f6rklarar vad cookies \u00e4r, hur vi anv\u00e4nder cookies, hur tredje part som vi kan samarbeta med kan anv\u00e4nda cookies, dina val avseende cookies och ytterligare information om cookies.<\/p><p><strong>Vad \u00e4r cookies?<\/strong><\/p><p>Cookies \u00e4r sm\u00e5 textstycken som skickas av din webbl\u00e4sare fr\u00e5n en webbplats som du bes\u00f6ker. En cookie-fil lagras i din webbl\u00e4sare och g\u00f6r det m\u00f6jligt f\u00f6r Tj\u00e4nsten eller en tredje part att k\u00e4nna igen dig och g\u00f6ra ditt n\u00e4sta bes\u00f6k enklare och Tj\u00e4nsten mer anv\u00e4ndbar f\u00f6r dig.<\/p><p>Cookies kan vara \"permanenta\" eller \"sessionscookies\".<\/p><p><strong>Hur vi anv\u00e4nder cookies<\/strong><\/p><p>N\u00e4r du anv\u00e4nder och g\u00e5r in p\u00e5 v\u00e5r webbplats kan vi placera ett antal cookie-filer i din webbl\u00e4sare.<\/p><p>Vi anv\u00e4nder cookies i f\u00f6ljande syften: f\u00f6r att m\u00f6jligg\u00f6ra vissa funktioner p\u00e5 v\u00e5r webbplats, f\u00f6r att tillhandah\u00e5lla analyser och f\u00f6r att lagra dina preferenser.<\/p><p>Vi anv\u00e4nder b\u00e5de sessions- och permanenta cookies p\u00e5 v\u00e5r webbplats och vi anv\u00e4nder olika typer av cookies f\u00f6r att driva v\u00e5r webbplats:<\/p><p>- Viktiga cookies. Vi kan anv\u00e4nda v\u00e4sentliga cookies f\u00f6r att autentisera anv\u00e4ndare och f\u00f6rhindra bedr\u00e4glig anv\u00e4ndning av anv\u00e4ndarkonton.<\/p><p><strong>Cookies fr\u00e5n tredje part<\/strong><\/p><p>F\u00f6rutom v\u00e5ra egna cookies kan vi ocks\u00e5 anv\u00e4nda olika tredjepartscookies f\u00f6r att rapportera statistik om anv\u00e4ndningen av v\u00e5r webbplats.<\/p><p><strong>Vilka \u00e4r dina valm\u00f6jligheter n\u00e4r det g\u00e4ller cookies?<\/strong><\/p><p>Om du vill radera cookies eller instruera din webbl\u00e4sare att radera eller neka cookies, bes\u00f6k hj\u00e4lpsidorna i din webbl\u00e4sare.<\/p><p>Observera dock att om du raderar cookies eller v\u00e4grar att acceptera dem kanske du inte kan anv\u00e4nda alla funktioner som vi erbjuder, du kanske inte kan lagra dina inst\u00e4llningar och vissa av v\u00e5ra sidor kanske inte visas korrekt.<\/p><p>Var kan du hitta mer information om cookies?<\/p><p>Du kan l\u00e4sa mer om cookies och f\u00f6ljande tredjepartswebbplatser:<\/p><p>AllAboutCookies: http:\/\/www.allaboutcookies.org\/<br \/>Network Advertising Initiative: http:\/\/www.networkadvertising.org\/<\/p>\t\t\t\t\t\t\t\t<\/div>\n\t\t\t\t<\/div>\n\t\t\t\t\t<\/div>\n\t\t\t\t<\/div>\n\t\t\t\t<\/div>","protected":false},"excerpt":{"rendered":"<p>Cookie Policy We use cookies on our website. By using our website, you consent to the use of cookies. Our Cookies Policy explains what cookies are, how we use cookies, how third-parties we may partner with may use the cookies, your choices regarding cookies and further information about cookies. What are cookies Cookies are small [&hellip;]<\/p>","protected":false},"author":12,"featured_media":0,"parent":0,"menu_order":0,"comment_status":"closed","ping_status":"closed","template":"","meta":{"footnotes":""},"class_list":["post-30654","page","type-page","status-publish","hentry"],"_links":{"self":[{"href":"https:\/\/copenhagenbath.com\/sv\/wp-json\/wp\/v2\/pages\/30654","targetHints":{"allow":["GET"]}}],"collection":[{"href":"https:\/\/copenhagenbath.com\/sv\/wp-json\/wp\/v2\/pages"}],"about":[{"href":"https:\/\/copenhagenbath.com\/sv\/wp-json\/wp\/v2\/types\/page"}],"author":[{"embeddable":true,"href":"https:\/\/copenhagenbath.com\/sv\/wp-json\/wp\/v2\/users\/12"}],"replies":[{"embeddable":true,"href":"https:\/\/copenhagenbath.com\/sv\/wp-json\/wp\/v2\/comments?post=30654"}],"version-history":[{"count":7,"href":"https:\/\/copenhagenbath.com\/sv\/wp-json\/wp\/v2\/pages\/30654\/revisions"}],"predecessor-version":[{"id":30681,"href":"https:\/\/copenhagenbath.com\/sv\/wp-json\/wp\/v2\/pages\/30654\/revisions\/30681"}],"wp:attachment":[{"href":"https:\/\/copenhagenbath.com\/sv\/wp-json\/wp\/v2\/media?parent=30654"}],"curies":[{"name":"wp","href":"https:\/\/api.w.org\/{rel}","templated":true}]}}