{"id":30668,"date":"2025-04-29T08:05:22","date_gmt":"2025-04-29T08:05:22","guid":{"rendered":"https:\/\/wp.copenhagenbath.com\/?page_id=30668"},"modified":"2025-06-12T13:14:15","modified_gmt":"2025-06-12T13:14:15","slug":"premium-acovi-solid-yta","status":"publish","type":"page","link":"https:\/\/copenhagenbath.com\/sv\/premium-acovi-solid-yta\/","title":{"rendered":"Premium Acovi\u00ae Solid Surface"},"content":{"rendered":"<div data-elementor-type=\"wp-page\" data-elementor-id=\"30668\" class=\"elementor elementor-30668\" data-elementor-post-type=\"page\">\n\t\t\t\t<div class=\"elementor-element elementor-element-ae8b9d1 e-flex e-con-boxed e-con e-parent\" data-id=\"ae8b9d1\" data-element_type=\"container\" data-e-type=\"container\" data-settings=\"{&quot;background_background&quot;:&quot;classic&quot;}\">\n\t\t\t\t\t<div class=\"e-con-inner\">\n\t\t<div class=\"elementor-element elementor-element-812ab9d e-con-full e-flex e-con e-child\" data-id=\"812ab9d\" data-element_type=\"container\" data-e-type=\"container\">\n\t\t\t\t<div class=\"elementor-element elementor-element-485cb8b elementor-widget__width-initial elementor-widget elementor-widget-heading\" data-id=\"485cb8b\" data-element_type=\"widget\" data-e-type=\"widget\" data-widget_type=\"heading.default\">\n\t\t\t\t\t<h1 class=\"elementor-heading-title elementor-size-default\">Premium Acovi\u00ae Solid Surface<\/h1>\t\t\t\t<\/div>\n\t\t\t\t<div class=\"elementor-element elementor-element-acbeba8 elementor-widget__width-initial elementor-widget elementor-widget-text-editor\" data-id=\"acbeba8\" data-element_type=\"widget\" data-e-type=\"widget\" data-widget_type=\"text-editor.default\">\n\t\t\t\t\t\t\t\t\t<p>Copenhagen Bath tillverkar sin f\u00f6rstklassiga Acovi\u00ae Solid Surface av rekonstituerade, pulveriserade naturliga mineraler, f\u00f6rst\u00e4rkta med polymerer och h\u00e4rdare. Genom att endast v\u00e4lja de finaste materialen kan vi med s\u00e4kerhet erbjuda 10 \u00e5rs garanti mot f\u00e4rgskillnader.\u00a0<\/p><p>Olika kvaliteter av Solid Surface och belagda stenprodukter f\u00f6rs\u00f6ker ofta efterlikna utseendet och k\u00e4nslan av \u00e4kta solida ytor, men brister n\u00e4r det g\u00e4ller h\u00e5llbarhet, konsistens och prestanda. Billigare alternativ kan anv\u00e4nda harts eller fyllmedel av l\u00e4gre kvalitet, vilket leder till f\u00e4rgavvikelser, ytfel och kortare livsl\u00e4ngd. I kontrast \u00e4r Copenhagen Baths f\u00f6rstklassiga Acovi\u00ae Solid Surface noggrant utformad f\u00f6r att h\u00e5lla i m\u00e5nga \u00e5r fram\u00f6ver.<\/p>\t\t\t\t\t\t\t\t<\/div>\n\t\t\t\t<\/div>\n\t\t\t\t\t<\/div>\n\t\t\t\t<\/div>\n\t\t<div class=\"elementor-element elementor-element-3969d17 e-con-full e-flex e-con e-parent\" data-id=\"3969d17\" data-element_type=\"container\" data-e-type=\"container\">\n\t\t\t\t<div class=\"elementor-element elementor-element-c64be23 elementor-widget__width-inherit elementor-widget elementor-widget-image\" data-id=\"c64be23\" data-element_type=\"widget\" data-e-type=\"widget\" data-widget_type=\"image.default\">\n\t\t\t\t\t\t\t\t\t\t\t\t\t\t\t<img decoding=\"async\" width=\"2560\" height=\"1440\" src=\"https:\/\/copenhagenbath.com\/wp-content\/uploads\/2025\/06\/6-scaled.jpg\" class=\"attachment-full size-full wp-image-32339\" alt=\"\" srcset=\"https:\/\/copenhagenbath.com\/wp-content\/uploads\/2025\/06\/6-scaled.jpg 2560w, https:\/\/copenhagenbath.com\/wp-content\/uploads\/2025\/06\/6-300x169.jpg 300w, https:\/\/copenhagenbath.com\/wp-content\/uploads\/2025\/06\/6-1024x576.jpg 1024w, https:\/\/copenhagenbath.com\/wp-content\/uploads\/2025\/06\/6-768x432.jpg 768w, https:\/\/copenhagenbath.com\/wp-content\/uploads\/2025\/06\/6-1536x864.jpg 1536w, https:\/\/copenhagenbath.com\/wp-content\/uploads\/2025\/06\/6-2048x1152.jpg 2048w, https:\/\/copenhagenbath.com\/wp-content\/uploads\/2025\/06\/6-600x338.jpg 600w\" sizes=\"(max-width: 2560px) 100vw, 2560px\" \/>\t\t\t\t\t\t\t\t\t\t\t\t\t\t\t<\/div>\n\t\t\t\t<\/div>\n\t\t\t\t<\/div>","protected":false},"excerpt":{"rendered":"<p>Premium Acovi\u00ae Solid Surface Copenhagen Bath crafts its premium Acovi\u00ae Solid Surface from reconstituted, pulverised natural minerals, enhanced with polymers and resins. By selecting only the finest materials, we confidently offer a 10-year warranty against colour differences.\u00a0 Different qualities of solid surface and coated stone products often try to imitate the look and feel of [&hellip;]<\/p>","protected":false},"author":12,"featured_media":0,"parent":0,"menu_order":0,"comment_status":"closed","ping_status":"closed","template":"","meta":{"footnotes":""},"class_list":["post-30668","page","type-page","status-publish","hentry"],"_links":{"self":[{"href":"https:\/\/copenhagenbath.com\/sv\/wp-json\/wp\/v2\/pages\/30668","targetHints":{"allow":["GET"]}}],"collection":[{"href":"https:\/\/copenhagenbath.com\/sv\/wp-json\/wp\/v2\/pages"}],"about":[{"href":"https:\/\/copenhagenbath.com\/sv\/wp-json\/wp\/v2\/types\/page"}],"author":[{"embeddable":true,"href":"https:\/\/copenhagenbath.com\/sv\/wp-json\/wp\/v2\/users\/12"}],"replies":[{"embeddable":true,"href":"https:\/\/copenhagenbath.com\/sv\/wp-json\/wp\/v2\/comments?post=30668"}],"version-history":[{"count":13,"href":"https:\/\/copenhagenbath.com\/sv\/wp-json\/wp\/v2\/pages\/30668\/revisions"}],"predecessor-version":[{"id":32983,"href":"https:\/\/copenhagenbath.com\/sv\/wp-json\/wp\/v2\/pages\/30668\/revisions\/32983"}],"wp:attachment":[{"href":"https:\/\/copenhagenbath.com\/sv\/wp-json\/wp\/v2\/media?parent=30668"}],"curies":[{"name":"wp","href":"https:\/\/api.w.org\/{rel}","templated":true}]}}